{"id":34408,"date":"2018-09-06T10:51:30","date_gmt":"2018-09-06T10:51:30","guid":{"rendered":"https:\/\/www.a-emotionallight.com\/handmade-in-spain\/"},"modified":"2021-11-23T12:38:40","modified_gmt":"2021-11-23T12:38:40","slug":"handmade","status":"publish","type":"page","link":"https:\/\/www.a-emotionallight.com\/es\/handmade\/","title":{"rendered":"handmade"},"content":{"rendered":"<section class=\"wpb-content-wrapper\"><p>[vc_row row_type=\u00bbrow\u00bb use_row_as_full_screen_section=\u00bbno\u00bb type=\u00bbfull_width\u00bb text_align=\u00bbleft\u00bb background_animation=\u00bbnone\u00bb css_animation=\u00bb\u00bb][vc_column width=\u00bb1\/2&#8243; el_class=\u00bbbanda_texto_geo no_padding_bottom\u00bb][vc_column_text css=\u00bb.vc_custom_1553678909909{padding-bottom: 60px !important;}\u00bb]<\/p>\n<p class=\"p1\">Las manos son la mejor herramienta que tenemos para elaborar nuestras luminarias. Hacemos piezas \u00fanicas y exclusivas dotadas de valor emocional y art\u00edstico que siguen procesos rigurosos de control de calidad y transforman los materiales que utilizamos en l\u00e1mparas de dise\u00f1o. Cualquier l\u00e1mpara elaborada en nuestro taller est\u00e1 llena de humanidad y emoci\u00f3n.<\/p>\n<p>[\/vc_column_text][\/vc_column][vc_column width=\u00bb1\/2&#8243; el_class=\u00bbno_padding\u00bb][vc_single_image image=\u00bb35601&#8243; img_size=\u00bbfull\u00bb qode_css_animation=\u00bb\u00bb][\/vc_column][\/vc_row][vc_row row_type=\u00bbrow\u00bb use_row_as_full_screen_section=\u00bbno\u00bb type=\u00bbfull_width\u00bb text_align=\u00bbleft\u00bb background_animation=\u00bbnone\u00bb css_animation=\u00bb\u00bb][vc_column el_class=\u00bbno_padding full_width\u00bb][vc_single_image image=\u00bb35604&#8243; img_size=\u00bbfull\u00bb qode_css_animation=\u00bb\u00bb][\/vc_column][\/vc_row]<\/p>\n<\/section>","protected":false},"excerpt":{"rendered":"<p>[vc_row row_type=\u00bbrow\u00bb use_row_as_full_screen_section=\u00bbno\u00bb type=\u00bbfull_width\u00bb text_align=\u00bbleft\u00bb background_animation=\u00bbnone\u00bb css_animation=\u00bb\u00bb][vc_column width=\u00bb1\/2&#8243; el_class=\u00bbbanda_texto_geo no_padding_bottom\u00bb][vc_column_text css=\u00bb.vc_custom_1553678909909{padding-bottom: 60px !important;}\u00bb] Las manos son la mejor herramienta que tenemos para elaborar nuestras luminarias. Hacemos piezas \u00fanicas y exclusivas dotadas de valor emocional y art\u00edstico que siguen procesos rigurosos de control de calidad y transforman los materiales que utilizamos en l\u00e1mparas de dise\u00f1o. Cualquier l\u00e1mpara elaborada en nuestro taller est\u00e1 llena de humanidad y emoci\u00f3n. [\/vc_column_text][\/vc_column][vc_column width=\u00bb1\/2&#8243; el_class=\u00bbno_padding\u00bb][vc_single_image image=\u00bb35601&#8243; img_size=\u00bbfull\u00bb qode_css_animation=\u00bb\u00bb][\/vc_column][\/vc_row][vc_row row_type=\u00bbrow\u00bb use_row_as_full_screen_section=\u00bbno\u00bb type=\u00bbfull_width\u00bb text_align=\u00bbleft\u00bb background_animation=\u00bbnone\u00bb css_animation=\u00bb\u00bb][vc_column el_class=\u00bbno_padding full_width\u00bb][vc_single_image image=\u00bb35604&#8243; img_size=\u00bbfull\u00bb qode_css_animation=\u00bb\u00bb][\/vc_column][\/vc_row]<\/p>\n","protected":false},"author":1,"featured_media":0,"parent":0,"menu_order":0,"comment_status":"closed","ping_status":"closed","template":"full_width.php","meta":{"inline_featured_image":false,"footnotes":""},"aioseo_notices":[],"_links":{"self":[{"href":"https:\/\/www.a-emotionallight.com\/es\/wp-json\/wp\/v2\/pages\/34408"}],"collection":[{"href":"https:\/\/www.a-emotionallight.com\/es\/wp-json\/wp\/v2\/pages"}],"about":[{"href":"https:\/\/www.a-emotionallight.com\/es\/wp-json\/wp\/v2\/types\/page"}],"author":[{"embeddable":true,"href":"https:\/\/www.a-emotionallight.com\/es\/wp-json\/wp\/v2\/users\/1"}],"replies":[{"embeddable":true,"href":"https:\/\/www.a-emotionallight.com\/es\/wp-json\/wp\/v2\/comments?post=34408"}],"version-history":[{"count":7,"href":"https:\/\/www.a-emotionallight.com\/es\/wp-json\/wp\/v2\/pages\/34408\/revisions"}],"predecessor-version":[{"id":36661,"href":"https:\/\/www.a-emotionallight.com\/es\/wp-json\/wp\/v2\/pages\/34408\/revisions\/36661"}],"wp:attachment":[{"href":"https:\/\/www.a-emotionallight.com\/es\/wp-json\/wp\/v2\/media?parent=34408"}],"curies":[{"name":"wp","href":"https:\/\/api.w.org\/{rel}","templated":true}]}}