{"id":34430,"date":"2018-12-17T13:41:13","date_gmt":"2018-12-17T13:41:13","guid":{"rendered":"https:\/\/www.a-emotionallight.com\/legal-notice\/"},"modified":"2023-05-02T15:13:39","modified_gmt":"2023-05-02T15:13:39","slug":"nota-legal","status":"publish","type":"page","link":"https:\/\/www.a-emotionallight.com\/es\/nota-legal\/","title":{"rendered":"Nota Legal"},"content":{"rendered":"<section class=\"wpb-content-wrapper\"><p>[vc_row row_type=\u00bbrow\u00bb use_row_as_full_screen_section=\u00bbno\u00bb type=\u00bbfull_width\u00bb text_align=\u00bbleft\u00bb background_animation=\u00bbnone\u00bb css_animation=\u00bb\u00bb][vc_column][vc_column_text]<\/p>\n<h3><strong>Aviso Legal<\/strong><\/h3>\n<p>&nbsp;<\/p>\n<p>El presente aviso legal recoge las condiciones generales que rigen el acceso y el uso del sitio Web\u00a0<a style=\"font-size: 16px;\" href=\"https:\/\/www.a-emotionallight.com\/legal-notice\/\">www.a-emotionallight.com<\/a><span style=\"font-size: 16px;\">.<\/span><\/p>\n<p>&nbsp;<\/p>\n<p>Calor Color, S.L. (en adelante, a-emotional light) es titular de los derechos y obligaciones de este sitio Web.<\/p>\n<p>&nbsp;<\/p>\n<p>Antes de proceder a usar el servicio de a, es totalmente indispensable haber le\u00eddo por completo las condiciones de uso y las notas legales expuestas en la web. El hecho de usar nuestros servicios significa que usted ha le\u00eddo, entendido, acepta y cumplir\u00e1 todos los requisitos y condiciones de uso. El Usuario debe leer atentamente las presentes condiciones de uso en cada una de las ocasiones en que se proponga utilizar esta p\u00e1gina Web, ya que \u00e9sta puede sufrir modificaciones. En caso de que no est\u00e9 de acuerdo con los t\u00e9rminos y condiciones de uso aqu\u00ed descritos, el usuario debe abstenerse de utilizar este sitio Web.<\/p>\n<p>&nbsp;<\/p>\n<h3><em>Datos de identificaci\u00f3n<\/em><\/h3>\n<p>&nbsp;<\/p>\n<p>En cumplimiento de lo previsto por el art\u00edculo 10 de la LSSI: Ley 34\/2002, de 11 de Julio, de Servicios de la Sociedad de la Informaci\u00f3n y Comercio Electr\u00f3nico, se informa tanto a los usuarios como a los \u00f3rganos competentes que este sitio web y sus archivos son propiedad de la empresa: Calor Color, S.l. Sociedad mercantil registrada en el Registro Mercantil de La Coru\u00f1a tomo 277, folio 172 inscripci\u00f3n primera con hoja C-20583, con CIF:B15648900 y domicilio social R\u00faa Casti\u00f1eiras 108A, 15895 \u2013 O Milladoiro, A Coru\u00f1a, Espa\u00f1a.<\/p>\n<p>&nbsp;<\/p>\n<p>Pueden ponerse en contacto con nosotros directa y efectivamente mediante correo postal en R\u00daA CASTI\u00d1EIRAS 108A, 15895 POL\u00cdGONO INDUSTRIAL NOVO MILLADOIRO, O MILLADOIRO \u2013 A CORU\u00d1A, o a trav\u00e9s del correo electr\u00f3nico:\u00a0<a href=\"mailto:atclientes@a-emotionallight.com\">atclientes@a-emotionallight.com<\/a>.<\/p>\n<p>&nbsp;<\/p>\n<h3><em>T\u00e9rminos de usos de la p\u00e1gina web<\/em><\/h3>\n<p>&nbsp;<\/p>\n<p>El acceso y uso del sitio Web implica la expresa y plena aceptaci\u00f3n de estas condiciones generales en la versi\u00f3n publicada en el momento en que el usuario acceda al mismo, sin perjuicio de las condiciones particulares que pudieran aplicarse en algunos de los servicios concretos del sitio Web.<\/p>\n<p>&nbsp;<\/p>\n<p>El usuario acepta que el acceso al presente sitio Web y de los contenidos incluidos en el mismo tiene lugar libre y conscientemente, bajo su exclusiva responsabilidad.<\/p>\n<p>&nbsp;<\/p>\n<p>Los usuarios acceden al sitio Web de forma libre y gratuita, si bien a-emotional light se reserva el derecho de limitar su acceso para determinados contenidos o servicios, exigiendo el registro de sus datos previamente al acceso.<\/p>\n<p>&nbsp;<\/p>\n<p>a-emotional light se reserva el derecho a modificar en cualquier momento la presentaci\u00f3n, configuraci\u00f3n y localizaci\u00f3n del sitio Web, as\u00ed como los contenidos, servicios y las condiciones requeridas para utilizar los mismos cuando lo considere oportuno o con la finalidad de adecuarse a los cambios legislativos y tecnol\u00f3gicos futuros. Estas modificaciones ser\u00e1n v\u00e1lidas desde su publicaci\u00f3n en el sitio Web.<\/p>\n<p>&nbsp;<\/p>\n<p>a-emotional light se reserva el derecho a interrumpir el acceso al presente sitio Web en cualquier momento y sin previo aviso, ya sea por motivos t\u00e9cnicos, de seguridad, de control, de mantenimiento, por fallos de suministro el\u00e9ctrico, o por cualquier otra causa. Dicha interrupci\u00f3n podr\u00e1 tener car\u00e1cter temporal o definitivo, en cuyo caso se comunicar\u00e1 tal circunstancia a los usuarios, quienes podr\u00e1n sufrir la p\u00e9rdida, en su caso, de la informaci\u00f3n almacenada en los distintos servicios, sin dar lugar a indemnizaci\u00f3n alguna.<\/p>\n<p>&nbsp;<\/p>\n<h3><strong>Pol\u00edtica de Privacidad y Protecci\u00f3n de datos<\/strong><\/h3>\n<p>&nbsp;<\/p>\n<p>En a-emotional light se adoptan las medidas necesarias para garantizar la m\u00e1xima seguridad y confidencialidad en el tratamiento de los datos de car\u00e1cter personal, de acuerdo con la Ley Org\u00e1nica 15\/1999 de 13 de diciembre de Protecci\u00f3n de Datos de Car\u00e1cter Personal y el R.D. 1720\/2007 del 21 de diciembre por el que se aprueba el Reglamento de desarrollo de dicha Ley Org\u00e1nica y dem\u00e1s normativa vigente en cada momento, y vela por garantizar un correcto uso y tratamiento de los datos personales del usuario.<br \/>\nPara navegar por\u00a0<a href=\"https:\/\/www.a-emotionallight.com\/es\/nota-legal\/\">www.a-emotionallight.com<\/a>\u00a0no se necesita proporcionar ning\u00fan dato personal. Por tanto, como usuario usted puede hacer una visita an\u00f3nima. Solamente en el momento de acceder a las descargas de determinados archivos se solicita su direcci\u00f3n de correo electr\u00f3nico junto con sus datos personales. Todos los datos recogidos son estrictamente confidenciales.<\/p>\n<p>&nbsp;<\/p>\n<p>En cumplimiento de lo establecido en la LOPD, se informa que los datos proporcionados, as\u00ed como los derivados de su navegaci\u00f3n, podr\u00e1n ser almacenados en los ficheros de a-emotional light y tratados para la finalidad de atender su solicitud y el mantenimiento de la relaci\u00f3n que se establezca con los formularios que suscriba.<\/p>\n<p>&nbsp;<\/p>\n<p>a-emotional light informa que en cumplimiento a la Ley 34\/2002 de 11 de julio, de Servicios de la Sociedad de la Informaci\u00f3n y el Comercio Electr\u00f3nico, le solicitar\u00e1 su consentimiento al tratamiento de su correo electr\u00f3nico con fines comerciales en cada momento. Usted siempre podr\u00e1 ejercitar los derechos de acceso, cancelaci\u00f3n, oposici\u00f3n y rectificaci\u00f3n, simplemente enviando un correo electr\u00f3nico a <a href=\"mailto:atclientes@a-emotionallight.com\">atclientes@a-emotionallight.com<\/a>. Si recibe alguna comunicaci\u00f3n de a-emotional light sin haberse registrado en el sistema o sin haber dado su consentimiento expreso a dicho registro, por favor, env\u00ede un correo a <a href=\"mailto:atclientes@a-emotionallight.com\">atclientes@a-emotionallight.com<\/a>\u00a0solicitando la cancelaci\u00f3n de su direcci\u00f3n electr\u00f3nica del sistema.<\/p>\n<p>&nbsp;<\/p>\n<p>Los datos personales proporcionados se conservar\u00e1n mientras se mantenga la relaci\u00f3n con la entidad y no se solicite su supresi\u00f3n por el interesado, ser\u00e1n conservados conforme a los plazos legales establecidos en materia fiscal y contable, tomando como referencia la \u00faltima comunicaci\u00f3n.<\/p>\n<p>&nbsp;<\/p>\n<p>Cualquier persona tiene derecho a obtener confirmaci\u00f3n sobre si en la Entidad estamos tratando datos personales que les conciernan, o no. Las personas interesadas tienen derecho a acceder a sus datos personales, as\u00ed como a solicitar la rectificaci\u00f3n de los datos inexactos o, en su caso, solicitar su supresi\u00f3n cuando, entre otros mo4vos, los datos ya no sean necesarios para los fines que fueron recogidos.<\/p>\n<p>&nbsp;<\/p>\n<p>Si ha otorgado su consentimiento para alguna finalidad concreta, tiene derecho a retirar el consentimiento otorgado en cualquier momento, sin que ello afecte a la licitud del tratamiento basado en el consentimiento previo a su retirada.<\/p>\n<p>&nbsp;<\/p>\n<p>Para ello podr\u00e1 emplear los formularios habilitados por la empresa, o bien dirigir un escrito a CALOR COLOR S.L. , tambi\u00e9n puede enviar un email a:\u00a0<a href=\"mailto:atclientes@a-emotionallight.com\">atclientes@a-emotionallight.com<\/a><\/p>\n<p>&nbsp;<\/p>\n<h3><em>Propiedad intelectual<\/em><\/h3>\n<p>&nbsp;<\/p>\n<p>Los contenidos de este portal web (textos, im\u00e1genes, sonido, audio, v\u00eddeo, marcas o logotipos y selecci\u00f3n de materiales usados) est\u00e1n protegidos por la legislaci\u00f3n espa\u00f1ola sobre los derechos de propiedad intelectual e industrial a favor de a-emotional light. En virtud de lo dispuesto en los art\u00edculos 8 y 32.1, p\u00e1rrafo segundo, de la Ley de Propiedad Intelectual, quedan expresamente prohibidas la reproducci\u00f3n, la distribuci\u00f3n o la comunicaci\u00f3n p\u00fablica, incluida su modalidad de puesta a disposici\u00f3n, de la totalidad o parte de los contenidos de esta p\u00e1gina web, con fines comerciales, en cualquier soporte y por cualquier medio t\u00e9cnico, sin la autorizaci\u00f3n de a-emotional light. El usuario podr\u00e1 visualizar los elementos del portal e incluso imprimirlos, copiarlos y almacenarlos, \u00fanica y exclusivamente, para su uso personal y privado. El usuario deber\u00e1 abstenerse de suprimir, alterar, eludir o manipular cualquier dispositivo de protecci\u00f3n o sistema de seguridad que estuviera instalado en este portal.[\/vc_column_text][\/vc_column][\/vc_row]<\/p>\n<\/section>","protected":false},"excerpt":{"rendered":"<p>[vc_row row_type=\u00bbrow\u00bb use_row_as_full_screen_section=\u00bbno\u00bb type=\u00bbfull_width\u00bb text_align=\u00bbleft\u00bb background_animation=\u00bbnone\u00bb css_animation=\u00bb\u00bb][vc_column][vc_column_text] Aviso Legal &nbsp; El presente aviso legal recoge las condiciones generales que rigen el acceso y el uso del sitio Web\u00a0www.a-emotionallight.com. &nbsp; Calor Color, S.L. (en adelante, a-emotional light) es titular de los derechos y obligaciones de este sitio Web. &nbsp; Antes de proceder a usar el servicio de a, es totalmente indispensable haber le\u00eddo por completo las condiciones de uso y las notas legales expuestas en la web. El hecho de usar nuestros servicios significa que usted ha le\u00eddo, entendido, acepta y cumplir\u00e1 todos los requisitos y condiciones de uso. El Usuario&#8230;<\/p>\n","protected":false},"author":2,"featured_media":0,"parent":0,"menu_order":0,"comment_status":"closed","ping_status":"open","template":"","meta":{"inline_featured_image":false,"footnotes":""},"aioseo_notices":[],"_links":{"self":[{"href":"https:\/\/www.a-emotionallight.com\/es\/wp-json\/wp\/v2\/pages\/34430"}],"collection":[{"href":"https:\/\/www.a-emotionallight.com\/es\/wp-json\/wp\/v2\/pages"}],"about":[{"href":"https:\/\/www.a-emotionallight.com\/es\/wp-json\/wp\/v2\/types\/page"}],"author":[{"embeddable":true,"href":"https:\/\/www.a-emotionallight.com\/es\/wp-json\/wp\/v2\/users\/2"}],"replies":[{"embeddable":true,"href":"https:\/\/www.a-emotionallight.com\/es\/wp-json\/wp\/v2\/comments?post=34430"}],"version-history":[{"count":4,"href":"https:\/\/www.a-emotionallight.com\/es\/wp-json\/wp\/v2\/pages\/34430\/revisions"}],"predecessor-version":[{"id":51559,"href":"https:\/\/www.a-emotionallight.com\/es\/wp-json\/wp\/v2\/pages\/34430\/revisions\/51559"}],"wp:attachment":[{"href":"https:\/\/www.a-emotionallight.com\/es\/wp-json\/wp\/v2\/media?parent=34430"}],"curies":[{"name":"wp","href":"https:\/\/api.w.org\/{rel}","templated":true}]}}