{"id":34882,"date":"2018-11-13T09:47:41","date_gmt":"2018-11-13T09:47:41","guid":{"rendered":"https:\/\/www.a-emotionallight.com\/ballet-collection\/"},"modified":"2022-12-31T15:39:25","modified_gmt":"2022-12-31T15:39:25","slug":"coleccion-ballet","status":"publish","type":"page","link":"https:\/\/www.a-emotionallight.com\/es\/coleccion-ballet\/","title":{"rendered":"colecci\u00f3n ballet"},"content":{"rendered":"<section class=\"wpb-content-wrapper\"><p>[vc_row row_type=\u00bbrow\u00bb use_row_as_full_screen_section=\u00bbno\u00bb type=\u00bbfull_width\u00bb text_align=\u00bbleft\u00bb background_animation=\u00bbnone\u00bb css_animation=\u00bb\u00bb][vc_column el_class=\u00bbgeogrotesque_title background_dark\u00bb][vc_column_text el_class=\u00bbtitle_collection\u00bb]<\/p>\n<h2 style=\"text-align: center; padding-bottom: 0px;\">COLECCI\u00d3N BALLET<\/h2>\n<p>[\/vc_column_text][\/vc_column][\/vc_row][vc_row row_type=\u00bbrow\u00bb use_row_as_full_screen_section=\u00bbno\u00bb type=\u00bbfull_width\u00bb text_align=\u00bbleft\u00bb background_animation=\u00bbnone\u00bb css_animation=\u00bb\u00bb][vc_column][vc_column_text css=\u00bb.vc_custom_1624367909511{padding-top: 40px !important;padding-bottom: 40px !important;padding-left: 40px !important;}\u00bb]<\/p>\n<h2 class=\"button_back_all_lamps\" style=\"text-align: left; text-decoration: none;\"><a href=\"https:\/\/www.a-emotionallight.com\/es\/lamparas\/\">\u2190 TODAS LAS L\u00c1MPARAS<\/a><\/h2>\n<p>[\/vc_column_text][\/vc_column][\/vc_row][vc_row row_type=\u00bbrow\u00bb use_row_as_full_screen_section=\u00bbno\u00bb type=\u00bbfull_width\u00bb text_align=\u00bbleft\u00bb background_animation=\u00bbnone\u00bb css_animation=\u00bb\u00bb][vc_column]<div class='projects_holder_outer v3 portfolio_with_space portfolio_with_hover_text  qode-filter-position-top'>\n\n<div class='projects_holder clearfix v3 hover_text portfolio_default_image '>\n\n<article class=\"mix portfolio_category_35 portfolio_category_76 portfolio_category_32\">\n    <div class='image_holder overlapping_title_hover'>\n        \n<span class='image'><img loading=\"lazy\" decoding=\"async\" width=\"548\" height=\"498\" src=\"https:\/\/www.a-emotionallight.com\/wp-content\/uploads\/2017\/02\/BA06_thumb.gif\" class=\"attachment-portfolio-default size-portfolio-default wp-post-image\" alt=\"\" \/><\/span>\n                    <a class='portfolio_link_class' href='https:\/\/www.a-emotionallight.com\/es\/portfolio_page\/ballet\/' target='_self'><\/a>\n\t\t\n        <div class=\"text_holder\">\n\t<h4 class=\"portfolio_title\" > Ballet<\/h4><span class=\"excerpt search_hidden\">\n\t\u00b7 \t\t\tRef. BA06  \u00b7 Ref. BA06-LD (LED)  | Ballet es una colecci\u00f3n que surge de la experimentaci\u00f3n con la malla de acero inoxidable, las formas son creadas a partir de la superposici\u00f3n o uniones de sus v\u00e9rtices, dejando libertad a la propia naturaleza flexible del material. El resultado son vol\u00famenes fluidos y naturales gracias a la tensi\u00f3n de la malla de acero inoxidable pintado. Su asimetr\u00eda hace que sus formas cambien dependiendo del punto de vista. Pli\u00e9, Relev\u00e9, Elanc\u00e9\u2026un baile constante de luz y sombras  |  \u00b7 Apliques  \u00b7 colecci\u00f3n ballet  \u00b7 LED<\/span>\n\n\t\t\n<\/div>\n\n\n    <\/div>\n<\/article>\n<article class=\"mix portfolio_category_76 portfolio_category_25\">\n    <div class='image_holder overlapping_title_hover'>\n        \n<span class='image'><img loading=\"lazy\" decoding=\"async\" width=\"548\" height=\"498\" src=\"https:\/\/www.a-emotionallight.com\/wp-content\/uploads\/2016\/03\/BA04-3_thumb.jpg\" class=\"attachment-portfolio-default size-portfolio-default wp-post-image\" alt=\"\" \/><\/span>\n                    <a class='portfolio_link_class' href='https:\/\/www.a-emotionallight.com\/es\/portfolio_page\/ballet-composicion\/' target='_self'><\/a>\n\t\t\n        <div class=\"text_holder\">\n\t<h4 class=\"portfolio_title\" > Ballet Composici\u00f3n<\/h4><span class=\"excerpt search_hidden\">\n\t\u00b7 \t\t\tRef. BA04-3  | Ballet es una colecci\u00f3n que surge de la experimentaci\u00f3n con la malla de acero inoxidable, las formas son creadas a partir de la superposici\u00f3n o uniones de sus v\u00e9rtices, dejando libertad a la propia naturaleza flexible del material. El resultado son vol\u00famenes fluidos y naturales gracias a la tensi\u00f3n de la malla de acero inoxidable pintado. Su asimetr\u00eda hace que sus formas cambien dependiendo del punto de vista. Pli\u00e9, Relev\u00e9, Elanc\u00e9\u2026un baile constante de luz y sombras  |  \u00b7 colecci\u00f3n ballet  \u00b7 L\u00e1mparas colgantes<\/span>\n\n\t\t\n<\/div>\n\n\n    <\/div>\n<\/article>\n<article class=\"mix portfolio_category_76 portfolio_category_25 portfolio_category_32\">\n    <div class='image_holder overlapping_title_hover'>\n        \n<span class='image'><img loading=\"lazy\" decoding=\"async\" width=\"548\" height=\"498\" src=\"https:\/\/www.a-emotionallight.com\/wp-content\/uploads\/2016\/03\/BALA04_thumb_01.jpg\" class=\"attachment-portfolio-default size-portfolio-default wp-post-image\" alt=\"\" \/><\/span>\n                    <a class='portfolio_link_class' href='https:\/\/www.a-emotionallight.com\/es\/portfolio_page\/ballet-elance\/' target='_self'><\/a>\n\t\t\n        <div class=\"text_holder\">\n\t<h4 class=\"portfolio_title\" > Ballet Elance<\/h4><span class=\"excerpt search_hidden\">\n\t\u00b7 \t\t\tRef. BALA04  \u00b7 Ref. BALA04-LD (LED)  | Ballet es una colecci\u00f3n que surge de la experimentaci\u00f3n con la malla de acero inoxidable, las formas son creadas a partir de la superposici\u00f3n o uniones de sus v\u00e9rtices, dejando libertad a la propia naturaleza flexible del material. El resultado son vol\u00famenes fluidos y naturales gracias a la tensi\u00f3n de la malla de acero inoxidable pintado. Su asimetr\u00eda hace que sus formas cambien dependiendo del punto de vista. Pli\u00e9, Relev\u00e9, Elanc\u00e9\u2026un baile constante de luz y sombras  |  \u00b7 colecci\u00f3n ballet  \u00b7 L\u00e1mparas colgantes  \u00b7 LED<\/span>\n\n\t\t\n<\/div>\n\n\n    <\/div>\n<\/article>\n<article class=\"mix portfolio_category_76 portfolio_category_25 portfolio_category_32\">\n    <div class='image_holder overlapping_title_hover'>\n        \n<span class='image'><img loading=\"lazy\" decoding=\"async\" width=\"435\" height=\"395\" src=\"https:\/\/www.a-emotionallight.com\/wp-content\/uploads\/2016\/03\/BAP04_thumb-1.jpg\" class=\"attachment-portfolio-default size-portfolio-default wp-post-image\" alt=\"\" \/><\/span>\n                    <a class='portfolio_link_class' href='https:\/\/www.a-emotionallight.com\/es\/portfolio_page\/ballet-plie\/' target='_self'><\/a>\n\t\t\n        <div class=\"text_holder\">\n\t<h4 class=\"portfolio_title\" > Ballet Plie<\/h4><span class=\"excerpt search_hidden\">\n\t\u00b7 \t\t\tRef. BAPI04  \u00b7 Ref. BAPI04-LD (LED)  | Ballet es una colecci\u00f3n que surge de la experimentaci\u00f3n con la malla de acero inoxidable, las formas son creadas a partir de la superposici\u00f3n o uniones de sus v\u00e9rtices, dejando libertad a la propia naturaleza flexible del material. El resultado son vol\u00famenes fluidos y naturales gracias a la tensi\u00f3n de la malla de acero inoxidable pintado. Su asimetr\u00eda hace que sus formas cambien dependiendo del punto de vista. Pli\u00e9, Relev\u00e9, Elanc\u00e9\u2026un baile constante de luz y sombras  |  \u00b7 colecci\u00f3n ballet  \u00b7 L\u00e1mparas colgantes  \u00b7 LED<\/span>\n\n\t\t\n<\/div>\n\n\n    <\/div>\n<\/article>\n<article class=\"mix portfolio_category_76 portfolio_category_25 portfolio_category_32\">\n    <div class='image_holder overlapping_title_hover'>\n        \n<span class='image'><img loading=\"lazy\" decoding=\"async\" width=\"548\" height=\"498\" src=\"https:\/\/www.a-emotionallight.com\/wp-content\/uploads\/2016\/03\/BARE04_icono.jpg\" class=\"attachment-portfolio-default size-portfolio-default wp-post-image\" alt=\"\" \/><\/span>\n                    <a class='portfolio_link_class' href='https:\/\/www.a-emotionallight.com\/es\/portfolio_page\/ballet-releve\/' target='_self'><\/a>\n\t\t\n        <div class=\"text_holder\">\n\t<h4 class=\"portfolio_title\" > Ballet Releve<\/h4><span class=\"excerpt search_hidden\">\n\t\u00b7 \t\t\tRef. BARE04  \u00b7 Ref. BARE04-LD (LED)  | Ballet es una colecci\u00f3n que surge de la experimentaci\u00f3n con la malla de acero inoxidable, las formas son creadas a partir de la superposici\u00f3n o uniones de sus v\u00e9rtices, dejando libertad a la propia naturaleza flexible del material. El resultado son vol\u00famenes fluidos y naturales gracias a la tensi\u00f3n de la malla de acero inoxidable pintado. Su asimetr\u00eda hace que sus formas cambien dependiendo del punto de vista. Pli\u00e9, Relev\u00e9, Elanc\u00e9\u2026un baile constante de luz y sombras  |  \u00b7 colecci\u00f3n ballet  \u00b7 L\u00e1mparas colgantes  \u00b7 LED<\/span>\n\n\t\t\n<\/div>\n\n\n    <\/div>\n<\/article>\n\t\t\t\t<div class='filler'><\/div>\n\t\t\t\t\t\t\t<div class='filler'><\/div>\n\t\t\t\t\t\t\t<div class='filler'><\/div>\n\t\t\t<\/div>\n    <\/div>\n[\/vc_column][\/vc_row]<\/p>\n<\/section>","protected":false},"excerpt":{"rendered":"<p>[vc_row row_type=\u00bbrow\u00bb use_row_as_full_screen_section=\u00bbno\u00bb type=\u00bbfull_width\u00bb text_align=\u00bbleft\u00bb background_animation=\u00bbnone\u00bb css_animation=\u00bb\u00bb][vc_column el_class=\u00bbgeogrotesque_title background_dark\u00bb][vc_column_text el_class=\u00bbtitle_collection\u00bb] COLECCI\u00d3N BALLET [\/vc_column_text][\/vc_column][\/vc_row][vc_row row_type=\u00bbrow\u00bb use_row_as_full_screen_section=\u00bbno\u00bb type=\u00bbfull_width\u00bb text_align=\u00bbleft\u00bb background_animation=\u00bbnone\u00bb css_animation=\u00bb\u00bb][vc_column][vc_column_text css=\u00bb.vc_custom_1624367909511{padding-top: 40px !important;padding-bottom: 40px !important;padding-left: 40px !important;}\u00bb] \u2190 TODAS LAS L\u00c1MPARAS [\/vc_column_text][\/vc_column][\/vc_row][vc_row row_type=\u00bbrow\u00bb use_row_as_full_screen_section=\u00bbno\u00bb type=\u00bbfull_width\u00bb text_align=\u00bbleft\u00bb background_animation=\u00bbnone\u00bb css_animation=\u00bb\u00bb][vc_column][\/vc_column][\/vc_row]<\/p>\n","protected":false},"author":1,"featured_media":0,"parent":0,"menu_order":0,"comment_status":"closed","ping_status":"closed","template":"full_width.php","meta":{"inline_featured_image":false,"footnotes":""},"aioseo_notices":[],"_links":{"self":[{"href":"https:\/\/www.a-emotionallight.com\/es\/wp-json\/wp\/v2\/pages\/34882"}],"collection":[{"href":"https:\/\/www.a-emotionallight.com\/es\/wp-json\/wp\/v2\/pages"}],"about":[{"href":"https:\/\/www.a-emotionallight.com\/es\/wp-json\/wp\/v2\/types\/page"}],"author":[{"embeddable":true,"href":"https:\/\/www.a-emotionallight.com\/es\/wp-json\/wp\/v2\/users\/1"}],"replies":[{"embeddable":true,"href":"https:\/\/www.a-emotionallight.com\/es\/wp-json\/wp\/v2\/comments?post=34882"}],"version-history":[{"count":5,"href":"https:\/\/www.a-emotionallight.com\/es\/wp-json\/wp\/v2\/pages\/34882\/revisions"}],"predecessor-version":[{"id":47635,"href":"https:\/\/www.a-emotionallight.com\/es\/wp-json\/wp\/v2\/pages\/34882\/revisions\/47635"}],"wp:attachment":[{"href":"https:\/\/www.a-emotionallight.com\/es\/wp-json\/wp\/v2\/media?parent=34882"}],"curies":[{"name":"wp","href":"https:\/\/api.w.org\/{rel}","templated":true}]}}