{"id":34891,"date":"2018-11-13T10:04:25","date_gmt":"2018-11-13T10:04:25","guid":{"rendered":"https:\/\/www.a-emotionallight.com\/coral-collection\/"},"modified":"2022-12-31T15:41:21","modified_gmt":"2022-12-31T15:41:21","slug":"coleccion-coral","status":"publish","type":"page","link":"https:\/\/www.a-emotionallight.com\/es\/coleccion-coral\/","title":{"rendered":"colecci\u00f3n coral"},"content":{"rendered":"<section class=\"wpb-content-wrapper\"><p>[vc_row row_type=\u00bbrow\u00bb use_row_as_full_screen_section=\u00bbno\u00bb type=\u00bbfull_width\u00bb text_align=\u00bbleft\u00bb background_animation=\u00bbnone\u00bb css_animation=\u00bb\u00bb][vc_column el_class=\u00bbgeogrotesque_title background_dark\u00bb][vc_column_text el_class=\u00bbtitle_collection\u00bb]<\/p>\n<h2 style=\"text-align: center; padding-bottom: 0px;\">COLECCI\u00d3N CORAL<\/h2>\n<p>[\/vc_column_text][\/vc_column][\/vc_row][vc_row row_type=\u00bbrow\u00bb use_row_as_full_screen_section=\u00bbno\u00bb type=\u00bbfull_width\u00bb text_align=\u00bbleft\u00bb background_animation=\u00bbnone\u00bb css_animation=\u00bb\u00bb][vc_column][vc_column_text css=\u00bb.vc_custom_1624368044423{padding-top: 40px !important;padding-bottom: 40px !important;padding-left: 40px !important;}\u00bb]<\/p>\n<h2 class=\"button_back_all_lamps\" style=\"text-align: left; text-decoration: none;\"><a href=\"https:\/\/www.a-emotionallight.com\/es\/lamparas\/\">\u2190 TODAS LAS L\u00c1MPARAS<\/a><\/h2>\n<p>[\/vc_column_text][\/vc_column][\/vc_row][vc_row row_type=\u00bbrow\u00bb use_row_as_full_screen_section=\u00bbno\u00bb type=\u00bbfull_width\u00bb text_align=\u00bbleft\u00bb background_animation=\u00bbnone\u00bb css_animation=\u00bb\u00bb][vc_column]<div class='projects_holder_outer v3 portfolio_with_space portfolio_with_hover_text  qode-filter-position-top'>\n\n<div class='projects_holder clearfix v3 hover_text portfolio_default_image '>\n\n<article class=\"mix portfolio_category_80 portfolio_category_25 portfolio_category_32\">\n    <div class='image_holder overlapping_title_hover'>\n        \n<span class='image'><img loading=\"lazy\" decoding=\"async\" width=\"548\" height=\"498\" src=\"https:\/\/www.a-emotionallight.com\/wp-content\/uploads\/2016\/03\/COCY04_thumb.jpg\" class=\"attachment-portfolio-default size-portfolio-default wp-post-image\" alt=\"\" \/><\/span>\n                    <a class='portfolio_link_class' href='https:\/\/www.a-emotionallight.com\/es\/portfolio_page\/coral-cay\/' target='_self'><\/a>\n\t\t\n        <div class=\"text_holder\">\n\t<h4 class=\"portfolio_title\" > Coral Cay<\/h4><span class=\"excerpt search_hidden\">\n\t\u00b7 \t\t\tRef. COCY04  \u00b7 Ref. COCY04-LD (LED)  | Luminarias colgantes de aspecto org\u00e1nico, inspiradas en la belleza de los arrecifes coralinos. Los modelos de la colecci\u00f3n, con sus distintas formas y la elegancia de sus l\u00edneas, resultan ideales para iluminar cualquier estancia. El encanto natural de sus vol\u00famenes, hechos a mano en malla de acero inoxidable pintada, se intensifica cuando se combinan en armoniosas y amplias composiciones  |  \u00b7 colecci\u00f3n coral  \u00b7 L\u00e1mparas colgantes  \u00b7 LED<\/span>\n\n\t\t\n<\/div>\n\n\n    <\/div>\n<\/article>\n<article class=\"mix portfolio_category_80 portfolio_category_25\">\n    <div class='image_holder overlapping_title_hover'>\n        \n<span class='image'><img loading=\"lazy\" decoding=\"async\" width=\"548\" height=\"498\" src=\"https:\/\/www.a-emotionallight.com\/wp-content\/uploads\/2016\/03\/CO04-10_thumb.jpg\" class=\"attachment-portfolio-default size-portfolio-default wp-post-image\" alt=\"\" \/><\/span>\n                    <a class='portfolio_link_class' href='https:\/\/www.a-emotionallight.com\/es\/portfolio_page\/coral-compo-grande\/' target='_self'><\/a>\n\t\t\n        <div class=\"text_holder\">\n\t<h4 class=\"portfolio_title\" > Coral Compo Grande<\/h4><span class=\"excerpt search_hidden\">\n\t\u00b7 \t\t\tRef. CO04-10  | Luminarias colgantes de aspecto org\u00e1nico, inspiradas en la belleza de los arrecifes coralinos. Los modelos de la colecci\u00f3n, con sus distintas formas y la elegancia de sus l\u00edneas, resultan ideales para iluminar cualquier estancia. El encanto natural de sus vol\u00famenes, hechos a mano en malla de acero inoxidable pintada, se intensifica cuando se combinan en armoniosas y amplias composiciones  |  \u00b7 colecci\u00f3n coral  \u00b7 L\u00e1mparas colgantes<\/span>\n\n\t\t\n<\/div>\n\n\n    <\/div>\n<\/article>\n<article class=\"mix portfolio_category_80 portfolio_category_25\">\n    <div class='image_holder overlapping_title_hover'>\n        \n<span class='image'><img loading=\"lazy\" decoding=\"async\" width=\"548\" height=\"498\" src=\"https:\/\/www.a-emotionallight.com\/wp-content\/uploads\/2016\/03\/CO04-5_thumb-1.jpg\" class=\"attachment-portfolio-default size-portfolio-default wp-post-image\" alt=\"\" \/><\/span>\n                    <a class='portfolio_link_class' href='https:\/\/www.a-emotionallight.com\/es\/portfolio_page\/coral-compo-mediana\/' target='_self'><\/a>\n\t\t\n        <div class=\"text_holder\">\n\t<h4 class=\"portfolio_title\" > Coral Compo Mediana<\/h4><span class=\"excerpt search_hidden\">\n\t\u00b7 \t\t\tRef. CO04-5  | Luminarias colgantes de aspecto org\u00e1nico, inspiradas en la belleza de los arrecifes coralinos. Los modelos de la colecci\u00f3n, con sus distintas formas y la elegancia de sus l\u00edneas, resultan ideales para iluminar cualquier estancia. El encanto natural de sus vol\u00famenes, hechos a mano en malla de acero inoxidable pintada, se intensifica cuando se combinan en armoniosas y amplias composiciones  |  \u00b7 colecci\u00f3n coral  \u00b7 L\u00e1mparas colgantes<\/span>\n\n\t\t\n<\/div>\n\n\n    <\/div>\n<\/article>\n<article class=\"mix portfolio_category_80 portfolio_category_25\">\n    <div class='image_holder overlapping_title_hover'>\n        \n<span class='image'><img loading=\"lazy\" decoding=\"async\" width=\"548\" height=\"498\" src=\"https:\/\/www.a-emotionallight.com\/wp-content\/uploads\/2016\/03\/CO04-3_thumb.gif\" class=\"attachment-portfolio-default size-portfolio-default wp-post-image\" alt=\"\" \/><\/span>\n                    <a class='portfolio_link_class' href='https:\/\/www.a-emotionallight.com\/es\/portfolio_page\/coral-compo-pequena\/' target='_self'><\/a>\n\t\t\n        <div class=\"text_holder\">\n\t<h4 class=\"portfolio_title\" > Coral compo peque\u00f1a<\/h4><span class=\"excerpt search_hidden\">\n\t\u00b7 \t\t\tRef. CO04-3  | Luminarias colgantes de aspecto org\u00e1nico, inspiradas en la belleza de los arrecifes coralinos. Los modelos de la colecci\u00f3n, con sus distintas formas y la elegancia de sus l\u00edneas, resultan ideales para iluminar cualquier estancia. El encanto natural de sus vol\u00famenes, hechos a mano en malla de acero inoxidable pintada, se intensifica cuando se combinan en armoniosas y amplias composiciones  |  \u00b7 colecci\u00f3n coral  \u00b7 L\u00e1mparas colgantes<\/span>\n\n\t\t\n<\/div>\n\n\n    <\/div>\n<\/article>\n<article class=\"mix portfolio_category_80 portfolio_category_25 portfolio_category_32\">\n    <div class='image_holder overlapping_title_hover'>\n        \n<span class='image'><img loading=\"lazy\" decoding=\"async\" width=\"548\" height=\"498\" src=\"https:\/\/www.a-emotionallight.com\/wp-content\/uploads\/2016\/03\/COGA04_thumb.jpg\" class=\"attachment-portfolio-default size-portfolio-default wp-post-image\" alt=\"\" \/><\/span>\n                    <a class='portfolio_link_class' href='https:\/\/www.a-emotionallight.com\/es\/portfolio_page\/coral-galaxea\/' target='_self'><\/a>\n\t\t\n        <div class=\"text_holder\">\n\t<h4 class=\"portfolio_title\" > Coral Galaxea<\/h4><span class=\"excerpt search_hidden\">\n\t\u00b7 \t\t\tRef. COGA04  \u00b7 Ref. COGA04-LD (LED)  | Luminarias colgantes de aspecto org\u00e1nico, inspiradas en la belleza de los arrecifes coralinos. Los modelos de la colecci\u00f3n, con sus distintas formas y la elegancia de sus l\u00edneas, resultan ideales para iluminar cualquier estancia. El encanto natural de sus vol\u00famenes, hechos a mano en malla de acero inoxidable pintada, se intensifica cuando se combinan en armoniosas y amplias composiciones  |  \u00b7 colecci\u00f3n coral  \u00b7 L\u00e1mparas colgantes  \u00b7 LED<\/span>\n\n\t\t\n<\/div>\n\n\n    <\/div>\n<\/article>\n<article class=\"mix portfolio_category_80 portfolio_category_25 portfolio_category_32\">\n    <div class='image_holder overlapping_title_hover'>\n        \n<span class='image'><img loading=\"lazy\" decoding=\"async\" width=\"548\" height=\"498\" src=\"https:\/\/www.a-emotionallight.com\/wp-content\/uploads\/2016\/03\/CORE04_thumb.jpg\" class=\"attachment-portfolio-default size-portfolio-default wp-post-image\" alt=\"\" \/><\/span>\n                    <a class='portfolio_link_class' href='https:\/\/www.a-emotionallight.com\/es\/portfolio_page\/coral-reef\/' target='_self'><\/a>\n\t\t\n        <div class=\"text_holder\">\n\t<h4 class=\"portfolio_title\" > Coral Reef<\/h4><span class=\"excerpt search_hidden\">\n\t\u00b7 \t\t\tRef. CORE04  \u00b7 Ref. CORE04-LD (LED)  | Luminarias colgantes de aspecto org\u00e1nico, inspiradas en la belleza de los arrecifes coralinos. Los modelos de la colecci\u00f3n, con sus distintas formas y la elegancia de sus l\u00edneas, resultan ideales para iluminar cualquier estancia. El encanto natural de sus vol\u00famenes, hechos a mano en malla de acero inoxidable pintada, se intensifica cuando se combinan en armoniosas y amplias composiciones  |  \u00b7 colecci\u00f3n coral  \u00b7 L\u00e1mparas colgantes  \u00b7 LED<\/span>\n\n\t\t\n<\/div>\n\n\n    <\/div>\n<\/article>\n<article class=\"mix portfolio_category_80 portfolio_category_25 portfolio_category_32\">\n    <div class='image_holder overlapping_title_hover'>\n        \n<span class='image'><img loading=\"lazy\" decoding=\"async\" width=\"548\" height=\"498\" src=\"https:\/\/www.a-emotionallight.com\/wp-content\/uploads\/2016\/03\/COSE04_thumb.jpg\" class=\"attachment-portfolio-default size-portfolio-default wp-post-image\" alt=\"\" \/><\/span>\n                    <a class='portfolio_link_class' href='https:\/\/www.a-emotionallight.com\/es\/portfolio_page\/coral-sea\/' target='_self'><\/a>\n\t\t\n        <div class=\"text_holder\">\n\t<h4 class=\"portfolio_title\" > Coral Sea<\/h4><span class=\"excerpt search_hidden\">\n\t\u00b7 \t\t\tRef. COSE04  \u00b7 Ref. COSE04-LD (LED)  | Luminarias colgantes de aspecto org\u00e1nico, inspiradas en la belleza de los arrecifes coralinos. Los modelos de la colecci\u00f3n, con sus distintas formas y la elegancia de sus l\u00edneas, resultan ideales para iluminar cualquier estancia. El encanto natural de sus vol\u00famenes, hechos a mano en malla de acero inoxidable pintada, se intensifica cuando se combinan en armoniosas y amplias composiciones  |  \u00b7 colecci\u00f3n coral  \u00b7 L\u00e1mparas colgantes  \u00b7 LED<\/span>\n\n\t\t\n<\/div>\n\n\n    <\/div>\n<\/article>\n<article class=\"mix portfolio_category_80 portfolio_category_25 portfolio_category_32\">\n    <div class='image_holder overlapping_title_hover'>\n        \n<span class='image'><img loading=\"lazy\" decoding=\"async\" width=\"548\" height=\"498\" src=\"https:\/\/www.a-emotionallight.com\/wp-content\/uploads\/2016\/03\/COAU04G_thumb.jpg\" class=\"attachment-portfolio-default size-portfolio-default wp-post-image\" alt=\"\" \/><\/span>\n                    <a class='portfolio_link_class' href='https:\/\/www.a-emotionallight.com\/es\/portfolio_page\/coral-seaurchin-grande\/' target='_self'><\/a>\n\t\t\n        <div class=\"text_holder\">\n\t<h4 class=\"portfolio_title\" > Coral Seaurchin Grande<\/h4><span class=\"excerpt search_hidden\">\n\t\u00b7 \t\t\tRef. COAU04G  \u00b7 Ref. COAU04G-LD (LED)  | Luminarias colgantes de aspecto org\u00e1nico, inspiradas en la belleza de los arrecifes coralinos. Los modelos de la colecci\u00f3n, con sus distintas formas y la elegancia de sus l\u00edneas, resultan ideales para iluminar cualquier estancia. El encanto natural de sus vol\u00famenes, hechos a mano en malla de acero inoxidable pintada, se intensifica cuando se combinan en armoniosas y amplias composiciones  |  \u00b7 colecci\u00f3n coral  \u00b7 L\u00e1mparas colgantes  \u00b7 LED<\/span>\n\n\t\t\n<\/div>\n\n\n    <\/div>\n<\/article>\n<article class=\"mix portfolio_category_80 portfolio_category_25 portfolio_category_32\">\n    <div class='image_holder overlapping_title_hover'>\n        \n<span class='image'><img loading=\"lazy\" decoding=\"async\" width=\"548\" height=\"498\" src=\"https:\/\/www.a-emotionallight.com\/wp-content\/uploads\/2016\/03\/COAU04_thumb.jpg\" class=\"attachment-portfolio-default size-portfolio-default wp-post-image\" alt=\"\" \/><\/span>\n                    <a class='portfolio_link_class' href='https:\/\/www.a-emotionallight.com\/es\/portfolio_page\/coral-seaurchin-pequena\/' target='_self'><\/a>\n\t\t\n        <div class=\"text_holder\">\n\t<h4 class=\"portfolio_title\" > Coral Seaurchin Peque\u00f1a<\/h4><span class=\"excerpt search_hidden\">\n\t\u00b7 \t\t\tRef. COAU04  \u00b7 Ref. COAU04-LD (LED)  | Luminarias colgantes de aspecto org\u00e1nico, inspiradas en la belleza de los arrecifes coralinos. Los modelos de la colecci\u00f3n, con sus distintas formas y la elegancia de sus l\u00edneas, resultan ideales para iluminar cualquier estancia. El encanto natural de sus vol\u00famenes, hechos a mano en malla de acero inoxidable pintada, se intensifica cuando se combinan en armoniosas y amplias composiciones  |  \u00b7 colecci\u00f3n coral  \u00b7 L\u00e1mparas colgantes  \u00b7 LED<\/span>\n\n\t\t\n<\/div>\n\n\n    <\/div>\n<\/article>\n<article class=\"mix portfolio_category_80 portfolio_category_239 portfolio_category_25 portfolio_category_27\">\n    <div class='image_holder overlapping_title_hover'>\n        \n<span class='image'><img loading=\"lazy\" decoding=\"async\" width=\"550\" height=\"498\" src=\"https:\/\/www.a-emotionallight.com\/wp-content\/uploads\/2025\/04\/caoralXL-550x498.jpg\" class=\"attachment-portfolio-default size-portfolio-default wp-post-image\" alt=\"\" srcset=\"https:\/\/www.a-emotionallight.com\/wp-content\/uploads\/2025\/04\/caoralXL-550x498.jpg 550w, https:\/\/www.a-emotionallight.com\/wp-content\/uploads\/2025\/04\/caoralXL-480x434.jpg 480w, https:\/\/www.a-emotionallight.com\/wp-content\/uploads\/2025\/04\/caoralXL-125x112.jpg 125w\" sizes=\"(max-width: 550px) 100vw, 550px\" \/><\/span>\n                    <a class='portfolio_link_class' href='https:\/\/www.a-emotionallight.com\/es\/portfolio_page\/coral-xl\/' target='_self'><\/a>\n\t\t\n        <div class=\"text_holder\">\n\t<h4 class=\"portfolio_title\" > Coral XL<\/h4><span class=\"excerpt search_hidden\">\n\tLa piedra y la luz, dos elementos antag\u00f3nicos que Parga une en la b\u00fasqueda de una imagen casi de ficci\u00f3n. La energ\u00eda contenida en el interior de un mineral busca liberarse y salir en forma de un intenso rayo de luz directa. Parga es una colecci\u00f3n que recupera la aplicaci\u00f3n del granito para objetos funcionales y decorativos en espacios interiores, aprovechando la neutralidad crom\u00e1tica y su textura natural. Un conjunto formado por tres piezas de diferentes di\u00e1metros y alturas que emplean un lenguaje formal que remite a la talla l\u00edtica m\u00e1s primigenia y rudimentaria. El material empleado es granito que se extrae de canteras gallegas y proviene del aprovechamiento de descartes contribuyendo a la sostenibilidad desde la materia. El granito que forma Parga es compacto, de tono gris\u00e1ceo claro y uniforme con motas de negro y grano fino.<\/span>\n\n\t\t\n<\/div>\n\n\n    <\/div>\n<\/article>\n\t\t\t\t<div class='filler'><\/div>\n\t\t\t\t\t\t\t<div class='filler'><\/div>\n\t\t\t\t\t\t\t<div class='filler'><\/div>\n\t\t\t<\/div>\n    <\/div>\n[\/vc_column][\/vc_row]<\/p>\n<\/section>","protected":false},"excerpt":{"rendered":"<p>[vc_row row_type=\u00bbrow\u00bb use_row_as_full_screen_section=\u00bbno\u00bb type=\u00bbfull_width\u00bb text_align=\u00bbleft\u00bb background_animation=\u00bbnone\u00bb css_animation=\u00bb\u00bb][vc_column el_class=\u00bbgeogrotesque_title background_dark\u00bb][vc_column_text el_class=\u00bbtitle_collection\u00bb] COLECCI\u00d3N CORAL [\/vc_column_text][\/vc_column][\/vc_row][vc_row row_type=\u00bbrow\u00bb use_row_as_full_screen_section=\u00bbno\u00bb type=\u00bbfull_width\u00bb text_align=\u00bbleft\u00bb background_animation=\u00bbnone\u00bb css_animation=\u00bb\u00bb][vc_column][vc_column_text css=\u00bb.vc_custom_1624368044423{padding-top: 40px !important;padding-bottom: 40px !important;padding-left: 40px !important;}\u00bb] \u2190 TODAS LAS L\u00c1MPARAS [\/vc_column_text][\/vc_column][\/vc_row][vc_row row_type=\u00bbrow\u00bb use_row_as_full_screen_section=\u00bbno\u00bb type=\u00bbfull_width\u00bb text_align=\u00bbleft\u00bb background_animation=\u00bbnone\u00bb css_animation=\u00bb\u00bb][vc_column][\/vc_column][\/vc_row]<\/p>\n","protected":false},"author":1,"featured_media":0,"parent":0,"menu_order":0,"comment_status":"closed","ping_status":"closed","template":"full_width.php","meta":{"inline_featured_image":false,"footnotes":""},"aioseo_notices":[],"_links":{"self":[{"href":"https:\/\/www.a-emotionallight.com\/es\/wp-json\/wp\/v2\/pages\/34891"}],"collection":[{"href":"https:\/\/www.a-emotionallight.com\/es\/wp-json\/wp\/v2\/pages"}],"about":[{"href":"https:\/\/www.a-emotionallight.com\/es\/wp-json\/wp\/v2\/types\/page"}],"author":[{"embeddable":true,"href":"https:\/\/www.a-emotionallight.com\/es\/wp-json\/wp\/v2\/users\/1"}],"replies":[{"embeddable":true,"href":"https:\/\/www.a-emotionallight.com\/es\/wp-json\/wp\/v2\/comments?post=34891"}],"version-history":[{"count":8,"href":"https:\/\/www.a-emotionallight.com\/es\/wp-json\/wp\/v2\/pages\/34891\/revisions"}],"predecessor-version":[{"id":47640,"href":"https:\/\/www.a-emotionallight.com\/es\/wp-json\/wp\/v2\/pages\/34891\/revisions\/47640"}],"wp:attachment":[{"href":"https:\/\/www.a-emotionallight.com\/es\/wp-json\/wp\/v2\/media?parent=34891"}],"curies":[{"name":"wp","href":"https:\/\/api.w.org\/{rel}","templated":true}]}}