{"id":34906,"date":"2018-11-13T09:34:12","date_gmt":"2018-11-13T09:34:12","guid":{"rendered":"https:\/\/www.a-emotionallight.com\/curvas-collection\/"},"modified":"2022-12-31T15:41:56","modified_gmt":"2022-12-31T15:41:56","slug":"coleccion-curvas","status":"publish","type":"page","link":"https:\/\/www.a-emotionallight.com\/es\/coleccion-curvas\/","title":{"rendered":"colecci\u00f3n curvas"},"content":{"rendered":"<section class=\"wpb-content-wrapper\"><p>[vc_row row_type=\u00bbrow\u00bb use_row_as_full_screen_section=\u00bbno\u00bb type=\u00bbfull_width\u00bb text_align=\u00bbleft\u00bb background_animation=\u00bbnone\u00bb css_animation=\u00bb\u00bb][vc_column el_class=\u00bbgeogrotesque_title background_dark\u00bb][vc_column_text el_class=\u00bbtitle_collection\u00bb]<\/p>\n<h2 style=\"text-align: center; padding-bottom: 0px;\">COLECCI\u00d3N CURVAS<\/h2>\n<p>[\/vc_column_text][\/vc_column][\/vc_row][vc_row row_type=\u00bbrow\u00bb use_row_as_full_screen_section=\u00bbno\u00bb type=\u00bbfull_width\u00bb text_align=\u00bbleft\u00bb background_animation=\u00bbnone\u00bb css_animation=\u00bb\u00bb][vc_column][vc_column_text css=\u00bb.vc_custom_1624368122611{padding-top: 40px !important;padding-bottom: 40px !important;padding-left: 40px !important;}\u00bb]<\/p>\n<h2 class=\"button_back_all_lamps\" style=\"text-align: left; text-decoration: none;\"><a href=\"https:\/\/www.a-emotionallight.com\/es\/lamparas\/\">\u2190 TODAS LAS L\u00c1MPARAS<\/a><\/h2>\n<p>[\/vc_column_text][\/vc_column][\/vc_row][vc_row row_type=\u00bbrow\u00bb use_row_as_full_screen_section=\u00bbno\u00bb type=\u00bbfull_width\u00bb text_align=\u00bbleft\u00bb background_animation=\u00bbnone\u00bb css_animation=\u00bb\u00bb][vc_column]<div class='projects_holder_outer v3 portfolio_with_space portfolio_with_hover_text  qode-filter-position-top'>\n\n<div class='projects_holder clearfix v3 hover_text portfolio_default_image '>\n\n<article class=\"mix portfolio_category_81 portfolio_category_25\">\n    <div class='image_holder overlapping_title_hover'>\n        \n<span class='image'><img loading=\"lazy\" decoding=\"async\" width=\"548\" height=\"498\" src=\"https:\/\/www.a-emotionallight.com\/wp-content\/uploads\/2016\/03\/CV-07_thumb.gif\" class=\"attachment-portfolio-default size-portfolio-default wp-post-image\" alt=\"\" \/><\/span>\n                    <a class='portfolio_link_class' href='https:\/\/www.a-emotionallight.com\/es\/portfolio_page\/composicion-curvas-mediana\/' target='_self'><\/a>\n\t\t\n        <div class=\"text_holder\">\n\t<h4 class=\"portfolio_title\" > Composici\u00f3n Curvas Mediana<\/h4><span class=\"excerpt search_hidden\">\n\t\u00b7 \t\t\tRef.\u00a0CV04-7  | Esta colecci\u00f3n es todo un cl\u00e1sico de la marca. Un dise\u00f1o atemporal en vidrio que nos remite a los or\u00edgenes de arturo alvarez y su reinterpretaci\u00f3n de la t\u00e9cnica tiffany.  Su dise\u00f1o circular se compone de una sucesi\u00f3n de piezas irregulares, perfectamente encajadas, que denotan un movimiento en su recorrido. Elegantes luminarias colgantes que se reinventan como candelabro moderno en las composiciones de varias unidades  |  \u00b7 colecci\u00f3n curvas  \u00b7 L\u00e1mparas colgantes<\/span>\n\n\t\t\n<\/div>\n\n\n    <\/div>\n<\/article>\n<article class=\"mix portfolio_category_81 portfolio_category_25\">\n    <div class='image_holder overlapping_title_hover'>\n        \n<span class='image'><img loading=\"lazy\" decoding=\"async\" width=\"548\" height=\"498\" src=\"https:\/\/www.a-emotionallight.com\/wp-content\/uploads\/2016\/03\/cv_composmall_thumb.gif\" class=\"attachment-portfolio-default size-portfolio-default wp-post-image\" alt=\"\" \/><\/span>\n                    <a class='portfolio_link_class' href='https:\/\/www.a-emotionallight.com\/es\/portfolio_page\/composicion-curvas-pequena\/' target='_self'><\/a>\n\t\t\n        <div class=\"text_holder\">\n\t<h4 class=\"portfolio_title\" > Composici\u00f3n Curvas Peque\u00f1a<\/h4><span class=\"excerpt search_hidden\">\n\t\u00b7 \t\t\tRef.\u00a0CV04C-3  | Esta colecci\u00f3n es todo un cl\u00e1sico de la marca. Un dise\u00f1o atemporal en vidrio que nos remite a los or\u00edgenes de arturo alvarez y su reinterpretaci\u00f3n de la t\u00e9cnica tiffany.  Su dise\u00f1o circular se compone de una sucesi\u00f3n de piezas irregulares, perfectamente encajadas, que denotan un movimiento en su recorrido. Elegantes luminarias colgantes que se reinventan como candelabro moderno en las composiciones de varias unidades  |  \u00b7 colecci\u00f3n curvas  \u00b7 L\u00e1mparas colgantes<\/span>\n\n\t\t\n<\/div>\n\n\n    <\/div>\n<\/article>\n<article class=\"mix portfolio_category_35 portfolio_category_81\">\n    <div class='image_holder overlapping_title_hover'>\n        \n<span class='image'><img loading=\"lazy\" decoding=\"async\" width=\"548\" height=\"498\" src=\"https:\/\/www.a-emotionallight.com\/wp-content\/uploads\/2016\/03\/CV06_02_thumb.gif\" class=\"attachment-portfolio-default size-portfolio-default wp-post-image\" alt=\"\" \/><\/span>\n                    <a class='portfolio_link_class' href='https:\/\/www.a-emotionallight.com\/es\/portfolio_page\/curvas\/' target='_self'><\/a>\n\t\t\n        <div class=\"text_holder\">\n\t<h4 class=\"portfolio_title\" > Curvas<\/h4><span class=\"excerpt search_hidden\">\n\t\u00b7 \t\t\tRef.\u00a0CV06  | Esta colecci\u00f3n es todo un cl\u00e1sico de la marca. Un dise\u00f1o atemporal en vidrio que nos remite a los or\u00edgenes de arturo alvarez y su reinterpretaci\u00f3n de la t\u00e9cnica tiffany.  Su dise\u00f1o circular se compone de una sucesi\u00f3n de piezas irregulares, perfectamente encajadas, que denotan un movimiento en su recorrido. Elegantes luminarias colgantes que se reinventan como candelabro moderno en las composiciones de varias unidades  |  \u00b7 Apliques  \u00b7 colecci\u00f3n curvas<\/span>\n\n\t\t\n<\/div>\n\n\n    <\/div>\n<\/article>\n<article class=\"mix portfolio_category_81 portfolio_category_33\">\n    <div class='image_holder overlapping_title_hover'>\n        \n<span class='image'><img loading=\"lazy\" decoding=\"async\" width=\"548\" height=\"498\" src=\"https:\/\/www.a-emotionallight.com\/wp-content\/uploads\/2016\/03\/CV03G_thumb.gif\" class=\"attachment-portfolio-default size-portfolio-default wp-post-image\" alt=\"\" \/><\/span>\n                    <a class='portfolio_link_class' href='https:\/\/www.a-emotionallight.com\/es\/portfolio_page\/curvas-grande-pie\/' target='_self'><\/a>\n\t\t\n        <div class=\"text_holder\">\n\t<h4 class=\"portfolio_title\" > Curvas Grande<\/h4><span class=\"excerpt search_hidden\">\n\t\u00b7 \t\t\tRef.\u00a0CV03G  | Esta colecci\u00f3n es todo un cl\u00e1sico de la marca. Un dise\u00f1o atemporal en vidrio que nos remite a los or\u00edgenes de arturo alvarez y su reinterpretaci\u00f3n de la t\u00e9cnica tiffany.  Su dise\u00f1o circular se compone de una sucesi\u00f3n de piezas irregulares, perfectamente encajadas, que denotan un movimiento en su recorrido. Elegantes luminarias colgantes que se reinventan como candelabro moderno en las composiciones de varias unidades  |  \u00b7 colecci\u00f3n curvas  \u00b7 L\u00e1mparas de pie<\/span>\n\n\t\t\n<\/div>\n\n\n    <\/div>\n<\/article>\n<article class=\"mix portfolio_category_81 portfolio_category_25\">\n    <div class='image_holder overlapping_title_hover'>\n        \n<span class='image'><img loading=\"lazy\" decoding=\"async\" width=\"548\" height=\"498\" src=\"https:\/\/www.a-emotionallight.com\/wp-content\/uploads\/2016\/03\/CV04G_thumb.gif\" class=\"attachment-portfolio-default size-portfolio-default wp-post-image\" alt=\"\" \/><\/span>\n                    <a class='portfolio_link_class' href='https:\/\/www.a-emotionallight.com\/es\/portfolio_page\/curvas-grande\/' target='_self'><\/a>\n\t\t\n        <div class=\"text_holder\">\n\t<h4 class=\"portfolio_title\" > Curvas Grande<\/h4><span class=\"excerpt search_hidden\">\n\t\u00b7 \t\t\tRef.\u00a0CV04G  | Esta colecci\u00f3n es todo un cl\u00e1sico de la marca. Un dise\u00f1o atemporal en vidrio que nos remite a los or\u00edgenes de arturo alvarez y su reinterpretaci\u00f3n de la t\u00e9cnica tiffany.  Su dise\u00f1o circular se compone de una sucesi\u00f3n de piezas irregulares, perfectamente encajadas, que denotan un movimiento en su recorrido. Elegantes luminarias colgantes que se reinventan como candelabro moderno en las composiciones de varias unidades  |  \u00b7 colecci\u00f3n curvas  \u00b7 L\u00e1mparas colgantes<\/span>\n\n\t\t\n<\/div>\n\n\n    <\/div>\n<\/article>\n<article class=\"mix portfolio_category_81 portfolio_category_25\">\n    <div class='image_holder overlapping_title_hover'>\n        \n<span class='image'><img loading=\"lazy\" decoding=\"async\" width=\"548\" height=\"498\" src=\"https:\/\/www.a-emotionallight.com\/wp-content\/uploads\/2016\/03\/CV04_thumb.gif\" class=\"attachment-portfolio-default size-portfolio-default wp-post-image\" alt=\"\" \/><\/span>\n                    <a class='portfolio_link_class' href='https:\/\/www.a-emotionallight.com\/es\/portfolio_page\/curvas-mediana\/' target='_self'><\/a>\n\t\t\n        <div class=\"text_holder\">\n\t<h4 class=\"portfolio_title\" > Curvas Mediana<\/h4><span class=\"excerpt search_hidden\">\n\t\u00b7 \t\t\tRef.\u00a0CV04  | Esta colecci\u00f3n es todo un cl\u00e1sico de la marca. Un dise\u00f1o atemporal en vidrio que nos remite a los or\u00edgenes de arturo alvarez y su reinterpretaci\u00f3n de la t\u00e9cnica tiffany.  Su dise\u00f1o circular se compone de una sucesi\u00f3n de piezas irregulares, perfectamente encajadas, que denotan un movimiento en su recorrido. Elegantes luminarias colgantes que se reinventan como candelabro moderno en las composiciones de varias unidades  |  \u00b7 colecci\u00f3n curvas  \u00b7 L\u00e1mparas colgantes<\/span>\n\n\t\t\n<\/div>\n\n\n    <\/div>\n<\/article>\n<article class=\"mix portfolio_category_81 portfolio_category_26\">\n    <div class='image_holder overlapping_title_hover'>\n        \n<span class='image'><img loading=\"lazy\" decoding=\"async\" width=\"548\" height=\"498\" src=\"https:\/\/www.a-emotionallight.com\/wp-content\/uploads\/2016\/03\/CV01_thumb.gif\" class=\"attachment-portfolio-default size-portfolio-default wp-post-image\" alt=\"\" \/><\/span>\n                    <a class='portfolio_link_class' href='https:\/\/www.a-emotionallight.com\/es\/portfolio_page\/curvas-pequena-mesa\/' target='_self'><\/a>\n\t\t\n        <div class=\"text_holder\">\n\t<h4 class=\"portfolio_title\" > Curvas Peque\u00f1a<\/h4><span class=\"excerpt search_hidden\">\n\t\u00b7 \t\t\tRef.\u00a0CV01  | Esta colecci\u00f3n es todo un cl\u00e1sico de la marca. Un dise\u00f1o atemporal en vidrio que nos remite a los or\u00edgenes de arturo alvarez y su reinterpretaci\u00f3n de la t\u00e9cnica tiffany.  Su dise\u00f1o circular se compone de una sucesi\u00f3n de piezas irregulares, perfectamente encajadas, que denotan un movimiento en su recorrido. Elegantes luminarias colgantes que se reinventan como candelabro moderno en las composiciones de varias unidades  |  \u00b7 colecci\u00f3n curvas  \u00b7 L\u00e1mparas de mesa<\/span>\n\n\t\t\n<\/div>\n\n\n    <\/div>\n<\/article>\n<article class=\"mix portfolio_category_81 portfolio_category_25\">\n    <div class='image_holder overlapping_title_hover'>\n        \n<span class='image'><img loading=\"lazy\" decoding=\"async\" width=\"548\" height=\"498\" src=\"https:\/\/www.a-emotionallight.com\/wp-content\/uploads\/2016\/03\/CV04-1_thumb.gif\" class=\"attachment-portfolio-default size-portfolio-default wp-post-image\" alt=\"\" \/><\/span>\n                    <a class='portfolio_link_class' href='https:\/\/www.a-emotionallight.com\/es\/portfolio_page\/curvas-pequena\/' target='_self'><\/a>\n\t\t\n        <div class=\"text_holder\">\n\t<h4 class=\"portfolio_title\" > Curvas Peque\u00f1a<\/h4><span class=\"excerpt search_hidden\">\n\t\u00b7 \t\t\tRef.\u00a0CV04-1  | Esta colecci\u00f3n es todo un cl\u00e1sico de la marca. Un dise\u00f1o atemporal en vidrio que nos remite a los or\u00edgenes de arturo alvarez y su reinterpretaci\u00f3n de la t\u00e9cnica tiffany.  Su dise\u00f1o circular se compone de una sucesi\u00f3n de piezas irregulares, perfectamente encajadas, que denotan un movimiento en su recorrido. Elegantes luminarias colgantes que se reinventan como candelabro moderno en las composiciones de varias unidades  |  \u00b7 colecci\u00f3n curvas  \u00b7 L\u00e1mparas colgantes<\/span>\n\n\t\t\n<\/div>\n\n\n    <\/div>\n<\/article>\n\t\t\t\t<div class='filler'><\/div>\n\t\t\t\t\t\t\t<div class='filler'><\/div>\n\t\t\t\t\t\t\t<div class='filler'><\/div>\n\t\t\t<\/div>\n    <\/div>\n[\/vc_column][\/vc_row]<\/p>\n<\/section>","protected":false},"excerpt":{"rendered":"<p>[vc_row row_type=\u00bbrow\u00bb use_row_as_full_screen_section=\u00bbno\u00bb type=\u00bbfull_width\u00bb text_align=\u00bbleft\u00bb background_animation=\u00bbnone\u00bb css_animation=\u00bb\u00bb][vc_column el_class=\u00bbgeogrotesque_title background_dark\u00bb][vc_column_text el_class=\u00bbtitle_collection\u00bb] COLECCI\u00d3N CURVAS [\/vc_column_text][\/vc_column][\/vc_row][vc_row row_type=\u00bbrow\u00bb use_row_as_full_screen_section=\u00bbno\u00bb type=\u00bbfull_width\u00bb text_align=\u00bbleft\u00bb background_animation=\u00bbnone\u00bb css_animation=\u00bb\u00bb][vc_column][vc_column_text css=\u00bb.vc_custom_1624368122611{padding-top: 40px !important;padding-bottom: 40px !important;padding-left: 40px !important;}\u00bb] \u2190 TODAS LAS L\u00c1MPARAS [\/vc_column_text][\/vc_column][\/vc_row][vc_row row_type=\u00bbrow\u00bb use_row_as_full_screen_section=\u00bbno\u00bb type=\u00bbfull_width\u00bb text_align=\u00bbleft\u00bb background_animation=\u00bbnone\u00bb css_animation=\u00bb\u00bb][vc_column][\/vc_column][\/vc_row]<\/p>\n","protected":false},"author":1,"featured_media":0,"parent":0,"menu_order":0,"comment_status":"closed","ping_status":"closed","template":"full_width.php","meta":{"inline_featured_image":false,"footnotes":""},"aioseo_notices":[],"_links":{"self":[{"href":"https:\/\/www.a-emotionallight.com\/es\/wp-json\/wp\/v2\/pages\/34906"}],"collection":[{"href":"https:\/\/www.a-emotionallight.com\/es\/wp-json\/wp\/v2\/pages"}],"about":[{"href":"https:\/\/www.a-emotionallight.com\/es\/wp-json\/wp\/v2\/types\/page"}],"author":[{"embeddable":true,"href":"https:\/\/www.a-emotionallight.com\/es\/wp-json\/wp\/v2\/users\/1"}],"replies":[{"embeddable":true,"href":"https:\/\/www.a-emotionallight.com\/es\/wp-json\/wp\/v2\/comments?post=34906"}],"version-history":[{"count":6,"href":"https:\/\/www.a-emotionallight.com\/es\/wp-json\/wp\/v2\/pages\/34906\/revisions"}],"predecessor-version":[{"id":47642,"href":"https:\/\/www.a-emotionallight.com\/es\/wp-json\/wp\/v2\/pages\/34906\/revisions\/47642"}],"wp:attachment":[{"href":"https:\/\/www.a-emotionallight.com\/es\/wp-json\/wp\/v2\/media?parent=34906"}],"curies":[{"name":"wp","href":"https:\/\/api.w.org\/{rel}","templated":true}]}}