{"id":34918,"date":"2018-11-13T09:52:12","date_gmt":"2018-11-13T09:52:12","guid":{"rendered":"https:\/\/www.a-emotionallight.com\/nevo-collection\/"},"modified":"2022-12-31T15:54:59","modified_gmt":"2022-12-31T15:54:59","slug":"coleccion-nevo","status":"publish","type":"page","link":"https:\/\/www.a-emotionallight.com\/es\/coleccion-nevo\/","title":{"rendered":"colecci\u00f3n nevo"},"content":{"rendered":"<section class=\"wpb-content-wrapper\"><p>[vc_row row_type=\u00bbrow\u00bb use_row_as_full_screen_section=\u00bbno\u00bb type=\u00bbfull_width\u00bb text_align=\u00bbleft\u00bb background_animation=\u00bbnone\u00bb css_animation=\u00bb\u00bb][vc_column el_class=\u00bbgeogrotesque_title background_dark\u00bb][vc_column_text el_class=\u00bbtitle_collection\u00bb]<\/p>\n<h2 style=\"text-align: center; padding-bottom: 0px;\">COLECCI\u00d3N NEVO<\/h2>\n<p>[\/vc_column_text][\/vc_column][\/vc_row][vc_row row_type=\u00bbrow\u00bb use_row_as_full_screen_section=\u00bbno\u00bb type=\u00bbfull_width\u00bb text_align=\u00bbleft\u00bb background_animation=\u00bbnone\u00bb css_animation=\u00bb\u00bb][vc_column][vc_column_text css=\u00bb.vc_custom_1624368502125{padding-top: 40px !important;padding-bottom: 40px !important;padding-left: 40px !important;}\u00bb]<\/p>\n<h2 class=\"button_back_all_lamps\" style=\"text-align: left; text-decoration: none;\"><a href=\"https:\/\/www.a-emotionallight.com\/es\/lamparas\/\">\u2190 TODAS LAS L\u00c1MPARAS<\/a><\/h2>\n<p>[\/vc_column_text][\/vc_column][\/vc_row][vc_row row_type=\u00bbrow\u00bb use_row_as_full_screen_section=\u00bbno\u00bb type=\u00bbfull_width\u00bb text_align=\u00bbleft\u00bb background_animation=\u00bbnone\u00bb css_animation=\u00bb\u00bb][vc_column]<div class='projects_holder_outer v3 portfolio_with_space portfolio_with_hover_text  qode-filter-position-top'>\n\n<div class='projects_holder clearfix v3 hover_text portfolio_default_image '>\n\n<article class=\"mix portfolio_category_88 portfolio_category_25\">\n    <div class='image_holder overlapping_title_hover'>\n        \n<span class='image'><img loading=\"lazy\" decoding=\"async\" width=\"548\" height=\"498\" src=\"https:\/\/www.a-emotionallight.com\/wp-content\/uploads\/2016\/03\/NE04-11_malla-pintada_thumb.gif\" class=\"attachment-portfolio-default size-portfolio-default wp-post-image\" alt=\"\" \/><\/span>\n                    <a class='portfolio_link_class' href='https:\/\/www.a-emotionallight.com\/es\/portfolio_page\/nevo-compo-grande\/' target='_self'><\/a>\n\t\t\n        <div class=\"text_holder\">\n\t<h4 class=\"portfolio_title\" > Nevo Compo Grande<\/h4><span class=\"excerpt search_hidden\">\n\t\u00b7 \t\t\tRef. NE04-11  | Una colecci\u00f3n que refleja la extrema maleabilidad del malla de acero inoxidable pintada mejor que ninguna. Las irrepetibles formas org\u00e1nicas de la Nevo, con sus curvas moldeadas a mano, convierten a cada una de las l\u00e1mparas en \u00fanica, diferente a todas las dem\u00e1s. Son vol\u00famenes que parecen estar vivos, en constante evoluci\u00f3n y movimiento, tanto por su forma como por los pliegues por los que la luz se extiende. Se trata de una de las colecciones m\u00e1s amplias de la marca, incluyendo colgantes, l\u00e1mparas de mesa, apliques y composiciones en cascada  |  \u00b7 colecci\u00f3n nevo  \u00b7 L\u00e1mparas colgantes<\/span>\n\n\t\t\n<\/div>\n\n\n    <\/div>\n<\/article>\n<article class=\"mix portfolio_category_88 portfolio_category_25\">\n    <div class='image_holder overlapping_title_hover'>\n        \n<span class='image'><img loading=\"lazy\" decoding=\"async\" width=\"548\" height=\"498\" src=\"https:\/\/www.a-emotionallight.com\/wp-content\/uploads\/2016\/03\/NE04-6_THUMB.gif\" class=\"attachment-portfolio-default size-portfolio-default wp-post-image\" alt=\"\" \/><\/span>\n                    <a class='portfolio_link_class' href='https:\/\/www.a-emotionallight.com\/es\/portfolio_page\/nevo-compo-mediano\/' target='_self'><\/a>\n\t\t\n        <div class=\"text_holder\">\n\t<h4 class=\"portfolio_title\" > Nevo Compo Mediano<\/h4><span class=\"excerpt search_hidden\">\n\t\u00b7 \t\t\tRef. NE04-6  | Una colecci\u00f3n que refleja la extrema maleabilidad del malla de acero inoxidable pintada mejor que ninguna. Las irrepetibles formas org\u00e1nicas de la Nevo, con sus curvas moldeadas a mano, convierten a cada una de las l\u00e1mparas en \u00fanica, diferente a todas las dem\u00e1s. Son vol\u00famenes que parecen estar vivos, en constante evoluci\u00f3n y movimiento, tanto por su forma como por los pliegues por los que la luz se extiende. Se trata de una de las colecciones m\u00e1s amplias de la marca, incluyendo colgantes, l\u00e1mparas de mesa, apliques y composiciones en cascada  |  \u00b7 colecci\u00f3n nevo  \u00b7 L\u00e1mparas colgantes<\/span>\n\n\t\t\n<\/div>\n\n\n    <\/div>\n<\/article>\n<article class=\"mix portfolio_category_88 portfolio_category_25\">\n    <div class='image_holder overlapping_title_hover'>\n        \n<span class='image'><img loading=\"lazy\" decoding=\"async\" width=\"548\" height=\"498\" src=\"https:\/\/www.a-emotionallight.com\/wp-content\/uploads\/2016\/03\/NE04G_thumb.jpg\" class=\"attachment-portfolio-default size-portfolio-default wp-post-image\" alt=\"\" \/><\/span>\n                    <a class='portfolio_link_class' href='https:\/\/www.a-emotionallight.com\/es\/portfolio_page\/nevo-grande\/' target='_self'><\/a>\n\t\t\n        <div class=\"text_holder\">\n\t<h4 class=\"portfolio_title\" > Nevo Grande<\/h4><span class=\"excerpt search_hidden\">\n\t\u00b7 \t\t\tRef. NE04G  | Una colecci\u00f3n que refleja la extrema maleabilidad del malla de acero inoxidable pintada mejor que ninguna. Las irrepetibles formas org\u00e1nicas de la Nevo, con sus curvas moldeadas a mano, convierten a cada una de las l\u00e1mparas en \u00fanica, diferente a todas las dem\u00e1s. Son vol\u00famenes que parecen estar vivos, en constante evoluci\u00f3n y movimiento, tanto por su forma como por los pliegues por los que la luz se extiende. Se trata de una de las colecciones m\u00e1s amplias de la marca, incluyendo colgantes, l\u00e1mparas de mesa, apliques y composiciones en cascada  |  \u00b7 colecci\u00f3n nevo  \u00b7 L\u00e1mparas colgantes<\/span>\n\n\t\t\n<\/div>\n\n\n    <\/div>\n<\/article>\n<article class=\"mix portfolio_category_35 portfolio_category_88 portfolio_category_32\">\n    <div class='image_holder overlapping_title_hover'>\n        \n<span class='image'><img loading=\"lazy\" decoding=\"async\" width=\"548\" height=\"498\" src=\"https:\/\/www.a-emotionallight.com\/wp-content\/uploads\/2016\/03\/NE06_thumb.jpg\" class=\"attachment-portfolio-default size-portfolio-default wp-post-image\" alt=\"\" \/><\/span>\n                    <a class='portfolio_link_class' href='https:\/\/www.a-emotionallight.com\/es\/portfolio_page\/nevo-mediana-aplique\/' target='_self'><\/a>\n\t\t\n        <div class=\"text_holder\">\n\t<h4 class=\"portfolio_title\" > Nevo mediana<\/h4><span class=\"excerpt search_hidden\">\n\t\u00b7 \t\t\tRef. NE06  \u00b7 Ref. NE06-LD (LED)  | Una colecci\u00f3n que refleja la extrema maleabilidad del malla de acero inoxidable pintada mejor que ninguna. Las irrepetibles formas org\u00e1nicas de la Nevo, con sus curvas moldeadas a mano, convierten a cada una de las l\u00e1mparas en \u00fanica, diferente a todas las dem\u00e1s. Son vol\u00famenes que parecen estar vivos, en constante evoluci\u00f3n y movimiento, tanto por su forma como por los pliegues por los que la luz se extiende. Se trata de una de las colecciones m\u00e1s amplias de la marca, incluyendo colgantes, l\u00e1mparas de mesa, apliques y composiciones en cascada  |  \u00b7 Apliques  \u00b7 colecci\u00f3n nevo  \u00b7 LED<\/span>\n\n\t\t\n<\/div>\n\n\n    <\/div>\n<\/article>\n<article class=\"mix portfolio_category_88 portfolio_category_25\">\n    <div class='image_holder overlapping_title_hover'>\n        \n<span class='image'><img loading=\"lazy\" decoding=\"async\" width=\"548\" height=\"498\" src=\"https:\/\/www.a-emotionallight.com\/wp-content\/uploads\/2016\/03\/NE04_thumb.jpg\" class=\"attachment-portfolio-default size-portfolio-default wp-post-image\" alt=\"\" \/><\/span>\n                    <a class='portfolio_link_class' href='https:\/\/www.a-emotionallight.com\/es\/portfolio_page\/nevo-mediana-colgante\/' target='_self'><\/a>\n\t\t\n        <div class=\"text_holder\">\n\t<h4 class=\"portfolio_title\" > Nevo Mediana<\/h4><span class=\"excerpt search_hidden\">\n\t\u00b7 \t\t\tRef. NE04  | Una colecci\u00f3n que refleja la extrema maleabilidad del malla de acero inoxidable pintada mejor que ninguna. Las irrepetibles formas org\u00e1nicas de la Nevo, con sus curvas moldeadas a mano, convierten a cada una de las l\u00e1mparas en \u00fanica, diferente a todas las dem\u00e1s. Son vol\u00famenes que parecen estar vivos, en constante evoluci\u00f3n y movimiento, tanto por su forma como por los pliegues por los que la luz se extiende. Se trata de una de las colecciones m\u00e1s amplias de la marca, incluyendo colgantes, l\u00e1mparas de mesa, apliques y composiciones en cascada  |  \u00b7 colecci\u00f3n nevo  \u00b7 L\u00e1mparas colgantes<\/span>\n\n\t\t\n<\/div>\n\n\n    <\/div>\n<\/article>\n<article class=\"mix portfolio_category_88 portfolio_category_26\">\n    <div class='image_holder overlapping_title_hover'>\n        \n<span class='image'><img loading=\"lazy\" decoding=\"async\" width=\"548\" height=\"498\" src=\"https:\/\/www.a-emotionallight.com\/wp-content\/uploads\/2016\/03\/NE02_01_thumb.gif\" class=\"attachment-portfolio-default size-portfolio-default wp-post-image\" alt=\"\" \/><\/span>\n                    <a class='portfolio_link_class' href='https:\/\/www.a-emotionallight.com\/es\/portfolio_page\/nevo-mediana\/' target='_self'><\/a>\n\t\t\n        <div class=\"text_holder\">\n\t<h4 class=\"portfolio_title\" > Nevo Mediana<\/h4><span class=\"excerpt search_hidden\">\n\t\u00b7 \t\t\tRef. NE02  | Una colecci\u00f3n que refleja la extrema maleabilidad del malla de acero inoxidable pintada mejor que ninguna. Las irrepetibles formas org\u00e1nicas de la Nevo, con sus curvas moldeadas a mano, convierten a cada una de las l\u00e1mparas en \u00fanica, diferente a todas las dem\u00e1s. Son vol\u00famenes que parecen estar vivos, en constante evoluci\u00f3n y movimiento, tanto por su forma como por los pliegues por los que la luz se extiende. Se trata de una de las colecciones m\u00e1s amplias de la marca, incluyendo colgantes, l\u00e1mparas de mesa, apliques y composiciones en cascada  |  \u00b7 colecci\u00f3n nevo  \u00b7 L\u00e1mparas de mesa<\/span>\n\n\t\t\n<\/div>\n\n\n    <\/div>\n<\/article>\n<article class=\"mix portfolio_category_35 portfolio_category_88 portfolio_category_32\">\n    <div class='image_holder overlapping_title_hover'>\n        \n<span class='image'><img loading=\"lazy\" decoding=\"async\" width=\"548\" height=\"498\" src=\"https:\/\/www.a-emotionallight.com\/wp-content\/uploads\/2016\/03\/NE06P_thumb-2.jpg\" class=\"attachment-portfolio-default size-portfolio-default wp-post-image\" alt=\"\" \/><\/span>\n                    <a class='portfolio_link_class' href='https:\/\/www.a-emotionallight.com\/es\/portfolio_page\/nevo-pequena-aplique\/' target='_self'><\/a>\n\t\t\n        <div class=\"text_holder\">\n\t<h4 class=\"portfolio_title\" > Nevo Peque\u00f1a<\/h4><span class=\"excerpt search_hidden\">\n\t\u00b7 \t\t\tRef. NE06P  \u00b7 Ref. NE06P-LD (LED)  | Una colecci\u00f3n que refleja la extrema maleabilidad del malla de acero inoxidable pintada mejor que ninguna. Las irrepetibles formas org\u00e1nicas de la Nevo, con sus curvas moldeadas a mano, convierten a cada una de las l\u00e1mparas en \u00fanica, diferente a todas las dem\u00e1s. Son vol\u00famenes que parecen estar vivos, en constante evoluci\u00f3n y movimiento, tanto por su forma como por los pliegues por los que la luz se extiende. Se trata de una de las colecciones m\u00e1s amplias de la marca, incluyendo colgantes, l\u00e1mparas de mesa, apliques y composiciones en cascada  |  \u00b7 Apliques  \u00b7 colecci\u00f3n nevo  \u00b7 LED<\/span>\n\n\t\t\n<\/div>\n\n\n    <\/div>\n<\/article>\n<article class=\"mix portfolio_category_88 portfolio_category_25 portfolio_category_32\">\n    <div class='image_holder overlapping_title_hover'>\n        \n<span class='image'><img loading=\"lazy\" decoding=\"async\" width=\"548\" height=\"498\" src=\"https:\/\/www.a-emotionallight.com\/wp-content\/uploads\/2016\/03\/NE04-1_thumb.jpg\" class=\"attachment-portfolio-default size-portfolio-default wp-post-image\" alt=\"\" \/><\/span>\n                    <a class='portfolio_link_class' href='https:\/\/www.a-emotionallight.com\/es\/portfolio_page\/nevo-pequena-colgante\/' target='_self'><\/a>\n\t\t\n        <div class=\"text_holder\">\n\t<h4 class=\"portfolio_title\" > Nevo peque\u00f1a<\/h4><span class=\"excerpt search_hidden\">\n\t\u00b7 \t\t\tRef. NE04-1  \u00b7 Ref. NE04-1-LD (LED)  | Una colecci\u00f3n que refleja la extrema maleabilidad del malla de acero inoxidable pintada mejor que ninguna. Las irrepetibles formas org\u00e1nicas de la Nevo, con sus curvas moldeadas a mano, convierten a cada una de las l\u00e1mparas en \u00fanica, diferente a todas las dem\u00e1s. Son vol\u00famenes que parecen estar vivos, en constante evoluci\u00f3n y movimiento, tanto por su forma como por los pliegues por los que la luz se extiende. Se trata de una de las colecciones m\u00e1s amplias de la marca, incluyendo colgantes, l\u00e1mparas de mesa, apliques y composiciones en cascada  |  \u00b7 colecci\u00f3n nevo  \u00b7 L\u00e1mparas colgantes  \u00b7 LED<\/span>\n\n\t\t\n<\/div>\n\n\n    <\/div>\n<\/article>\n<article class=\"mix portfolio_category_88 portfolio_category_26\">\n    <div class='image_holder overlapping_title_hover'>\n        \n<span class='image'><img loading=\"lazy\" decoding=\"async\" width=\"548\" height=\"498\" src=\"https:\/\/www.a-emotionallight.com\/wp-content\/uploads\/2016\/03\/NE01_thumb.jpg\" class=\"attachment-portfolio-default size-portfolio-default wp-post-image\" alt=\"\" \/><\/span>\n                    <a class='portfolio_link_class' href='https:\/\/www.a-emotionallight.com\/es\/portfolio_page\/nevo-pequena\/' target='_self'><\/a>\n\t\t\n        <div class=\"text_holder\">\n\t<h4 class=\"portfolio_title\" > Nevo peque\u00f1a<\/h4><span class=\"excerpt search_hidden\">\n\t\u00b7 \t\t\tRef. NE01  | Una colecci\u00f3n que refleja la extrema maleabilidad del malla de acero inoxidable pintada mejor que ninguna. Las irrepetibles formas org\u00e1nicas de la Nevo, con sus curvas moldeadas a mano, convierten a cada una de las l\u00e1mparas en \u00fanica, diferente a todas las dem\u00e1s. Son vol\u00famenes que parecen estar vivos, en constante evoluci\u00f3n y movimiento, tanto por su forma como por los pliegues por los que la luz se extiende. Se trata de una de las colecciones m\u00e1s amplias de la marca, incluyendo colgantes, l\u00e1mparas de mesa, apliques y composiciones en cascada  |  \u00b7 colecci\u00f3n nevo  \u00b7 L\u00e1mparas de mesa<\/span>\n\n\t\t\n<\/div>\n\n\n    <\/div>\n<\/article>\n\t\t\t\t<div class='filler'><\/div>\n\t\t\t\t\t\t\t<div class='filler'><\/div>\n\t\t\t\t\t\t\t<div class='filler'><\/div>\n\t\t\t<\/div>\n    <\/div>\n[\/vc_column][\/vc_row]<\/p>\n<\/section>","protected":false},"excerpt":{"rendered":"<p>[vc_row row_type=\u00bbrow\u00bb use_row_as_full_screen_section=\u00bbno\u00bb type=\u00bbfull_width\u00bb text_align=\u00bbleft\u00bb background_animation=\u00bbnone\u00bb css_animation=\u00bb\u00bb][vc_column el_class=\u00bbgeogrotesque_title background_dark\u00bb][vc_column_text el_class=\u00bbtitle_collection\u00bb] COLECCI\u00d3N NEVO [\/vc_column_text][\/vc_column][\/vc_row][vc_row row_type=\u00bbrow\u00bb use_row_as_full_screen_section=\u00bbno\u00bb type=\u00bbfull_width\u00bb text_align=\u00bbleft\u00bb background_animation=\u00bbnone\u00bb css_animation=\u00bb\u00bb][vc_column][vc_column_text css=\u00bb.vc_custom_1624368502125{padding-top: 40px !important;padding-bottom: 40px !important;padding-left: 40px !important;}\u00bb] \u2190 TODAS LAS L\u00c1MPARAS [\/vc_column_text][\/vc_column][\/vc_row][vc_row row_type=\u00bbrow\u00bb use_row_as_full_screen_section=\u00bbno\u00bb type=\u00bbfull_width\u00bb text_align=\u00bbleft\u00bb background_animation=\u00bbnone\u00bb css_animation=\u00bb\u00bb][vc_column][\/vc_column][\/vc_row]<\/p>\n","protected":false},"author":1,"featured_media":0,"parent":0,"menu_order":0,"comment_status":"closed","ping_status":"closed","template":"full_width.php","meta":{"inline_featured_image":false,"footnotes":""},"aioseo_notices":[],"_links":{"self":[{"href":"https:\/\/www.a-emotionallight.com\/es\/wp-json\/wp\/v2\/pages\/34918"}],"collection":[{"href":"https:\/\/www.a-emotionallight.com\/es\/wp-json\/wp\/v2\/pages"}],"about":[{"href":"https:\/\/www.a-emotionallight.com\/es\/wp-json\/wp\/v2\/types\/page"}],"author":[{"embeddable":true,"href":"https:\/\/www.a-emotionallight.com\/es\/wp-json\/wp\/v2\/users\/1"}],"replies":[{"embeddable":true,"href":"https:\/\/www.a-emotionallight.com\/es\/wp-json\/wp\/v2\/comments?post=34918"}],"version-history":[{"count":6,"href":"https:\/\/www.a-emotionallight.com\/es\/wp-json\/wp\/v2\/pages\/34918\/revisions"}],"predecessor-version":[{"id":47628,"href":"https:\/\/www.a-emotionallight.com\/es\/wp-json\/wp\/v2\/pages\/34918\/revisions\/47628"}],"wp:attachment":[{"href":"https:\/\/www.a-emotionallight.com\/es\/wp-json\/wp\/v2\/media?parent=34918"}],"curies":[{"name":"wp","href":"https:\/\/api.w.org\/{rel}","templated":true}]}}