{"id":34968,"date":"2018-11-13T10:30:55","date_gmt":"2018-11-13T10:30:55","guid":{"rendered":"https:\/\/www.a-emotionallight.com\/tati-collection\/"},"modified":"2022-12-31T15:56:19","modified_gmt":"2022-12-31T15:56:19","slug":"coleccion-tati","status":"publish","type":"page","link":"https:\/\/www.a-emotionallight.com\/es\/coleccion-tati\/","title":{"rendered":"colecci\u00f3n tati"},"content":{"rendered":"<section class=\"wpb-content-wrapper\"><p>[vc_row row_type=\u00bbrow\u00bb use_row_as_full_screen_section=\u00bbno\u00bb type=\u00bbfull_width\u00bb text_align=\u00bbleft\u00bb background_animation=\u00bbnone\u00bb css_animation=\u00bb\u00bb][vc_column el_class=\u00bbgeogrotesque_title background_dark\u00bb][vc_column_text el_class=\u00bbtitle_collection\u00bb]<\/p>\n<h2 style=\"text-align: center; padding-bottom: 0px;\">COLECCI\u00d3N TATI<\/h2>\n<p>[\/vc_column_text][\/vc_column][\/vc_row][vc_row row_type=\u00bbrow\u00bb use_row_as_full_screen_section=\u00bbno\u00bb type=\u00bbfull_width\u00bb text_align=\u00bbleft\u00bb background_animation=\u00bbnone\u00bb css_animation=\u00bb\u00bb][vc_column][vc_column_text css=\u00bb.vc_custom_1624429311410{padding-top: 40px !important;padding-bottom: 40px !important;padding-left: 40px !important;}\u00bb]<\/p>\n<h2 class=\"button_back_all_lamps\" style=\"text-align: left; text-decoration: none;\"><a href=\"https:\/\/www.a-emotionallight.com\/es\/lamparas\/\">\u2190 TODAS LAS L\u00c1MPARAS<\/a><\/h2>\n<p>[\/vc_column_text][\/vc_column][\/vc_row][vc_row row_type=\u00bbrow\u00bb use_row_as_full_screen_section=\u00bbno\u00bb type=\u00bbfull_width\u00bb text_align=\u00bbleft\u00bb background_animation=\u00bbnone\u00bb css_animation=\u00bb\u00bb][vc_column]<div class='projects_holder_outer v3 portfolio_with_space portfolio_with_hover_text  qode-filter-position-top'>\n\n<div class='projects_holder clearfix v3 hover_text portfolio_default_image '>\n\n<article class=\"mix portfolio_category_92 portfolio_category_26\">\n    <div class='image_holder overlapping_title_hover'>\n        \n<span class='image'><img loading=\"lazy\" decoding=\"async\" width=\"548\" height=\"498\" src=\"https:\/\/www.a-emotionallight.com\/wp-content\/uploads\/2016\/03\/TA02_thumb.gif\" class=\"attachment-portfolio-default size-portfolio-default wp-post-image\" alt=\"\" \/><\/span>\n                    <a class='portfolio_link_class' href='https:\/\/www.a-emotionallight.com\/es\/portfolio_page\/tati\/' target='_self'><\/a>\n\t\t\n        <div class=\"text_holder\">\n\t<h4 class=\"portfolio_title\" > Tati<\/h4><span class=\"excerpt search_hidden\">\n\t\u00b7 \t\t\tRef. TA02  | La textura es la cualidad central de esta colecci\u00f3n de inspiraci\u00f3n org\u00e1nica realizada en malla de acero inoxidable pintada. Peque\u00f1os c\u00edrculos que se repiten formando un irregular caparaz\u00f3n de forma redondeada, por el que se filtra la luz generando hermosos matices. Un micropaisaje de montes y valles, luces y sombras, que resulta armonioso en cualquiera de sus modelos, desde las colgantes hasta los apliques  |  \u00b7 colecci\u00f3n tati  \u00b7 L\u00e1mparas de mesa<\/span>\n\n\t\t\n<\/div>\n\n\n    <\/div>\n<\/article>\n<article class=\"mix portfolio_category_92 portfolio_category_25\">\n    <div class='image_holder overlapping_title_hover'>\n        \n<span class='image'><img loading=\"lazy\" decoding=\"async\" width=\"548\" height=\"498\" src=\"https:\/\/www.a-emotionallight.com\/wp-content\/uploads\/2016\/03\/TA-COMPOLARGE_THUMB.gif\" class=\"attachment-portfolio-default size-portfolio-default wp-post-image\" alt=\"\" \/><\/span>\n                    <a class='portfolio_link_class' href='https:\/\/www.a-emotionallight.com\/es\/portfolio_page\/tati-compo-grande\/' target='_self'><\/a>\n\t\t\n        <div class=\"text_holder\">\n\t<h4 class=\"portfolio_title\" > Tati Compo Grande<\/h4><span class=\"excerpt search_hidden\">\n\t\u00b7 \t\t\tRef. TA04-10  | La textura es la cualidad central de esta colecci\u00f3n de inspiraci\u00f3n org\u00e1nica realizada en malla de acero inoxidable pintada. Peque\u00f1os c\u00edrculos que se repiten formando un irregular caparaz\u00f3n de forma redondeada, por el que se filtra la luz generando hermosos matices. Un micropaisaje de montes y valles, luces y sombras, que resulta armonioso en cualquiera de sus modelos, desde las colgantes hasta los apliques  |  \u00b7 colecci\u00f3n tati  \u00b7 L\u00e1mparas colgantes<\/span>\n\n\t\t\n<\/div>\n\n\n    <\/div>\n<\/article>\n<article class=\"mix portfolio_category_92 portfolio_category_25\">\n    <div class='image_holder overlapping_title_hover'>\n        \n<span class='image'><img loading=\"lazy\" decoding=\"async\" width=\"548\" height=\"498\" src=\"https:\/\/www.a-emotionallight.com\/wp-content\/uploads\/2016\/03\/TA_COMPOMED_THUMB.gif\" class=\"attachment-portfolio-default size-portfolio-default wp-post-image\" alt=\"\" \/><\/span>\n                    <a class='portfolio_link_class' href='https:\/\/www.a-emotionallight.com\/es\/portfolio_page\/tati-compo-mediana\/' target='_self'><\/a>\n\t\t\n        <div class=\"text_holder\">\n\t<h4 class=\"portfolio_title\" > Tati Compo Mediana<\/h4><span class=\"excerpt search_hidden\">\n\t\u00b7 \t\t\tRef. TA04-5  | La textura es la cualidad central de esta colecci\u00f3n de inspiraci\u00f3n org\u00e1nica realizada en malla de acero inoxidable pintada. Peque\u00f1os c\u00edrculos que se repiten formando un irregular caparaz\u00f3n de forma redondeada, por el que se filtra la luz generando hermosos matices. Un micropaisaje de montes y valles, luces y sombras, que resulta armonioso en cualquiera de sus modelos, desde las colgantes hasta los apliques  |  \u00b7 colecci\u00f3n tati  \u00b7 L\u00e1mparas colgantes<\/span>\n\n\t\t\n<\/div>\n\n\n    <\/div>\n<\/article>\n<article class=\"mix portfolio_category_92 portfolio_category_25\">\n    <div class='image_holder overlapping_title_hover'>\n        \n<span class='image'><img loading=\"lazy\" decoding=\"async\" width=\"548\" height=\"498\" src=\"https:\/\/www.a-emotionallight.com\/wp-content\/uploads\/2016\/03\/TA-COMPOSMALL_THUMB.gif\" class=\"attachment-portfolio-default size-portfolio-default wp-post-image\" alt=\"\" \/><\/span>\n                    <a class='portfolio_link_class' href='https:\/\/www.a-emotionallight.com\/es\/portfolio_page\/tati-compo-pequena\/' target='_self'><\/a>\n\t\t\n        <div class=\"text_holder\">\n\t<h4 class=\"portfolio_title\" > Tati Compo Peque\u00f1a<\/h4><span class=\"excerpt search_hidden\">\n\t\u00b7 \t\t\tRef. TA04-3  | La textura es la cualidad central de esta colecci\u00f3n de inspiraci\u00f3n org\u00e1nica realizada en malla de acero inoxidable pintada. Peque\u00f1os c\u00edrculos que se repiten formando un irregular caparaz\u00f3n de forma redondeada, por el que se filtra la luz generando hermosos matices. Un micropaisaje de montes y valles, luces y sombras, que resulta armonioso en cualquiera de sus modelos, desde las colgantes hasta los apliques  |  \u00b7 colecci\u00f3n tati  \u00b7 L\u00e1mparas colgantes<\/span>\n\n\t\t\n<\/div>\n\n\n    <\/div>\n<\/article>\n<article class=\"mix portfolio_category_92 portfolio_category_25\">\n    <div class='image_holder overlapping_title_hover'>\n        \n<span class='image'><img loading=\"lazy\" decoding=\"async\" width=\"548\" height=\"498\" src=\"https:\/\/www.a-emotionallight.com\/wp-content\/uploads\/2016\/03\/TA04G_thumb.gif\" class=\"attachment-portfolio-default size-portfolio-default wp-post-image\" alt=\"\" \/><\/span>\n                    <a class='portfolio_link_class' href='https:\/\/www.a-emotionallight.com\/es\/portfolio_page\/tati-grande-ta04g\/' target='_self'><\/a>\n\t\t\n        <div class=\"text_holder\">\n\t<h4 class=\"portfolio_title\" > Tati Grande<\/h4><span class=\"excerpt search_hidden\">\n\t\u00b7 \t\t\tRef.\u00a0TA04G  | La textura es la cualidad central de esta colecci\u00f3n de inspiraci\u00f3n org\u00e1nica realizada en malla de acero inoxidable pintada. Peque\u00f1os c\u00edrculos que se repiten formando un irregular caparaz\u00f3n de forma redondeada, por el que se filtra la luz generando hermosos matices. Un micropaisaje de montes y valles, luces y sombras, que resulta armonioso en cualquiera de sus modelos, desde las colgantes hasta los apliques  |  \u00b7 colecci\u00f3n tati  \u00b7 L\u00e1mparas colgantes<\/span>\n\n\t\t\n<\/div>\n\n\n    <\/div>\n<\/article>\n<article class=\"mix portfolio_category_35 portfolio_category_92 portfolio_category_32\">\n    <div class='image_holder overlapping_title_hover'>\n        \n<span class='image'><img loading=\"lazy\" decoding=\"async\" width=\"548\" height=\"498\" src=\"https:\/\/www.a-emotionallight.com\/wp-content\/uploads\/2016\/03\/TA06G_B_thumb.gif\" class=\"attachment-portfolio-default size-portfolio-default wp-post-image\" alt=\"\" \/><\/span>\n                    <a class='portfolio_link_class' href='https:\/\/www.a-emotionallight.com\/es\/portfolio_page\/tati-grande-ta06g\/' target='_self'><\/a>\n\t\t\n        <div class=\"text_holder\">\n\t<h4 class=\"portfolio_title\" > Tati Grande<\/h4><span class=\"excerpt search_hidden\">\n\t\u00b7 \t\t\tRef. TA06G  \u00b7 Ref. TA06G-LD (LED)  | La textura es la cualidad central de esta colecci\u00f3n de inspiraci\u00f3n org\u00e1nica realizada en malla de acero inoxidable pintada. Peque\u00f1os c\u00edrculos que se repiten formando un irregular caparaz\u00f3n de forma redondeada, por el que se filtra la luz generando hermosos matices. Un micropaisaje de montes y valles, luces y sombras, que resulta armonioso en cualquiera de sus modelos, desde las colgantes hasta los apliques  |  \u00b7 Apliques  \u00b7 colecci\u00f3n tati  \u00b7 LED<\/span>\n\n\t\t\n<\/div>\n\n\n    <\/div>\n<\/article>\n<article class=\"mix portfolio_category_92 portfolio_category_25\">\n    <div class='image_holder overlapping_title_hover'>\n        \n<span class='image'><img loading=\"lazy\" decoding=\"async\" width=\"548\" height=\"498\" src=\"https:\/\/www.a-emotionallight.com\/wp-content\/uploads\/2016\/03\/TA04_thumb.jpg\" class=\"attachment-portfolio-default size-portfolio-default wp-post-image\" alt=\"\" \/><\/span>\n                    <a class='portfolio_link_class' href='https:\/\/www.a-emotionallight.com\/es\/portfolio_page\/tati-mediana-ta04\/' target='_self'><\/a>\n\t\t\n        <div class=\"text_holder\">\n\t<h4 class=\"portfolio_title\" > Tati Mediana<\/h4><span class=\"excerpt search_hidden\">\n\t\u00b7 \t\t\tRef. TA04  | La textura es la cualidad central de esta colecci\u00f3n de inspiraci\u00f3n org\u00e1nica realizada en malla de acero inoxidable pintada. Peque\u00f1os c\u00edrculos que se repiten formando un irregular caparaz\u00f3n de forma redondeada, por el que se filtra la luz generando hermosos matices. Un micropaisaje de montes y valles, luces y sombras, que resulta armonioso en cualquiera de sus modelos, desde las colgantes hasta los apliques  |  \u00b7 colecci\u00f3n tati  \u00b7 L\u00e1mparas colgantes<\/span>\n\n\t\t\n<\/div>\n\n\n    <\/div>\n<\/article>\n<article class=\"mix portfolio_category_35 portfolio_category_92 portfolio_category_32\">\n    <div class='image_holder overlapping_title_hover'>\n        \n<span class='image'><img loading=\"lazy\" decoding=\"async\" width=\"548\" height=\"498\" src=\"https:\/\/www.a-emotionallight.com\/wp-content\/uploads\/2016\/03\/TA06P_B_prod_high_thumb.gif\" class=\"attachment-portfolio-default size-portfolio-default wp-post-image\" alt=\"\" \/><\/span>\n                    <a class='portfolio_link_class' href='https:\/\/www.a-emotionallight.com\/es\/portfolio_page\/tati-mediana-ta06p\/' target='_self'><\/a>\n\t\t\n        <div class=\"text_holder\">\n\t<h4 class=\"portfolio_title\" > Tati Mediana<\/h4><span class=\"excerpt search_hidden\">\n\t\u00b7 \t\t\tRef. TA06P  \u00b7 Ref. TA06P-LD (LED)  | La textura es la cualidad central de esta colecci\u00f3n de inspiraci\u00f3n org\u00e1nica realizada en malla de acero inoxidable pintada. Peque\u00f1os c\u00edrculos que se repiten formando un irregular caparaz\u00f3n de forma redondeada, por el que se filtra la luz generando hermosos matices. Un micropaisaje de montes y valles, luces y sombras, que resulta armonioso en cualquiera de sus modelos, desde las colgantes hasta los apliques  |  \u00b7 Apliques  \u00b7 colecci\u00f3n tati  \u00b7 LED<\/span>\n\n\t\t\n<\/div>\n\n\n    <\/div>\n<\/article>\n<article class=\"mix portfolio_category_92 portfolio_category_25 portfolio_category_32\">\n    <div class='image_holder overlapping_title_hover'>\n        \n<span class='image'><img loading=\"lazy\" decoding=\"async\" width=\"548\" height=\"498\" src=\"https:\/\/www.a-emotionallight.com\/wp-content\/uploads\/2016\/03\/TA04-1_thumb.jpg\" class=\"attachment-portfolio-default size-portfolio-default wp-post-image\" alt=\"\" \/><\/span>\n                    <a class='portfolio_link_class' href='https:\/\/www.a-emotionallight.com\/es\/portfolio_page\/tati-pequena-ta04-1\/' target='_self'><\/a>\n\t\t\n        <div class=\"text_holder\">\n\t<h4 class=\"portfolio_title\" > Tati Peque\u00f1a<\/h4><span class=\"excerpt search_hidden\">\n\t\u00b7 \t\t\tRef. TA04-1  \u00b7 Ref. TA04-1-LD (LED)  | La textura es la cualidad central de esta colecci\u00f3n de inspiraci\u00f3n org\u00e1nica realizada en malla de acero inoxidable pintada. Peque\u00f1os c\u00edrculos que se repiten formando un irregular caparaz\u00f3n de forma redondeada, por el que se filtra la luz generando hermosos matices. Un micropaisaje de montes y valles, luces y sombras, que resulta armonioso en cualquiera de sus modelos, desde las colgantes hasta los apliques  |  \u00b7 colecci\u00f3n tati  \u00b7 L\u00e1mparas colgantes  \u00b7 LED<\/span>\n\n\t\t\n<\/div>\n\n\n    <\/div>\n<\/article>\n<article class=\"mix portfolio_category_35 portfolio_category_92 portfolio_category_32\">\n    <div class='image_holder overlapping_title_hover'>\n        \n<span class='image'><img loading=\"lazy\" decoding=\"async\" width=\"548\" height=\"498\" src=\"https:\/\/www.a-emotionallight.com\/wp-content\/uploads\/2016\/03\/TA06P_B_prod_high_3_web_thumb.gif\" class=\"attachment-portfolio-default size-portfolio-default wp-post-image\" alt=\"\" \/><\/span>\n                    <a class='portfolio_link_class' href='https:\/\/www.a-emotionallight.com\/es\/portfolio_page\/tati-pequena-ta06\/' target='_self'><\/a>\n\t\t\n        <div class=\"text_holder\">\n\t<h4 class=\"portfolio_title\" > Tati Peque\u00f1a<\/h4><span class=\"excerpt search_hidden\">\n\t\u00b7 \t\t\tRef. TA06  \u00b7 Ref. TA06-LD (LED)  | La textura es la cualidad central de esta colecci\u00f3n de inspiraci\u00f3n org\u00e1nica realizada en malla de acero inoxidable pintada. Peque\u00f1os c\u00edrculos que se repiten formando un irregular caparaz\u00f3n de forma redondeada, por el que se filtra la luz generando hermosos matices. Un micropaisaje de montes y valles, luces y sombras, que resulta armonioso en cualquiera de sus modelos, desde las colgantes hasta los apliques  |  \u00b7 Apliques  \u00b7 colecci\u00f3n tati  \u00b7 LED<\/span>\n\n\t\t\n<\/div>\n\n\n    <\/div>\n<\/article>\n\t\t\t\t<div class='filler'><\/div>\n\t\t\t\t\t\t\t<div class='filler'><\/div>\n\t\t\t\t\t\t\t<div class='filler'><\/div>\n\t\t\t<\/div>\n    <\/div>\n[\/vc_column][\/vc_row]<\/p>\n<\/section>","protected":false},"excerpt":{"rendered":"<p>[vc_row row_type=\u00bbrow\u00bb use_row_as_full_screen_section=\u00bbno\u00bb type=\u00bbfull_width\u00bb text_align=\u00bbleft\u00bb background_animation=\u00bbnone\u00bb css_animation=\u00bb\u00bb][vc_column el_class=\u00bbgeogrotesque_title background_dark\u00bb][vc_column_text el_class=\u00bbtitle_collection\u00bb] COLECCI\u00d3N TATI [\/vc_column_text][\/vc_column][\/vc_row][vc_row row_type=\u00bbrow\u00bb use_row_as_full_screen_section=\u00bbno\u00bb type=\u00bbfull_width\u00bb text_align=\u00bbleft\u00bb background_animation=\u00bbnone\u00bb css_animation=\u00bb\u00bb][vc_column][vc_column_text css=\u00bb.vc_custom_1624429311410{padding-top: 40px !important;padding-bottom: 40px !important;padding-left: 40px !important;}\u00bb] \u2190 TODAS LAS L\u00c1MPARAS [\/vc_column_text][\/vc_column][\/vc_row][vc_row row_type=\u00bbrow\u00bb use_row_as_full_screen_section=\u00bbno\u00bb type=\u00bbfull_width\u00bb text_align=\u00bbleft\u00bb background_animation=\u00bbnone\u00bb css_animation=\u00bb\u00bb][vc_column][\/vc_column][\/vc_row]<\/p>\n","protected":false},"author":1,"featured_media":0,"parent":0,"menu_order":0,"comment_status":"closed","ping_status":"closed","template":"full_width.php","meta":{"inline_featured_image":false,"footnotes":""},"aioseo_notices":[],"_links":{"self":[{"href":"https:\/\/www.a-emotionallight.com\/es\/wp-json\/wp\/v2\/pages\/34968"}],"collection":[{"href":"https:\/\/www.a-emotionallight.com\/es\/wp-json\/wp\/v2\/pages"}],"about":[{"href":"https:\/\/www.a-emotionallight.com\/es\/wp-json\/wp\/v2\/types\/page"}],"author":[{"embeddable":true,"href":"https:\/\/www.a-emotionallight.com\/es\/wp-json\/wp\/v2\/users\/1"}],"replies":[{"embeddable":true,"href":"https:\/\/www.a-emotionallight.com\/es\/wp-json\/wp\/v2\/comments?post=34968"}],"version-history":[{"count":6,"href":"https:\/\/www.a-emotionallight.com\/es\/wp-json\/wp\/v2\/pages\/34968\/revisions"}],"predecessor-version":[{"id":47655,"href":"https:\/\/www.a-emotionallight.com\/es\/wp-json\/wp\/v2\/pages\/34968\/revisions\/47655"}],"wp:attachment":[{"href":"https:\/\/www.a-emotionallight.com\/es\/wp-json\/wp\/v2\/media?parent=34968"}],"curies":[{"name":"wp","href":"https:\/\/api.w.org\/{rel}","templated":true}]}}