{"id":34982,"date":"2018-11-13T09:49:38","date_gmt":"2018-11-13T09:49:38","guid":{"rendered":"https:\/\/www.a-emotionallight.com\/tempo-collection\/"},"modified":"2022-12-31T15:56:54","modified_gmt":"2022-12-31T15:56:54","slug":"coleccion-tempo","status":"publish","type":"page","link":"https:\/\/www.a-emotionallight.com\/es\/coleccion-tempo\/","title":{"rendered":"colecci\u00f3n tempo"},"content":{"rendered":"<section class=\"wpb-content-wrapper\"><p>[vc_row row_type=\u00bbrow\u00bb use_row_as_full_screen_section=\u00bbno\u00bb type=\u00bbfull_width\u00bb text_align=\u00bbleft\u00bb background_animation=\u00bbnone\u00bb css_animation=\u00bb\u00bb][vc_column el_class=\u00bbgeogrotesque_title background_dark\u00bb][vc_column_text el_class=\u00bbtitle_collection\u00bb]<\/p>\n<h2 style=\"text-align: center; padding-bottom: 0px;\">COLECCI\u00d3N TEMPO<\/h2>\n<p>[\/vc_column_text][\/vc_column][\/vc_row][vc_row row_type=\u00bbrow\u00bb use_row_as_full_screen_section=\u00bbno\u00bb type=\u00bbfull_width\u00bb text_align=\u00bbleft\u00bb background_animation=\u00bbnone\u00bb css_animation=\u00bb\u00bb][vc_column][vc_column_text css=\u00bb.vc_custom_1624429359469{padding-top: 40px !important;padding-bottom: 40px !important;padding-left: 40px !important;}\u00bb]<\/p>\n<h2 class=\"button_back_all_lamps\" style=\"text-align: left; text-decoration: none;\"><a href=\"https:\/\/www.a-emotionallight.com\/es\/lamparas\/\">\u2190 TODAS LAS L\u00c1MPARAS<\/a><\/h2>\n<p>[\/vc_column_text][\/vc_column][\/vc_row][vc_row row_type=\u00bbrow\u00bb use_row_as_full_screen_section=\u00bbno\u00bb type=\u00bbfull_width\u00bb text_align=\u00bbleft\u00bb background_animation=\u00bbnone\u00bb css_animation=\u00bb\u00bb][vc_column]<div class='projects_holder_outer v3 portfolio_with_space portfolio_with_hover_text  qode-filter-position-top'>\n\n<div class='projects_holder clearfix v3 hover_text portfolio_default_image '>\n\n<article class=\"mix portfolio_category_93 portfolio_category_25 portfolio_category_32\">\n    <div class='image_holder overlapping_title_hover'>\n        \n<span class='image'><img loading=\"lazy\" decoding=\"async\" width=\"548\" height=\"498\" src=\"https:\/\/www.a-emotionallight.com\/wp-content\/uploads\/2016\/03\/TEAN04_thumb.jpg\" class=\"attachment-portfolio-default size-portfolio-default wp-post-image\" alt=\"\" \/><\/span>\n                    <a class='portfolio_link_class' href='https:\/\/www.a-emotionallight.com\/es\/portfolio_page\/tempo-andante\/' target='_self'><\/a>\n\t\t\n        <div class=\"text_holder\">\n\t<h4 class=\"portfolio_title\" > Tempo Andante<\/h4><span class=\"excerpt search_hidden\">\n\t\u00b7 \t\t\tRef. TEAN04  \u00b7 Ref. TEAN04-LD (LED)  | Tempo es una colecci\u00f3n de l\u00e1mparas colgantes realizadas en malla de acero inoxidable pintada. La malla, trabajada en finos pliegues, da forma a dos capas que se superponen creando dos modelos de luminarias llenas de dinamismo. Dos formas vivas que irradian luz por sus poros con delicadeza. Andante y Vivace, dos formas que parten de una. La representaci\u00f3n de dos instantes generados por un mismo movimiento con diferente tempo  |  \u00b7 colecci\u00f3n tempo  \u00b7 L\u00e1mparas colgantes  \u00b7 LED<\/span>\n\n\t\t\n<\/div>\n\n\n    <\/div>\n<\/article>\n<article class=\"mix portfolio_category_93 portfolio_category_25 portfolio_category_32\">\n    <div class='image_holder overlapping_title_hover'>\n        \n<span class='image'><img loading=\"lazy\" decoding=\"async\" width=\"548\" height=\"498\" src=\"https:\/\/www.a-emotionallight.com\/wp-content\/uploads\/2016\/03\/TEVI04_thumb.jpg\" class=\"attachment-portfolio-default size-portfolio-default wp-post-image\" alt=\"\" \/><\/span>\n                    <a class='portfolio_link_class' href='https:\/\/www.a-emotionallight.com\/es\/portfolio_page\/tempo-vivace\/' target='_self'><\/a>\n\t\t\n        <div class=\"text_holder\">\n\t<h4 class=\"portfolio_title\" > Tempo Vivace<\/h4><span class=\"excerpt search_hidden\">\n\t\u00b7 \t\t\tRef. TEVI04  \u00b7 Ref. TEVI04-LD (LED)  | Tempo es una colecci\u00f3n de l\u00e1mparas colgantes realizadas en malla de acero inoxidable pintada. La malla, trabajada en finos pliegues, da forma a dos capas que se superponen creando dos modelos de luminarias llenas de dinamismo. Dos formas vivas que irradian luz por sus poros con delicadeza. Andante y Vivace, dos formas que parten de una. La representaci\u00f3n de dos instantes generados por un mismo movimiento con diferente tempo  |  \u00b7 colecci\u00f3n tempo  \u00b7 L\u00e1mparas colgantes  \u00b7 LED<\/span>\n\n\t\t\n<\/div>\n\n\n    <\/div>\n<\/article>\n<article class=\"mix portfolio_category_93 portfolio_category_25 portfolio_category_32 portfolio_category_27\">\n    <div class='image_holder overlapping_title_hover'>\n        \n<span class='image'><img loading=\"lazy\" decoding=\"async\" width=\"550\" height=\"498\" src=\"https:\/\/www.a-emotionallight.com\/wp-content\/uploads\/2024\/05\/2404-19AE-FT-News-24-Tempo-L-LOW-550x498.jpg\" class=\"attachment-portfolio-default size-portfolio-default wp-post-image\" alt=\"\" srcset=\"https:\/\/www.a-emotionallight.com\/wp-content\/uploads\/2024\/05\/2404-19AE-FT-News-24-Tempo-L-LOW-550x498.jpg 550w, https:\/\/www.a-emotionallight.com\/wp-content\/uploads\/2024\/05\/2404-19AE-FT-News-24-Tempo-L-LOW-480x434.jpg 480w, https:\/\/www.a-emotionallight.com\/wp-content\/uploads\/2024\/05\/2404-19AE-FT-News-24-Tempo-L-LOW-125x112.jpg 125w, https:\/\/www.a-emotionallight.com\/wp-content\/uploads\/2024\/05\/2404-19AE-FT-News-24-Tempo-L-LOW-300x273.jpg 300w\" sizes=\"(max-width: 550px) 100vw, 550px\" \/><\/span>\n                    <a class='portfolio_link_class' href='https:\/\/www.a-emotionallight.com\/es\/portfolio_page\/tevi04g\/' target='_self'><\/a>\n\t\t\n        <div class=\"text_holder\">\n\t<h4 class=\"portfolio_title\" > Tempo Vivace Grande<\/h4><span class=\"excerpt search_hidden\">\n\tTempo Vivace es una l\u00e1mpara colgante de la colecci\u00f3n hom\u00f3nima dise\u00f1ada por Arturo \u00c1lvarez. Hecha de malla de acero inoxidable pintada, se moldea a mano en Espa\u00f1a.<\/span>\n\n\t\t\n<\/div>\n\n\n    <\/div>\n<\/article>\n<article class=\"mix portfolio_category_93 portfolio_category_25 portfolio_category_32 portfolio_category_27\">\n    <div class='image_holder overlapping_title_hover'>\n        \n<span class='image'><img loading=\"lazy\" decoding=\"async\" width=\"500\" height=\"498\" src=\"https:\/\/www.a-emotionallight.com\/wp-content\/uploads\/2024\/05\/PORTADAS-PRODUCTO_TEMPO-MINI-500x498.jpg\" class=\"attachment-portfolio-default size-portfolio-default wp-post-image\" alt=\"\" srcset=\"https:\/\/www.a-emotionallight.com\/wp-content\/uploads\/2024\/05\/PORTADAS-PRODUCTO_TEMPO-MINI-500x498.jpg 500w, https:\/\/www.a-emotionallight.com\/wp-content\/uploads\/2024\/05\/PORTADAS-PRODUCTO_TEMPO-MINI-300x300.jpg 300w\" sizes=\"(max-width: 500px) 100vw, 500px\" \/><\/span>\n                    <a class='portfolio_link_class' href='https:\/\/www.a-emotionallight.com\/es\/portfolio_page\/tempo-vivace-mini\/' target='_self'><\/a>\n\t\t\n        <div class=\"text_holder\">\n\t<h4 class=\"portfolio_title\" > Tempo Vivace Mini<\/h4><span class=\"excerpt search_hidden\">\n\tTempo Vivace es una l\u00e1mpara colgante de la colecci\u00f3n hom\u00f3nima dise\u00f1ada por Arturo \u00c1lvarez. Hecha de malla de acero inoxidable pintada, se moldea a mano en Espa\u00f1a. Dos formas vivas que irradian luz por sus poros con delicadeza.<\/span>\n\n\t\t\n<\/div>\n\n\n    <\/div>\n<\/article>\n\t\t\t\t<div class='filler'><\/div>\n\t\t\t\t\t\t\t<div class='filler'><\/div>\n\t\t\t\t\t\t\t<div class='filler'><\/div>\n\t\t\t<\/div>\n    <\/div>\n[\/vc_column][\/vc_row]<\/p>\n<\/section>","protected":false},"excerpt":{"rendered":"<p>[vc_row row_type=\u00bbrow\u00bb use_row_as_full_screen_section=\u00bbno\u00bb type=\u00bbfull_width\u00bb text_align=\u00bbleft\u00bb background_animation=\u00bbnone\u00bb css_animation=\u00bb\u00bb][vc_column el_class=\u00bbgeogrotesque_title background_dark\u00bb][vc_column_text el_class=\u00bbtitle_collection\u00bb] COLECCI\u00d3N TEMPO [\/vc_column_text][\/vc_column][\/vc_row][vc_row row_type=\u00bbrow\u00bb use_row_as_full_screen_section=\u00bbno\u00bb type=\u00bbfull_width\u00bb text_align=\u00bbleft\u00bb background_animation=\u00bbnone\u00bb css_animation=\u00bb\u00bb][vc_column][vc_column_text css=\u00bb.vc_custom_1624429359469{padding-top: 40px !important;padding-bottom: 40px !important;padding-left: 40px !important;}\u00bb] \u2190 TODAS LAS L\u00c1MPARAS [\/vc_column_text][\/vc_column][\/vc_row][vc_row row_type=\u00bbrow\u00bb use_row_as_full_screen_section=\u00bbno\u00bb type=\u00bbfull_width\u00bb text_align=\u00bbleft\u00bb background_animation=\u00bbnone\u00bb css_animation=\u00bb\u00bb][vc_column][\/vc_column][\/vc_row]<\/p>\n","protected":false},"author":1,"featured_media":0,"parent":0,"menu_order":0,"comment_status":"closed","ping_status":"closed","template":"full_width.php","meta":{"inline_featured_image":false,"footnotes":""},"aioseo_notices":[],"_links":{"self":[{"href":"https:\/\/www.a-emotionallight.com\/es\/wp-json\/wp\/v2\/pages\/34982"}],"collection":[{"href":"https:\/\/www.a-emotionallight.com\/es\/wp-json\/wp\/v2\/pages"}],"about":[{"href":"https:\/\/www.a-emotionallight.com\/es\/wp-json\/wp\/v2\/types\/page"}],"author":[{"embeddable":true,"href":"https:\/\/www.a-emotionallight.com\/es\/wp-json\/wp\/v2\/users\/1"}],"replies":[{"embeddable":true,"href":"https:\/\/www.a-emotionallight.com\/es\/wp-json\/wp\/v2\/comments?post=34982"}],"version-history":[{"count":5,"href":"https:\/\/www.a-emotionallight.com\/es\/wp-json\/wp\/v2\/pages\/34982\/revisions"}],"predecessor-version":[{"id":47656,"href":"https:\/\/www.a-emotionallight.com\/es\/wp-json\/wp\/v2\/pages\/34982\/revisions\/47656"}],"wp:attachment":[{"href":"https:\/\/www.a-emotionallight.com\/es\/wp-json\/wp\/v2\/media?parent=34982"}],"curies":[{"name":"wp","href":"https:\/\/api.w.org\/{rel}","templated":true}]}}