{"id":34988,"date":"2018-10-29T09:36:32","date_gmt":"2018-10-29T09:36:32","guid":{"rendered":"https:\/\/www.a-emotionallight.com\/ura-collection\/"},"modified":"2022-12-31T15:57:10","modified_gmt":"2022-12-31T15:57:10","slug":"coleccion-ura","status":"publish","type":"page","link":"https:\/\/www.a-emotionallight.com\/es\/coleccion-ura\/","title":{"rendered":"colecci\u00f3n ura"},"content":{"rendered":"<section class=\"wpb-content-wrapper\"><p>[vc_row row_type=\u00bbrow\u00bb use_row_as_full_screen_section=\u00bbno\u00bb type=\u00bbfull_width\u00bb text_align=\u00bbleft\u00bb background_animation=\u00bbnone\u00bb css_animation=\u00bb\u00bb][vc_column el_class=\u00bbgeogrotesque_title background_dark\u00bb][vc_column_text el_class=\u00bbtitle_collection\u00bb]<\/p>\n<h2 style=\"text-align: center; padding-bottom: 0px;\">COLECCI\u00d3N URA<\/h2>\n<p>[\/vc_column_text][\/vc_column][\/vc_row][vc_row row_type=\u00bbrow\u00bb use_row_as_full_screen_section=\u00bbno\u00bb type=\u00bbfull_width\u00bb text_align=\u00bbleft\u00bb background_animation=\u00bbnone\u00bb css_animation=\u00bb\u00bb][vc_column][vc_column_text css=\u00bb.vc_custom_1624429385085{padding-top: 40px !important;padding-bottom: 40px !important;padding-left: 40px !important;}\u00bb]<\/p>\n<h2 class=\"button_back_all_lamps\" style=\"text-align: left; text-decoration: none;\"><a href=\"https:\/\/www.a-emotionallight.com\/es\/lamparas\/\">\u2190 TODAS LAS L\u00c1MPARAS<\/a><\/h2>\n<p>[\/vc_column_text][\/vc_column][\/vc_row][vc_row row_type=\u00bbrow\u00bb use_row_as_full_screen_section=\u00bbno\u00bb type=\u00bbfull_width\u00bb text_align=\u00bbleft\u00bb background_animation=\u00bbnone\u00bb css_animation=\u00bb\u00bb][vc_column]<div class='projects_holder_outer v3 portfolio_with_space portfolio_with_hover_text  qode-filter-position-top'>\n\n<div class='projects_holder clearfix v3 hover_text portfolio_default_image '>\n\n<article class=\"mix portfolio_category_31 portfolio_category_25 portfolio_category_32\">\n    <div class='image_holder overlapping_title_hover'>\n        \n<span class='image'><img loading=\"lazy\" decoding=\"async\" width=\"548\" height=\"498\" src=\"https:\/\/www.a-emotionallight.com\/wp-content\/uploads\/2017\/02\/UR104_thumb.jpg\" class=\"attachment-portfolio-default size-portfolio-default wp-post-image\" alt=\"\" \/><\/span>\n                    <a class='portfolio_link_class' href='https:\/\/www.a-emotionallight.com\/es\/portfolio_page\/ura-1\/' target='_self'><\/a>\n\t\t\n        <div class=\"text_holder\">\n\t<h4 class=\"portfolio_title\" > Ura 1<\/h4><span class=\"excerpt search_hidden\">\n\t\u00b7 \t\t\tRef. UR104  \u00b7 Ref. UR104-LD (LED)  | Ura est\u00e1 trabajada a mano mediante delicados dobleces, de los que surgen formas reconocibles en la naturaleza. Combinables entre s\u00ed, juntas crean un juego arm\u00f3nico de vol\u00famenes que se contraen y se expanden y en solitario respiran una sutil ligereza. La colecci\u00f3n est\u00e1 realizada en malla de acero inoxidable pintada  |  \u00b7 colecci\u00f3n ura  \u00b7 L\u00e1mparas colgantes  \u00b7 LED<\/span>\n\n\t\t\n<\/div>\n\n\n    <\/div>\n<\/article>\n<article class=\"mix portfolio_category_31 portfolio_category_25 portfolio_category_32\">\n    <div class='image_holder overlapping_title_hover'>\n        \n<span class='image'><img loading=\"lazy\" decoding=\"async\" width=\"548\" height=\"498\" src=\"https:\/\/www.a-emotionallight.com\/wp-content\/uploads\/2017\/02\/UR204_thumb.jpg\" class=\"attachment-portfolio-default size-portfolio-default wp-post-image\" alt=\"\" \/><\/span>\n                    <a class='portfolio_link_class' href='https:\/\/www.a-emotionallight.com\/es\/portfolio_page\/ura-2\/' target='_self'><\/a>\n\t\t\n        <div class=\"text_holder\">\n\t<h4 class=\"portfolio_title\" > Ura 2<\/h4><span class=\"excerpt search_hidden\">\n\t\u00b7 \t\t\tRef. UR204  \u00b7 Ref. UR204-LD (LED)  | Ura est\u00e1 trabajada a mano mediante delicados dobleces, de los que surgen formas reconocibles en la naturaleza. Combinables entre s\u00ed, juntas crean un juego arm\u00f3nico de vol\u00famenes que se contraen y se expanden y en solitario respiran una sutil ligereza. La colecci\u00f3n est\u00e1 realizada en malla de acero inoxidable pintada  |  \u00b7 colecci\u00f3n ura  \u00b7 L\u00e1mparas colgantes  \u00b7 LED<\/span>\n\n\t\t\n<\/div>\n\n\n    <\/div>\n<\/article>\n<article class=\"mix portfolio_category_31 portfolio_category_25 portfolio_category_32\">\n    <div class='image_holder overlapping_title_hover'>\n        \n<span class='image'><img loading=\"lazy\" decoding=\"async\" width=\"548\" height=\"498\" src=\"https:\/\/www.a-emotionallight.com\/wp-content\/uploads\/2017\/02\/UR304_thumb.jpg\" class=\"attachment-portfolio-default size-portfolio-default wp-post-image\" alt=\"\" \/><\/span>\n                    <a class='portfolio_link_class' href='https:\/\/www.a-emotionallight.com\/es\/portfolio_page\/ura-3\/' target='_self'><\/a>\n\t\t\n        <div class=\"text_holder\">\n\t<h4 class=\"portfolio_title\" > Ura 3<\/h4><span class=\"excerpt search_hidden\">\n\t\u00b7 \t\t\tRef. UR304  \u00b7 Ref. UR304-LD (LED)  | Ura est\u00e1 trabajada a mano mediante delicados dobleces, de los que surgen formas reconocibles en la naturaleza. Combinables entre s\u00ed, juntas crean un juego arm\u00f3nico de vol\u00famenes que se contraen y se expanden y en solitario respiran una sutil ligereza. La colecci\u00f3n est\u00e1 realizada en malla de acero inoxidable pintada  |  \u00b7 colecci\u00f3n ura  \u00b7 L\u00e1mparas colgantes  \u00b7 LED<\/span>\n\n\t\t\n<\/div>\n\n\n    <\/div>\n<\/article>\n<article class=\"mix portfolio_category_31 portfolio_category_25\">\n    <div class='image_holder overlapping_title_hover'>\n        \n<span class='image'><img loading=\"lazy\" decoding=\"async\" width=\"548\" height=\"498\" src=\"https:\/\/www.a-emotionallight.com\/wp-content\/uploads\/2017\/02\/UR04-3_thumb.jpg\" class=\"attachment-portfolio-default size-portfolio-default wp-post-image\" alt=\"\" \/><\/span>\n                    <a class='portfolio_link_class' href='https:\/\/www.a-emotionallight.com\/es\/portfolio_page\/ura-composicion\/' target='_self'><\/a>\n\t\t\n        <div class=\"text_holder\">\n\t<h4 class=\"portfolio_title\" > Ura composici\u00f3n<\/h4><span class=\"excerpt search_hidden\">\n\t\u00b7 \t\t\tRef. UR04-3  | Ura est\u00e1 trabajada a mano mediante delicados dobleces, de los que surgen formas reconocibles en la naturaleza. Combinables entre s\u00ed, juntas crean un juego arm\u00f3nico de vol\u00famenes que se contraen y se expanden y en solitario respiran una sutil ligereza. La colecci\u00f3n est\u00e1 realizada en malla de acero inoxidable pintada  |  \u00b7 colecci\u00f3n ura  \u00b7 L\u00e1mparas colgantes<\/span>\n\n\t\t\n<\/div>\n\n\n    <\/div>\n<\/article>\n<article class=\"mix portfolio_category_31 portfolio_category_33\">\n    <div class='image_holder overlapping_title_hover'>\n        \n<span class='image'><img loading=\"lazy\" decoding=\"async\" width=\"548\" height=\"498\" src=\"https:\/\/www.a-emotionallight.com\/wp-content\/uploads\/2017\/02\/UR03_thumb.gif\" class=\"attachment-portfolio-default size-portfolio-default wp-post-image\" alt=\"\" \/><\/span>\n                    <a class='portfolio_link_class' href='https:\/\/www.a-emotionallight.com\/es\/portfolio_page\/ura-mediana\/' target='_self'><\/a>\n\t\t\n        <div class=\"text_holder\">\n\t<h4 class=\"portfolio_title\" > Ura Mediana<\/h4><span class=\"excerpt search_hidden\">\n\t\u00b7 \t\t\tRef. UR03  | Ura est\u00e1 trabajada a mano mediante delicados dobleces, de los que surgen formas reconocibles en la naturaleza. Combinables entre s\u00ed, juntas crean un juego arm\u00f3nico de vol\u00famenes que se contraen y se expanden y en solitario respiran una sutil ligereza. La colecci\u00f3n est\u00e1 realizada en malla de acero inoxidable pintada  |  \u00b7 colecci\u00f3n ura  \u00b7 L\u00e1mparas de pie<\/span>\n\n\t\t\n<\/div>\n\n\n    <\/div>\n<\/article>\n<article class=\"mix portfolio_category_31 portfolio_category_26\">\n    <div class='image_holder overlapping_title_hover'>\n        \n<span class='image'><img loading=\"lazy\" decoding=\"async\" width=\"548\" height=\"498\" src=\"https:\/\/www.a-emotionallight.com\/wp-content\/uploads\/2017\/02\/UR01_thumb.gif\" class=\"attachment-portfolio-default size-portfolio-default wp-post-image\" alt=\"\" \/><\/span>\n                    <a class='portfolio_link_class' href='https:\/\/www.a-emotionallight.com\/es\/portfolio_page\/ura-pequena\/' target='_self'><\/a>\n\t\t\n        <div class=\"text_holder\">\n\t<h4 class=\"portfolio_title\" > Ura Peque\u00f1a<\/h4><span class=\"excerpt search_hidden\">\n\t\u00b7 \t\t\tRef. UR01  | Ura est\u00e1 trabajada a mano mediante delicados dobleces, de los que surgen formas reconocibles en la naturaleza. Combinables entre s\u00ed, juntas crean un juego arm\u00f3nico de vol\u00famenes que se contraen y se expanden y en solitario respiran una sutil ligereza. La colecci\u00f3n est\u00e1 realizada en malla de acero inoxidable pintada  |  \u00b7 colecci\u00f3n ura  \u00b7 L\u00e1mparas de mesa<\/span>\n\n\t\t\n<\/div>\n\n\n    <\/div>\n<\/article>\n\t\t\t\t<div class='filler'><\/div>\n\t\t\t\t\t\t\t<div class='filler'><\/div>\n\t\t\t\t\t\t\t<div class='filler'><\/div>\n\t\t\t<\/div>\n    <\/div>\n[\/vc_column][\/vc_row]<\/p>\n<\/section>","protected":false},"excerpt":{"rendered":"<p>[vc_row row_type=\u00bbrow\u00bb use_row_as_full_screen_section=\u00bbno\u00bb type=\u00bbfull_width\u00bb text_align=\u00bbleft\u00bb background_animation=\u00bbnone\u00bb css_animation=\u00bb\u00bb][vc_column el_class=\u00bbgeogrotesque_title background_dark\u00bb][vc_column_text el_class=\u00bbtitle_collection\u00bb] COLECCI\u00d3N URA [\/vc_column_text][\/vc_column][\/vc_row][vc_row row_type=\u00bbrow\u00bb use_row_as_full_screen_section=\u00bbno\u00bb type=\u00bbfull_width\u00bb text_align=\u00bbleft\u00bb background_animation=\u00bbnone\u00bb css_animation=\u00bb\u00bb][vc_column][vc_column_text css=\u00bb.vc_custom_1624429385085{padding-top: 40px !important;padding-bottom: 40px !important;padding-left: 40px !important;}\u00bb] \u2190 TODAS LAS L\u00c1MPARAS [\/vc_column_text][\/vc_column][\/vc_row][vc_row row_type=\u00bbrow\u00bb use_row_as_full_screen_section=\u00bbno\u00bb type=\u00bbfull_width\u00bb text_align=\u00bbleft\u00bb background_animation=\u00bbnone\u00bb css_animation=\u00bb\u00bb][vc_column][\/vc_column][\/vc_row]<\/p>\n","protected":false},"author":1,"featured_media":0,"parent":0,"menu_order":0,"comment_status":"closed","ping_status":"closed","template":"full_width.php","meta":{"inline_featured_image":false,"footnotes":""},"aioseo_notices":[],"_links":{"self":[{"href":"https:\/\/www.a-emotionallight.com\/es\/wp-json\/wp\/v2\/pages\/34988"}],"collection":[{"href":"https:\/\/www.a-emotionallight.com\/es\/wp-json\/wp\/v2\/pages"}],"about":[{"href":"https:\/\/www.a-emotionallight.com\/es\/wp-json\/wp\/v2\/types\/page"}],"author":[{"embeddable":true,"href":"https:\/\/www.a-emotionallight.com\/es\/wp-json\/wp\/v2\/users\/1"}],"replies":[{"embeddable":true,"href":"https:\/\/www.a-emotionallight.com\/es\/wp-json\/wp\/v2\/comments?post=34988"}],"version-history":[{"count":8,"href":"https:\/\/www.a-emotionallight.com\/es\/wp-json\/wp\/v2\/pages\/34988\/revisions"}],"predecessor-version":[{"id":47657,"href":"https:\/\/www.a-emotionallight.com\/es\/wp-json\/wp\/v2\/pages\/34988\/revisions\/47657"}],"wp:attachment":[{"href":"https:\/\/www.a-emotionallight.com\/es\/wp-json\/wp\/v2\/media?parent=34988"}],"curies":[{"name":"wp","href":"https:\/\/api.w.org\/{rel}","templated":true}]}}