{"id":35031,"date":"2018-11-13T09:44:27","date_gmt":"2018-11-13T09:44:27","guid":{"rendered":"https:\/\/www.a-emotionallight.com\/fluo-collection\/"},"modified":"2022-12-31T15:42:15","modified_gmt":"2022-12-31T15:42:15","slug":"coleccion-fluo","status":"publish","type":"page","link":"https:\/\/www.a-emotionallight.com\/es\/coleccion-fluo\/","title":{"rendered":"colecci\u00f3n fluo"},"content":{"rendered":"<section class=\"wpb-content-wrapper\"><p>[vc_row row_type=\u00bbrow\u00bb use_row_as_full_screen_section=\u00bbno\u00bb type=\u00bbfull_width\u00bb text_align=\u00bbleft\u00bb background_animation=\u00bbnone\u00bb css_animation=\u00bb\u00bb][vc_column el_class=\u00bbgeogrotesque_title background_dark\u00bb][vc_column_text el_class=\u00bbtitle_collection\u00bb]<\/p>\n<h2 style=\"text-align: center; padding-bottom: 0px;\">COLECCI\u00d3N FLUO<\/h2>\n<p>[\/vc_column_text][\/vc_column][\/vc_row][vc_row row_type=\u00bbrow\u00bb use_row_as_full_screen_section=\u00bbno\u00bb type=\u00bbfull_width\u00bb text_align=\u00bbleft\u00bb background_animation=\u00bbnone\u00bb css_animation=\u00bb\u00bb][vc_column][vc_column_text css=\u00bb.vc_custom_1624368191808{padding-top: 40px !important;padding-bottom: 40px !important;padding-left: 40px !important;}\u00bb]<\/p>\n<h2 class=\"button_back_all_lamps\" style=\"text-align: left; text-decoration: none;\"><a href=\"https:\/\/www.a-emotionallight.com\/es\/lamparas\/\">\u2190 TODAS LAS L\u00c1MPARAS<\/a><\/h2>\n<p>[\/vc_column_text][\/vc_column][\/vc_row][vc_row row_type=\u00bbrow\u00bb use_row_as_full_screen_section=\u00bbno\u00bb type=\u00bbfull_width\u00bb text_align=\u00bbleft\u00bb background_animation=\u00bbnone\u00bb css_animation=\u00bb\u00bb][vc_column]<div class='projects_holder_outer v3 portfolio_with_space portfolio_with_hover_text  qode-filter-position-top'>\n\n<div class='projects_holder clearfix v3 hover_text portfolio_default_image '>\n\n<article class=\"mix portfolio_category_82 portfolio_category_25\">\n    <div class='image_holder overlapping_title_hover'>\n        \n<span class='image'><img loading=\"lazy\" decoding=\"async\" width=\"548\" height=\"498\" src=\"https:\/\/www.a-emotionallight.com\/wp-content\/uploads\/2016\/03\/FL04_thumb.jpg\" class=\"attachment-portfolio-default size-portfolio-default wp-post-image\" alt=\"\" \/><\/span>\n                    <a class='portfolio_link_class' href='https:\/\/www.a-emotionallight.com\/es\/portfolio_page\/fluo\/' target='_self'><\/a>\n\t\t\n        <div class=\"text_holder\">\n\t<h4 class=\"portfolio_title\" > Fluo<\/h4><span class=\"excerpt search_hidden\">\n\t\u00b7 \t\t\tRef.\u00a0FL04  | Esta colecci\u00f3n de l\u00e1mparas colgantes se crea a partir de velos de malla de acero galvanizado pintada que se unen gr\u00e1cilmente en torno a un \u00fanico punto de luz. Una forma ligera que reproduce la ilusi\u00f3n de un tejido vaporoso, como un tul semitransparente que revela y oculta a la vez, jugando con la intuici\u00f3n del que la observa. La ligereza de este dise\u00f1o, que obtuvo un Good Design Award en 2009, se ve potenciada en las composiciones de mayor tama\u00f1o de la colecci\u00f3n  |  \u00b7 colecci\u00f3n fluo  \u00b7 L\u00e1mparas colgantes<\/span>\n\n\t\t\n<\/div>\n\n\n    <\/div>\n<\/article>\n<article class=\"mix portfolio_category_82 portfolio_category_25\">\n    <div class='image_holder overlapping_title_hover'>\n        \n<span class='image'><img loading=\"lazy\" decoding=\"async\" width=\"548\" height=\"498\" src=\"https:\/\/www.a-emotionallight.com\/wp-content\/uploads\/2016\/03\/FL04-16_thumb.gif\" class=\"attachment-portfolio-default size-portfolio-default wp-post-image\" alt=\"\" \/><\/span>\n                    <a class='portfolio_link_class' href='https:\/\/www.a-emotionallight.com\/es\/portfolio_page\/fluo-compo-grande\/' target='_self'><\/a>\n\t\t\n        <div class=\"text_holder\">\n\t<h4 class=\"portfolio_title\" > Fluo Compo Grande<\/h4><span class=\"excerpt search_hidden\">\n\t\u00b7 \t\t\tRef.\u00a0FL04-16  | Esta colecci\u00f3n de l\u00e1mparas colgantes se crea a partir de velos de malla de acero galvanizado pintada que se unen gr\u00e1cilmente en torno a un \u00fanico punto de luz. Una forma ligera que reproduce la ilusi\u00f3n de un tejido vaporoso, como un tul semitransparente que revela y oculta a la vez, jugando con la intuici\u00f3n del que la observa. La ligereza de este dise\u00f1o, que obtuvo un Good Design Award en 2009, se ve potenciada en las composiciones de mayor tama\u00f1o de la colecci\u00f3n  |  \u00b7 colecci\u00f3n fluo  \u00b7 L\u00e1mparas colgantes<\/span>\n\n\t\t\n<\/div>\n\n\n    <\/div>\n<\/article>\n<article class=\"mix portfolio_category_82 portfolio_category_25\">\n    <div class='image_holder overlapping_title_hover'>\n        \n<span class='image'><img loading=\"lazy\" decoding=\"async\" width=\"548\" height=\"498\" src=\"https:\/\/www.a-emotionallight.com\/wp-content\/uploads\/2016\/03\/FL04-4_thumb-1.jpg\" class=\"attachment-portfolio-default size-portfolio-default wp-post-image\" alt=\"\" \/><\/span>\n                    <a class='portfolio_link_class' href='https:\/\/www.a-emotionallight.com\/es\/portfolio_page\/fluo-compo-mediana\/' target='_self'><\/a>\n\t\t\n        <div class=\"text_holder\">\n\t<h4 class=\"portfolio_title\" > Fluo Compo Mediana<\/h4><span class=\"excerpt search_hidden\">\n\t\u00b7 \t\t\tRef.\u00a0FL04-4  | Esta colecci\u00f3n de l\u00e1mparas colgantes se crea a partir de velos de malla de acero galvanizado pintada que se unen gr\u00e1cilmente en torno a un \u00fanico punto de luz. Una forma ligera que reproduce la ilusi\u00f3n de un tejido vaporoso, como un tul semitransparente que revela y oculta a la vez, jugando con la intuici\u00f3n del que la observa. La ligereza de este dise\u00f1o, que obtuvo un Good Design Award en 2009, se ve potenciada en las composiciones de mayor tama\u00f1o de la colecci\u00f3n  |  \u00b7 colecci\u00f3n fluo  \u00b7 L\u00e1mparas colgantes<\/span>\n\n\t\t\n<\/div>\n\n\n    <\/div>\n<\/article>\n\t\t\t\t<div class='filler'><\/div>\n\t\t\t\t\t\t\t<div class='filler'><\/div>\n\t\t\t\t\t\t\t<div class='filler'><\/div>\n\t\t\t<\/div>\n    <\/div>\n[\/vc_column][\/vc_row]<\/p>\n<\/section>","protected":false},"excerpt":{"rendered":"<p>[vc_row row_type=\u00bbrow\u00bb use_row_as_full_screen_section=\u00bbno\u00bb type=\u00bbfull_width\u00bb text_align=\u00bbleft\u00bb background_animation=\u00bbnone\u00bb css_animation=\u00bb\u00bb][vc_column el_class=\u00bbgeogrotesque_title background_dark\u00bb][vc_column_text el_class=\u00bbtitle_collection\u00bb] COLECCI\u00d3N FLUO [\/vc_column_text][\/vc_column][\/vc_row][vc_row row_type=\u00bbrow\u00bb use_row_as_full_screen_section=\u00bbno\u00bb type=\u00bbfull_width\u00bb text_align=\u00bbleft\u00bb background_animation=\u00bbnone\u00bb css_animation=\u00bb\u00bb][vc_column][vc_column_text css=\u00bb.vc_custom_1624368191808{padding-top: 40px !important;padding-bottom: 40px !important;padding-left: 40px !important;}\u00bb] \u2190 TODAS LAS L\u00c1MPARAS [\/vc_column_text][\/vc_column][\/vc_row][vc_row row_type=\u00bbrow\u00bb use_row_as_full_screen_section=\u00bbno\u00bb type=\u00bbfull_width\u00bb text_align=\u00bbleft\u00bb background_animation=\u00bbnone\u00bb css_animation=\u00bb\u00bb][vc_column][\/vc_column][\/vc_row]<\/p>\n","protected":false},"author":1,"featured_media":0,"parent":0,"menu_order":0,"comment_status":"closed","ping_status":"closed","template":"full_width.php","meta":{"inline_featured_image":false,"footnotes":""},"aioseo_notices":[],"_links":{"self":[{"href":"https:\/\/www.a-emotionallight.com\/es\/wp-json\/wp\/v2\/pages\/35031"}],"collection":[{"href":"https:\/\/www.a-emotionallight.com\/es\/wp-json\/wp\/v2\/pages"}],"about":[{"href":"https:\/\/www.a-emotionallight.com\/es\/wp-json\/wp\/v2\/types\/page"}],"author":[{"embeddable":true,"href":"https:\/\/www.a-emotionallight.com\/es\/wp-json\/wp\/v2\/users\/1"}],"replies":[{"embeddable":true,"href":"https:\/\/www.a-emotionallight.com\/es\/wp-json\/wp\/v2\/comments?post=35031"}],"version-history":[{"count":9,"href":"https:\/\/www.a-emotionallight.com\/es\/wp-json\/wp\/v2\/pages\/35031\/revisions"}],"predecessor-version":[{"id":47643,"href":"https:\/\/www.a-emotionallight.com\/es\/wp-json\/wp\/v2\/pages\/35031\/revisions\/47643"}],"wp:attachment":[{"href":"https:\/\/www.a-emotionallight.com\/es\/wp-json\/wp\/v2\/media?parent=35031"}],"curies":[{"name":"wp","href":"https:\/\/api.w.org\/{rel}","templated":true}]}}