{"id":35036,"date":"2018-11-13T10:09:50","date_gmt":"2018-11-13T10:09:50","guid":{"rendered":"https:\/\/www.a-emotionallight.com\/gea-collection\/"},"modified":"2022-12-31T15:42:57","modified_gmt":"2022-12-31T15:42:57","slug":"coleccion-gea","status":"publish","type":"page","link":"https:\/\/www.a-emotionallight.com\/es\/coleccion-gea\/","title":{"rendered":"colecci\u00f3n gea"},"content":{"rendered":"<section class=\"wpb-content-wrapper\"><p>[vc_row row_type=\u00bbrow\u00bb use_row_as_full_screen_section=\u00bbno\u00bb type=\u00bbfull_width\u00bb text_align=\u00bbleft\u00bb background_animation=\u00bbnone\u00bb css_animation=\u00bb\u00bb][vc_column el_class=\u00bbgeogrotesque_title background_dark\u00bb][vc_column_text el_class=\u00bbtitle_collection\u00bb]<\/p>\n<h2 style=\"text-align: center; padding-bottom: 0px;\">COLECCI\u00d3N GEA<\/h2>\n<p>[\/vc_column_text][\/vc_column][\/vc_row][vc_row row_type=\u00bbrow\u00bb use_row_as_full_screen_section=\u00bbno\u00bb type=\u00bbfull_width\u00bb text_align=\u00bbleft\u00bb background_animation=\u00bbnone\u00bb css_animation=\u00bb\u00bb][vc_column][vc_column_text css=\u00bb.vc_custom_1624368273685{padding-top: 40px !important;padding-bottom: 40px !important;padding-left: 40px !important;}\u00bb]<\/p>\n<h2 class=\"button_back_all_lamps\" style=\"text-align: left; text-decoration: none;\"><a href=\"https:\/\/www.a-emotionallight.com\/es\/lamparas\/\">\u2190 TODAS LAS L\u00c1MPARAS<\/a><\/h2>\n<p>[\/vc_column_text][\/vc_column][\/vc_row][vc_row row_type=\u00bbrow\u00bb use_row_as_full_screen_section=\u00bbno\u00bb type=\u00bbfull_width\u00bb text_align=\u00bbleft\u00bb background_animation=\u00bbnone\u00bb css_animation=\u00bb\u00bb][vc_column]<div class='projects_holder_outer v3 portfolio_with_space portfolio_with_hover_text  qode-filter-position-top'>\n\n<div class='projects_holder clearfix v3 hover_text portfolio_default_image '>\n\n<article class=\"mix portfolio_category_35 portfolio_category_83 portfolio_category_32\">\n    <div class='image_holder overlapping_title_hover'>\n        \n<span class='image'><img loading=\"lazy\" decoding=\"async\" width=\"548\" height=\"498\" src=\"https:\/\/www.a-emotionallight.com\/wp-content\/uploads\/2016\/03\/GE06_thumb.jpg\" class=\"attachment-portfolio-default size-portfolio-default wp-post-image\" alt=\"\" \/><\/span>\n                    <a class='portfolio_link_class' href='https:\/\/www.a-emotionallight.com\/es\/portfolio_page\/gea-ge06\/' target='_self'><\/a>\n\t\t\n        <div class=\"text_holder\">\n\t<h4 class=\"portfolio_title\" > Gea<\/h4><span class=\"excerpt search_hidden\">\n\t\u00b7 \t\t\tRef. GE06  \u00b7 Ref. GE06-LD (LED)  | La colecci\u00f3n Gea toma nombre de la diosa primigenia, la madre tierra. Las estilizadas luminarias que la componen semejan figuras femeninas erguidas que desaf\u00edan la verticalidad, envueltas en un velo acanalado de malla de acero inoxidable pintada que se ci\u00f1e a sus sutiles curvas mediante una cremallera. Emite una luz suave y envolvente, que se reparte de forma uniforme por toda la estructura. La pieza principal de la colecci\u00f3n, que obtuvo un Good Design Award en 2007, es la l\u00e1mpara de pie, un elegante volumen escult\u00f3rico que se integra en cualquier ambiente aportando una nota de distinci\u00f3n a la estancia  |  \u00b7 Apliques  \u00b7 colecci\u00f3n gea  \u00b7 LED<\/span>\n\n\t\t\n<\/div>\n\n\n    <\/div>\n<\/article>\n<article class=\"mix portfolio_category_83 portfolio_category_25 portfolio_category_32\">\n    <div class='image_holder overlapping_title_hover'>\n        \n<span class='image'><img loading=\"lazy\" decoding=\"async\" width=\"548\" height=\"498\" src=\"https:\/\/www.a-emotionallight.com\/wp-content\/uploads\/2016\/03\/GE04_B_thumb.gif\" class=\"attachment-portfolio-default size-portfolio-default wp-post-image\" alt=\"\" \/><\/span>\n                    <a class='portfolio_link_class' href='https:\/\/www.a-emotionallight.com\/es\/portfolio_page\/gea-ge04\/' target='_self'><\/a>\n\t\t\n        <div class=\"text_holder\">\n\t<h4 class=\"portfolio_title\" > Gea<\/h4><span class=\"excerpt search_hidden\">\n\t\u00b7 \t\t\tRef. GE04  \u00b7 Ref. GE04-LD (LED)  | La colecci\u00f3n Gea toma nombre de la diosa primigenia, la madre tierra. Las estilizadas luminarias que la componen semejan figuras femeninas erguidas que desaf\u00edan la verticalidad, envueltas en un velo acanalado de malla de acero inoxidable pintada que se ci\u00f1e a sus sutiles curvas mediante una cremallera. Emite una luz suave y envolvente, que se reparte de forma uniforme por toda la estructura. La pieza principal de la colecci\u00f3n, que obtuvo un Good Design Award en 2007, es la l\u00e1mpara de pie, un elegante volumen escult\u00f3rico que se integra en cualquier ambiente aportando una nota de distinci\u00f3n a la estancia  |  \u00b7 colecci\u00f3n gea  \u00b7 L\u00e1mparas colgantes  \u00b7 LED \u00b7 exterior<\/span>\n\n\t\t\n<\/div>\n\n\n    <\/div>\n<\/article>\n<article class=\"mix portfolio_category_83 portfolio_category_33\">\n    <div class='image_holder overlapping_title_hover'>\n        \n<span class='image'><img loading=\"lazy\" decoding=\"async\" width=\"548\" height=\"498\" src=\"https:\/\/www.a-emotionallight.com\/wp-content\/uploads\/2016\/03\/GE03_thumb-1.jpg\" class=\"attachment-portfolio-default size-portfolio-default wp-post-image\" alt=\"\" \/><\/span>\n                    <a class='portfolio_link_class' href='https:\/\/www.a-emotionallight.com\/es\/portfolio_page\/gea-ge03\/' target='_self'><\/a>\n\t\t\n        <div class=\"text_holder\">\n\t<h4 class=\"portfolio_title\" > Gea<\/h4><span class=\"excerpt search_hidden\">\n\t\u00b7 \t\t\tRef. GE03  | La colecci\u00f3n Gea toma nombre de la diosa primigenia, la madre tierra. Las estilizadas luminarias que la componen semejan figuras femeninas erguidas que desaf\u00edan la verticalidad, envueltas en un velo acanalado de malla de acero inoxidable pintada que se ci\u00f1e a sus sutiles curvas mediante una cremallera. Emite una luz suave y envolvente, que se reparte de forma uniforme por toda la estructura. La pieza principal de la colecci\u00f3n, que obtuvo un Good Design Award en 2007, es la l\u00e1mpara de pie, un elegante volumen escult\u00f3rico que se integra en cualquier ambiente aportando una nota de distinci\u00f3n a la estancia  |  \u00b7 colecci\u00f3n gea  \u00b7 L\u00e1mparas de pie<\/span>\n\n\t\t\n<\/div>\n\n\n    <\/div>\n<\/article>\n<article class=\"mix portfolio_category_83 portfolio_category_120 portfolio_category_25\">\n    <div class='image_holder overlapping_title_hover'>\n        \n<span class='image'><img loading=\"lazy\" decoding=\"async\" width=\"548\" height=\"498\" src=\"https:\/\/www.a-emotionallight.com\/wp-content\/uploads\/2021\/01\/abyarturoalvarez_gea_outdoor_thumb.jpg\" class=\"attachment-portfolio-default size-portfolio-default wp-post-image\" alt=\"Gea outdoor lamp ip64\" \/><\/span>\n                    <a class='portfolio_link_class' href='https:\/\/www.a-emotionallight.com\/es\/portfolio_page\/gea-exterior\/' target='_self'><\/a>\n\t\t\n        <div class=\"text_holder\">\n\t<h4 class=\"portfolio_title\" > Gea Exterior<\/h4><span class=\"excerpt search_hidden\">\n\t\u00b7 \t\t\tRef. GE04  \u00b7 Ref. GE04-LD (LED)  | La colecci\u00f3n Gea toma nombre de la diosa primigenia, la madre tierra. Las estilizadas luminarias que la componen semejan figuras femeninas erguidas que desaf\u00edan la verticalidad, envueltas en un velo acanalado de malla de acero inoxidable pintada que se ci\u00f1e a sus sutiles curvas mediante una cremallera. Emite una luz suave y envolvente, que se reparte de forma uniforme por toda la estructura. La pieza principal de la colecci\u00f3n, que obtuvo un Good Design Award en 2007, es la l\u00e1mpara de pie, un elegante volumen escult\u00f3rico que se integra en cualquier ambiente aportando una nota de distinci\u00f3n a la estancia  |  \u00b7 colecci\u00f3n gea  \u00b7 L\u00e1mparas colgantes  \u00b7 LED \u00b7 exterior<\/span>\n\n\t\t\n<\/div>\n\n\n    <\/div>\n<\/article>\n\t\t\t\t<div class='filler'><\/div>\n\t\t\t\t\t\t\t<div class='filler'><\/div>\n\t\t\t\t\t\t\t<div class='filler'><\/div>\n\t\t\t<\/div>\n    <\/div>\n[\/vc_column][\/vc_row]<\/p>\n<\/section>","protected":false},"excerpt":{"rendered":"<p>[vc_row row_type=\u00bbrow\u00bb use_row_as_full_screen_section=\u00bbno\u00bb type=\u00bbfull_width\u00bb text_align=\u00bbleft\u00bb background_animation=\u00bbnone\u00bb css_animation=\u00bb\u00bb][vc_column el_class=\u00bbgeogrotesque_title background_dark\u00bb][vc_column_text el_class=\u00bbtitle_collection\u00bb] COLECCI\u00d3N GEA [\/vc_column_text][\/vc_column][\/vc_row][vc_row row_type=\u00bbrow\u00bb use_row_as_full_screen_section=\u00bbno\u00bb type=\u00bbfull_width\u00bb text_align=\u00bbleft\u00bb background_animation=\u00bbnone\u00bb css_animation=\u00bb\u00bb][vc_column][vc_column_text css=\u00bb.vc_custom_1624368273685{padding-top: 40px !important;padding-bottom: 40px !important;padding-left: 40px !important;}\u00bb] \u2190 TODAS LAS L\u00c1MPARAS [\/vc_column_text][\/vc_column][\/vc_row][vc_row row_type=\u00bbrow\u00bb use_row_as_full_screen_section=\u00bbno\u00bb type=\u00bbfull_width\u00bb text_align=\u00bbleft\u00bb background_animation=\u00bbnone\u00bb css_animation=\u00bb\u00bb][vc_column][\/vc_column][\/vc_row]<\/p>\n","protected":false},"author":1,"featured_media":0,"parent":0,"menu_order":0,"comment_status":"closed","ping_status":"closed","template":"full_width.php","meta":{"inline_featured_image":false,"footnotes":""},"aioseo_notices":[],"_links":{"self":[{"href":"https:\/\/www.a-emotionallight.com\/es\/wp-json\/wp\/v2\/pages\/35036"}],"collection":[{"href":"https:\/\/www.a-emotionallight.com\/es\/wp-json\/wp\/v2\/pages"}],"about":[{"href":"https:\/\/www.a-emotionallight.com\/es\/wp-json\/wp\/v2\/types\/page"}],"author":[{"embeddable":true,"href":"https:\/\/www.a-emotionallight.com\/es\/wp-json\/wp\/v2\/users\/1"}],"replies":[{"embeddable":true,"href":"https:\/\/www.a-emotionallight.com\/es\/wp-json\/wp\/v2\/comments?post=35036"}],"version-history":[{"count":7,"href":"https:\/\/www.a-emotionallight.com\/es\/wp-json\/wp\/v2\/pages\/35036\/revisions"}],"predecessor-version":[{"id":47644,"href":"https:\/\/www.a-emotionallight.com\/es\/wp-json\/wp\/v2\/pages\/35036\/revisions\/47644"}],"wp:attachment":[{"href":"https:\/\/www.a-emotionallight.com\/es\/wp-json\/wp\/v2\/media?parent=35036"}],"curies":[{"name":"wp","href":"https:\/\/api.w.org\/{rel}","templated":true}]}}