{"id":35072,"date":"2018-11-13T10:00:24","date_gmt":"2018-11-13T10:00:24","guid":{"rendered":"https:\/\/www.a-emotionallight.com\/onn-collection\/"},"modified":"2022-12-31T15:55:14","modified_gmt":"2022-12-31T15:55:14","slug":"coleccion-onn","status":"publish","type":"page","link":"https:\/\/www.a-emotionallight.com\/es\/coleccion-onn\/","title":{"rendered":"colecci\u00f3n onn"},"content":{"rendered":"<section class=\"wpb-content-wrapper\"><p>[vc_row row_type=\u00bbrow\u00bb use_row_as_full_screen_section=\u00bbno\u00bb type=\u00bbfull_width\u00bb text_align=\u00bbleft\u00bb background_animation=\u00bbnone\u00bb css_animation=\u00bb\u00bb][vc_column el_class=\u00bbgeogrotesque_title background_dark\u00bb][vc_column_text el_class=\u00bbtitle_collection\u00bb]<\/p>\n<h2 style=\"text-align: center; padding-bottom: 0px;\">COLECCI\u00d3N ONN<\/h2>\n<p>[\/vc_column_text][\/vc_column][\/vc_row][vc_row row_type=\u00bbrow\u00bb use_row_as_full_screen_section=\u00bbno\u00bb type=\u00bbfull_width\u00bb text_align=\u00bbleft\u00bb background_animation=\u00bbnone\u00bb css_animation=\u00bb\u00bb][vc_column][vc_column_text css=\u00bb.vc_custom_1624428907011{padding-top: 40px !important;padding-bottom: 40px !important;padding-left: 40px !important;}\u00bb]<\/p>\n<h2 class=\"button_back_all_lamps\" style=\"text-align: left; text-decoration: none;\"><a href=\"https:\/\/www.a-emotionallight.com\/es\/lamparas\/\">\u2190 TODAS LAS L\u00c1MPARAS<\/a><\/h2>\n<p>[\/vc_column_text][\/vc_column][\/vc_row][vc_row row_type=\u00bbrow\u00bb use_row_as_full_screen_section=\u00bbno\u00bb type=\u00bbfull_width\u00bb text_align=\u00bbleft\u00bb background_animation=\u00bbnone\u00bb css_animation=\u00bb\u00bb][vc_column]<div class='projects_holder_outer v3 portfolio_with_space portfolio_with_hover_text  qode-filter-position-top'>\n\n<div class='projects_holder clearfix v3 hover_text portfolio_default_image '>\n\n<article class=\"mix portfolio_category_89 portfolio_category_26\">\n    <div class='image_holder overlapping_title_hover'>\n        \n<span class='image'><img loading=\"lazy\" decoding=\"async\" width=\"548\" height=\"498\" src=\"https:\/\/www.a-emotionallight.com\/wp-content\/uploads\/2019\/04\/ON02_thumb.gif\" class=\"attachment-portfolio-default size-portfolio-default wp-post-image\" alt=\"\" \/><\/span>\n                    <a class='portfolio_link_class' href='https:\/\/www.a-emotionallight.com\/es\/portfolio_page\/onn\/' target='_self'><\/a>\n\t\t\n        <div class=\"text_holder\">\n\t<h4 class=\"portfolio_title\" > Onn<\/h4><span class=\"excerpt search_hidden\">\n\t\u00b7 \t\t\tRef. ON02  | Onn es una colecci\u00f3n de l\u00e1mparas realizadas en malla de acero inoxidable pintada. Evocan el mundo marino; conchas, algas, corales surgen con fuerza llenos de dinamismo y vitalidad. Ideales para paredes, mesas y techos permiten generar interesantes composiciones a trav\u00e9s de sus inusuales formas  |  \u00b7 colecci\u00f3n onn  \u00b7 L\u00e1mparas de mesa  \u00b7 Novedades<\/span>\n\n\t\t\n<\/div>\n\n\n    <\/div>\n<\/article>\n<article class=\"mix portfolio_category_89 portfolio_category_25 portfolio_category_32 portfolio_category_27\">\n    <div class='image_holder overlapping_title_hover'>\n        \n<span class='image'><img loading=\"lazy\" decoding=\"async\" width=\"500\" height=\"498\" src=\"https:\/\/www.a-emotionallight.com\/wp-content\/uploads\/2024\/05\/PORTADAS-PRODUCTO_ONN-XL-500x498.jpg\" class=\"attachment-portfolio-default size-portfolio-default wp-post-image\" alt=\"\" srcset=\"https:\/\/www.a-emotionallight.com\/wp-content\/uploads\/2024\/05\/PORTADAS-PRODUCTO_ONN-XL-500x498.jpg 500w, https:\/\/www.a-emotionallight.com\/wp-content\/uploads\/2024\/05\/PORTADAS-PRODUCTO_ONN-XL-300x300.jpg 300w\" sizes=\"(max-width: 500px) 100vw, 500px\" \/><\/span>\n                    <a class='portfolio_link_class' href='https:\/\/www.a-emotionallight.com\/es\/portfolio_page\/onn-colgante-xl\/' target='_self'><\/a>\n\t\t\n        <div class=\"text_holder\">\n\t<h4 class=\"portfolio_title\" > Onn Colgante XL<\/h4><span class=\"excerpt search_hidden\">\n\tLa l\u00e1mpara colgante Onn XL es una de las luminarias de la colecci\u00f3n hom\u00f3nima realizada en malla de acero inoxidable pintada. Dise\u00f1adas por Arturo \u00c1lvarez, las l\u00e1mparas de esta colecci\u00f3n hecha a mano evocan el mundo marino; conchas, algas, corales surgen con fuerza llenos de dinamismo y vitalidad.<\/span>\n\n\t\t\n<\/div>\n\n\n    <\/div>\n<\/article>\n<article class=\"mix portfolio_category_89 portfolio_category_25 portfolio_category_32\">\n    <div class='image_holder overlapping_title_hover'>\n        \n<span class='image'><img loading=\"lazy\" decoding=\"async\" width=\"548\" height=\"498\" src=\"https:\/\/www.a-emotionallight.com\/wp-content\/uploads\/2017\/02\/ON04G_thumb.jpg\" class=\"attachment-portfolio-default size-portfolio-default wp-post-image\" alt=\"\" \/><\/span>\n                    <a class='portfolio_link_class' href='https:\/\/www.a-emotionallight.com\/es\/portfolio_page\/onn-grande-on04g\/' target='_self'><\/a>\n\t\t\n        <div class=\"text_holder\">\n\t<h4 class=\"portfolio_title\" > Onn Grande<\/h4><span class=\"excerpt search_hidden\">\n\t\u00b7 \t\t\tRef. ON04G  \u00b7 Ref. ON04G-LD (LED)  | Onn es una colecci\u00f3n de l\u00e1mparas realizadas en malla de acero inoxidable pintada. Evocan el mundo marino; conchas, algas, corales surgen con fuerza llenos de dinamismo y vitalidad. Ideales para paredes, mesas y techos permiten generar interesantes composiciones a trav\u00e9s de sus inusuales formas  |  \u00b7 colecci\u00f3n onn  \u00b7 L\u00e1mparas colgantes  \u00b7 LED<\/span>\n\n\t\t\n<\/div>\n\n\n    <\/div>\n<\/article>\n<article class=\"mix portfolio_category_35 portfolio_category_89 portfolio_category_36\">\n    <div class='image_holder overlapping_title_hover'>\n        \n<span class='image'><img loading=\"lazy\" decoding=\"async\" width=\"548\" height=\"498\" src=\"https:\/\/www.a-emotionallight.com\/wp-content\/uploads\/2017\/02\/Onn_06_G_thumb.gif\" class=\"attachment-portfolio-default size-portfolio-default wp-post-image\" alt=\"\" \/><\/span>\n                    <a class='portfolio_link_class' href='https:\/\/www.a-emotionallight.com\/es\/portfolio_page\/onn-grande-on06g\/' target='_self'><\/a>\n\t\t\n        <div class=\"text_holder\">\n\t<h4 class=\"portfolio_title\" > Onn Grande<\/h4><span class=\"excerpt search_hidden\">\n\t\u00b7 \t\t\tRef. ON06G  | Onn es una colecci\u00f3n de l\u00e1mparas realizadas en malla de acero inoxidable pintada. Evocan el mundo marino; conchas, algas, corales surgen con fuerza llenos de dinamismo y vitalidad. Ideales para paredes, mesas y techos permiten generar interesantes composiciones a trav\u00e9s de sus inusuales formas.  |  \u00b7 Apliques  \u00b7 colecci\u00f3n onn  \u00b7 Plafones<\/span>\n\n\t\t\n<\/div>\n\n\n    <\/div>\n<\/article>\n<article class=\"mix portfolio_category_89 portfolio_category_25 portfolio_category_32\">\n    <div class='image_holder overlapping_title_hover'>\n        \n<span class='image'><img loading=\"lazy\" decoding=\"async\" width=\"548\" height=\"498\" src=\"https:\/\/www.a-emotionallight.com\/wp-content\/uploads\/2017\/02\/ON04_thumb.jpg\" class=\"attachment-portfolio-default size-portfolio-default wp-post-image\" alt=\"\" \/><\/span>\n                    <a class='portfolio_link_class' href='https:\/\/www.a-emotionallight.com\/es\/portfolio_page\/onn-mediana-on04\/' target='_self'><\/a>\n\t\t\n        <div class=\"text_holder\">\n\t<h4 class=\"portfolio_title\" > Onn Mediana<\/h4><span class=\"excerpt search_hidden\">\n\t\u00b7 \t\t\tRef. ON04  \u00b7 Ref. ON04-LD (LED)  | Onn es una colecci\u00f3n de l\u00e1mparas realizadas en malla de acero inoxidable pintada. Evocan el mundo marino; conchas, algas, corales surgen con fuerza llenos de dinamismo y vitalidad. Ideales para paredes, mesas y techos permiten generar interesantes composiciones a trav\u00e9s de sus inusuales formas  |  \u00b7 colecci\u00f3n onn  \u00b7 L\u00e1mparas colgantes  \u00b7 LED<\/span>\n\n\t\t\n<\/div>\n\n\n    <\/div>\n<\/article>\n<article class=\"mix portfolio_category_35 portfolio_category_89 portfolio_category_36\">\n    <div class='image_holder overlapping_title_hover'>\n        \n<span class='image'><img loading=\"lazy\" decoding=\"async\" width=\"548\" height=\"498\" src=\"https:\/\/www.a-emotionallight.com\/wp-content\/uploads\/2017\/02\/onn_aplique_small_thumb.jpg\" class=\"attachment-portfolio-default size-portfolio-default wp-post-image\" alt=\"\" \/><\/span>\n                    <a class='portfolio_link_class' href='https:\/\/www.a-emotionallight.com\/es\/portfolio_page\/onn-medana-on06\/' target='_self'><\/a>\n\t\t\n        <div class=\"text_holder\">\n\t<h4 class=\"portfolio_title\" > Onn Mediana<\/h4><span class=\"excerpt search_hidden\">\n\t\u00b7 \t\t\tRef. ON06  \u00b7 Ref. ON06-LD (LED)  | Onn es una colecci\u00f3n de l\u00e1mparas realizadas en malla de acero inoxidable pintada. Evocan el mundo marino; conchas, algas, corales surgen con fuerza llenos de dinamismo y vitalidad. Ideales para paredes, mesas y techos permiten generar interesantes composiciones a trav\u00e9s de sus inusuales formas.  |  \u00b7 Apliques  \u00b7 colecci\u00f3n onn  \u00b7 Plafones<\/span>\n\n\t\t\n<\/div>\n\n\n    <\/div>\n<\/article>\n<article class=\"mix portfolio_category_89 portfolio_category_25 portfolio_category_32 portfolio_category_27\">\n    <div class='image_holder overlapping_title_hover'>\n        \n<span class='image'><img loading=\"lazy\" decoding=\"async\" width=\"500\" height=\"498\" src=\"https:\/\/www.a-emotionallight.com\/wp-content\/uploads\/2024\/05\/PORTADAS-PRODUCTO_ONN-MINI-500x498.jpg\" class=\"attachment-portfolio-default size-portfolio-default wp-post-image\" alt=\"\" srcset=\"https:\/\/www.a-emotionallight.com\/wp-content\/uploads\/2024\/05\/PORTADAS-PRODUCTO_ONN-MINI-500x498.jpg 500w, https:\/\/www.a-emotionallight.com\/wp-content\/uploads\/2024\/05\/PORTADAS-PRODUCTO_ONN-MINI-300x300.jpg 300w\" sizes=\"(max-width: 500px) 100vw, 500px\" \/><\/span>\n                    <a class='portfolio_link_class' href='https:\/\/www.a-emotionallight.com\/es\/portfolio_page\/onn-mini\/' target='_self'><\/a>\n\t\t\n        <div class=\"text_holder\">\n\t<h4 class=\"portfolio_title\" > Onn Mini<\/h4><span class=\"excerpt search_hidden\">\n\t\u00b7 \t\t\tRef. ON04-1  \u00b7 Ref. ON04-01-LD (LED)  | Onn es una colecci\u00f3n de l\u00e1mparas realizadas en malla de acero inoxidable pintada. Evocan el mundo marino; conchas, algas, corales surgen con fuerza llenos de dinamismo y vitalidad. Ideales para paredes, mesas y techos permiten generar interesantes composiciones a trav\u00e9s de sus inusuales formas  |  \u00b7 colecci\u00f3n onn  \u00b7 L\u00e1mparas colgantes  \u00b7 LED<\/span>\n\n\t\t\n<\/div>\n\n\n    <\/div>\n<\/article>\n<article class=\"mix portfolio_category_89 portfolio_category_25 portfolio_category_32\">\n    <div class='image_holder overlapping_title_hover'>\n        \n<span class='image'><img loading=\"lazy\" decoding=\"async\" width=\"548\" height=\"498\" src=\"https:\/\/www.a-emotionallight.com\/wp-content\/uploads\/2020\/02\/ON04-1_thumb.gif\" class=\"attachment-portfolio-default size-portfolio-default wp-post-image\" alt=\"\" \/><\/span>\n                    <a class='portfolio_link_class' href='https:\/\/www.a-emotionallight.com\/es\/portfolio_page\/onn-pequena\/' target='_self'><\/a>\n\t\t\n        <div class=\"text_holder\">\n\t<h4 class=\"portfolio_title\" > Onn Peque\u00f1a<\/h4><span class=\"excerpt search_hidden\">\n\t\u00b7 \t\t\tRef. ON04-1  \u00b7 Ref. ON04-01-LD (LED)  | Onn es una colecci\u00f3n de l\u00e1mparas realizadas en malla de acero inoxidable pintada. Evocan el mundo marino; conchas, algas, corales surgen con fuerza llenos de dinamismo y vitalidad. Ideales para paredes, mesas y techos permiten generar interesantes composiciones a trav\u00e9s de sus inusuales formas  |  \u00b7 colecci\u00f3n onn  \u00b7 L\u00e1mparas colgantes  \u00b7 LED<\/span>\n\n\t\t\n<\/div>\n\n\n    <\/div>\n<\/article>\n\t\t\t\t<div class='filler'><\/div>\n\t\t\t\t\t\t\t<div class='filler'><\/div>\n\t\t\t\t\t\t\t<div class='filler'><\/div>\n\t\t\t<\/div>\n    <\/div>\n[\/vc_column][\/vc_row]<\/p>\n<\/section>","protected":false},"excerpt":{"rendered":"<p>[vc_row row_type=\u00bbrow\u00bb use_row_as_full_screen_section=\u00bbno\u00bb type=\u00bbfull_width\u00bb text_align=\u00bbleft\u00bb background_animation=\u00bbnone\u00bb css_animation=\u00bb\u00bb][vc_column el_class=\u00bbgeogrotesque_title background_dark\u00bb][vc_column_text el_class=\u00bbtitle_collection\u00bb] COLECCI\u00d3N ONN [\/vc_column_text][\/vc_column][\/vc_row][vc_row row_type=\u00bbrow\u00bb use_row_as_full_screen_section=\u00bbno\u00bb type=\u00bbfull_width\u00bb text_align=\u00bbleft\u00bb background_animation=\u00bbnone\u00bb css_animation=\u00bb\u00bb][vc_column][vc_column_text css=\u00bb.vc_custom_1624428907011{padding-top: 40px !important;padding-bottom: 40px !important;padding-left: 40px !important;}\u00bb] \u2190 TODAS LAS L\u00c1MPARAS [\/vc_column_text][\/vc_column][\/vc_row][vc_row row_type=\u00bbrow\u00bb use_row_as_full_screen_section=\u00bbno\u00bb type=\u00bbfull_width\u00bb text_align=\u00bbleft\u00bb background_animation=\u00bbnone\u00bb css_animation=\u00bb\u00bb][vc_column][\/vc_column][\/vc_row]<\/p>\n","protected":false},"author":1,"featured_media":0,"parent":0,"menu_order":0,"comment_status":"closed","ping_status":"closed","template":"full_width.php","meta":{"inline_featured_image":false,"footnotes":""},"aioseo_notices":[],"_links":{"self":[{"href":"https:\/\/www.a-emotionallight.com\/es\/wp-json\/wp\/v2\/pages\/35072"}],"collection":[{"href":"https:\/\/www.a-emotionallight.com\/es\/wp-json\/wp\/v2\/pages"}],"about":[{"href":"https:\/\/www.a-emotionallight.com\/es\/wp-json\/wp\/v2\/types\/page"}],"author":[{"embeddable":true,"href":"https:\/\/www.a-emotionallight.com\/es\/wp-json\/wp\/v2\/users\/1"}],"replies":[{"embeddable":true,"href":"https:\/\/www.a-emotionallight.com\/es\/wp-json\/wp\/v2\/comments?post=35072"}],"version-history":[{"count":6,"href":"https:\/\/www.a-emotionallight.com\/es\/wp-json\/wp\/v2\/pages\/35072\/revisions"}],"predecessor-version":[{"id":47651,"href":"https:\/\/www.a-emotionallight.com\/es\/wp-json\/wp\/v2\/pages\/35072\/revisions\/47651"}],"wp:attachment":[{"href":"https:\/\/www.a-emotionallight.com\/es\/wp-json\/wp\/v2\/media?parent=35072"}],"curies":[{"name":"wp","href":"https:\/\/api.w.org\/{rel}","templated":true}]}}