{"id":36413,"date":"2019-04-03T09:57:32","date_gmt":"2019-04-03T09:57:32","guid":{"rendered":"https:\/\/www.a-emotionallight.com\/?page_id=36413"},"modified":"2022-12-31T15:38:46","modified_gmt":"2022-12-31T15:38:46","slug":"coleccion-aimei","status":"publish","type":"page","link":"https:\/\/www.a-emotionallight.com\/es\/coleccion-aimei\/","title":{"rendered":"colecci\u00f3n aimei"},"content":{"rendered":"<section class=\"wpb-content-wrapper\"><p>[vc_row row_type=\u00bbrow\u00bb use_row_as_full_screen_section=\u00bbno\u00bb type=\u00bbfull_width\u00bb text_align=\u00bbleft\u00bb background_animation=\u00bbnone\u00bb css_animation=\u00bb\u00bb][vc_column el_class=\u00bbgeogrotesque_title background_dark\u00bb][vc_column_text el_class=\u00bbtitle_collection\u00bb]<\/p>\n<h2 style=\"text-align: center; padding-bottom: 0px;\">COLECCI\u00d3N AIMEI<\/h2>\n<p>[\/vc_column_text][\/vc_column][\/vc_row][vc_row row_type=\u00bbrow\u00bb use_row_as_full_screen_section=\u00bbno\u00bb type=\u00bbfull_width\u00bb text_align=\u00bbleft\u00bb background_animation=\u00bbnone\u00bb css_animation=\u00bb\u00bb][vc_column][vc_column_text css=\u00bb.vc_custom_1624367726308{padding-top: 40px !important;padding-bottom: 40px !important;padding-left: 40px !important;}\u00bb]<\/p>\n<h2 class=\"button_back_all_lamps\" style=\"text-align: left; text-decoration: none;\"><a href=\"https:\/\/www.a-emotionallight.com\/es\/lamparas\/\">\u2190 TODAS LAS L\u00c1MPARAS<\/a><\/h2>\n<p>[\/vc_column_text][\/vc_column][\/vc_row][vc_row row_type=\u00bbrow\u00bb use_row_as_full_screen_section=\u00bbno\u00bb type=\u00bbfull_width\u00bb text_align=\u00bbleft\u00bb background_animation=\u00bbnone\u00bb css_animation=\u00bb\u00bb][vc_column]<div class='projects_holder_outer v3 portfolio_with_space portfolio_with_hover_text  qode-filter-position-top'>\n\n<div class='projects_holder clearfix v3 hover_text portfolio_default_image '>\n\n<article class=\"mix portfolio_category_102 portfolio_category_25 portfolio_category_32\">\n    <div class='image_holder overlapping_title_hover'>\n        \n<span class='image'><img loading=\"lazy\" decoding=\"async\" width=\"548\" height=\"498\" src=\"https:\/\/www.a-emotionallight.com\/wp-content\/uploads\/2021\/01\/AI04_thumb.gif\" class=\"attachment-portfolio-default size-portfolio-default wp-post-image\" alt=\"\" \/><\/span>\n                    <a class='portfolio_link_class' href='https:\/\/www.a-emotionallight.com\/es\/portfolio_page\/aimei\/' target='_self'><\/a>\n\t\t\n        <div class=\"text_holder\">\n\t<h4 class=\"portfolio_title\" > Aimei<\/h4><span class=\"excerpt search_hidden\">\n\t\u00b7 \t\t\tRef. AI04  | Aimei, inspirada por el espinazo del universo at\u00e1vico y ancestral. Respira desde sus costillas, abri\u00e9ndose, cerr\u00e1ndose, latiendo con fuerza. En su interior protegido, asoma el coraz\u00f3n del universo, donde se oculta la luz primigenia y la vida  |  \u00b7 colecci\u00f3n aimei  \u00b7 L\u00e1mparas colgantes  \u00b7 Novedades<\/span>\n\n\t\t\n<\/div>\n\n\n    <\/div>\n<\/article>\n\t\t\t\t<div class='filler'><\/div>\n\t\t\t\t\t\t\t<div class='filler'><\/div>\n\t\t\t\t\t\t\t<div class='filler'><\/div>\n\t\t\t<\/div>\n    <\/div>\n[\/vc_column][\/vc_row]<\/p>\n<\/section>","protected":false},"excerpt":{"rendered":"<p>[vc_row row_type=\u00bbrow\u00bb use_row_as_full_screen_section=\u00bbno\u00bb type=\u00bbfull_width\u00bb text_align=\u00bbleft\u00bb background_animation=\u00bbnone\u00bb css_animation=\u00bb\u00bb][vc_column el_class=\u00bbgeogrotesque_title background_dark\u00bb][vc_column_text el_class=\u00bbtitle_collection\u00bb] COLECCI\u00d3N AIMEI [\/vc_column_text][\/vc_column][\/vc_row][vc_row row_type=\u00bbrow\u00bb use_row_as_full_screen_section=\u00bbno\u00bb type=\u00bbfull_width\u00bb text_align=\u00bbleft\u00bb background_animation=\u00bbnone\u00bb css_animation=\u00bb\u00bb][vc_column][vc_column_text css=\u00bb.vc_custom_1624367726308{padding-top: 40px !important;padding-bottom: 40px !important;padding-left: 40px !important;}\u00bb] \u2190 TODAS LAS L\u00c1MPARAS [\/vc_column_text][\/vc_column][\/vc_row][vc_row row_type=\u00bbrow\u00bb use_row_as_full_screen_section=\u00bbno\u00bb type=\u00bbfull_width\u00bb text_align=\u00bbleft\u00bb background_animation=\u00bbnone\u00bb css_animation=\u00bb\u00bb][vc_column][\/vc_column][\/vc_row]<\/p>\n","protected":false},"author":1,"featured_media":41327,"parent":0,"menu_order":0,"comment_status":"closed","ping_status":"closed","template":"full_width.php","meta":{"inline_featured_image":false,"footnotes":""},"aioseo_notices":[],"_links":{"self":[{"href":"https:\/\/www.a-emotionallight.com\/es\/wp-json\/wp\/v2\/pages\/36413"}],"collection":[{"href":"https:\/\/www.a-emotionallight.com\/es\/wp-json\/wp\/v2\/pages"}],"about":[{"href":"https:\/\/www.a-emotionallight.com\/es\/wp-json\/wp\/v2\/types\/page"}],"author":[{"embeddable":true,"href":"https:\/\/www.a-emotionallight.com\/es\/wp-json\/wp\/v2\/users\/1"}],"replies":[{"embeddable":true,"href":"https:\/\/www.a-emotionallight.com\/es\/wp-json\/wp\/v2\/comments?post=36413"}],"version-history":[{"count":4,"href":"https:\/\/www.a-emotionallight.com\/es\/wp-json\/wp\/v2\/pages\/36413\/revisions"}],"predecessor-version":[{"id":47633,"href":"https:\/\/www.a-emotionallight.com\/es\/wp-json\/wp\/v2\/pages\/36413\/revisions\/47633"}],"wp:featuredmedia":[{"embeddable":true,"href":"https:\/\/www.a-emotionallight.com\/es\/wp-json\/wp\/v2\/media\/41327"}],"wp:attachment":[{"href":"https:\/\/www.a-emotionallight.com\/es\/wp-json\/wp\/v2\/media?parent=36413"}],"curies":[{"name":"wp","href":"https:\/\/api.w.org\/{rel}","templated":true}]}}