{"id":41860,"date":"2021-01-25T12:56:12","date_gmt":"2021-01-25T12:56:12","guid":{"rendered":"https:\/\/www.a-emotionallight.com\/?page_id=41860"},"modified":"2021-11-23T12:37:07","modified_gmt":"2021-11-23T12:37:07","slug":"lamparas-de-exterior","status":"publish","type":"page","link":"https:\/\/www.a-emotionallight.com\/es\/lamparas-de-exterior\/","title":{"rendered":"exterior"},"content":{"rendered":"<section class=\"wpb-content-wrapper\"><p>[vc_row row_type=\u00bbrow\u00bb use_row_as_full_screen_section=\u00bbno\u00bb type=\u00bbfull_width\u00bb text_align=\u00bbleft\u00bb background_animation=\u00bbnone\u00bb css_animation=\u00bb\u00bb][vc_column el_class=\u00bbgeogrotesque_title background_dark\u00bb][vc_column_text el_class=\u00bbtitle_collection\u00bb]<\/p>\n<h2 style=\"text-align: center; padding-bottom: 0px;\">ILUMINACI\u00d3N DE EXTERIOR<\/h2>\n<p>[\/vc_column_text][\/vc_column][\/vc_row][vc_row row_type=\u00bbrow\u00bb use_row_as_full_screen_section=\u00bbno\u00bb type=\u00bbfull_width\u00bb text_align=\u00bbleft\u00bb background_animation=\u00bbnone\u00bb css_animation=\u00bb\u00bb][vc_column][vc_column_text css=\u00bb.vc_custom_1624258481942{padding-top: 40px !important;padding-bottom: 40px !important;padding-left: 40px !important;}\u00bb]<\/p>\n<h2 class=\"button_back_all_lamps\" style=\"text-align: left; text-decoration: none;\"><a title=\"l\u00e1mparas\" href=\"https:\/\/www.a-emotionallight.com\/es\/lamparas\/\">\u2190 TODAS LAS L\u00c1MPARAS<\/a><\/h2>\n<p>[\/vc_column_text][\/vc_column][\/vc_row][vc_row row_type=\u00bbrow\u00bb use_row_as_full_screen_section=\u00bbno\u00bb type=\u00bbfull_width\u00bb text_align=\u00bbleft\u00bb background_animation=\u00bbnone\u00bb css_animation=\u00bb\u00bb][vc_column]<div class='projects_holder_outer v3 portfolio_with_space portfolio_with_hover_text  qode-filter-position-top'>\n\n<div class='projects_holder clearfix v3 hover_text portfolio_default_image '>\n\n<article class=\"mix portfolio_category_83 portfolio_category_120 portfolio_category_25\">\n    <div class='image_holder overlapping_title_hover'>\n        \n<span class='image'><img loading=\"lazy\" decoding=\"async\" width=\"548\" height=\"498\" src=\"https:\/\/www.a-emotionallight.com\/wp-content\/uploads\/2021\/01\/abyarturoalvarez_gea_outdoor_thumb.jpg\" class=\"attachment-portfolio-default size-portfolio-default wp-post-image\" alt=\"Gea outdoor lamp ip64\" \/><\/span>\n                    <a class='portfolio_link_class' href='https:\/\/www.a-emotionallight.com\/es\/portfolio_page\/gea-exterior\/' target='_self'><\/a>\n\t\t\n        <div class=\"text_holder\">\n\t<h4 class=\"portfolio_title\" > Gea Exterior<\/h4><span class=\"excerpt search_hidden\">\n\t\u00b7 \t\t\tRef. GE04  \u00b7 Ref. GE04-LD (LED)  | La colecci\u00f3n Gea toma nombre de la diosa primigenia, la madre tierra. Las estilizadas luminarias que la componen semejan figuras femeninas erguidas que desaf\u00edan la verticalidad, envueltas en un velo acanalado de malla de acero inoxidable pintada que se ci\u00f1e a sus sutiles curvas mediante una cremallera. Emite una luz suave y envolvente, que se reparte de forma uniforme por toda la estructura. La pieza principal de la colecci\u00f3n, que obtuvo un Good Design Award en 2007, es la l\u00e1mpara de pie, un elegante volumen escult\u00f3rico que se integra en cualquier ambiente aportando una nota de distinci\u00f3n a la estancia  |  \u00b7 colecci\u00f3n gea  \u00b7 L\u00e1mparas colgantes  \u00b7 LED \u00b7 exterior<\/span>\n\n\t\t\n<\/div>\n\n\n    <\/div>\n<\/article>\n<article class=\"mix portfolio_category_115 portfolio_category_120 portfolio_category_108 portfolio_category_107 portfolio_category_26 portfolio_category_32\">\n    <div class='image_holder overlapping_title_hover'>\n        \n<span class='image'><img loading=\"lazy\" decoding=\"async\" width=\"548\" height=\"498\" src=\"https:\/\/www.a-emotionallight.com\/wp-content\/uploads\/2020\/02\/hi01_thumbnail.jpg\" class=\"attachment-portfolio-default size-portfolio-default wp-post-image\" alt=\"\" \/><\/span>\n                    <a class='portfolio_link_class' href='https:\/\/www.a-emotionallight.com\/es\/portfolio_page\/hipatia\/' target='_self'><\/a>\n\t\t\n        <div class=\"text_holder\">\n\t<h4 class=\"portfolio_title\" > Hipatia<\/h4><span class=\"excerpt search_hidden\">\n\t\u00b7 \t\t\tRef. HI01 | Hipatia fue una fil\u00f3sofa y maestra neoplat\u00f3nica griega, natural de Egipto, que destac\u00f3 en los campos de las matem\u00e1ticas y la astronom\u00eda, a comienzos del siglo V. Se la considera una de las precursoras de la ciencia actual.  |  \u00b7 colecci\u00f3n hipatia  \u00b7 L\u00e1mparas port\u00e1til  \u00b7 LED \u00b7 exterior<\/span>\n\n\t\t\n<\/div>\n\n\n    <\/div>\n<\/article>\n<article class=\"mix portfolio_category_118 portfolio_category_120 portfolio_category_25\">\n    <div class='image_holder overlapping_title_hover'>\n        \n<span class='image'><img loading=\"lazy\" decoding=\"async\" width=\"548\" height=\"498\" src=\"https:\/\/www.a-emotionallight.com\/wp-content\/uploads\/2021\/01\/vg04a-ext_thumb-1.jpg\" class=\"attachment-portfolio-default size-portfolio-default wp-post-image\" alt=\"\" \/><\/span>\n                    <a class='portfolio_link_class' href='https:\/\/www.a-emotionallight.com\/es\/portfolio_page\/virginia-grande-exterior\/' target='_self'><\/a>\n\t\t\n        <div class=\"text_holder\">\n\t<h4 class=\"portfolio_title\" > Virginia Grande Exterior<\/h4><span class=\"excerpt search_hidden\">\n\t\u00b7 \t\t\tRef. VG04A  \u00b7 Ref. VG04A-LD (LED)  | Onn es una colecci\u00f3n de l\u00e1mparas realizadas en malla de acero inoxidable pintada. Evocan el mundo marino; conchas, algas, corales surgen con fuerza llenos de dinamismo y vitalidad. Ideales para paredes, mesas y techos permiten generar interesantes composiciones a trav\u00e9s de sus inusuales formas  |  \u00b7 colecci\u00f3n virginia  \u00b7 L\u00e1mparas colgantes  \u00b7 LED \u00b7 Novedades \u00b7 exterior<\/span>\n\n\t\t\n<\/div>\n\n\n    <\/div>\n<\/article>\n<article class=\"mix portfolio_category_118 portfolio_category_120 portfolio_category_25\">\n    <div class='image_holder overlapping_title_hover'>\n        \n<span class='image'><img loading=\"lazy\" decoding=\"async\" width=\"548\" height=\"498\" src=\"https:\/\/www.a-emotionallight.com\/wp-content\/uploads\/2021\/01\/abyarturoalvarez_virginiasmall_outdoor_thumb.jpg\" class=\"attachment-portfolio-default size-portfolio-default wp-post-image\" alt=\"Virginia outdoor lamp ip64\" \/><\/span>\n                    <a class='portfolio_link_class' href='https:\/\/www.a-emotionallight.com\/es\/portfolio_page\/virginia-pequena-exterior\/' target='_self'><\/a>\n\t\t\n        <div class=\"text_holder\">\n\t<h4 class=\"portfolio_title\" > Virginia Peque\u00f1a Exterior<\/h4><span class=\"excerpt search_hidden\">\n\t\u00b7 \t\t\tRef. VG04B \u00b7 Ref. VG04B-LD (LED)  | Hace referencia a Virginia Woolf, fue una escritora brit\u00e1nica, considerada una de las m\u00e1s destacadas figuras del vanguardista modernismo anglosaj\u00f3n del siglo XX y del feminismo internacional poniendo de relieve las dificultades de las mujeres.\u200b  |  \u00b7 colecci\u00f3n virginia  \u00b7 L\u00e1mparas colgantes  \u00b7 LED \u00b7 Nuevo  \u00b7 Novedades \u00b7 exterior<\/span>\n\n\t\t\n<\/div>\n\n\n    <\/div>\n<\/article>\n\t\t\t\t<div class='filler'><\/div>\n\t\t\t\t\t\t\t<div class='filler'><\/div>\n\t\t\t\t\t\t\t<div class='filler'><\/div>\n\t\t\t<\/div>\n    <\/div>\n[\/vc_column][\/vc_row]<\/p>\n<\/section>","protected":false},"excerpt":{"rendered":"<p>[vc_row row_type=\u00bbrow\u00bb use_row_as_full_screen_section=\u00bbno\u00bb type=\u00bbfull_width\u00bb text_align=\u00bbleft\u00bb background_animation=\u00bbnone\u00bb css_animation=\u00bb\u00bb][vc_column el_class=\u00bbgeogrotesque_title background_dark\u00bb][vc_column_text el_class=\u00bbtitle_collection\u00bb] ILUMINACI\u00d3N DE EXTERIOR [\/vc_column_text][\/vc_column][\/vc_row][vc_row row_type=\u00bbrow\u00bb use_row_as_full_screen_section=\u00bbno\u00bb type=\u00bbfull_width\u00bb text_align=\u00bbleft\u00bb background_animation=\u00bbnone\u00bb css_animation=\u00bb\u00bb][vc_column][vc_column_text css=\u00bb.vc_custom_1624258481942{padding-top: 40px !important;padding-bottom: 40px !important;padding-left: 40px !important;}\u00bb] \u2190 TODAS LAS L\u00c1MPARAS [\/vc_column_text][\/vc_column][\/vc_row][vc_row row_type=\u00bbrow\u00bb use_row_as_full_screen_section=\u00bbno\u00bb type=\u00bbfull_width\u00bb text_align=\u00bbleft\u00bb background_animation=\u00bbnone\u00bb css_animation=\u00bb\u00bb][vc_column][\/vc_column][\/vc_row]<\/p>\n","protected":false},"author":2,"featured_media":0,"parent":0,"menu_order":0,"comment_status":"closed","ping_status":"closed","template":"full_width.php","meta":{"inline_featured_image":false,"footnotes":""},"aioseo_notices":[],"_links":{"self":[{"href":"https:\/\/www.a-emotionallight.com\/es\/wp-json\/wp\/v2\/pages\/41860"}],"collection":[{"href":"https:\/\/www.a-emotionallight.com\/es\/wp-json\/wp\/v2\/pages"}],"about":[{"href":"https:\/\/www.a-emotionallight.com\/es\/wp-json\/wp\/v2\/types\/page"}],"author":[{"embeddable":true,"href":"https:\/\/www.a-emotionallight.com\/es\/wp-json\/wp\/v2\/users\/2"}],"replies":[{"embeddable":true,"href":"https:\/\/www.a-emotionallight.com\/es\/wp-json\/wp\/v2\/comments?post=41860"}],"version-history":[{"count":7,"href":"https:\/\/www.a-emotionallight.com\/es\/wp-json\/wp\/v2\/pages\/41860\/revisions"}],"predecessor-version":[{"id":47663,"href":"https:\/\/www.a-emotionallight.com\/es\/wp-json\/wp\/v2\/pages\/41860\/revisions\/47663"}],"wp:attachment":[{"href":"https:\/\/www.a-emotionallight.com\/es\/wp-json\/wp\/v2\/media?parent=41860"}],"curies":[{"name":"wp","href":"https:\/\/api.w.org\/{rel}","templated":true}]}}