{"id":42218,"date":"2021-04-06T10:02:26","date_gmt":"2021-04-06T10:02:26","guid":{"rendered":"https:\/\/www.a-emotionallight.com\/?page_id=42218"},"modified":"2023-04-18T11:42:12","modified_gmt":"2023-04-18T11:42:12","slug":"coleccion-agasallo","status":"publish","type":"page","link":"https:\/\/www.a-emotionallight.com\/es\/coleccion-agasallo\/","title":{"rendered":"colecci\u00f3n agasallo"},"content":{"rendered":"<section class=\"wpb-content-wrapper\"><p>[vc_row row_type=\u00bbrow\u00bb use_row_as_full_screen_section=\u00bbno\u00bb type=\u00bbfull_width\u00bb text_align=\u00bbleft\u00bb background_animation=\u00bbnone\u00bb css_animation=\u00bb\u00bb][vc_column el_class=\u00bbgeogrotesque_title background_dark\u00bb][vc_column_text el_class=\u00bbtitle_collection\u00bb]<\/p>\n<h2 style=\"text-align: center; padding-bottom: 0px;\">COLECCI\u00d3N AGASALLO<\/h2>\n<p>[\/vc_column_text][\/vc_column][\/vc_row][vc_row row_type=\u00bbrow\u00bb use_row_as_full_screen_section=\u00bbno\u00bb type=\u00bbfull_width\u00bb text_align=\u00bbleft\u00bb background_animation=\u00bbnone\u00bb css_animation=\u00bb\u00bb][vc_column][vc_column_text css=\u00bb.vc_custom_1624367697745{padding-top: 40px !important;padding-bottom: 40px !important;padding-left: 40px !important;}\u00bb]<\/p>\n<h2 class=\"button_back_all_lamps\" style=\"text-align: left; text-decoration: none;\"><a href=\"https:\/\/www.a-emotionallight.com\/es\/lamparas\/\">\u2190 TODAS LAS L\u00c1MPARAS<\/a><\/h2>\n<p>[\/vc_column_text][\/vc_column][\/vc_row][vc_row row_type=\u00bbrow\u00bb use_row_as_full_screen_section=\u00bbno\u00bb type=\u00bbfull_width\u00bb text_align=\u00bbleft\u00bb background_animation=\u00bbnone\u00bb css_animation=\u00bb\u00bb][vc_column]<div class='projects_holder_outer v3 portfolio_with_space portfolio_with_hover_text  qode-filter-position-top'>\n\n<div class='projects_holder clearfix v3 hover_text portfolio_default_image '>\n\n<article class=\"mix portfolio_category_202 portfolio_category_124 portfolio_category_26 portfolio_category_33 portfolio_category_27\">\n    <div class='image_holder overlapping_title_hover'>\n        \n<span class='image'><img loading=\"lazy\" decoding=\"async\" width=\"550\" height=\"498\" src=\"https:\/\/www.a-emotionallight.com\/wp-content\/uploads\/2025\/04\/AG01-SQ-ON-550x498.jpg\" class=\"attachment-portfolio-default size-portfolio-default wp-post-image\" alt=\"\" srcset=\"https:\/\/www.a-emotionallight.com\/wp-content\/uploads\/2025\/04\/AG01-SQ-ON-550x498.jpg 550w, https:\/\/www.a-emotionallight.com\/wp-content\/uploads\/2025\/04\/AG01-SQ-ON-480x434.jpg 480w, https:\/\/www.a-emotionallight.com\/wp-content\/uploads\/2025\/04\/AG01-SQ-ON-125x112.jpg 125w\" sizes=\"(max-width: 550px) 100vw, 550px\" \/><\/span>\n                    <a class='portfolio_link_class' href='https:\/\/www.a-emotionallight.com\/es\/portfolio_page\/agasallo-ag01\/' target='_self'><\/a>\n\t\t\n        <div class=\"text_holder\">\n\t<h4 class=\"portfolio_title\" > Agasallo AG01<\/h4><span class=\"excerpt search_hidden\">\n\tAgasallo, which means \u201cgift\u201d in Galician, is H\u00e9ctor Serrano\u2019s new collection. Its shapes and its hand painted generate unique light effects that are projected into the space creating a unique atmosphere. Available in four pendant sizes that can be combined at different heights creating multiple compositions. Agasallo 3, with a diameter of 30cm, is one of the most voluminous pendant lamps in the collection. Its shapes and hand-painted in Spain generate unique light effects that are projected in space.<\/span>\n\n\t\t\n<\/div>\n\n\n    <\/div>\n<\/article>\n<article class=\"mix portfolio_category_202 portfolio_category_124 portfolio_category_26 portfolio_category_33 portfolio_category_27\">\n    <div class='image_holder overlapping_title_hover'>\n        \n<span class='image'><img loading=\"lazy\" decoding=\"async\" width=\"550\" height=\"498\" src=\"https:\/\/www.a-emotionallight.com\/wp-content\/uploads\/2025\/04\/AG02-SQ-ONN-550x498.jpg\" class=\"attachment-portfolio-default size-portfolio-default wp-post-image\" alt=\"\" srcset=\"https:\/\/www.a-emotionallight.com\/wp-content\/uploads\/2025\/04\/AG02-SQ-ONN-550x498.jpg 550w, https:\/\/www.a-emotionallight.com\/wp-content\/uploads\/2025\/04\/AG02-SQ-ONN-480x434.jpg 480w, https:\/\/www.a-emotionallight.com\/wp-content\/uploads\/2025\/04\/AG02-SQ-ONN-125x112.jpg 125w\" sizes=\"(max-width: 550px) 100vw, 550px\" \/><\/span>\n                    <a class='portfolio_link_class' href='https:\/\/www.a-emotionallight.com\/es\/portfolio_page\/agasallo-ag02\/' target='_self'><\/a>\n\t\t\n        <div class=\"text_holder\">\n\t<h4 class=\"portfolio_title\" > Agasallo AG02<\/h4><span class=\"excerpt search_hidden\">\n\tAgasallo, which means \u201cgift\u201d in Galician, is H\u00e9ctor Serrano\u2019s new collection. Its shapes and its hand painted generate unique light effects that are projected into the space creating a unique atmosphere. Available in four pendant sizes that can be combined at different heights creating multiple compositions. Agasallo 3, with a diameter of 30cm, is one of the most voluminous pendant lamps in the collection. Its shapes and hand-painted in Spain generate unique light effects that are projected in space.<\/span>\n\n\t\t\n<\/div>\n\n\n    <\/div>\n<\/article>\n<article class=\"mix portfolio_category_202 portfolio_category_124 portfolio_category_26 portfolio_category_33 portfolio_category_27\">\n    <div class='image_holder overlapping_title_hover'>\n        \n<span class='image'><img loading=\"lazy\" decoding=\"async\" width=\"550\" height=\"498\" src=\"https:\/\/www.a-emotionallight.com\/wp-content\/uploads\/2025\/04\/AG02G-SQ-ONN-550x498.jpg\" class=\"attachment-portfolio-default size-portfolio-default wp-post-image\" alt=\"\" srcset=\"https:\/\/www.a-emotionallight.com\/wp-content\/uploads\/2025\/04\/AG02G-SQ-ONN-550x498.jpg 550w, https:\/\/www.a-emotionallight.com\/wp-content\/uploads\/2025\/04\/AG02G-SQ-ONN-480x434.jpg 480w, https:\/\/www.a-emotionallight.com\/wp-content\/uploads\/2025\/04\/AG02G-SQ-ONN-125x112.jpg 125w\" sizes=\"(max-width: 550px) 100vw, 550px\" \/><\/span>\n                    <a class='portfolio_link_class' href='https:\/\/www.a-emotionallight.com\/es\/portfolio_page\/agasallo-ag02g\/' target='_self'><\/a>\n\t\t\n        <div class=\"text_holder\">\n\t<h4 class=\"portfolio_title\" > Agasallo AG02G<\/h4><span class=\"excerpt search_hidden\">\n\tAgasallo, which means \u201cgift\u201d in Galician, is H\u00e9ctor Serrano\u2019s new collection. Its shapes and its hand painted generate unique light effects that are projected into the space creating a unique atmosphere. Available in four pendant sizes that can be combined at different heights creating multiple compositions. Agasallo 3, with a diameter of 30cm, is one of the most voluminous pendant lamps in the collection. Its shapes and hand-painted in Spain generate unique light effects that are projected in space.<\/span>\n\n\t\t\n<\/div>\n\n\n    <\/div>\n<\/article>\n<article class=\"mix portfolio_category_202 portfolio_category_124 portfolio_category_26 portfolio_category_33 portfolio_category_27\">\n    <div class='image_holder overlapping_title_hover'>\n        \n<span class='image'><img loading=\"lazy\" decoding=\"async\" width=\"550\" height=\"498\" src=\"https:\/\/www.a-emotionallight.com\/wp-content\/uploads\/2025\/04\/AG03-SQ-ONN-550x498.jpg\" class=\"attachment-portfolio-default size-portfolio-default wp-post-image\" alt=\"\" srcset=\"https:\/\/www.a-emotionallight.com\/wp-content\/uploads\/2025\/04\/AG03-SQ-ONN-550x498.jpg 550w, https:\/\/www.a-emotionallight.com\/wp-content\/uploads\/2025\/04\/AG03-SQ-ONN-480x434.jpg 480w, https:\/\/www.a-emotionallight.com\/wp-content\/uploads\/2025\/04\/AG03-SQ-ONN-125x112.jpg 125w\" sizes=\"(max-width: 550px) 100vw, 550px\" \/><\/span>\n                    <a class='portfolio_link_class' href='https:\/\/www.a-emotionallight.com\/es\/portfolio_page\/agasallo-ag03\/' target='_self'><\/a>\n\t\t\n        <div class=\"text_holder\">\n\t<h4 class=\"portfolio_title\" > Agasallo AG03<\/h4><span class=\"excerpt search_hidden\">\n\tAgasallo, which means \u201cgift\u201d in Galician, is H\u00e9ctor Serrano\u2019s new collection. Its shapes and its hand painted generate unique light effects that are projected into the space creating a unique atmosphere. Available in four pendant sizes that can be combined at different heights creating multiple compositions. Agasallo 3, with a diameter of 30cm, is one of the most voluminous pendant lamps in the collection. Its shapes and hand-painted in Spain generate unique light effects that are projected in space.<\/span>\n\n\t\t\n<\/div>\n\n\n    <\/div>\n<\/article>\n<article class=\"mix portfolio_category_124 portfolio_category_25 portfolio_category_27\">\n    <div class='image_holder overlapping_title_hover'>\n        \n<span class='image'><img loading=\"lazy\" decoding=\"async\" width=\"550\" height=\"498\" src=\"https:\/\/www.a-emotionallight.com\/wp-content\/uploads\/2024\/07\/a-emotional-light-agasallo-AG04-4-P-01-1-550x498.jpg\" class=\"attachment-portfolio-default size-portfolio-default wp-post-image\" alt=\"\" srcset=\"https:\/\/www.a-emotionallight.com\/wp-content\/uploads\/2024\/07\/a-emotional-light-agasallo-AG04-4-P-01-1-550x498.jpg 550w, https:\/\/www.a-emotionallight.com\/wp-content\/uploads\/2024\/07\/a-emotional-light-agasallo-AG04-4-P-01-1-480x434.jpg 480w, https:\/\/www.a-emotionallight.com\/wp-content\/uploads\/2024\/07\/a-emotional-light-agasallo-AG04-4-P-01-1-125x112.jpg 125w\" sizes=\"(max-width: 550px) 100vw, 550px\" \/><\/span>\n                    <a class='portfolio_link_class' href='https:\/\/www.a-emotionallight.com\/es\/portfolio_page\/agasallo-ag04-4-p\/' target='_self'><\/a>\n\t\t\n        <div class=\"text_holder\">\n\t<h4 class=\"portfolio_title\" > Agasallo AG04-4-P<\/h4><span class=\"excerpt search_hidden\">\n\tAgasallo, which means \u201cgift\u201d in Galician, is H\u00e9ctor Serrano\u2019s new collection. Its shapes and its hand painted generate unique light effects that are projected into the space creating a unique atmosphere. Available in four pendant sizes that can be combined at different heights creating multiple compositions. Agasallo 3, with a diameter of 30cm, is one of the most voluminous pendant lamps in the collection. Its shapes and hand-painted in Spain generate unique light effects that are projected in space.<\/span>\n\n\t\t\n<\/div>\n\n\n    <\/div>\n<\/article>\n<article class=\"mix portfolio_category_124 portfolio_category_25 portfolio_category_27\">\n    <div class='image_holder overlapping_title_hover'>\n        \n<span class='image'><img loading=\"lazy\" decoding=\"async\" width=\"500\" height=\"498\" src=\"https:\/\/www.a-emotionallight.com\/wp-content\/uploads\/2023\/03\/a-emotional-light-AG104-agasallo-thumb-web-1-500x498.jpg\" class=\"attachment-portfolio-default size-portfolio-default wp-post-image\" alt=\"\" srcset=\"https:\/\/www.a-emotionallight.com\/wp-content\/uploads\/2023\/03\/a-emotional-light-AG104-agasallo-thumb-web-1-500x498.jpg 500w, https:\/\/www.a-emotionallight.com\/wp-content\/uploads\/2023\/03\/a-emotional-light-AG104-agasallo-thumb-web-1-300x300.jpg 300w\" sizes=\"(max-width: 500px) 100vw, 500px\" \/><\/span>\n                    <a class='portfolio_link_class' href='https:\/\/www.a-emotionallight.com\/es\/portfolio_page\/agasallo-ag104\/' target='_self'><\/a>\n\t\t\n        <div class=\"text_holder\">\n\t<h4 class=\"portfolio_title\" > AGASALLO AG104<\/h4><span class=\"excerpt search_hidden\">\n\tAgasallo, que significa \u201cregalo\u201d en gallego es la nueva colecci\u00f3n de H\u00e9ctor Serrano. Sus formas y su pintado a mano generan efectos de luz \u00fanicos que se proyectan en el espacio creando una atm\u00f3sfera singular. Disponible en cuatro medidas de colgante que se pueden combinar a diferentes alturas creando m\u00faltiples composiciones. Agasallo, es una de las l\u00e1mparas colgantes m\u00e1s voluminosa de la colecci\u00f3n. Sus formas y su pintado a mano en Espa\u00f1a generan efectos de luz \u00fanicos que se proyectan en el espacio.<\/span>\n\n\t\t\n<\/div>\n\n\n    <\/div>\n<\/article>\n<article class=\"mix portfolio_category_124 portfolio_category_25 portfolio_category_27\">\n    <div class='image_holder overlapping_title_hover'>\n        \n<span class='image'><img loading=\"lazy\" decoding=\"async\" width=\"500\" height=\"498\" src=\"https:\/\/www.a-emotionallight.com\/wp-content\/uploads\/2023\/03\/a-emotional-light-AG204-agasallo-thumb-web-1-500x498.jpg\" class=\"attachment-portfolio-default size-portfolio-default wp-post-image\" alt=\"\" srcset=\"https:\/\/www.a-emotionallight.com\/wp-content\/uploads\/2023\/03\/a-emotional-light-AG204-agasallo-thumb-web-1-500x498.jpg 500w, https:\/\/www.a-emotionallight.com\/wp-content\/uploads\/2023\/03\/a-emotional-light-AG204-agasallo-thumb-web-1-300x300.jpg 300w\" sizes=\"(max-width: 500px) 100vw, 500px\" \/><\/span>\n                    <a class='portfolio_link_class' href='https:\/\/www.a-emotionallight.com\/es\/portfolio_page\/agasallo-ag204\/' target='_self'><\/a>\n\t\t\n        <div class=\"text_holder\">\n\t<h4 class=\"portfolio_title\" > AGASALLO AG204<\/h4><span class=\"excerpt search_hidden\">\n\tAgasallo, que significa \u201cregalo\u201d en gallego es la nueva colecci\u00f3n de H\u00e9ctor Serrano. Sus formas y su pintado a mano generan efectos de luz \u00fanicos que se proyectan en el espacio creando una atm\u00f3sfera singular. Disponible en cuatro medidas de colgante que se pueden combinar a diferentes alturas creando m\u00faltiples composiciones. Agasallo, es una de las l\u00e1mparas colgantes m\u00e1s voluminosa de la colecci\u00f3n. Sus formas y su pintado a mano en Espa\u00f1a generan efectos de luz \u00fanicos que se proyectan en el espacio.<\/span>\n\n\t\t\n<\/div>\n\n\n    <\/div>\n<\/article>\n<article class=\"mix portfolio_category_202 portfolio_category_124 portfolio_category_25 portfolio_category_27\">\n    <div class='image_holder overlapping_title_hover'>\n        \n<span class='image'><img loading=\"lazy\" decoding=\"async\" width=\"500\" height=\"498\" src=\"https:\/\/www.a-emotionallight.com\/wp-content\/uploads\/2023\/03\/a-emotional-light-AG304-agasallo-thumb-web-1-500x498.jpg\" class=\"attachment-portfolio-default size-portfolio-default wp-post-image\" alt=\"\" srcset=\"https:\/\/www.a-emotionallight.com\/wp-content\/uploads\/2023\/03\/a-emotional-light-AG304-agasallo-thumb-web-1-500x498.jpg 500w, https:\/\/www.a-emotionallight.com\/wp-content\/uploads\/2023\/03\/a-emotional-light-AG304-agasallo-thumb-web-1-300x300.jpg 300w\" sizes=\"(max-width: 500px) 100vw, 500px\" \/><\/span>\n                    <a class='portfolio_link_class' href='https:\/\/www.a-emotionallight.com\/es\/portfolio_page\/agasallo-ag304\/' target='_self'><\/a>\n\t\t\n        <div class=\"text_holder\">\n\t<h4 class=\"portfolio_title\" > AGASALLO AG304<\/h4><span class=\"excerpt search_hidden\">\n\tAgasallo, que significa \u201cregalo\u201d en gallego es la nueva colecci\u00f3n de H\u00e9ctor Serrano. Sus formas y su pintado a mano generan efectos de luz \u00fanicos que se proyectan en el espacio creando una atm\u00f3sfera singular. Disponible en cuatro medidas de colgante que se pueden combinar a diferentes alturas creando m\u00faltiples composiciones. Agasallo, es una de las l\u00e1mparas colgantes m\u00e1s voluminosa de la colecci\u00f3n. Sus formas y su pintado a mano en Espa\u00f1a generan efectos de luz \u00fanicos que se proyectan en el espacio.<\/span>\n\n\t\t\n<\/div>\n\n\n    <\/div>\n<\/article>\n<article class=\"mix portfolio_category_124 portfolio_category_25 portfolio_category_27\">\n    <div class='image_holder overlapping_title_hover'>\n        \n<span class='image'><img loading=\"lazy\" decoding=\"async\" width=\"500\" height=\"498\" src=\"https:\/\/www.a-emotionallight.com\/wp-content\/uploads\/2023\/03\/a-emotional-light-AG404-agasallo-thumb-web-2-500x498.jpg\" class=\"attachment-portfolio-default size-portfolio-default wp-post-image\" alt=\"\" srcset=\"https:\/\/www.a-emotionallight.com\/wp-content\/uploads\/2023\/03\/a-emotional-light-AG404-agasallo-thumb-web-2-500x498.jpg 500w, https:\/\/www.a-emotionallight.com\/wp-content\/uploads\/2023\/03\/a-emotional-light-AG404-agasallo-thumb-web-2-300x300.jpg 300w\" sizes=\"(max-width: 500px) 100vw, 500px\" \/><\/span>\n                    <a class='portfolio_link_class' href='https:\/\/www.a-emotionallight.com\/es\/portfolio_page\/agasallo-ag404\/' target='_self'><\/a>\n\t\t\n        <div class=\"text_holder\">\n\t<h4 class=\"portfolio_title\" > AGASALLO AG404<\/h4><span class=\"excerpt search_hidden\">\n\tAgasallo, que significa \u201cregalo\u201d en gallego es la nueva colecci\u00f3n de H\u00e9ctor Serrano. Sus formas y su pintado a mano generan efectos de luz \u00fanicos que se proyectan en el espacio creando una atm\u00f3sfera singular. Disponible en cuatro medidas de colgante que se pueden combinar a diferentes alturas creando m\u00faltiples composiciones. Agasallo, es una de las l\u00e1mparas colgantes m\u00e1s voluminosa de la colecci\u00f3n. Sus formas y su pintado a mano en Espa\u00f1a generan efectos de luz \u00fanicos que se proyectan en el espacio.<\/span>\n\n\t\t\n<\/div>\n\n\n    <\/div>\n<\/article>\n\t\t\t\t<div class='filler'><\/div>\n\t\t\t\t\t\t\t<div class='filler'><\/div>\n\t\t\t\t\t\t\t<div class='filler'><\/div>\n\t\t\t<\/div>\n    <\/div>\n[\/vc_column][\/vc_row]<\/p>\n<\/section>","protected":false},"excerpt":{"rendered":"<p>[vc_row row_type=\u00bbrow\u00bb use_row_as_full_screen_section=\u00bbno\u00bb type=\u00bbfull_width\u00bb text_align=\u00bbleft\u00bb background_animation=\u00bbnone\u00bb css_animation=\u00bb\u00bb][vc_column el_class=\u00bbgeogrotesque_title background_dark\u00bb][vc_column_text el_class=\u00bbtitle_collection\u00bb] COLECCI\u00d3N AGASALLO [\/vc_column_text][\/vc_column][\/vc_row][vc_row row_type=\u00bbrow\u00bb use_row_as_full_screen_section=\u00bbno\u00bb type=\u00bbfull_width\u00bb text_align=\u00bbleft\u00bb background_animation=\u00bbnone\u00bb css_animation=\u00bb\u00bb][vc_column][vc_column_text css=\u00bb.vc_custom_1624367697745{padding-top: 40px !important;padding-bottom: 40px !important;padding-left: 40px !important;}\u00bb] \u2190 TODAS LAS L\u00c1MPARAS [\/vc_column_text][\/vc_column][\/vc_row][vc_row row_type=\u00bbrow\u00bb use_row_as_full_screen_section=\u00bbno\u00bb type=\u00bbfull_width\u00bb text_align=\u00bbleft\u00bb background_animation=\u00bbnone\u00bb css_animation=\u00bb\u00bb][vc_column][\/vc_column][\/vc_row]<\/p>\n","protected":false},"author":2,"featured_media":50884,"parent":0,"menu_order":0,"comment_status":"closed","ping_status":"closed","template":"full_width.php","meta":{"inline_featured_image":false,"footnotes":""},"aioseo_notices":[],"_links":{"self":[{"href":"https:\/\/www.a-emotionallight.com\/es\/wp-json\/wp\/v2\/pages\/42218"}],"collection":[{"href":"https:\/\/www.a-emotionallight.com\/es\/wp-json\/wp\/v2\/pages"}],"about":[{"href":"https:\/\/www.a-emotionallight.com\/es\/wp-json\/wp\/v2\/types\/page"}],"author":[{"embeddable":true,"href":"https:\/\/www.a-emotionallight.com\/es\/wp-json\/wp\/v2\/users\/2"}],"replies":[{"embeddable":true,"href":"https:\/\/www.a-emotionallight.com\/es\/wp-json\/wp\/v2\/comments?post=42218"}],"version-history":[{"count":7,"href":"https:\/\/www.a-emotionallight.com\/es\/wp-json\/wp\/v2\/pages\/42218\/revisions"}],"predecessor-version":[{"id":46656,"href":"https:\/\/www.a-emotionallight.com\/es\/wp-json\/wp\/v2\/pages\/42218\/revisions\/46656"}],"wp:featuredmedia":[{"embeddable":true,"href":"https:\/\/www.a-emotionallight.com\/es\/wp-json\/wp\/v2\/media\/50884"}],"wp:attachment":[{"href":"https:\/\/www.a-emotionallight.com\/es\/wp-json\/wp\/v2\/media?parent=42218"}],"curies":[{"name":"wp","href":"https:\/\/api.w.org\/{rel}","templated":true}]}}