{"id":43629,"date":"2021-05-27T13:04:21","date_gmt":"2021-05-27T13:04:21","guid":{"rendered":"https:\/\/www.a-emotionallight.com\/?page_id=43629"},"modified":"2025-01-15T17:48:23","modified_gmt":"2025-01-15T17:48:23","slug":"equipo","status":"publish","type":"page","link":"https:\/\/www.a-emotionallight.com\/es\/equipo\/","title":{"rendered":"equipo"},"content":{"rendered":"<section class=\"wpb-content-wrapper\"><p>[vc_row row_type=\u00bbrow\u00bb use_row_as_full_screen_section=\u00bbno\u00bb type=\u00bbfull_width\u00bb text_align=\u00bbleft\u00bb background_animation=\u00bbnone\u00bb css_animation=\u00bb\u00bb css=\u00bb.vc_custom_1621754268958{padding-top: 3% !important;background-color: #ffffff !important;}\u00bb][vc_column][vc_row_inner row_type=\u00bbrow\u00bb type=\u00bbfull_width\u00bb use_row_as_full_screen_section_slide=\u00bbno\u00bb text_align=\u00bbleft\u00bb css_animation=\u00bb\u00bb css=\u00bb.vc_custom_1621501441448{margin-top: 4% !important;margin-right: 4% !important;margin-left: 4% !important;}\u00bb][vc_column_inner width=\u00bb1\/2&#8243; css=\u00bb.vc_custom_1621524784022{padding-top: 3% !important;padding-right: 3% !important;padding-bottom: 3% !important;padding-left: 3% !important;}\u00bb][\/vc_column_inner][vc_column_inner width=\u00bb1\/2&#8243;][\/vc_column_inner][\/vc_row_inner][\/vc_column][\/vc_row][vc_row row_type=\u00bbrow\u00bb use_row_as_full_screen_section=\u00bbno\u00bb type=\u00bbfull_width\u00bb text_align=\u00bbleft\u00bb background_animation=\u00bbnone\u00bb css_animation=\u00bb\u00bb css=\u00bb.vc_custom_1621686068830{margin-right: 4% !important;margin-left: 4% !important;}\u00bb][vc_column width=\u00bb1\/2&#8243; css=\u00bb.vc_custom_1624172359451{background-position: center !important;background-repeat: no-repeat !important;background-size: cover !important;}\u00bb][vc_single_image image=\u00bb45106&#8243; img_size=\u00bbfull\u00bb qode_css_animation=\u00bb\u00bb][\/vc_column][vc_column width=\u00bb1\/2&#8243;][vc_row_inner row_type=\u00bbrow\u00bb type=\u00bbfull_width\u00bb use_row_as_full_screen_section_slide=\u00bbno\u00bb text_align=\u00bbleft\u00bb css_animation=\u00bb\u00bb css=\u00bb.vc_custom_1621501441448{margin-top: 4% !important;margin-right: 4% !important;margin-left: 4% !important;}\u00bb][vc_column_inner width=\u00bb2\/3&#8243; css=\u00bb.vc_custom_1621524784022{padding-top: 3% !important;padding-right: 3% !important;padding-bottom: 3% !important;padding-left: 3% !important;}\u00bb][vc_column_text el_class=\u00bb.banda_texto_geo_050&#8243;]<\/p>\n<h2>El equipo<\/h2>\n<p>[\/vc_column_text][vc_separator type=\u00bbtransparent\u00bb border_style=\u00bb\u00bb up=\u00bb20&#8243;][vc_column_text el_class=\u00bb.banda_texto_geo_075&#8243;]Una familia.[\/vc_column_text][vc_separator type=\u00bbtransparent\u00bb border_style=\u00bb\u00bb up=\u00bb20&#8243;][vc_column_text el_class=\u00bb.banda_texto_geo_050&#8243;]Todas y cada una de las personas que forman parte de esta familia son importantes. Son piezas clave del gran engranaje que consigue que todo funcione: dise\u00f1adores, artesanos, equipo de ventas y administraci\u00f3n, desarrollo t\u00e9cnico, clientes y proyectistas. Todos formamos un gran equipo que trasciende nuestras fronteras.[\/vc_column_text][vc_separator type=\u00bbtransparent\u00bb border_style=\u00bb\u00bb up=\u00bb20&#8243;][vc_column_text el_class=\u00bb.banda_texto_geo_050&#8243;]Nada de esto ser\u00eda posible sin grandes dosis de pasi\u00f3n, confianza, alegr\u00eda y disfrute. Que nuestro equipo y colaboradores puedan sentirse libres de so\u00f1ar, proponer, aportar\u2026 Eso es lo que hace que nuestras l\u00e1mparas sean realmente emocionales: las personas que hay detr\u00e1s.[\/vc_column_text][vc_separator type=\u00bbtransparent\u00bb border_style=\u00bb\u00bb up=\u00bb20&#8243;][vc_column_text el_class=\u00bb.banda_texto_geo_050&#8243;]<\/p>\n<h5>Marcos Rioseco &amp; Miguel Mart\u00ednez<\/h5>\n<h6><span style=\"color: #999999;\">EQUIPO DIRECTIVO<\/span><\/h6>\n<p>[\/vc_column_text][\/vc_column_inner][vc_column_inner width=\u00bb1\/3&#8243;][\/vc_column_inner][\/vc_row_inner][\/vc_column][\/vc_row][vc_row row_type=\u00bbrow\u00bb use_row_as_full_screen_section=\u00bbno\u00bb type=\u00bbfull_width\u00bb text_align=\u00bbleft\u00bb background_animation=\u00bbnone\u00bb css_animation=\u00bb\u00bb css=\u00bb.vc_custom_1621754384613{padding-top: 2% !important;background-color: #ffffff !important;}\u00bb][vc_column][\/vc_column][vc_column][vc_row_inner row_type=\u00bbrow\u00bb type=\u00bbfull_width\u00bb use_row_as_full_screen_section_slide=\u00bbno\u00bb text_align=\u00bbleft\u00bb css_animation=\u00bb\u00bb css=\u00bb.vc_custom_1621754362349{margin-top: 4% !important;margin-right: 4% !important;margin-left: 4% !important;}\u00bb][vc_column_inner width=\u00bb1\/2&#8243; css=\u00bb.vc_custom_1621524784022{padding-top: 3% !important;padding-right: 3% !important;padding-bottom: 3% !important;padding-left: 3% !important;}\u00bb][vc_column_text el_class=\u00bb.banda_texto_geo_050&#8243;]<\/p>\n<h2>El staff<\/h2>\n<p>[\/vc_column_text][vc_separator type=\u00bbtransparent\u00bb border_style=\u00bb\u00bb up=\u00bb20&#8243;][vc_column_text el_class=\u00bb.banda_texto_geo_075&#8243;]Amor por el trabajo[\/vc_column_text][vc_separator type=\u00bbtransparent\u00bb border_style=\u00bb\u00bb up=\u00bb20&#8243;][vc_column_text el_class=\u00bb.banda_texto_geo_050&#8243;]Nuestros maestros artesanos llevan m\u00e1s de 20 a\u00f1os cuidando con sus manos cada detalle. El equipo de ventas, administraci\u00f3n y desarrollo hacen magia para conseguir que nuestras l\u00e1mparas lleguen a los 5 continentes.[\/vc_column_text][\/vc_column_inner][vc_column_inner width=\u00bb1\/3&#8243;][vc_single_image image=\u00bb57667&#8243; qode_css_animation=\u00bb\u00bb][\/vc_column_inner][vc_column_inner width=\u00bb1\/3&#8243;][\/vc_column_inner][\/vc_row_inner][\/vc_column][\/vc_row]<\/p>\n<\/section>","protected":false},"excerpt":{"rendered":"<p>[vc_row row_type=\u00bbrow\u00bb use_row_as_full_screen_section=\u00bbno\u00bb type=\u00bbfull_width\u00bb text_align=\u00bbleft\u00bb background_animation=\u00bbnone\u00bb css_animation=\u00bb\u00bb css=\u00bb.vc_custom_1621754268958{padding-top: 3% !important;background-color: #ffffff !important;}\u00bb][vc_column][vc_row_inner row_type=\u00bbrow\u00bb type=\u00bbfull_width\u00bb use_row_as_full_screen_section_slide=\u00bbno\u00bb text_align=\u00bbleft\u00bb css_animation=\u00bb\u00bb css=\u00bb.vc_custom_1621501441448{margin-top: 4% !important;margin-right: 4% !important;margin-left: 4% !important;}\u00bb][vc_column_inner width=\u00bb1\/2&#8243; css=\u00bb.vc_custom_1621524784022{padding-top: 3% !important;padding-right: 3% !important;padding-bottom: 3% !important;padding-left: 3% !important;}\u00bb][\/vc_column_inner][vc_column_inner width=\u00bb1\/2&#8243;][\/vc_column_inner][\/vc_row_inner][\/vc_column][\/vc_row][vc_row row_type=\u00bbrow\u00bb use_row_as_full_screen_section=\u00bbno\u00bb type=\u00bbfull_width\u00bb text_align=\u00bbleft\u00bb background_animation=\u00bbnone\u00bb css_animation=\u00bb\u00bb css=\u00bb.vc_custom_1621686068830{margin-right: 4% !important;margin-left: 4% !important;}\u00bb][vc_column width=\u00bb1\/2&#8243; css=\u00bb.vc_custom_1624172359451{background-position: center !important;background-repeat: no-repeat !important;background-size: cover !important;}\u00bb][vc_single_image image=\u00bb45106&#8243; img_size=\u00bbfull\u00bb qode_css_animation=\u00bb\u00bb][\/vc_column][vc_column width=\u00bb1\/2&#8243;][vc_row_inner row_type=\u00bbrow\u00bb type=\u00bbfull_width\u00bb use_row_as_full_screen_section_slide=\u00bbno\u00bb text_align=\u00bbleft\u00bb css_animation=\u00bb\u00bb css=\u00bb.vc_custom_1621501441448{margin-top: 4% !important;margin-right: 4% !important;margin-left: 4% !important;}\u00bb][vc_column_inner width=\u00bb2\/3&#8243; css=\u00bb.vc_custom_1621524784022{padding-top: 3% !important;padding-right: 3% !important;padding-bottom: 3% !important;padding-left: 3% !important;}\u00bb][vc_column_text el_class=\u00bb.banda_texto_geo_050&#8243;] El equipo [\/vc_column_text][vc_separator type=\u00bbtransparent\u00bb border_style=\u00bb\u00bb up=\u00bb20&#8243;][vc_column_text el_class=\u00bb.banda_texto_geo_075&#8243;]Una familia.[\/vc_column_text][vc_separator type=\u00bbtransparent\u00bb border_style=\u00bb\u00bb up=\u00bb20&#8243;][vc_column_text el_class=\u00bb.banda_texto_geo_050&#8243;]Todas y cada una de las personas que&#8230;<\/p>\n","protected":false},"author":2,"featured_media":0,"parent":0,"menu_order":0,"comment_status":"closed","ping_status":"closed","template":"full_width.php","meta":{"inline_featured_image":false,"footnotes":""},"aioseo_notices":[],"_links":{"self":[{"href":"https:\/\/www.a-emotionallight.com\/es\/wp-json\/wp\/v2\/pages\/43629"}],"collection":[{"href":"https:\/\/www.a-emotionallight.com\/es\/wp-json\/wp\/v2\/pages"}],"about":[{"href":"https:\/\/www.a-emotionallight.com\/es\/wp-json\/wp\/v2\/types\/page"}],"author":[{"embeddable":true,"href":"https:\/\/www.a-emotionallight.com\/es\/wp-json\/wp\/v2\/users\/2"}],"replies":[{"embeddable":true,"href":"https:\/\/www.a-emotionallight.com\/es\/wp-json\/wp\/v2\/comments?post=43629"}],"version-history":[{"count":13,"href":"https:\/\/www.a-emotionallight.com\/es\/wp-json\/wp\/v2\/pages\/43629\/revisions"}],"predecessor-version":[{"id":58226,"href":"https:\/\/www.a-emotionallight.com\/es\/wp-json\/wp\/v2\/pages\/43629\/revisions\/58226"}],"wp:attachment":[{"href":"https:\/\/www.a-emotionallight.com\/es\/wp-json\/wp\/v2\/media?parent=43629"}],"curies":[{"name":"wp","href":"https:\/\/api.w.org\/{rel}","templated":true}]}}