{"id":43854,"date":"2021-05-27T10:51:55","date_gmt":"2021-05-27T10:51:55","guid":{"rendered":"https:\/\/www.a-emotionallight.com\/?page_id=43854"},"modified":"2025-04-07T09:26:04","modified_gmt":"2025-04-07T09:26:04","slug":"disenadores","status":"publish","type":"page","link":"https:\/\/www.a-emotionallight.com\/es\/disenadores\/","title":{"rendered":"disenadores"},"content":{"rendered":"<section class=\"wpb-content-wrapper\"><p>[vc_row row_type=\u00bbrow\u00bb use_row_as_full_screen_section=\u00bbno\u00bb type=\u00bbfull_width\u00bb text_align=\u00bbleft\u00bb background_animation=\u00bbnone\u00bb css_animation=\u00bb\u00bb css=\u00bb.vc_custom_1623173993848{margin-right: 5% !important;margin-left: 5% !important;}\u00bb][vc_column][vc_row_inner row_type=\u00bbrow\u00bb type=\u00bbfull_width\u00bb use_row_as_full_screen_section_slide=\u00bbno\u00bb text_align=\u00bbleft\u00bb css_animation=\u00bb\u00bb][vc_column_inner width=\u00bb2\/3&#8243;][vc_separator type=\u00bbtransparent\u00bb border_style=\u00bb\u00bb up=\u00bb20&#8243;][vc_separator type=\u00bbtransparent\u00bb border_style=\u00bb\u00bb up=\u00bb20&#8243;][vc_column_text el_class=\u00bb.banda_texto_geo_050&#8243;]<\/p>\n<h2>Los dise\u00f1adores<\/h2>\n<p>[\/vc_column_text][vc_separator type=\u00bbtransparent\u00bb border_style=\u00bb\u00bb up=\u00bb20&#8243;][vc_column_text el_class=\u00bb.banda_texto_geo_050&#8243;]El equipo creativo de la marca que, hasta ahora estaba liderado y personalizado en la figura de <a title=\"Arturo \u00c1lvarez-2019\" href=\"https:\/\/www.a-emotionallight.com\/es\/arturo-alvarez\/\" target=\"_blank\" rel=\"noopener noreferrer\">Arturo \u00c1lvarez<\/a>, est\u00e1 comenzando a crecer con la colaboraci\u00f3n de dise\u00f1adores provenientes de diferentes disciplinas y con distintas formas de entender tanto el dise\u00f1o de producto como la iluminaci\u00f3n.[\/vc_column_text][vc_separator type=\u00bbtransparent\u00bb border_style=\u00bb\u00bb up=\u00bb20&#8243;][vc_column_text el_class=\u00bb.banda_texto_geo_050&#8243;]Les damos libertad para que aporten su propia visi\u00f3n de la iluminaci\u00f3n apoy\u00e1ndolos con nuestras t\u00e9cnicas de trabajo manuales y artesanales. Esto nos permite conseguir dise\u00f1os de belleza singular y con capacidad para enamorar y sorprender.[\/vc_column_text][vc_separator type=\u00bbtransparent\u00bb border_style=\u00bb\u00bb up=\u00bb20&#8243;]<a href=\"https:\/\/www.a-emotionallight.com\/es\/arturo-alvarez\/\" target=\"_self\" data-hover-border-color=#898989 data-hover-color=#e5e5e5 class=\"qbutton  medium underlined\" style=\"color: #0a0a0a; border-color: #0a0a0a; font-style: normal; font-weight: 100; \">Arturo \u00c1lvarez<span class=\"qode-underlined-button-span\" style=\"background-color:#898989;\"><\/span><\/a>[vc_separator type=\u00bbtransparent\u00bb border_style=\u00bb\u00bb up=\u00bb20&#8243;][vc_separator type=\u00bbtransparent\u00bb border_style=\u00bb\u00bb up=\u00bb20&#8243;][\/vc_column_inner][vc_column_inner width=\u00bb1\/3&#8243;][vc_separator type=\u00bbtransparent\u00bb border_style=\u00bb\u00bb up=\u00bb20&#8243;][\/vc_column_inner][\/vc_row_inner][\/vc_column][\/vc_row][vc_row row_type=\u00bbrow\u00bb use_row_as_full_screen_section=\u00bbno\u00bb type=\u00bbfull_width\u00bb text_align=\u00bbleft\u00bb background_animation=\u00bbnone\u00bb css_animation=\u00bb\u00bb css=\u00bb.vc_custom_1621958960554{margin-right: 4% !important;margin-left: 4% !important;padding-bottom: 4% !important;}\u00bb][vc_column]<div style=\"visibility: hidden;\" id=\"carousel-anything-1\" class=\"gambit-carousel-anything carousel-anything-container owl-ca-carousel  has-arrows ca-equal-height\" data-slide-anim=\"\" data-rtl=\"false\" data-items=\"4\"data-totalitems=\"0\" data-scroll_per_page=\"\" data-autoplay=\"false\"data-items-tablet=\"1\" data-items-mobile=\"1\" data-stop-on-hover=\"\" data-speed-scroll=\"800\" data-speed-rewind=\"1000\"data-thumbnails=\"both\" data-navigation=\"true\" data-touchdrag=\"false\" data-keyboard=\"cursor\" data-alignment=\"50\"data-start=\"0\">[vc_row_inner row_type=\u00bbrow\u00bb type=\u00bbfull_width\u00bb use_row_as_full_screen_section_slide=\u00bbno\u00bb text_align=\u00bbleft\u00bb css_animation=\u00bb\u00bb][vc_column_inner][vc_single_image image=\u00bb50369&#8243; onclick=\u00bbcustom_link\u00bb qode_css_animation=\u00bb\u00bb link=\u00bbhttps:\/\/www.a-emotionallight.com\/es\/isaac-pineiro\/\u00bb][vc_separator type=\u00bbtransparent\u00bb border_style=\u00bb\u00bb up=\u00bb20&#8243;]<a href=\"https:\/\/www.a-emotionallight.com\/es\/isaac-pineiro\/\" target=\"_self\" data-hover-border-color=#898989 data-hover-color=#e5e5e5 class=\"qbutton  medium underlined\" style=\"color: #0a0a0a; border-color: #0a0a0a; font-style: normal; font-weight: 100; \">Isaac Pi\u00f1eiro<span class=\"qode-underlined-button-span\" style=\"background-color:#898989;\"><\/span><\/a>[vc_separator type=\u00bbtransparent\u00bb border_style=\u00bb\u00bb up=\u00bb20&#8243;][\/vc_column_inner][\/vc_row_inner][vc_row_inner row_type=\u00bbrow\u00bb type=\u00bbfull_width\u00bb use_row_as_full_screen_section_slide=\u00bbno\u00bb text_align=\u00bbleft\u00bb css_animation=\u00bb\u00bb][vc_column_inner][vc_single_image image=\u00bb50344&#8243; onclick=\u00bbcustom_link\u00bb qode_css_animation=\u00bb\u00bb link=\u00bbhttps:\/\/www.a-emotionallight.com\/es\/teresa-sapey-partners\/\u00bb][vc_separator type=\u00bbtransparent\u00bb border_style=\u00bb\u00bb up=\u00bb20&#8243;]<a href=\"https:\/\/www.a-emotionallight.com\/es\/teresa-sapey-partners\/\" target=\"_self\" data-hover-border-color=#898989 data-hover-color=#e5e5e5 class=\"qbutton  medium underlined\" style=\"color: #0a0a0a; border-color: #0a0a0a; font-style: normal; font-weight: 100; \">Teresa Sapey + Partners<span class=\"qode-underlined-button-span\" style=\"background-color:#898989;\"><\/span><\/a>[vc_separator type=\u00bbtransparent\u00bb border_style=\u00bb\u00bb up=\u00bb20&#8243;][\/vc_column_inner][\/vc_row_inner][vc_row_inner row_type=\u00bbrow\u00bb type=\u00bbfull_width\u00bb use_row_as_full_screen_section_slide=\u00bbno\u00bb text_align=\u00bbleft\u00bb css_animation=\u00bb\u00bb][vc_column_inner][vc_single_image image=\u00bb50379&#8243; onclick=\u00bbcustom_link\u00bb qode_css_animation=\u00bb\u00bb link=\u00bbhttps:\/\/www.a-emotionallight.com\/es\/cenlitrosmetrocadrado\/\u00bb][vc_separator type=\u00bbtransparent\u00bb border_style=\u00bb\u00bb up=\u00bb20&#8243;]<a href=\"https:\/\/www.a-emotionallight.com\/es\/cenlitrosmetrocadrado\/\" target=\"_self\" data-hover-border-color=#898989 data-hover-color=#e5e5e5 class=\"qbutton  medium underlined\" style=\"color: #0a0a0a; border-color: #0a0a0a; font-style: normal; font-weight: 100; \">Cenlitrosmetrocuadrado<span class=\"qode-underlined-button-span\" style=\"background-color:#898989;\"><\/span><\/a>[vc_separator type=\u00bbtransparent\u00bb border_style=\u00bb\u00bb up=\u00bb20&#8243;][\/vc_column_inner][\/vc_row_inner][vc_row_inner row_type=\u00bbrow\u00bb type=\u00bbfull_width\u00bb use_row_as_full_screen_section_slide=\u00bbno\u00bb text_align=\u00bbleft\u00bb css_animation=\u00bb\u00bb][vc_column_inner][vc_single_image image=\u00bb50358&#8243; onclick=\u00bbcustom_link\u00bb qode_css_animation=\u00bb\u00bb link=\u00bbhttps:\/\/www.a-emotionallight.com\/es\/la-mamba\/\u00bb][vc_separator type=\u00bbtransparent\u00bb border_style=\u00bb\u00bb up=\u00bb20&#8243;]<a href=\"https:\/\/www.a-emotionallight.com\/es\/la-mamba\/\" target=\"_self\" data-hover-border-color=#898989 data-hover-color=#e5e5e5 class=\"qbutton  medium underlined\" style=\"color: #0a0a0a; border-color: #0a0a0a; font-style: normal; font-weight: 100; \">La Mamba<span class=\"qode-underlined-button-span\" style=\"background-color:#898989;\"><\/span><\/a>[vc_separator type=\u00bbtransparent\u00bb border_style=\u00bb\u00bb up=\u00bb20&#8243;][\/vc_column_inner][\/vc_row_inner]<\/div>[\/vc_column][\/vc_row][vc_row row_type=\u00bbrow\u00bb use_row_as_full_screen_section=\u00bbno\u00bb type=\u00bbfull_width\u00bb text_align=\u00bbleft\u00bb background_animation=\u00bbnone\u00bb css_animation=\u00bb\u00bb css=\u00bb.vc_custom_1621958960554{margin-right: 4% !important;margin-left: 4% !important;padding-bottom: 4% !important;}\u00bb][vc_column]<div style=\"visibility: hidden;\" id=\"carousel-anything-2\" class=\"gambit-carousel-anything carousel-anything-container owl-ca-carousel  has-arrows ca-equal-height\" data-slide-anim=\"\" data-rtl=\"false\" data-items=\"4\"data-totalitems=\"0\" data-scroll_per_page=\"\" data-autoplay=\"false\"data-items-tablet=\"1\" data-items-mobile=\"1\" data-stop-on-hover=\"\" data-speed-scroll=\"800\" data-speed-rewind=\"1000\"data-thumbnails=\"both\" data-navigation=\"true\" data-touchdrag=\"false\" data-keyboard=\"cursor\" data-alignment=\"50\"data-start=\"0\">[vc_row_inner row_type=\u00bbrow\u00bb type=\u00bbfull_width\u00bb use_row_as_full_screen_section_slide=\u00bbno\u00bb text_align=\u00bbleft\u00bb css_animation=\u00bb\u00bb][vc_column_inner][vc_single_image image=\u00bb50381&#8243; onclick=\u00bbcustom_link\u00bb qode_css_animation=\u00bb\u00bb link=\u00bbhttps:\/\/www.a-emotionallight.com\/es\/rafa-alonso\/\u00bb][vc_separator type=\u00bbtransparent\u00bb border_style=\u00bb\u00bb up=\u00bb20&#8243;]<a href=\"https:\/\/www.a-emotionallight.com\/es\/rafa-alonso\/\" target=\"_self\" data-hover-border-color=#898989 data-hover-color=#e5e5e5 class=\"qbutton  medium underlined\" style=\"color: #0a0a0a; border-color: #0a0a0a; font-style: normal; font-weight: 100; \">Rafa Alonso<span class=\"qode-underlined-button-span\" style=\"background-color:#898989;\"><\/span><\/a>[vc_separator type=\u00bbtransparent\u00bb border_style=\u00bb\u00bb up=\u00bb20&#8243;][\/vc_column_inner][\/vc_row_inner][vc_row_inner row_type=\u00bbrow\u00bb type=\u00bbfull_width\u00bb use_row_as_full_screen_section_slide=\u00bbno\u00bb text_align=\u00bbleft\u00bb css_animation=\u00bb\u00bb][vc_column_inner][vc_single_image image=\u00bb50342&#8243; onclick=\u00bbcustom_link\u00bb qode_css_animation=\u00bb\u00bb link=\u00bbhttps:\/\/www.a-emotionallight.com\/es\/hector-serrano\/\u00bb][vc_separator type=\u00bbtransparent\u00bb border_style=\u00bb\u00bb up=\u00bb20&#8243;]<a href=\"https:\/\/www.a-emotionallight.com\/es\/hector-serrano\/\" target=\"_self\" data-hover-border-color=#898989 data-hover-color=#e5e5e5 class=\"qbutton  medium underlined\" style=\"color: #0a0a0a; border-color: #0a0a0a; font-style: normal; font-weight: 100; \">H\u00e9ctor Serrano<span class=\"qode-underlined-button-span\" style=\"background-color:#898989;\"><\/span><\/a>[vc_separator type=\u00bbtransparent\u00bb border_style=\u00bb\u00bb up=\u00bb20&#8243;][\/vc_column_inner][\/vc_row_inner][vc_row_inner row_type=\u00bbrow\u00bb type=\u00bbfull_width\u00bb use_row_as_full_screen_section_slide=\u00bbno\u00bb text_align=\u00bbleft\u00bb css_animation=\u00bb\u00bb][vc_column_inner][vc_single_image image=\u00bb50383&#8243; qode_css_animation=\u00bb\u00bb][vc_separator type=\u00bbtransparent\u00bb border_style=\u00bb\u00bb up=\u00bb20&#8243;]<a href=\"https:\/\/www.a-emotionallight.com\/es\/pf1-interiorismo\/\" target=\"_self\" data-hover-border-color=#898989 data-hover-color=#e5e5e5 class=\"qbutton  medium underlined\" style=\"color: #0a0a0a; border-color: #0a0a0a; font-style: normal; font-weight: 100; \">Loli Moro\u00f1o y Martina Casas<span class=\"qode-underlined-button-span\" style=\"background-color:#898989;\"><\/span><\/a>[vc_separator type=\u00bbtransparent\u00bb border_style=\u00bb\u00bb up=\u00bb20&#8243;][\/vc_column_inner][\/vc_row_inner][vc_row_inner row_type=\u00bbrow\u00bb type=\u00bbfull_width\u00bb use_row_as_full_screen_section_slide=\u00bbno\u00bb text_align=\u00bbleft\u00bb css_animation=\u00bb\u00bb][vc_column_inner][vc_single_image image=\u00bb59206&#8243; img_size=\u00bbmedium\u00bb qode_css_animation=\u00bb\u00bb][vc_separator type=\u00bbtransparent\u00bb border_style=\u00bb\u00bb up=\u00bb20&#8243;]<a href=\"https:\/\/www.a-emotionallight.com\/es\/tomas-alonso\/\" target=\"_self\" data-hover-border-color=#898989 data-hover-color=#e5e5e5 class=\"qbutton  medium underlined\" style=\"color: #0a0a0a; border-color: #0a0a0a; font-style: normal; font-weight: 100; \">Tom\u00e1s Alonso<span class=\"qode-underlined-button-span\" style=\"background-color:#898989;\"><\/span><\/a>[vc_separator type=\u00bbtransparent\u00bb border_style=\u00bb\u00bb up=\u00bb20&#8243;][\/vc_column_inner][\/vc_row_inner]<\/div>[\/vc_column][\/vc_row]<\/p>\n<\/section>","protected":false},"excerpt":{"rendered":"<p>[vc_row row_type=\u00bbrow\u00bb use_row_as_full_screen_section=\u00bbno\u00bb type=\u00bbfull_width\u00bb text_align=\u00bbleft\u00bb background_animation=\u00bbnone\u00bb css_animation=\u00bb\u00bb css=\u00bb.vc_custom_1623173993848{margin-right: 5% !important;margin-left: 5% !important;}\u00bb][vc_column][vc_row_inner row_type=\u00bbrow\u00bb type=\u00bbfull_width\u00bb use_row_as_full_screen_section_slide=\u00bbno\u00bb text_align=\u00bbleft\u00bb css_animation=\u00bb\u00bb][vc_column_inner width=\u00bb2\/3&#8243;][vc_separator type=\u00bbtransparent\u00bb border_style=\u00bb\u00bb up=\u00bb20&#8243;][vc_separator type=\u00bbtransparent\u00bb border_style=\u00bb\u00bb up=\u00bb20&#8243;][vc_column_text el_class=\u00bb.banda_texto_geo_050&#8243;] Los dise\u00f1adores [\/vc_column_text][vc_separator type=\u00bbtransparent\u00bb border_style=\u00bb\u00bb up=\u00bb20&#8243;][vc_column_text el_class=\u00bb.banda_texto_geo_050&#8243;]El equipo creativo de la marca que, hasta ahora estaba liderado y personalizado en la figura de Arturo \u00c1lvarez, est\u00e1 comenzando a crecer con la colaboraci\u00f3n de dise\u00f1adores provenientes de diferentes disciplinas y con distintas formas de entender tanto el dise\u00f1o de producto como la iluminaci\u00f3n.[\/vc_column_text][vc_separator type=\u00bbtransparent\u00bb border_style=\u00bb\u00bb up=\u00bb20&#8243;][vc_column_text el_class=\u00bb.banda_texto_geo_050&#8243;]Les damos libertad para que aporten su propia visi\u00f3n de la iluminaci\u00f3n apoy\u00e1ndolos con nuestras t\u00e9cnicas de trabajo manuales y&#8230;<\/p>\n","protected":false},"author":2,"featured_media":0,"parent":0,"menu_order":0,"comment_status":"closed","ping_status":"closed","template":"full_width.php","meta":{"inline_featured_image":false,"footnotes":""},"aioseo_notices":[],"_links":{"self":[{"href":"https:\/\/www.a-emotionallight.com\/es\/wp-json\/wp\/v2\/pages\/43854"}],"collection":[{"href":"https:\/\/www.a-emotionallight.com\/es\/wp-json\/wp\/v2\/pages"}],"about":[{"href":"https:\/\/www.a-emotionallight.com\/es\/wp-json\/wp\/v2\/types\/page"}],"author":[{"embeddable":true,"href":"https:\/\/www.a-emotionallight.com\/es\/wp-json\/wp\/v2\/users\/2"}],"replies":[{"embeddable":true,"href":"https:\/\/www.a-emotionallight.com\/es\/wp-json\/wp\/v2\/comments?post=43854"}],"version-history":[{"count":35,"href":"https:\/\/www.a-emotionallight.com\/es\/wp-json\/wp\/v2\/pages\/43854\/revisions"}],"predecessor-version":[{"id":59210,"href":"https:\/\/www.a-emotionallight.com\/es\/wp-json\/wp\/v2\/pages\/43854\/revisions\/59210"}],"wp:attachment":[{"href":"https:\/\/www.a-emotionallight.com\/es\/wp-json\/wp\/v2\/media?parent=43854"}],"curies":[{"name":"wp","href":"https:\/\/api.w.org\/{rel}","templated":true}]}}