{"id":44141,"date":"2021-05-31T10:40:01","date_gmt":"2021-05-31T10:40:01","guid":{"rendered":"https:\/\/www.a-emotionallight.com\/?page_id=44141"},"modified":"2021-06-21T06:52:22","modified_gmt":"2021-06-21T06:52:22","slug":"proyectos-exterior","status":"publish","type":"page","link":"https:\/\/www.a-emotionallight.com\/es\/proyectos-exterior\/","title":{"rendered":"proyectos exterior"},"content":{"rendered":"<section class=\"wpb-content-wrapper\"><p>[vc_row row_type=\u00bbrow\u00bb use_row_as_full_screen_section=\u00bbno\u00bb type=\u00bbfull_width\u00bb text_align=\u00bbleft\u00bb background_animation=\u00bbnone\u00bb css_animation=\u00bb\u00bb el_id=\u00bbisotope_search_projects\u00bb css=\u00bb.vc_custom_1624258207340{padding-top: 70px !important;}\u00bb][vc_column el_class=\u00bbportfolio_lamps_search\u00bb]<div class='projects_masonry_holder  masonry_extended qode-filter-position-top' data-parallax_item_speed='0.3' data-parallax_item_offset=''>\n    <article class=\"portfolio_masonry_item portfolio_category_142 portfolio_category_144 portfolio_category_137 default\">\n    <div class='image_holder overlapping_title_hover'>\n        \n<span class='image'><img loading=\"lazy\" decoding=\"async\" width=\"500\" height=\"455\" src=\"https:\/\/www.a-emotionallight.com\/wp-content\/uploads\/2021\/05\/tempo-vivace-pendant-lamp-by-arturo-alvarez-restaurant-mas-guso-thumb.jpg\" class=\"attachment-portfolio_masonry_regular size-portfolio_masonry_regular wp-post-image\" alt=\"\" \/><\/span>\n\n    <a class='portfolio_link_class' href='https:\/\/www.a-emotionallight.com\/es\/portfolio_page\/restaurante-mas-guso-girona\/' target='_self'><\/a>\n        <div class=\"text_holder\">\n\t<h4 class=\"portfolio_title\" > Restaurante Mas Gus\u00f3, Girona.<\/h4><span class=\"excerpt search_hidden\">\n\t[vc_row row_type=\u00bbrow\u00bb use_row_as_full_screen_section=\u00bbno\u00bb type=\u00bbgrid\u00bb text_align=\u00bbleft\u00bb background_animation=\u00bbnone\u00bb css_animation=\u00bb\u00bb css=\u00bb.vc_custom_1619760637764{margin-top: 1% !important;margin-bottom: 1% !important;}\u00bb][vc_column][vc_row_inner row_type=\u00bbrow\u00bb type=\u00bbfull_width\u00bb use_row_as_full_screen_section_slide=\u00bbno\u00bb text_align=\u00bbleft\u00bb css_animation=\u00bb\u00bb][vc_column_inner][vc_gallery interval=\u00bb3&#8243; images=\u00bb43242,43240,43244,43246&#8243;][vc_separator type=\u00bbtransparent\u00bb border_style=\u00bb\u00bb][\/vc_column_inner][\/vc_row_inner][vc_row_inner row_type=\u00bbrow\u00bb type=\u00bbfull_width\u00bb use_row_as_full_screen_section_slide=\u00bbno\u00bb text_align=\u00bbleft\u00bb css_animation=\u00bb\u00bb][vc_column_inner el_class=\u00bbbanda_texto_geo_075&#8243; width=\u00bb2\/3&#8243;][vc_separator type=\u00bbtransparent\u00bb border_style=\u00bb\u00bb][vc_separator type=\u00bbtransparent\u00bb border_style=\u00bb\u00bb][vc_column_text] Restaurante Mas Gus\u00f3, Girona. [\/vc_column_text][vc_separator type=\u00bbtransparent\u00bb border_style=\u00bb\u00bb][vc_column_text] Girona, Espa\u00f1a. [\/vc_column_text][vc_separator type=\u00bbtransparent\u00bb border_style=\u00bb\u00bb][vc_separator type=\u00bbtransparent\u00bb border_style=\u00bb\u00bb][vc_column_text el_class=\u00bb.banda_texto_geo_050&#8243;]Localizaci\u00f3n | Girona, Espa\u00f1a. Proyecto | Mas Gus\u00f3 Interiorista\u00a0| Merc\u00e9 Borrell Productos | Tempo vivace outdoor[\/vc_column_text][\/vc_column_inner][vc_column_inner width=\u00bb1\/3&#8243;][\/vc_column_inner][\/vc_row_inner][\/vc_column][\/vc_row][vc_row row_type=\u00bbrow\u00bb use_row_as_full_screen_section=\u00bbno\u00bb type=\u00bbgrid\u00bb text_align=\u00bbleft\u00bb background_animation=\u00bbnone\u00bb css_animation=\u00bb\u00bb][vc_column][vc_separator type=\u00bbtransparent\u00bb border_style=\u00bb\u00bb][vc_separator type=\u00bbtransparent\u00bb border_style=\u00bb\u00bb][vc_separator type=\u00bbtransparent\u00bb border_style=\u00bb\u00bb][\/vc_column][\/vc_row][vc_row row_type=\u00bbrow\u00bb use_row_as_full_screen_section=\u00bbno\u00bb type=\u00bbfull_width\u00bb text_align=\u00bbleft\u00bb background_animation=\u00bbnone\u00bb css_animation=\u00bb\u00bb][vc_column][\/vc_column][\/vc_row][vc_row row_type=\u00bbrow\u00bb use_row_as_full_screen_section=\u00bbno\u00bb type=\u00bbgrid\u00bb text_align=\u00bbleft\u00bb background_animation=\u00bbnone\u00bb css_animation=\u00bb\u00bb][vc_column][vc_empty_space][vc_row_inner row_type=\u00bbrow\u00bb type=\u00bbgrid\u00bb use_row_as_full_screen_section_slide=\u00bbno\u00bb text_align=\u00bbleft\u00bb css_animation=\u00bb\u00bb el_id=\u00bbprojectsrow\u00bb][vc_column_inner][vc_separator type=\u00bbtransparent\u00bb border_style=\u00bb\u00bb][vc_separator type=\u00bbtransparent\u00bb border_style=\u00bb\u00bb][vc_raw_html]JTNDZGl2JTIwY2xhc3MlM0QlMjJmaWx0ZXJfb3V0ZXIlMjBjZW50ZXJfYWxpZ24lMjIlM0UlMEElM0NkaXYlMjBjbGFzcyUzRCUyMmZpbHRlcl9ob2xkZXIlMjBjb2xsZWN0aW9uc19zZWFyY2glMjB3aXRob3V0X3NlcGFyYXRvciUyMGZpbHRlcnMtYnV0dG9uLWdyb3VwJTIwYnV0dG9uLWdyb3VwJTIyJTNFJTBBJTNDdWwlM0UlMEElMjAlMjAlMjAlMjAlMjAlMjAlMjAlMjAlMjAlMjAlMjAlMjAlMjAlMjAlMjAlMjAlMjAlMjAlMjAlMjAlMjAlMjAlMjAlMjAlMjAlMjAlMjAlM0NsaSUyMGNsYXNzJTNEJTIyZmlsdGVyJTIyJTIwZGF0YS1maWx0ZXIlM0QlMjIucG9ydGZvbGlvX2NhdGVnb3J5XzE0MiUyMiUzRVByb3llY3RvcyUzQyUyRmxpJTNFJTBBJTIwJTIwJTIwJTIwJTIwJTIwJTIwJTIwJTIwJTIwJTIwJTIwJTIwJTIwJTIwJTIwJTIwJTIwJTIwJTIwJTIwJTIwJTIwJTIwJTIwJTIwJTIwJTIwJTNDbGklMjBjbGFzcyUzRCUyMmZpbHRlciUyMiUyMGRhdGEtZmlsdGVyJTNEJTIyLnBvcnRmb2xpb19jYXRlZ29yeV8xNDMlMjIlM0VIb3RlbCUzQyUyRmxpJTNFJTBBJTIwJTIwJTIwJTIwJTIwJTIwJTIwJTIwJTIwJTIwJTIwJTIwJTIwJTIwJTIwJTIwJTIwJTIwJTIwJTIwJTIwJTIwJTIwJTIwJTIwJTIwJTIwJTIwJTNDbGklMjBjbGFzcyUzRCUyMmZpbHRlciUyMiUyMGRhdGEtZmlsdGVyJTNEJTIyLnBvcnRmb2xpb19jYXRlZ29yeV8xMzclMjIlM0VSZXN0YXVyYW50ZSUzQyUyRmxpJTNFJTBBJTIwJTIwJTIwJTIwJTIwJTIwJTIwJTIwJTIwJTIwJTIwJTIwJTIwJTIwJTIwJTIwJTIwJTIwJTIwJTIwJTIwJTIwJTIwJTIwJTIwJTIwJTIwJTIwJTNDbGklMjBjbGFzcyUzRCUyMmZpbHRlciUyMiUyMGRhdGEtZmlsdGVyJTNEJTIyLnBvcnRmb2xpb19jYXRlZ29yeV8xNDElMjIlM0VSZXNpZGVuY2lhbCUzQyUyRmxpJTNFJTBBJTIwJTIwJTIwJTIwJTIwJTIwJTIwJTIwJTIwJTIwJTIwJTIwJTIwJTIwJTIwJTIwJTIwJTIwJTIwJTIwJTIwJTIwJTIwJTIwJTIwJTIwJTIwJTIwJTNDbGklMjBjbGFzcyUzRCUyMmZpbHRlciUyMiUyMGRhdGEtZmlsdGVyJTNEJTIyLnBvcnRmb2xpb19jYXRlZ29yeV8xMzYlMjIlM0VPZmljaW5hJTIweSUyMFJldGFpbCUzQyUyRmxpJTNFJTBBJTIwJTNDbGklMjBjbGFzcyUzRCUyMmZpbHRlciUyMiUyMGRhdGEtZmlsdGVyJTNEJTIyLnBvcnRmb2xpb19jYXRlZ29yeV8xNDAlMjIlM0VDb21wb3NpY2lvbmVzJTNDJTJGbGklM0UlMEElMjAlMjAlMjAlMjAlMjAlMjAlMjAlMjAlMjAlMjAlMjAlMjAlMjAlMjAlMjAlMjAlMjAlMjAlMjAlMjAlMjAlMjAlMjAlMjAlMjAlMjAlMjAlMjAlM0NsaSUyMGNsYXNzJTNEJTIyZmlsdGVyJTIyJTIwZGF0YS1maWx0ZXIlM0QlMjIucG9ydGZvbGlvX2NhdGVnb3J5XzE0NSUyMiUzRUN1c3RvbSUzQyUyRmxpJTNFJTBBJTIwJTIwJTIwJTIwJTIwJTIwJTIwJTIwJTIwJTIwJTIwJTIwJTIwJTIwJTIwJTIwJTIwJTIwJTIwJTIwJTIwJTIwJTIwJTIwJTIwJTIwJTIwJTBBJTIwJTIwJTIwJTIwJTIwJTIwJTIwJTIwJTIwJTIwJTIwJTIwJTIwJTIwJTIwJTIwJTIwJTIwJTIwJTIwJTIwJTIwJTIwJTIwJTIwJTIwJTIwJTIwJTNDbGklMjBjbGFzcyUzRCUyMmZpbHRlciUyMiUyMGRhdGEtZmlsdGVyJTNEJTIyLnBvcnRmb2xpb19jYXRlZ29yeV8xMzklMjIlM0VFc3BlY2lhbCUyMGElMjBtZWRpZGElM0MlMkZsaSUzRSUwQSUyMCUyMCUyMCUyMCUyMCUyMCUyMCUyMCUyMCUyMCUyMCUyMCUyMCUyMCUyMCUyMCUyMCUyMCUyMCUyMCUzQyUyRnVsJTNFJTBBJTNDJTJGZGl2JTNFJTBBJTNDJTJGZGl2JTNF[\/vc_raw_html][\/vc_column_inner][\/vc_row_inner][\/vc_column][\/vc_row][vc_row row_type=\u00bbrow\u00bb use_row_as_full_screen_section=\u00bbyes\u00bb type=\u00bbfull_width\u00bb...<\/span>\n\n\t\t\n<\/div>\n    <\/div>\n<\/article>\n<article class=\"portfolio_masonry_item portfolio_category_142 portfolio_category_144 portfolio_category_141 default\">\n    <div class='image_holder overlapping_title_hover'>\n        \n<span class='image'><img loading=\"lazy\" decoding=\"async\" width=\"500\" height=\"455\" src=\"https:\/\/www.a-emotionallight.com\/wp-content\/uploads\/2021\/05\/coral-pendant-composition-by-arturo-alvarez-villa-agora-home-lights.jpg\" class=\"attachment-portfolio_masonry_regular size-portfolio_masonry_regular wp-post-image\" alt=\"\" \/><\/span>\n\n    <a class='portfolio_link_class' href='https:\/\/www.a-emotionallight.com\/es\/portfolio_page\/villa-agora-marbella\/' target='_self'><\/a>\n        <div class=\"text_holder\">\n\t<h4 class=\"portfolio_title\" > Villa \u00c1gora, Marbella<\/h4><span class=\"excerpt search_hidden\">\n\t\u00b7 \t\t\tRef. AG404 \u00b7 Ref. AG404-EXT  | Agasallo, que significa \u201cregalo\u201d en gallego es la nueva colecci\u00f3n de H\u00e9ctor Serrano para a emotional light. Sus formas y su pintado a mano generan efectos de luz \u00fanicos que se proyectan en el espacio creando una atm\u00f3sfera singular. \r\n\r\nDisponible en cuatro medidas de colgante que se pueden combinar a diferentes alturas creando m\u00faltiples composiciones. En su sencillez radica su originalidad. Agasallo es, sin duda, un regalo para los sentidos. |  \u00b7 colecci\u00f3n agasallo  \u00b7 L\u00e1mparas colgantes  \u00b7  Nuevo  \u00b7 Novedades \u00b7 exterior |  \u00b7 colecci\u00f3n agasallo  \u00b7 L\u00e1mparas colgantes  \u00b7  Nuevo  \u00b7 Novedades \u00b7 exterior<\/span>\n\n\t\t\n<\/div>\n    <\/div>\n<\/article>\n<\/div>\n[\/vc_column][\/vc_row][vc_row row_type=\u00bbrow\u00bb use_row_as_full_screen_section=\u00bbno\u00bb type=\u00bbfull_width\u00bb text_align=\u00bbcenter\u00bb background_animation=\u00bbnone\u00bb css_animation=\u00bb\u00bb el_class=\u00bbno_results\u00bb][vc_column][vc_raw_html]JTNDaDElMjBjbGFzcyUzRCUyMm5vX3Jlc3VsdHMlMjIlM0VOTyUyMFJFU1VMVFMlM0MlMkZoMSUzRQ==[\/vc_raw_html][\/vc_column][\/vc_row][vc_row row_type=\u00bbrow\u00bb use_row_as_full_screen_section=\u00bbno\u00bb type=\u00bbfull_width\u00bb text_align=\u00bbleft\u00bb background_animation=\u00bbnone\u00bb css_animation=\u00bb\u00bb][vc_column][vc_raw_js]JTNDc2NyaXB0JTIwdHlwZSUzRCUyMnRleHQlMkZqYXZhc2NyaXB0JTIyJTNFJTIwJTBBJTBBJTI4ZnVuY3Rpb24lMjglMjQlMjklMjAlN0IlMEElMDklMEElMjAlMjAlMjAlMjQlMjhkb2N1bWVudCUyOS5yZWFkeSUyOGZ1bmN0aW9uJTI4JTI5JTIwJTdCJTBBJTBBJTIwJTIwJTIwJTIwJTIwJTIwJTIwJTI0JTI4JTI3aDMlMjclMjkuY3NzJTI4JTIwJTIyZGlzcGxheSUyMiUyQyUyMCUyMm5vbmUlMjIlMjAlMjklM0IlMEElMEElMjAlMjAlMjAlMjAlMjAlMjAlMjAlMjQlMjglMjAlMjJib2R5JTIyJTIwJTI5Lm9uJTI4JTIybW91c2VlbnRlciUyMiUyQyUyMCUyMi5pbWFnZV93aXRoX3RleHRfZGVzaWduJTIwYSUyMiUyQyUyMGZ1bmN0aW9uJTI4JTI5JTIwJTdCJTBBJTIwJTIwJTIwJTIwJTIwJTIwJTIwJTIwJTIwJTI0JTI4dGhpcyUyOS5maW5kJTI4JTI3aDMlMjclMjkuY3NzJTI4JTIwJTIyZGlzcGxheSUyMiUyQyUyMCUyMmJsb2NrJTIyJTIwJTI5JTNCJTBBJTIwJTIwJTIwJTIwJTIwJTIwJTIwJTdEJTI5JTNCJTBBJTIwJTIwJTIwJTIwJTIwJTIwJTIwJTI0JTI4JTIwJTIyYm9keSUyMiUyMCUyOS5vbiUyOCUyMm1vdXNlbGVhdmUlMjIlMkMlMjAlMjIuaW1hZ2Vfd2l0aF90ZXh0X2Rlc2lnbiUyMGElMjIlMkMlMjBmdW5jdGlvbiUyOCUyOSUyMCU3QiUwQSUyMCUyMCUyMCUyMCUyMCUyMCUyMCUyMCUyMCUyNCUyOHRoaXMlMjkuZmluZCUyOCUyN2gzJTI3JTI5LmNzcyUyOCUyMCUyMmRpc3BsYXklMjIlMkMlMjAlMjJub25lJTIyJTIwJTI5JTNCJTBBJTIwJTIwJTIwJTIwJTIwJTIwJTIwJTdEJTI5JTNCJTBBJTBBJTBBJTIwJTIwJTIwJTIwJTdEJTI5JTNCJTBBJTBBJTdEJTI5JTI4alF1ZXJ5JTI5JTNCJTBBJTBBJTNDJTJGc2NyaXB0JTNF[\/vc_raw_js][\/vc_column][\/vc_row]<\/p>\n<\/section>","protected":false},"excerpt":{"rendered":"<p>[vc_row row_type=\u00bbrow\u00bb use_row_as_full_screen_section=\u00bbno\u00bb type=\u00bbfull_width\u00bb text_align=\u00bbleft\u00bb background_animation=\u00bbnone\u00bb css_animation=\u00bb\u00bb el_id=\u00bbisotope_search_projects\u00bb css=\u00bb.vc_custom_1624258207340{padding-top: 70px !important;}\u00bb][vc_column el_class=\u00bbportfolio_lamps_search\u00bb][\/vc_column][\/vc_row][vc_row row_type=\u00bbrow\u00bb use_row_as_full_screen_section=\u00bbno\u00bb type=\u00bbfull_width\u00bb text_align=\u00bbcenter\u00bb background_animation=\u00bbnone\u00bb css_animation=\u00bb\u00bb el_class=\u00bbno_results\u00bb][vc_column][vc_raw_html]JTNDaDElMjBjbGFzcyUzRCUyMm5vX3Jlc3VsdHMlMjIlM0VOTyUyMFJFU1VMVFMlM0MlMkZoMSUzRQ==[\/vc_raw_html][\/vc_column][\/vc_row][vc_row row_type=\u00bbrow\u00bb use_row_as_full_screen_section=\u00bbno\u00bb type=\u00bbfull_width\u00bb text_align=\u00bbleft\u00bb background_animation=\u00bbnone\u00bb css_animation=\u00bb\u00bb][vc_column][vc_raw_js]JTNDc2NyaXB0JTIwdHlwZSUzRCUyMnRleHQlMkZqYXZhc2NyaXB0JTIyJTNFJTIwJTBBJTBBJTI4ZnVuY3Rpb24lMjglMjQlMjklMjAlN0IlMEElMDklMEElMjAlMjAlMjAlMjQlMjhkb2N1bWVudCUyOS5yZWFkeSUyOGZ1bmN0aW9uJTI4JTI5JTIwJTdCJTBBJTBBJTIwJTIwJTIwJTIwJTIwJTIwJTIwJTI0JTI4JTI3aDMlMjclMjkuY3NzJTI4JTIwJTIyZGlzcGxheSUyMiUyQyUyMCUyMm5vbmUlMjIlMjAlMjklM0IlMEElMEElMjAlMjAlMjAlMjAlMjAlMjAlMjAlMjQlMjglMjAlMjJib2R5JTIyJTIwJTI5Lm9uJTI4JTIybW91c2VlbnRlciUyMiUyQyUyMCUyMi5pbWFnZV93aXRoX3RleHRfZGVzaWduJTIwYSUyMiUyQyUyMGZ1bmN0aW9uJTI4JTI5JTIwJTdCJTBBJTIwJTIwJTIwJTIwJTIwJTIwJTIwJTIwJTIwJTI0JTI4dGhpcyUyOS5maW5kJTI4JTI3aDMlMjclMjkuY3NzJTI4JTIwJTIyZGlzcGxheSUyMiUyQyUyMCUyMmJsb2NrJTIyJTIwJTI5JTNCJTBBJTIwJTIwJTIwJTIwJTIwJTIwJTIwJTdEJTI5JTNCJTBBJTIwJTIwJTIwJTIwJTIwJTIwJTIwJTI0JTI4JTIwJTIyYm9keSUyMiUyMCUyOS5vbiUyOCUyMm1vdXNlbGVhdmUlMjIlMkMlMjAlMjIuaW1hZ2Vfd2l0aF90ZXh0X2Rlc2lnbiUyMGElMjIlMkMlMjBmdW5jdGlvbiUyOCUyOSUyMCU3QiUwQSUyMCUyMCUyMCUyMCUyMCUyMCUyMCUyMCUyMCUyNCUyOHRoaXMlMjkuZmluZCUyOCUyN2gzJTI3JTI5LmNzcyUyOCUyMCUyMmRpc3BsYXklMjIlMkMlMjAlMjJub25lJTIyJTIwJTI5JTNCJTBBJTIwJTIwJTIwJTIwJTIwJTIwJTIwJTdEJTI5JTNCJTBBJTBBJTBBJTIwJTIwJTIwJTIwJTdEJTI5JTNCJTBBJTBBJTdEJTI5JTI4alF1ZXJ5JTI5JTNCJTBBJTBBJTNDJTJGc2NyaXB0JTNF[\/vc_raw_js][\/vc_column][\/vc_row]<\/p>\n","protected":false},"author":2,"featured_media":0,"parent":0,"menu_order":0,"comment_status":"closed","ping_status":"closed","template":"full_width.php","meta":{"inline_featured_image":false,"footnotes":""},"aioseo_notices":[],"_links":{"self":[{"href":"https:\/\/www.a-emotionallight.com\/es\/wp-json\/wp\/v2\/pages\/44141"}],"collection":[{"href":"https:\/\/www.a-emotionallight.com\/es\/wp-json\/wp\/v2\/pages"}],"about":[{"href":"https:\/\/www.a-emotionallight.com\/es\/wp-json\/wp\/v2\/types\/page"}],"author":[{"embeddable":true,"href":"https:\/\/www.a-emotionallight.com\/es\/wp-json\/wp\/v2\/users\/2"}],"replies":[{"embeddable":true,"href":"https:\/\/www.a-emotionallight.com\/es\/wp-json\/wp\/v2\/comments?post=44141"}],"version-history":[{"count":4,"href":"https:\/\/www.a-emotionallight.com\/es\/wp-json\/wp\/v2\/pages\/44141\/revisions"}],"predecessor-version":[{"id":45364,"href":"https:\/\/www.a-emotionallight.com\/es\/wp-json\/wp\/v2\/pages\/44141\/revisions\/45364"}],"wp:attachment":[{"href":"https:\/\/www.a-emotionallight.com\/es\/wp-json\/wp\/v2\/media?parent=44141"}],"curies":[{"name":"wp","href":"https:\/\/api.w.org\/{rel}","templated":true}]}}