{"id":44253,"date":"2021-06-01T10:33:02","date_gmt":"2021-06-01T10:33:02","guid":{"rendered":"https:\/\/www.a-emotionallight.com\/?page_id=44253"},"modified":"2023-03-30T15:16:06","modified_gmt":"2023-03-30T15:16:06","slug":"hector-serrano","status":"publish","type":"page","link":"https:\/\/www.a-emotionallight.com\/es\/hector-serrano\/","title":{"rendered":"H\u00e9ctor Serrano"},"content":{"rendered":"<section class=\"wpb-content-wrapper\"><p>[vc_row row_type=\u00bbrow\u00bb use_row_as_full_screen_section=\u00bbno\u00bb type=\u00bbfull_width\u00bb text_align=\u00bbleft\u00bb background_animation=\u00bbnone\u00bb css_animation=\u00bb\u00bb css=\u00bb.vc_custom_1620765187168{padding-top: 5% !important;padding-right: 5% !important;padding-bottom: 5% !important;padding-left: 5% !important;}\u00bb][vc_column][vc_separator type=\u00bbtransparent\u00bb border_style=\u00bb\u00bb up=\u00bb20&#8243;][vc_separator type=\u00bbtransparent\u00bb border_style=\u00bb\u00bb up=\u00bb20&#8243;][vc_separator type=\u00bbtransparent\u00bb border_style=\u00bb\u00bb up=\u00bb20&#8243;][vc_separator type=\u00bbtransparent\u00bb border_style=\u00bb\u00bb up=\u00bb20&#8243;][vc_row_inner row_type=\u00bbrow\u00bb type=\u00bbfull_width\u00bb use_row_as_full_screen_section_slide=\u00bbno\u00bb text_align=\u00bbleft\u00bb css_animation=\u00bb\u00bb][vc_column_inner width=\u00bb1\/3&#8243;][vc_separator type=\u00bbtransparent\u00bb border_style=\u00bb\u00bb up=\u00bb20&#8243;][vc_single_image image=\u00bb50342&#8243; img_size=\u00bbfull\u00bb alignment=\u00bbright\u00bb qode_css_animation=\u00bb\u00bb css=\u00bb.vc_custom_1680189360159{margin-top: 0px !important;margin-right: 0px !important;margin-bottom: 0px !important;margin-left: 0px !important;border-top-width: 0px !important;border-right-width: 0px !important;border-bottom-width: 0px !important;border-left-width: 0px !important;padding-top: 0px !important;padding-right: 0px !important;padding-bottom: 0px !important;padding-left: 0px !important;}\u00bb][vc_separator type=\u00bbtransparent\u00bb border_style=\u00bb\u00bb up=\u00bb20&#8243;][vc_separator type=\u00bbtransparent\u00bb border_style=\u00bb\u00bb up=\u00bb20&#8243;][vc_separator type=\u00bbtransparent\u00bb border_style=\u00bb\u00bb up=\u00bb20&#8243;][\/vc_column_inner][vc_column_inner width=\u00bb2\/3&#8243;][vc_separator type=\u00bbtransparent\u00bb border_style=\u00bb\u00bb up=\u00bb20&#8243;][vc_column_text el_class=\u00bb.banda_texto_geo_050&#8243;]<\/p>\n<h2>H\u00e9ctor Serrano<\/h2>\n<p>[\/vc_column_text][vc_separator type=\u00bbtransparent\u00bb border_style=\u00bb\u00bb up=\u00bb20&#8243;][vc_column_text el_class=\u00bb.banda_texto_geo_050&#8243;]H\u00e9ctor Serrano estudi\u00f3 Dise\u00f1o Industrial en la UCH CEU de Valencia y posteriormente un M\u00e1ster en Dise\u00f1o de Producto en el Royal College of Art de Londres. Funda su estudio de dise\u00f1o en Londres en el a\u00f1o 2000 compaginando su actividad profesional con la docencia, impartiendo clases y conferencias en universidades como RCA y Ravesbourne en Londres, ECAL en Lausana, CEU en Valencia, IE en Madrid, HKDI en Hong Kong y Universidad Javeriana en Bogot\u00e1.[\/vc_column_text][vc_separator type=\u00bbtransparent\u00bb border_style=\u00bb\u00bb up=\u00bb20&#8243;][vc_column_text el_class=\u00bb.banda_texto_geo_050&#8243;]Con su particular visi\u00f3n da la vuelta a los productos cotidianos para crear objetos de alto valor y espacios que buscan atraer a las personas de la manera m\u00e1s humana, emocional y extraordinaria posible. La b\u00fasqueda de aportar innovaci\u00f3n y caracter, manteniendo la atemporalidad, la sencillez y la atenci\u00f3n al detalle es una constante en cada uno de sus proyectos que han sido expuestos en museos de Londres, Nueva York o \u00c1msterdam.[\/vc_column_text][vc_separator type=\u00bbtransparent\u00bb border_style=\u00bb\u00bb up=\u00bb20&#8243;][\/vc_column_inner][\/vc_row_inner][vc_separator type=\u00bbtransparent\u00bb border_style=\u00bb\u00bb up=\u00bb20&#8243;][\/vc_column][\/vc_row][vc_row row_type=\u00bbrow\u00bb use_row_as_full_screen_section=\u00bbyes\u00bb type=\u00bbfull_width\u00bb text_align=\u00bbleft\u00bb background_animation=\u00bbnone\u00bb css_animation=\u00bb\u00bb el_class=\u00bbcarousel_frechascentradas\u00bb][vc_column][vc_column_text el_class=\u00bb.banda_texto_geo_050&#8243;]<\/p>\n<h2>Productos<\/h2>\n<p>[\/vc_column_text][vc_separator type=\u00bbtransparent\u00bb border_style=\u00bb\u00bb up=\u00bb20&#8243;][vc_column_text]<\/p>\n<p>[\/vc_column_text]\t<div class=\"qode-centered-portfolio-carousel qode-owl-slider\" data-enable-center=\"yes\" data-slider-padding=\"yes\" data-slider-margin=\"38\" data-number-of-items=\"1\">\n\t\t\t\t\t\t\t\t\t<div class=\"qode-cpc-post\">\n\t\t\t\t\t\t\t\t\t\t\t<div class=\"qode-cpc-post-image\">\n\t\t\t\t\t\t\t<a href=\"https:\/\/www.a-emotionallight.com\/es\/portfolio_page\/ballet\/\" itemprop=\"url\">\n\t\t\t\t\t\t\t\t<span class=\"qode-cpc-overlay\"><\/span>\n\t\t\t\t\t\t\t\t<img loading=\"lazy\" decoding=\"async\" width=\"550\" height=\"500\" src=\"https:\/\/www.a-emotionallight.com\/wp-content\/uploads\/2017\/02\/BA06_thumb.gif\" class=\"attachment-full size-full wp-post-image\" alt=\"\" \/>\t\t\t\t\t\t\t<\/a>\n\t\t\t\t\t\t<\/div>\n\t\t\t\t\t\t\t\t\t<\/div>\n\t\t\t\t\t\t\t\t\t<div class=\"qode-cpc-post\">\n\t\t\t\t\t\t\t\t\t\t\t<div class=\"qode-cpc-post-image\">\n\t\t\t\t\t\t\t<a href=\"https:\/\/www.a-emotionallight.com\/es\/portfolio_page\/ballet-composicion\/\" itemprop=\"url\">\n\t\t\t\t\t\t\t\t<span class=\"qode-cpc-overlay\"><\/span>\n\t\t\t\t\t\t\t\t<img loading=\"lazy\" decoding=\"async\" width=\"550\" height=\"500\" src=\"https:\/\/www.a-emotionallight.com\/wp-content\/uploads\/2016\/03\/BA04-3_thumb.jpg\" class=\"attachment-full size-full wp-post-image\" alt=\"\" \/>\t\t\t\t\t\t\t<\/a>\n\t\t\t\t\t\t<\/div>\n\t\t\t\t\t\t\t\t\t<\/div>\n\t\t\t\t\t\t\t\t\t<div class=\"qode-cpc-post\">\n\t\t\t\t\t\t\t\t\t\t\t<div class=\"qode-cpc-post-image\">\n\t\t\t\t\t\t\t<a href=\"https:\/\/www.a-emotionallight.com\/es\/portfolio_page\/ballet-plie\/\" itemprop=\"url\">\n\t\t\t\t\t\t\t\t<span class=\"qode-cpc-overlay\"><\/span>\n\t\t\t\t\t\t\t\t<img loading=\"lazy\" decoding=\"async\" width=\"435\" height=\"395\" src=\"https:\/\/www.a-emotionallight.com\/wp-content\/uploads\/2016\/03\/BAP04_thumb-1.jpg\" class=\"attachment-full size-full wp-post-image\" alt=\"\" \/>\t\t\t\t\t\t\t<\/a>\n\t\t\t\t\t\t<\/div>\n\t\t\t\t\t\t\t\t\t<\/div>\n\t\t\t\t\t\t\t\t\t<div class=\"qode-cpc-post\">\n\t\t\t\t\t\t\t\t\t\t\t<div class=\"qode-cpc-post-image\">\n\t\t\t\t\t\t\t<a href=\"https:\/\/www.a-emotionallight.com\/es\/portfolio_page\/ballet-releve\/\" itemprop=\"url\">\n\t\t\t\t\t\t\t\t<span class=\"qode-cpc-overlay\"><\/span>\n\t\t\t\t\t\t\t\t<img loading=\"lazy\" decoding=\"async\" width=\"550\" height=\"500\" src=\"https:\/\/www.a-emotionallight.com\/wp-content\/uploads\/2016\/03\/BARE04_icono.jpg\" class=\"attachment-full size-full wp-post-image\" alt=\"\" \/>\t\t\t\t\t\t\t<\/a>\n\t\t\t\t\t\t<\/div>\n\t\t\t\t\t\t\t\t\t<\/div>\n\t\t\t\t\t\t\t\t\t<div class=\"qode-cpc-post\">\n\t\t\t\t\t\t\t\t\t\t\t<div class=\"qode-cpc-post-image\">\n\t\t\t\t\t\t\t<a href=\"https:\/\/www.a-emotionallight.com\/es\/portfolio_page\/ballet-elance\/\" itemprop=\"url\">\n\t\t\t\t\t\t\t\t<span class=\"qode-cpc-overlay\"><\/span>\n\t\t\t\t\t\t\t\t<img loading=\"lazy\" decoding=\"async\" width=\"550\" height=\"500\" src=\"https:\/\/www.a-emotionallight.com\/wp-content\/uploads\/2016\/03\/BALA04_thumb_01.jpg\" class=\"attachment-full size-full wp-post-image\" alt=\"\" \/>\t\t\t\t\t\t\t<\/a>\n\t\t\t\t\t\t<\/div>\n\t\t\t\t\t\t\t\t\t<\/div>\n\t\t\t\t\t\t\t\t\t<div class=\"qode-cpc-post\">\n\t\t\t\t\t\t\t\t\t\t\t<div class=\"qode-cpc-post-image\">\n\t\t\t\t\t\t\t<a href=\"https:\/\/www.a-emotionallight.com\/es\/portfolio_page\/woods\/\" itemprop=\"url\">\n\t\t\t\t\t\t\t\t<span class=\"qode-cpc-overlay\"><\/span>\n\t\t\t\t\t\t\t\t<img loading=\"lazy\" decoding=\"async\" width=\"550\" height=\"500\" src=\"https:\/\/www.a-emotionallight.com\/wp-content\/uploads\/2016\/03\/woods_thumb.jpg\" class=\"attachment-full size-full wp-post-image\" alt=\"\" \/>\t\t\t\t\t\t\t<\/a>\n\t\t\t\t\t\t<\/div>\n\t\t\t\t\t\t\t\t\t<\/div>\n\t\t\t\t\t\t\t\t\t<div class=\"qode-cpc-post\">\n\t\t\t\t\t\t\t\t\t\t\t<div class=\"qode-cpc-post-image\">\n\t\t\t\t\t\t\t<a href=\"https:\/\/www.a-emotionallight.com\/es\/portfolio_page\/v-grande\/\" itemprop=\"url\">\n\t\t\t\t\t\t\t\t<span class=\"qode-cpc-overlay\"><\/span>\n\t\t\t\t\t\t\t\t<img loading=\"lazy\" decoding=\"async\" width=\"550\" height=\"500\" src=\"https:\/\/www.a-emotionallight.com\/wp-content\/uploads\/2016\/03\/VV04G_thumb.jpg\" class=\"attachment-full size-full wp-post-image\" alt=\"\" \/>\t\t\t\t\t\t\t<\/a>\n\t\t\t\t\t\t<\/div>\n\t\t\t\t\t\t\t\t\t<\/div>\n\t\t\t\t\t\t\t\t\t<div class=\"qode-cpc-post\">\n\t\t\t\t\t\t\t\t\t\t\t<div class=\"qode-cpc-post-image\">\n\t\t\t\t\t\t\t<a href=\"https:\/\/www.a-emotionallight.com\/es\/portfolio_page\/v-mediana\/\" itemprop=\"url\">\n\t\t\t\t\t\t\t\t<span class=\"qode-cpc-overlay\"><\/span>\n\t\t\t\t\t\t\t\t<img loading=\"lazy\" decoding=\"async\" width=\"550\" height=\"500\" src=\"https:\/\/www.a-emotionallight.com\/wp-content\/uploads\/2016\/03\/VV04_thumb.jpg\" class=\"attachment-full size-full wp-post-image\" alt=\"\" \/>\t\t\t\t\t\t\t<\/a>\n\t\t\t\t\t\t<\/div>\n\t\t\t\t\t\t\t\t\t<\/div>\n\t\t\t\t\t\t\t\t\t<div class=\"qode-cpc-post\">\n\t\t\t\t\t\t\t\t\t\t\t<div class=\"qode-cpc-post-image\">\n\t\t\t\t\t\t\t<a href=\"https:\/\/www.a-emotionallight.com\/es\/portfolio_page\/v\/\" itemprop=\"url\">\n\t\t\t\t\t\t\t\t<span class=\"qode-cpc-overlay\"><\/span>\n\t\t\t\t\t\t\t\t<img loading=\"lazy\" decoding=\"async\" width=\"550\" height=\"500\" src=\"https:\/\/www.a-emotionallight.com\/wp-content\/uploads\/2016\/03\/VV03_thumb.jpg\" class=\"attachment-full size-full wp-post-image\" alt=\"\" \/>\t\t\t\t\t\t\t<\/a>\n\t\t\t\t\t\t<\/div>\n\t\t\t\t\t\t\t\t\t<\/div>\n\t\t\t<\/div>\n[\/vc_column][\/vc_row]<\/p>\n<\/section>","protected":false},"excerpt":{"rendered":"<p>[vc_row row_type=\u00bbrow\u00bb use_row_as_full_screen_section=\u00bbno\u00bb type=\u00bbfull_width\u00bb text_align=\u00bbleft\u00bb background_animation=\u00bbnone\u00bb css_animation=\u00bb\u00bb css=\u00bb.vc_custom_1620765187168{padding-top: 5% !important;padding-right: 5% !important;padding-bottom: 5% !important;padding-left: 5% !important;}\u00bb][vc_column][vc_separator type=\u00bbtransparent\u00bb border_style=\u00bb\u00bb up=\u00bb20&#8243;][vc_separator type=\u00bbtransparent\u00bb border_style=\u00bb\u00bb up=\u00bb20&#8243;][vc_separator type=\u00bbtransparent\u00bb border_style=\u00bb\u00bb up=\u00bb20&#8243;][vc_separator type=\u00bbtransparent\u00bb border_style=\u00bb\u00bb up=\u00bb20&#8243;][vc_row_inner row_type=\u00bbrow\u00bb type=\u00bbfull_width\u00bb use_row_as_full_screen_section_slide=\u00bbno\u00bb text_align=\u00bbleft\u00bb css_animation=\u00bb\u00bb][vc_column_inner width=\u00bb1\/3&#8243;][vc_separator type=\u00bbtransparent\u00bb border_style=\u00bb\u00bb up=\u00bb20&#8243;][vc_single_image image=\u00bb50342&#8243; img_size=\u00bbfull\u00bb alignment=\u00bbright\u00bb qode_css_animation=\u00bb\u00bb css=\u00bb.vc_custom_1680189360159{margin-top: 0px !important;margin-right: 0px !important;margin-bottom: 0px !important;margin-left: 0px !important;border-top-width: 0px !important;border-right-width: 0px !important;border-bottom-width: 0px !important;border-left-width: 0px !important;padding-top: 0px !important;padding-right: 0px !important;padding-bottom: 0px !important;padding-left: 0px !important;}\u00bb][vc_separator type=\u00bbtransparent\u00bb border_style=\u00bb\u00bb up=\u00bb20&#8243;][vc_separator type=\u00bbtransparent\u00bb border_style=\u00bb\u00bb up=\u00bb20&#8243;][vc_separator type=\u00bbtransparent\u00bb border_style=\u00bb\u00bb up=\u00bb20&#8243;][\/vc_column_inner][vc_column_inner width=\u00bb2\/3&#8243;][vc_separator type=\u00bbtransparent\u00bb border_style=\u00bb\u00bb up=\u00bb20&#8243;][vc_column_text el_class=\u00bb.banda_texto_geo_050&#8243;] H\u00e9ctor Serrano [\/vc_column_text][vc_separator type=\u00bbtransparent\u00bb border_style=\u00bb\u00bb up=\u00bb20&#8243;][vc_column_text el_class=\u00bb.banda_texto_geo_050&#8243;]H\u00e9ctor Serrano estudi\u00f3 Dise\u00f1o Industrial en la UCH CEU de Valencia y posteriormente un&#8230;<\/p>\n","protected":false},"author":2,"featured_media":0,"parent":0,"menu_order":0,"comment_status":"closed","ping_status":"closed","template":"","meta":{"inline_featured_image":false,"footnotes":""},"aioseo_notices":[],"_links":{"self":[{"href":"https:\/\/www.a-emotionallight.com\/es\/wp-json\/wp\/v2\/pages\/44253"}],"collection":[{"href":"https:\/\/www.a-emotionallight.com\/es\/wp-json\/wp\/v2\/pages"}],"about":[{"href":"https:\/\/www.a-emotionallight.com\/es\/wp-json\/wp\/v2\/types\/page"}],"author":[{"embeddable":true,"href":"https:\/\/www.a-emotionallight.com\/es\/wp-json\/wp\/v2\/users\/2"}],"replies":[{"embeddable":true,"href":"https:\/\/www.a-emotionallight.com\/es\/wp-json\/wp\/v2\/comments?post=44253"}],"version-history":[{"count":4,"href":"https:\/\/www.a-emotionallight.com\/es\/wp-json\/wp\/v2\/pages\/44253\/revisions"}],"predecessor-version":[{"id":50399,"href":"https:\/\/www.a-emotionallight.com\/es\/wp-json\/wp\/v2\/pages\/44253\/revisions\/50399"}],"wp:attachment":[{"href":"https:\/\/www.a-emotionallight.com\/es\/wp-json\/wp\/v2\/media?parent=44253"}],"curies":[{"name":"wp","href":"https:\/\/api.w.org\/{rel}","templated":true}]}}