{"id":44767,"date":"2021-06-11T09:51:08","date_gmt":"2021-06-11T09:51:08","guid":{"rendered":"https:\/\/www.a-emotionallight.com\/?page_id=44767"},"modified":"2026-01-30T14:13:35","modified_gmt":"2026-01-30T14:13:35","slug":"subvenciones-emotional","status":"publish","type":"page","link":"https:\/\/www.a-emotionallight.com\/es\/subvenciones-emotional\/","title":{"rendered":"subvenciones emotional"},"content":{"rendered":"<section class=\"wpb-content-wrapper\"><p>[vc_row row_type=\u00bbrow\u00bb use_row_as_full_screen_section=\u00bbno\u00bb type=\u00bbfull_width\u00bb text_align=\u00bbleft\u00bb background_animation=\u00bbnone\u00bb css_animation=\u00bb\u00bb css=\u00bb.vc_custom_1621067237963{margin-right: 5% !important;margin-left: 5% !important;padding-bottom: 4% !important;background-color: #ffffff !important;}\u00bb][vc_column][vc_row_inner row_type=\u00bbrow\u00bb type=\u00bbfull_width\u00bb use_row_as_full_screen_section_slide=\u00bbno\u00bb text_align=\u00bbleft\u00bb css_animation=\u00bb\u00bb css=\u00bb.vc_custom_1623413852709{margin-right: 8% !important;margin-left: 8% !important;}\u00bb][vc_column_inner el_class=\u00bbbanda_texto_geo\u00bb][vc_separator type=\u00bbtransparent\u00bb border_style=\u00bb\u00bb up=\u00bb20&#8243;][vc_separator type=\u00bbtransparent\u00bb border_style=\u00bb\u00bb up=\u00bb20&#8243;][vc_separator type=\u00bbtransparent\u00bb border_style=\u00bb\u00bb up=\u00bb20&#8243;][vc_separator type=\u00bbtransparent\u00bb border_style=\u00bb\u00bb up=\u00bb20&#8243;][vc_column_text]<\/p>\n<h2>Subvenciones<\/h2>\n<p>[\/vc_column_text][\/vc_column_inner][\/vc_row_inner][vc_row_inner row_type=\u00bbrow\u00bb type=\u00bbfull_width\u00bb use_row_as_full_screen_section_slide=\u00bbno\u00bb text_align=\u00bbleft\u00bb css_animation=\u00bb\u00bb css=\u00bb.vc_custom_1623413852709{margin-right: 8% !important;margin-left: 8% !important;}\u00bb][vc_column_inner el_class=\u00bbbanda_texto_geo\u00bb][vc_separator type=\u00bbtransparent\u00bb border_style=\u00bb\u00bb up=\u00bb20&#8243;][vc_column_text el_class=\u00bb.banda_texto_geo_050&#8243;]<\/p>\n<h3>Esta entidad fue beneficiaria de las ayudas para la ejecuci\u00f3n de acciones de promoci\u00f3n exterior de las empresas gallegas<\/h3>\n<p>[\/vc_column_text][vc_separator type=\u00bbtransparent\u00bb border_style=\u00bb\u00bb up=\u00bb20&#8243;][vc_separator type=\u00bbtransparent\u00bb border_style=\u00bb\u00bb up=\u00bb20&#8243;][vc_column_text el_class=\u00bb.banda_texto_geo_050&#8243;]El objetivo principal de estas ayudas es incentivar la realizaci\u00f3n de acciones de promoci\u00f3n exterior generadoras de ventajas competitivas.<\/p>\n<p>El resultado que se pretende conseguir es el impulso de las pymes y sus productos y servicios, aumentando el n\u00famero de empresas de base exportadora.[\/vc_column_text][vc_empty_space height=\u00bb62px\u00bb][vc_empty_space height=\u00bb62px\u00bb][vc_empty_space height=\u00bb62px\u00bb][vc_single_image image=\u00bb61507&#8243; img_size=\u00bbmedium\u00bb alignment=\u00bbcenter\u00bb onclick=\u00bblink_image\u00bb qode_css_animation=\u00bb\u00bb][\/vc_column_inner][\/vc_row_inner][vc_row_inner row_type=\u00bbrow\u00bb type=\u00bbfull_width\u00bb use_row_as_full_screen_section_slide=\u00bbno\u00bb text_align=\u00bbleft\u00bb css_animation=\u00bb\u00bb css=\u00bb.vc_custom_1623413852709{margin-right: 8% !important;margin-left: 8% !important;}\u00bb][vc_column_inner el_class=\u00bbbanda_texto_geo\u00bb][vc_separator type=\u00bbtransparent\u00bb border_style=\u00bb\u00bb up=\u00bb20&#8243;][vc_column_text el_class=\u00bb.banda_texto_geo_050&#8243;]<\/p>\n<h3>Ayudas para sistematizar y fortalecer la innovaci\u00f3n mediante planes de dise\u00f1o para la innovaci\u00f3n de las empresas en Galicia.<\/h3>\n<p>[\/vc_column_text][vc_separator type=\u00bbtransparent\u00bb border_style=\u00bb\u00bb up=\u00bb20&#8243;][vc_separator type=\u00bbtransparent\u00bb border_style=\u00bb\u00bb up=\u00bb20&#8243;][vc_column_text el_class=\u00bb.banda_texto_geo_050&#8243;]<img loading=\"lazy\" decoding=\"async\" class=\"alignnone wp-image-47687\" src=\"https:\/\/www.a-emotionallight.com\/wp-content\/uploads\/2021\/11\/DP-azul.png\" alt=\"\" width=\"223\" height=\"64\" srcset=\"https:\/\/www.a-emotionallight.com\/wp-content\/uploads\/2021\/11\/DP-azul.png 816w, https:\/\/www.a-emotionallight.com\/wp-content\/uploads\/2021\/11\/DP-azul-800x234.png 800w, https:\/\/www.a-emotionallight.com\/wp-content\/uploads\/2021\/11\/DP-azul-700x201.png 700w, https:\/\/www.a-emotionallight.com\/wp-content\/uploads\/2021\/11\/DP-azul-300x86.png 300w\" sizes=\"(max-width: 223px) 100vw, 223px\" \/><\/p>\n<p><strong>PLAN DE DESE\u00d1O DE CALOR COLOR S.L.<\/strong><\/p>\n<p>\u00abPara sistematizar e fortalecer a innovaci\u00f3n, mediante a posta en marcha de actividades integradas en plans de dese\u00f1o para a innovaci\u00f3n e a sustentabilidade\u00bb<\/p>\n<p>Esta operaci\u00f3n est\u00e1 financiada pola Xunta de Galicia, a trav\u00e9s das axudas concedidas pola Axencia Galega de Innovaci\u00f3n, dentro do programa de axudas \u00e1 empresa Dese\u00f1apeme na s\u00faa convocatoria 2024.<\/p>\n<p>Expediente n\u00fam. 02_IN848E_2024_828261<\/p>\n<p>&nbsp;<\/p>\n<p><img loading=\"lazy\" decoding=\"async\" class=\"alignnone size-full wp-image-61292\" src=\"https:\/\/www.a-emotionallight.com\/wp-content\/uploads\/2025\/10\/Logo-IGAPE.jpg\" alt=\"\" width=\"300\" height=\"79\" \/><\/p>\n<p><img loading=\"lazy\" decoding=\"async\" class=\"alignnone wp-image-61295\" src=\"https:\/\/www.a-emotionallight.com\/wp-content\/uploads\/2025\/10\/DP24_CartelPublicidade-CALOR-COLOR-1024x724.jpg\" alt=\"\" width=\"1425\" height=\"1008\" srcset=\"https:\/\/www.a-emotionallight.com\/wp-content\/uploads\/2025\/10\/DP24_CartelPublicidade-CALOR-COLOR-1024x724.jpg 1024w, https:\/\/www.a-emotionallight.com\/wp-content\/uploads\/2025\/10\/DP24_CartelPublicidade-CALOR-COLOR-1448x1024.jpg 1448w, https:\/\/www.a-emotionallight.com\/wp-content\/uploads\/2025\/10\/DP24_CartelPublicidade-CALOR-COLOR-1536x1086.jpg 1536w, https:\/\/www.a-emotionallight.com\/wp-content\/uploads\/2025\/10\/DP24_CartelPublicidade-CALOR-COLOR-700x495.jpg 700w, https:\/\/www.a-emotionallight.com\/wp-content\/uploads\/2025\/10\/DP24_CartelPublicidade-CALOR-COLOR-1100x778.jpg 1100w, https:\/\/www.a-emotionallight.com\/wp-content\/uploads\/2025\/10\/DP24_CartelPublicidade-CALOR-COLOR-300x212.jpg 300w, https:\/\/www.a-emotionallight.com\/wp-content\/uploads\/2025\/10\/DP24_CartelPublicidade-CALOR-COLOR.jpg 1588w\" sizes=\"(max-width: 1425px) 100vw, 1425px\" \/>[\/vc_column_text][\/vc_column_inner][\/vc_row_inner][vc_row_inner row_type=\u00bbrow\u00bb type=\u00bbfull_width\u00bb use_row_as_full_screen_section_slide=\u00bbno\u00bb text_align=\u00bbleft\u00bb css_animation=\u00bb\u00bb css=\u00bb.vc_custom_1623413852709{margin-right: 8% !important;margin-left: 8% !important;}\u00bb][vc_column_inner el_class=\u00bbbanda_texto_geo\u00bb][vc_separator type=\u00bbtransparent\u00bb border_style=\u00bb\u00bb up=\u00bb20&#8243;][vc_column_text el_class=\u00bb.banda_texto_geo_050&#8243;]<\/p>\n<h3>Esta entidade foi beneficiaria das axudas do programa Foexga<\/h3>\n<p>[\/vc_column_text][vc_separator type=\u00bbtransparent\u00bb border_style=\u00bb\u00bb up=\u00bb20&#8243;][vc_separator type=\u00bbtransparent\u00bb border_style=\u00bb\u00bb up=\u00bb20&#8243;][vc_column_text el_class=\u00bb.banda_texto_geo_050&#8243;]O obxectivo principal destas axudas \u00e9 incentivar a realizaci\u00f3n de acci\u00f3ns de promoci\u00f3n exterior xeradoras de vantaxes competitivas.<\/p>\n<p>&nbsp;<\/p>\n<p>O resultado que se pretende acadar \u00e9 o impulso das pemes e os seus produtos e servizos, aumentando o n\u00famero de empresas de base exportadora.<\/p>\n<p>&nbsp;<\/p>\n<div class=\"fullwidth\">\n<div class=\"midwidth firstel\"><a href=\"https:\/\/www.igape.gal\/images\/01-pemes-autonomos\/01-02-consolidacion\/Cartel_publicidade_web_dixitalizacion.pdf\" target=\"_blank\" rel=\"noopener\"><img decoding=\"async\" class=\"alignnone wp-image-47691\" src=\"\/wp-content\/uploads\/2024\/02\/Xunta.png\" alt=\"\" width=\"250\" \/><\/a> <a href=\"https:\/\/www.igape.gal\/images\/01-pemes-autonomos\/01-02-consolidacion\/Cartel_publicidade_web_dixitalizacion.pdf\" target=\"_blank\" rel=\"noopener\">\u00a0 \u00a0 <img loading=\"lazy\" decoding=\"async\" class=\"alignnone wp-image-47691\" src=\"\/wp-content\/uploads\/2024\/02\/EU.png\" alt=\"\" width=\"316\" height=\"62\" \/><\/a><\/div>\n<\/div>\n<p>[\/vc_column_text][vc_empty_space height=\u00bb62px\u00bb][vc_empty_space height=\u00bb62px\u00bb][vc_empty_space height=\u00bb62px\u00bb][vc_single_image image=\u00bb58172&#8243; img_size=\u00bbmedium\u00bb alignment=\u00bbcenter\u00bb onclick=\u00bblink_image\u00bb qode_css_animation=\u00bb\u00bb][\/vc_column_inner][\/vc_row_inner][vc_row_inner row_type=\u00bbrow\u00bb type=\u00bbfull_width\u00bb use_row_as_full_screen_section_slide=\u00bbno\u00bb text_align=\u00bbleft\u00bb css_animation=\u00bb\u00bb css=\u00bb.vc_custom_1623413852709{margin-right: 8% !important;margin-left: 8% !important;}\u00bb][vc_column_inner el_class=\u00bbbanda_texto_geo\u00bb][vc_separator type=\u00bbtransparent\u00bb border_style=\u00bb\u00bb up=\u00bb20&#8243;][vc_column_text el_class=\u00bb.banda_texto_geo_050&#8243;]<\/p>\n<h3>Ayudas al dise\u00f1o para la mejora de la capacidad de innovaci\u00f3n y sostenibilidad de las empresas en Galicia<\/h3>\n<p>[\/vc_column_text][vc_separator type=\u00bbtransparent\u00bb border_style=\u00bb\u00bb up=\u00bb20&#8243;][vc_separator type=\u00bbtransparent\u00bb border_style=\u00bb\u00bb up=\u00bb20&#8243;][vc_column_text el_class=\u00bb.banda_texto_geo_050&#8243;]<img loading=\"lazy\" decoding=\"async\" class=\"alignnone wp-image-47687\" src=\"https:\/\/www.a-emotionallight.com\/wp-content\/uploads\/2021\/11\/DP-azul.png\" alt=\"\" width=\"223\" height=\"64\" srcset=\"https:\/\/www.a-emotionallight.com\/wp-content\/uploads\/2021\/11\/DP-azul.png 816w, https:\/\/www.a-emotionallight.com\/wp-content\/uploads\/2021\/11\/DP-azul-800x234.png 800w, https:\/\/www.a-emotionallight.com\/wp-content\/uploads\/2021\/11\/DP-azul-700x201.png 700w, https:\/\/www.a-emotionallight.com\/wp-content\/uploads\/2021\/11\/DP-azul-300x86.png 300w\" sizes=\"(max-width: 223px) 100vw, 223px\" \/><\/p>\n<p><strong>PLAN DE DESE\u00d1O DE CALOR COLOR S.L.<\/strong><\/p>\n<p>\u00abPara promover o desenvolvemento tecnol\u00f3xico, a innovaci\u00f3n e unha investigaci\u00f3n de calidade\u00bb<\/p>\n<p>Esta operaci\u00f3n est\u00e1 financiada pola Xunta de Galicia, a trav\u00e9s das axudas concedidas pola Axencia Galega de Innovaci\u00f3n, dentro do programa de axudas \u00e1 empresa Dese\u00f1apeme na s\u00faa convocatoria 2024.<\/p>\n<p>Expediente n\u00fam. 02_IN848E_2024_828261<\/p>\n<p>&nbsp;<\/p>\n<p><img loading=\"lazy\" decoding=\"async\" class=\"alignnone wp-image-47689\" src=\"https:\/\/www.a-emotionallight.com\/wp-content\/uploads\/2021\/11\/marca-positivo-1024x293.png\" alt=\"\" width=\"165\" height=\"47\" srcset=\"https:\/\/www.a-emotionallight.com\/wp-content\/uploads\/2021\/11\/marca-positivo-1024x293.png 1024w, https:\/\/www.a-emotionallight.com\/wp-content\/uploads\/2021\/11\/marca-positivo-1920x549.png 1920w, https:\/\/www.a-emotionallight.com\/wp-content\/uploads\/2021\/11\/marca-positivo-700x200.png 700w, https:\/\/www.a-emotionallight.com\/wp-content\/uploads\/2021\/11\/marca-positivo-1100x314.png 1100w, https:\/\/www.a-emotionallight.com\/wp-content\/uploads\/2021\/11\/marca-positivo-300x86.png 300w\" sizes=\"(max-width: 165px) 100vw, 165px\" \/>\u00a0 \u00a0 \u00a0 \u00a0 <img loading=\"lazy\" decoding=\"async\" class=\"alignnone wp-image-58095\" src=\"https:\/\/www.a-emotionallight.com\/wp-content\/uploads\/2024\/11\/gAIN-LOGO.jpg\" alt=\"\" width=\"130\" height=\"50\" srcset=\"https:\/\/www.a-emotionallight.com\/wp-content\/uploads\/2024\/11\/gAIN-LOGO.jpg 509w, https:\/\/www.a-emotionallight.com\/wp-content\/uploads\/2024\/11\/gAIN-LOGO-500x196.jpg 500w, https:\/\/www.a-emotionallight.com\/wp-content\/uploads\/2024\/11\/gAIN-LOGO-300x116.jpg 300w\" sizes=\"(max-width: 130px) 100vw, 130px\" \/><\/p>\n<p>[\/vc_column_text][\/vc_column_inner][\/vc_row_inner][vc_row_inner row_type=\u00bbrow\u00bb type=\u00bbfull_width\u00bb use_row_as_full_screen_section_slide=\u00bbno\u00bb text_align=\u00bbleft\u00bb css_animation=\u00bb\u00bb css=\u00bb.vc_custom_1623413852709{margin-right: 8% !important;margin-left: 8% !important;}\u00bb][vc_column_inner el_class=\u00bbbanda_texto_geo\u00bb][vc_separator type=\u00bbtransparent\u00bb border_style=\u00bb\u00bb up=\u00bb20&#8243;][vc_column_text el_class=\u00bb.banda_texto_geo_050&#8243;]<\/p>\n<h3>Esta entidade foi beneficiaria da convocatoria de axudas \u00e1 dixitalizaci\u00f3n Industria 4.0, cofinanciada pola Uni\u00f3n Europea<\/h3>\n<p>[\/vc_column_text][vc_separator type=\u00bbtransparent\u00bb border_style=\u00bb\u00bb up=\u00bb20&#8243;][vc_separator type=\u00bbtransparent\u00bb border_style=\u00bb\u00bb up=\u00bb20&#8243;][vc_column_text el_class=\u00bb.banda_texto_geo_050&#8243;]O obxectivo principal destas axudas \u00e9 o reforzo do crecemento sustentable e a competitividade das pemes e a creaci\u00f3n de emprego nestas, tam\u00e9n mediante investimentos produtivos.<\/p>\n<p>&nbsp;<\/p>\n<p>O resultado que se pretende acadar \u00e9 posta en marcha de proxectos de dixitalizaci\u00f3n cuxa finalidade sexa a implantaci\u00f3n de soluci\u00f3ns para o soporte dixital de procesos dunha empresa ou para proxectos de interconexi\u00f3n dixital de procesos entre unha empresa galega e outras empresas ou entre d\u00faas ou m\u00e1is empresas galegas.<\/p>\n<p>&nbsp;<\/p>\n<div class=\"fullwidth\">\n<div class=\"midwidth firstel\"><a href=\"https:\/\/www.igape.gal\/images\/01-pemes-autonomos\/01-02-consolidacion\/Cartel_publicidade_web_dixitalizacion.pdf\" target=\"_blank\" rel=\"noopener\"><img decoding=\"async\" class=\"alignnone wp-image-47691\" src=\"\/wp-content\/uploads\/2024\/02\/Xunta.png\" alt=\"\" width=\"250\" \/><\/a> <a href=\"https:\/\/www.igape.gal\/images\/01-pemes-autonomos\/01-02-consolidacion\/Cartel_publicidade_web_dixitalizacion.pdf\" target=\"_blank\" rel=\"noopener\">\u00a0 \u00a0 <img loading=\"lazy\" decoding=\"async\" class=\"alignnone wp-image-47691\" src=\"\/wp-content\/uploads\/2024\/02\/EU.png\" alt=\"\" width=\"316\" height=\"62\" \/><\/a><\/div>\n<\/div>\n<p>[\/vc_column_text][vc_empty_space height=\u00bb62px\u00bb][vc_empty_space height=\u00bb62px\u00bb][vc_empty_space height=\u00bb62px\u00bb][vc_single_image image=\u00bb57014&#8243; img_size=\u00bbmedium\u00bb alignment=\u00bbcenter\u00bb onclick=\u00bblink_image\u00bb qode_css_animation=\u00bb\u00bb][\/vc_column_inner][\/vc_row_inner][vc_row_inner row_type=\u00bbrow\u00bb type=\u00bbfull_width\u00bb use_row_as_full_screen_section_slide=\u00bbno\u00bb text_align=\u00bbleft\u00bb css_animation=\u00bb\u00bb css=\u00bb.vc_custom_1623413852709{margin-right: 8% !important;margin-left: 8% !important;}\u00bb][vc_column_inner el_class=\u00bbbanda_texto_geo\u00bb][vc_separator type=\u00bbtransparent\u00bb border_style=\u00bb\u00bb up=\u00bb20&#8243;][vc_column_text el_class=\u00bb.banda_texto_geo_050&#8243;]<\/p>\n<h3>Ayudas al dise\u00f1o para la mejora de la capacidad de innovaci\u00f3n y sostenibilidad de las empresas en Galicia<\/h3>\n<p>[\/vc_column_text][vc_separator type=\u00bbtransparent\u00bb border_style=\u00bb\u00bb up=\u00bb20&#8243;][vc_separator type=\u00bbtransparent\u00bb border_style=\u00bb\u00bb up=\u00bb20&#8243;][vc_column_text el_class=\u00bb.banda_texto_geo_050&#8243;]<img loading=\"lazy\" decoding=\"async\" class=\"alignnone wp-image-47687\" src=\"https:\/\/www.a-emotionallight.com\/wp-content\/uploads\/2021\/11\/DP-azul.png\" alt=\"\" width=\"223\" height=\"64\" srcset=\"https:\/\/www.a-emotionallight.com\/wp-content\/uploads\/2021\/11\/DP-azul.png 816w, https:\/\/www.a-emotionallight.com\/wp-content\/uploads\/2021\/11\/DP-azul-800x234.png 800w, https:\/\/www.a-emotionallight.com\/wp-content\/uploads\/2021\/11\/DP-azul-700x201.png 700w, https:\/\/www.a-emotionallight.com\/wp-content\/uploads\/2021\/11\/DP-azul-300x86.png 300w\" sizes=\"(max-width: 223px) 100vw, 223px\" \/><\/p>\n<p>Ayudas a la incorporaci\u00f3n del dise\u00f1o en pymes y microempresas gallegas como herramienta de innovaci\u00f3n y sostenibilidad.<\/p>\n<p>Subvencionado por la Agencia Gallega de Innovaci\u00f3n.<\/p>\n<p>&nbsp;<\/p>\n<p><img loading=\"lazy\" decoding=\"async\" class=\"alignnone wp-image-47689\" src=\"https:\/\/www.a-emotionallight.com\/wp-content\/uploads\/2021\/11\/marca-positivo-1024x293.png\" alt=\"\" width=\"109\" height=\"31\" srcset=\"https:\/\/www.a-emotionallight.com\/wp-content\/uploads\/2021\/11\/marca-positivo-1024x293.png 1024w, https:\/\/www.a-emotionallight.com\/wp-content\/uploads\/2021\/11\/marca-positivo-1920x549.png 1920w, https:\/\/www.a-emotionallight.com\/wp-content\/uploads\/2021\/11\/marca-positivo-700x200.png 700w, https:\/\/www.a-emotionallight.com\/wp-content\/uploads\/2021\/11\/marca-positivo-1100x314.png 1100w, https:\/\/www.a-emotionallight.com\/wp-content\/uploads\/2021\/11\/marca-positivo-300x86.png 300w\" sizes=\"(max-width: 109px) 100vw, 109px\" \/><\/p>\n<p>&nbsp;<\/p>\n<p><img loading=\"lazy\" decoding=\"async\" class=\"alignnone wp-image-47691\" src=\"https:\/\/www.a-emotionallight.com\/wp-content\/uploads\/2021\/11\/xacobeo21-22-color-1-1024x188.jpg\" alt=\"\" width=\"147\" height=\"27\" srcset=\"https:\/\/www.a-emotionallight.com\/wp-content\/uploads\/2021\/11\/xacobeo21-22-color-1-1024x188.jpg 1024w, https:\/\/www.a-emotionallight.com\/wp-content\/uploads\/2021\/11\/xacobeo21-22-color-1-700x128.jpg 700w, https:\/\/www.a-emotionallight.com\/wp-content\/uploads\/2021\/11\/xacobeo21-22-color-1-1100x202.jpg 1100w, https:\/\/www.a-emotionallight.com\/wp-content\/uploads\/2021\/11\/xacobeo21-22-color-1-300x55.jpg 300w, https:\/\/www.a-emotionallight.com\/wp-content\/uploads\/2021\/11\/xacobeo21-22-color-1.jpg 1877w\" sizes=\"(max-width: 147px) 100vw, 147px\" \/>[\/vc_column_text][\/vc_column_inner][\/vc_row_inner][vc_row_inner row_type=\u00bbrow\u00bb type=\u00bbfull_width\u00bb use_row_as_full_screen_section_slide=\u00bbno\u00bb text_align=\u00bbleft\u00bb css_animation=\u00bb\u00bb css=\u00bb.vc_custom_1623413852709{margin-right: 8% !important;margin-left: 8% !important;}\u00bb][vc_column_inner el_class=\u00bbbanda_texto_geo\u00bb][vc_separator type=\u00bbtransparent\u00bb border_style=\u00bb\u00bb up=\u00bb20&#8243;][vc_column_text el_class=\u00bb.banda_texto_geo_050&#8243;]<\/p>\n<h3>Fondo Europeo de Desenvolvemento Rexional Programa Operativo FEDER Galicia 2014-2020<\/h3>\n<p>[\/vc_column_text][vc_separator type=\u00bbtransparent\u00bb border_style=\u00bb\u00bb up=\u00bb20&#8243;][vc_column_text el_class=\u00bb.banda_texto_geo_050&#8243;]Esta empresa participa no Plan Foexga 2016-2017 Operaci\u00f3n cofinanciada polo Fondo Europeo de Desenvolvemento Rexional Programa Operativo FEDER Galicia 2014-2020.<\/p>\n<p>Como apoio ao proceso de internacionalizaci\u00f3n, \u201cCalor Color S.L.\u201d ten axuda concedida pola Xunta de Galicia a trav\u00e9s de IGAPE para participar no Plan de Fomento das exportaci\u00f3ns galegas (Foexga) 2016-2017, cofinanciado polo Fondo Europeo de Desenvolvemento Rexional no marco do Programa Operativo FEDER de Galicia 2014-2020, OT3 Conseguir un tecido empresarial mais competitivo. Unha maneira de facer Europa.<br \/>\nO obxectivo principal do Plan Foexga \u00e9 incentivar e estimular o comercio exterior galego e a internacionalizaci\u00f3n das pemes galegas. O resultado que se pretende \u00e9 aumentar a base de empresas exportadoras e consolidar a presenza de empresas galegas nos mercados internacionais.[\/vc_column_text][vc_separator type=\u00bbtransparent\u00bb border_style=\u00bb\u00bb up=\u00bb20&#8243;][vc_column_text el_class=\u00bb.banda_texto_geo_050&#8243;]<\/p>\n<h4>PROGRAMA RE-ACCIONA: SERVIZOS DE AN\u00c1LISE DO POTENCIAL COMPETITIVO, PROFESIONALIZACI\u00d3N E DESENVOLVEMENTO ESTRAT\u00c9XICO<\/h4>\n<p>Esta empresa participa no Programa Re-Acciona, cuxo resultado \u00e9 favorecer o crecemento e consolidaci\u00f3n das PEME, mellorando a s\u00faa financiaci\u00f3n, tecnolox\u00eda e acceso a servizos de apoio avanzados.<\/p>\n<p>Como apoio ao proceso de internacionalizaci\u00f3n, esta empresa, Calor Color S.L., ten axuda concedida pola Xunta de Galicia a trav\u00e9s de IGAPE (Programa Galicia Exporta e Plan Foexga 2016-2017) cofinanciada polo Fondo Europeo de Desenvolvemento Rexional no marco do Programa Operativo FEDER de Galicia 2014-2020, OT3 Conseguir un tecido empresarial m\u00e1is competitivo. Unha maneira de facer Europa.[\/vc_column_text][vc_single_image image=\u00bb49702&#8243; img_size=\u00bblarge\u00bb qode_css_animation=\u00bb\u00bb][\/vc_column_inner][\/vc_row_inner][vc_row_inner row_type=\u00bbrow\u00bb type=\u00bbfull_width\u00bb use_row_as_full_screen_section_slide=\u00bbno\u00bb text_align=\u00bbleft\u00bb css_animation=\u00bb\u00bb css=\u00bb.vc_custom_1623413858839{margin-right: 8% !important;margin-left: 8% !important;}\u00bb][vc_column_inner el_class=\u00bbbanda_texto_geo\u00bb][vc_column_text el_class=\u00bb.banda_texto_geo_050&#8243;]<\/p>\n<h3>Fondo Europeo Agr\u00edcola de Desarrollo Rural: Europa invierte en el rural<\/h3>\n<p>&nbsp;<\/p>\n<p><img loading=\"lazy\" decoding=\"async\" class=\"alignnone wp-image-44776\" src=\"https:\/\/www.a-emotionallight.com\/wp-content\/uploads\/2021\/06\/feader-europa-rural.jpeg\" alt=\"\" width=\"427\" height=\"293\" \/>[\/vc_column_text][\/vc_column_inner][\/vc_row_inner][vc_row_inner row_type=\u00bbrow\u00bb type=\u00bbfull_width\u00bb use_row_as_full_screen_section_slide=\u00bbno\u00bb text_align=\u00bbleft\u00bb css_animation=\u00bb\u00bb css=\u00bb.vc_custom_1623413872228{margin-right: 8% !important;margin-left: 8% !important;}\u00bb][vc_column_inner el_class=\u00bbbanda_texto_geo\u00bb][vc_column_text el_class=\u00bb.banda_texto_geo_050&#8243;]<\/p>\n<h3>Ayudas del Igape Galicia Exporta Empresas<\/h3>\n<p>&nbsp;<\/p>\n<p>Esta empresa fue beneficiaria de una ayuda del programa del Igape Galicia Exporta Empresas. El objetivo principal de estas ayudas es incentivar y estimular el comercio exterior gallego y la internacionalizaci\u00f3n de las pymes gallegas. El resultado que se pretende es aumentar la base de empresas exportadoras y consolidar la presencia de empresas gallegas en los mercados internacionales.<\/p>\n<p>Operaci\u00f3n cofinanciada por la Uni\u00f3n Europea. Programa operativo FEDER Galicia 2014-2020. Conseguir un tejido empresarial m\u00e1s competitivo. <em>Una manera de hacer Europa.<\/em><\/p>\n<p>[\/vc_column_text][\/vc_column_inner][\/vc_row_inner][vc_row_inner row_type=\u00bbrow\u00bb type=\u00bbfull_width\u00bb use_row_as_full_screen_section_slide=\u00bbno\u00bb text_align=\u00bbleft\u00bb css_animation=\u00bb\u00bb css=\u00bb.vc_custom_1623413877099{margin-right: 8% !important;margin-left: 8% !important;}\u00bb][vc_column_inner el_class=\u00bbbanda_texto_geo\u00bb][vc_column_text el_class=\u00bb.banda_texto_geo_050&#8243;]<\/p>\n<h3>Ayudas del Igape Programa Plan Foexga 2019-2020<\/h3>\n<p>&nbsp;<\/p>\n<p>Esta empresa participa en un proyecto de internacionalizaci\u00f3n a trav\u00e9s del programa del Igape Plan Foexga 2017-2018. El objetivo principal de estas ayudas es incentivar y estimular el comercio exterior gallego y la internacionalizaci\u00f3n de las pymes gallegas. El resultado que se pretende es aumentar la base de empresas exportadoras y consolidar la presencia de empresas gallegas en los mercados internacionales.<\/p>\n<p>Operaci\u00f3n cofinanciada por la Uni\u00f3n Europea. Programa operativo FEDER Galicia 2014-2020. Conseguir un tejido empresarial m\u00e1s competitivo. <em>Una manera de hacer Europa.<\/em><\/p>\n<p>[\/vc_column_text][\/vc_column_inner][\/vc_row_inner][\/vc_column][\/vc_row][vc_row row_type=\u00bbrow\u00bb use_row_as_full_screen_section=\u00bbno\u00bb type=\u00bbfull_width\u00bb text_align=\u00bbleft\u00bb background_animation=\u00bbnone\u00bb css_animation=\u00bb\u00bb][vc_column][vc_column_text]<\/p>\n<p>[\/vc_column_text][\/vc_column][\/vc_row]<\/p>\n<\/section>","protected":false},"excerpt":{"rendered":"<p>[vc_row row_type=\u00bbrow\u00bb use_row_as_full_screen_section=\u00bbno\u00bb type=\u00bbfull_width\u00bb text_align=\u00bbleft\u00bb background_animation=\u00bbnone\u00bb css_animation=\u00bb\u00bb css=\u00bb.vc_custom_1621067237963{margin-right: 5% !important;margin-left: 5% !important;padding-bottom: 4% !important;background-color: #ffffff !important;}\u00bb][vc_column][vc_row_inner row_type=\u00bbrow\u00bb type=\u00bbfull_width\u00bb use_row_as_full_screen_section_slide=\u00bbno\u00bb text_align=\u00bbleft\u00bb css_animation=\u00bb\u00bb css=\u00bb.vc_custom_1623413852709{margin-right: 8% !important;margin-left: 8% !important;}\u00bb][vc_column_inner el_class=\u00bbbanda_texto_geo\u00bb][vc_separator type=\u00bbtransparent\u00bb border_style=\u00bb\u00bb up=\u00bb20&#8243;][vc_separator type=\u00bbtransparent\u00bb border_style=\u00bb\u00bb up=\u00bb20&#8243;][vc_separator type=\u00bbtransparent\u00bb border_style=\u00bb\u00bb up=\u00bb20&#8243;][vc_separator type=\u00bbtransparent\u00bb border_style=\u00bb\u00bb up=\u00bb20&#8243;][vc_column_text] Subvenciones [\/vc_column_text][\/vc_column_inner][\/vc_row_inner][vc_row_inner row_type=\u00bbrow\u00bb type=\u00bbfull_width\u00bb use_row_as_full_screen_section_slide=\u00bbno\u00bb text_align=\u00bbleft\u00bb css_animation=\u00bb\u00bb css=\u00bb.vc_custom_1623413852709{margin-right: 8% !important;margin-left: 8% !important;}\u00bb][vc_column_inner el_class=\u00bbbanda_texto_geo\u00bb][vc_separator type=\u00bbtransparent\u00bb border_style=\u00bb\u00bb up=\u00bb20&#8243;][vc_column_text el_class=\u00bb.banda_texto_geo_050&#8243;] Esta entidad fue beneficiaria de las ayudas para la ejecuci\u00f3n de acciones de promoci\u00f3n exterior de las empresas gallegas [\/vc_column_text][vc_separator type=\u00bbtransparent\u00bb border_style=\u00bb\u00bb up=\u00bb20&#8243;][vc_separator type=\u00bbtransparent\u00bb border_style=\u00bb\u00bb up=\u00bb20&#8243;][vc_column_text el_class=\u00bb.banda_texto_geo_050&#8243;]El objetivo principal de estas ayudas es incentivar la realizaci\u00f3n de acciones de promoci\u00f3n exterior generadoras de ventajas&#8230;<\/p>\n","protected":false},"author":2,"featured_media":0,"parent":0,"menu_order":0,"comment_status":"closed","ping_status":"closed","template":"full_width.php","meta":{"inline_featured_image":false,"footnotes":""},"aioseo_notices":[],"_links":{"self":[{"href":"https:\/\/www.a-emotionallight.com\/es\/wp-json\/wp\/v2\/pages\/44767"}],"collection":[{"href":"https:\/\/www.a-emotionallight.com\/es\/wp-json\/wp\/v2\/pages"}],"about":[{"href":"https:\/\/www.a-emotionallight.com\/es\/wp-json\/wp\/v2\/types\/page"}],"author":[{"embeddable":true,"href":"https:\/\/www.a-emotionallight.com\/es\/wp-json\/wp\/v2\/users\/2"}],"replies":[{"embeddable":true,"href":"https:\/\/www.a-emotionallight.com\/es\/wp-json\/wp\/v2\/comments?post=44767"}],"version-history":[{"count":42,"href":"https:\/\/www.a-emotionallight.com\/es\/wp-json\/wp\/v2\/pages\/44767\/revisions"}],"predecessor-version":[{"id":61509,"href":"https:\/\/www.a-emotionallight.com\/es\/wp-json\/wp\/v2\/pages\/44767\/revisions\/61509"}],"wp:attachment":[{"href":"https:\/\/www.a-emotionallight.com\/es\/wp-json\/wp\/v2\/media?parent=44767"}],"curies":[{"name":"wp","href":"https:\/\/api.w.org\/{rel}","templated":true}]}}