{"id":45398,"date":"2021-06-21T07:45:40","date_gmt":"2021-06-21T07:45:40","guid":{"rendered":"https:\/\/www.a-emotionallight.com\/?page_id=45398"},"modified":"2021-06-21T07:45:40","modified_gmt":"2021-06-21T07:45:40","slug":"bespoke-proyectos","status":"publish","type":"page","link":"https:\/\/www.a-emotionallight.com\/es\/bespoke-proyectos\/","title":{"rendered":"bespoke proyectos"},"content":{"rendered":"<section class=\"wpb-content-wrapper\"><p>[vc_row row_type=\u00bbrow\u00bb use_row_as_full_screen_section=\u00bbno\u00bb type=\u00bbfull_width\u00bb text_align=\u00bbleft\u00bb background_animation=\u00bbnone\u00bb css_animation=\u00bb\u00bb el_id=\u00bbisotope_search_projects\u00bb css=\u00bb.vc_custom_1624179677353{padding-top: 70px !important;}\u00bb][vc_column el_class=\u00bbportfolio_lamps_search\u00bb]<div class='projects_masonry_holder  masonry_extended qode-filter-position-top' data-parallax_item_speed='0.3' data-parallax_item_offset=''>\n    <article class=\"portfolio_masonry_item portfolio_category_138 portfolio_category_139 portfolio_category_143 portfolio_category_142 default\">\n    <div class='image_holder overlapping_title_hover'>\n        \n<span class='image'><img loading=\"lazy\" decoding=\"async\" width=\"500\" height=\"455\" src=\"https:\/\/www.a-emotionallight.com\/wp-content\/uploads\/2023\/07\/project-golden-bahia-de-tossa-web-a-emotional-light-500x455.jpg\" class=\"attachment-portfolio_masonry_regular size-portfolio_masonry_regular wp-post-image\" alt=\"\" \/><\/span>\n\n    <a class='portfolio_link_class' href='https:\/\/www.a-emotionallight.com\/es\/portfolio_page\/golden-bahia-de-tossa-spa-girona\/' target='_self'><\/a>\n        <div class=\"text_holder\">\n\t<h4 class=\"portfolio_title\" > Golden Bah\u00eda de Tossa &#038; Spa, Girona.<\/h4><span class=\"excerpt search_hidden\">\n\t[vc_row row_type=\u00bbrow\u00bb use_row_as_full_screen_section=\u00bbno\u00bb type=\u00bbgrid\u00bb text_align=\u00bbleft\u00bb background_animation=\u00bbnone\u00bb css_animation=\u00bb\u00bb css=\u00bb.vc_custom_1619760637764{margin-top: 1% !important;margin-bottom: 1% !important;}\u00bb][vc_column][vc_row_inner row_type=\u00bbrow\u00bb type=\u00bbfull_width\u00bb use_row_as_full_screen_section_slide=\u00bbno\u00bb text_align=\u00bbleft\u00bb css_animation=\u00bb\u00bb][vc_column_inner][vc_gallery interval=\u00bb3&#8243; images=\u00bb51821,51815,51813,51817&#8243; img_size=\u00bbfull\u00bb][vc_separator type=\u00bbtransparent\u00bb border_style=\u00bb\u00bb][\/vc_column_inner][\/vc_row_inner][vc_row_inner row_type=\u00bbrow\u00bb type=\u00bbfull_width\u00bb use_row_as_full_screen_section_slide=\u00bbno\u00bb text_align=\u00bbleft\u00bb css_animation=\u00bb\u00bb][vc_column_inner el_class=\u00bbbanda_texto_geo_075&#8243; width=\u00bb2\/3&#8243;][vc_separator type=\u00bbtransparent\u00bb border_style=\u00bb\u00bb][vc_separator type=\u00bbtransparent\u00bb border_style=\u00bb\u00bb][vc_column_text] Golden Bah\u00eda de Tossa &amp; Spa, Girona. [\/vc_column_text][vc_separator type=\u00bbtransparent\u00bb border_style=\u00bb\u00bb][vc_column_text] Girona, Espa\u00f1a. [\/vc_column_text][vc_separator type=\u00bbtransparent\u00bb border_style=\u00bb\u00bb][vc_separator type=\u00bbtransparent\u00bb border_style=\u00bb\u00bb][vc_column_text el_class=\u00bb.banda_texto_geo_050&#8243;]Localizaci\u00f3n | Girona, Espa\u00f1a. Proyecto | Merce Borrell Interiorista Productos | Pieza desarrollada a medida.[\/vc_column_text][\/vc_column_inner][vc_column_inner width=\u00bb1\/3&#8243;][\/vc_column_inner][\/vc_row_inner][\/vc_column][\/vc_row][vc_row row_type=\u00bbrow\u00bb use_row_as_full_screen_section=\u00bbno\u00bb type=\u00bbgrid\u00bb text_align=\u00bbleft\u00bb background_animation=\u00bbnone\u00bb css_animation=\u00bb\u00bb][vc_column][vc_empty_space][\/vc_column][\/vc_row][vc_row row_type=\u00bbrow\u00bb use_row_as_full_screen_section=\u00bbno\u00bb type=\u00bbgrid\u00bb text_align=\u00bbleft\u00bb background_animation=\u00bbnone\u00bb css_animation=\u00bb\u00bb][vc_column][vc_separator type=\u00bbtransparent\u00bb border_style=\u00bb\u00bb][vc_separator type=\u00bbtransparent\u00bb border_style=\u00bb\u00bb][vc_raw_html]JTNDZGl2JTIwY2xhc3MlM0QlMjJmaWx0ZXJfb3V0ZXIlMjBjZW50ZXJfYWxpZ24lMjIlM0UlMEElM0NkaXYlMjBjbGFzcyUzRCUyMmZpbHRlcl9ob2xkZXIlMjBjb2xsZWN0aW9uc19zZWFyY2glMjB3aXRob3V0X3NlcGFyYXRvciUyMGZpbHRlcnMtYnV0dG9uLWdyb3VwJTIwYnV0dG9uLWdyb3VwJTIyJTNFJTBBJTNDdWwlM0UlMEElMjAlMjAlMjAlMjAlMjAlMjAlMjAlMjAlMjAlMjAlMjAlMjAlMjAlMjAlMjAlMjAlMjAlMjAlMjAlMjAlMjAlMjAlMjAlMjAlMjAlMjAlMjAlM0NsaSUyMGNsYXNzJTNEJTIyZmlsdGVyJTIyJTIwZGF0YS1maWx0ZXIlM0QlMjIucG9ydGZvbGlvX2NhdGVnb3J5XzE0MiUyMiUzRVByb3llY3RvcyUzQyUyRmxpJTNFJTBBJTIwJTIwJTIwJTIwJTIwJTIwJTIwJTIwJTIwJTIwJTIwJTIwJTIwJTIwJTIwJTIwJTIwJTIwJTIwJTIwJTIwJTIwJTIwJTIwJTIwJTIwJTIwJTIwJTNDbGklMjBjbGFzcyUzRCUyMmZpbHRlciUyMiUyMGRhdGEtZmlsdGVyJTNEJTIyLnBvcnRmb2xpb19jYXRlZ29yeV8xNDMlMjIlM0VIb3RlbCUzQyUyRmxpJTNFJTBBJTIwJTIwJTIwJTIwJTIwJTIwJTIwJTIwJTIwJTIwJTIwJTIwJTIwJTIwJTIwJTIwJTIwJTIwJTIwJTIwJTIwJTIwJTIwJTIwJTIwJTIwJTIwJTIwJTNDbGklMjBjbGFzcyUzRCUyMmZpbHRlciUyMiUyMGRhdGEtZmlsdGVyJTNEJTIyLnBvcnRmb2xpb19jYXRlZ29yeV8xMzclMjIlM0VSZXN0YXVyYW50ZSUzQyUyRmxpJTNFJTBBJTIwJTIwJTIwJTIwJTIwJTIwJTIwJTIwJTIwJTIwJTIwJTIwJTIwJTIwJTIwJTIwJTIwJTIwJTIwJTIwJTIwJTIwJTIwJTIwJTIwJTIwJTIwJTIwJTNDbGklMjBjbGFzcyUzRCUyMmZpbHRlciUyMiUyMGRhdGEtZmlsdGVyJTNEJTIyLnBvcnRmb2xpb19jYXRlZ29yeV8xNDElMjIlM0VSZXNpZGVuY2lhbCUzQyUyRmxpJTNFJTBBJTIwJTIwJTIwJTIwJTIwJTIwJTIwJTIwJTIwJTIwJTIwJTIwJTIwJTIwJTIwJTIwJTIwJTIwJTIwJTIwJTIwJTIwJTIwJTIwJTIwJTIwJTIwJTIwJTNDbGklMjBjbGFzcyUzRCUyMmZpbHRlciUyMiUyMGRhdGEtZmlsdGVyJTNEJTIyLnBvcnRmb2xpb19jYXRlZ29yeV8xMzYlMjIlM0VPZmljaW5hJTIweSUyMFJldGFpbCUzQyUyRmxpJTNFJTBBJTIwJTNDbGklMjBjbGFzcyUzRCUyMmZpbHRlciUyMiUyMGRhdGEtZmlsdGVyJTNEJTIyLnBvcnRmb2xpb19jYXRlZ29yeV8xNDAlMjIlM0VDb21wb3NpY2lvbmVzJTNDJTJGbGklM0UlMEElMjAlMjAlMjAlMjAlMjAlMjAlMjAlMjAlMjAlMjAlMjAlMjAlMjAlMjAlMjAlMjAlMjAlMjAlMjAlMjAlMjAlMjAlMjAlMjAlMjAlMjAlMjAlMjAlM0NsaSUyMGNsYXNzJTNEJTIyZmlsdGVyJTIyJTIwZGF0YS1maWx0ZXIlM0QlMjIucG9ydGZvbGlvX2NhdGVnb3J5XzE0NSUyMiUzRUN1c3RvbSUzQyUyRmxpJTNFJTBBJTIwJTIwJTIwJTIwJTIwJTIwJTIwJTIwJTIwJTIwJTIwJTIwJTIwJTIwJTIwJTIwJTIwJTIwJTIwJTIwJTIwJTIwJTIwJTIwJTIwJTIwJTIwJTBBJTIwJTIwJTIwJTIwJTIwJTIwJTIwJTIwJTIwJTIwJTIwJTIwJTIwJTIwJTIwJTIwJTIwJTIwJTIwJTIwJTIwJTIwJTIwJTIwJTIwJTIwJTIwJTIwJTNDbGklMjBjbGFzcyUzRCUyMmZpbHRlciUyMiUyMGRhdGEtZmlsdGVyJTNEJTIyLnBvcnRmb2xpb19jYXRlZ29yeV8xMzklMjIlM0VFc3BlY2lhbCUyMGElMjBtZWRpZGElM0MlMkZsaSUzRSUwQSUyMCUyMCUyMCUyMCUyMCUyMCUyMCUyMCUyMCUyMCUyMCUyMCUyMCUyMCUyMCUyMCUyMCUyMCUyMCUyMCUzQyUyRnVsJTNFJTBBJTNDJTJGZGl2JTNFJTBBJTNDJTJGZGl2JTNF[\/vc_raw_html][\/vc_column][\/vc_row][vc_row row_type=\u00bbrow\u00bb use_row_as_full_screen_section=\u00bbyes\u00bb type=\u00bbfull_width\u00bb text_align=\u00bbleft\u00bb background_animation=\u00bbnone\u00bb css_animation=\u00bb\u00bb el_id=\u00bbisotope_search_projects\u00bb][vc_column][\/vc_column][\/vc_row]<\/span>\n\n\t\t\n<\/div>\n    <\/div>\n<\/article>\n<article class=\"portfolio_masonry_item portfolio_category_138 portfolio_category_139 portfolio_category_142 portfolio_category_137 default\">\n    <div class='image_holder overlapping_title_hover'>\n        \n<span class='image'><img loading=\"lazy\" decoding=\"async\" width=\"500\" height=\"455\" src=\"https:\/\/www.a-emotionallight.com\/wp-content\/uploads\/2023\/07\/project-luminair-bar-web-a-emotional-light-500x455.jpg\" class=\"attachment-portfolio_masonry_regular size-portfolio_masonry_regular wp-post-image\" alt=\"\" \/><\/span>\n\n    <a class='portfolio_link_class' href='https:\/\/www.a-emotionallight.com\/es\/portfolio_page\/luminair-bar-amsterdam\/' target='_self'><\/a>\n        <div class=\"text_holder\">\n\t<h4 class=\"portfolio_title\" > Luminair bar, \u00c1msterdam.<\/h4><span class=\"excerpt search_hidden\">\n\t[vc_row row_type=\u00bbrow\u00bb use_row_as_full_screen_section=\u00bbno\u00bb type=\u00bbgrid\u00bb text_align=\u00bbleft\u00bb background_animation=\u00bbnone\u00bb css_animation=\u00bb\u00bb css=\u00bb.vc_custom_1619760637764{margin-top: 1% !important;margin-bottom: 1% !important;}\u00bb][vc_column][vc_row_inner row_type=\u00bbrow\u00bb type=\u00bbfull_width\u00bb use_row_as_full_screen_section_slide=\u00bbno\u00bb text_align=\u00bbleft\u00bb css_animation=\u00bb\u00bb][vc_column_inner][vc_gallery interval=\u00bb3&#8243; images=\u00bb51788,51775,51771,51773&#8243; img_size=\u00bbfull\u00bb][vc_separator type=\u00bbtransparent\u00bb border_style=\u00bb\u00bb][\/vc_column_inner][\/vc_row_inner][vc_row_inner row_type=\u00bbrow\u00bb type=\u00bbfull_width\u00bb use_row_as_full_screen_section_slide=\u00bbno\u00bb text_align=\u00bbleft\u00bb css_animation=\u00bb\u00bb][vc_column_inner el_class=\u00bbbanda_texto_geo_075&#8243; width=\u00bb2\/3&#8243;][vc_separator type=\u00bbtransparent\u00bb border_style=\u00bb\u00bb][vc_separator type=\u00bbtransparent\u00bb border_style=\u00bb\u00bb][vc_column_text] Luminair bar, \u00c1msterdam. [\/vc_column_text][vc_separator type=\u00bbtransparent\u00bb border_style=\u00bb\u00bb][vc_column_text] \u00c1msterdam, Pa\u00edses Bajos. [\/vc_column_text][vc_separator type=\u00bbtransparent\u00bb border_style=\u00bb\u00bb][vc_separator type=\u00bbtransparent\u00bb border_style=\u00bb\u00bb][vc_column_text el_class=\u00bb.banda_texto_geo_050&#8243;]Localizaci\u00f3n | DoubleTree by Hilton \u00c1msterdam Centraal Proyecto | Luminair Productos | Pieza desarrollada a medida.[\/vc_column_text][\/vc_column_inner][vc_column_inner width=\u00bb1\/3&#8243;][\/vc_column_inner][\/vc_row_inner][\/vc_column][\/vc_row][vc_row row_type=\u00bbrow\u00bb use_row_as_full_screen_section=\u00bbno\u00bb type=\u00bbgrid\u00bb text_align=\u00bbleft\u00bb background_animation=\u00bbnone\u00bb css_animation=\u00bb\u00bb][vc_column][vc_empty_space][\/vc_column][\/vc_row][vc_row row_type=\u00bbrow\u00bb use_row_as_full_screen_section=\u00bbno\u00bb type=\u00bbgrid\u00bb text_align=\u00bbleft\u00bb background_animation=\u00bbnone\u00bb css_animation=\u00bb\u00bb][vc_column width=\u00bb1\/2&#8243;][vc_single_image image=\u00bb51777&#8243; img_size=\u00bbfull\u00bb qode_css_animation=\u00bb\u00bb][vc_empty_space height=\u00bb20px\u00bb][vc_single_image image=\u00bb51783&#8243; img_size=\u00bbfull\u00bb qode_css_animation=\u00bb\u00bb][\/vc_column][vc_column width=\u00bb1\/2&#8243;][vc_single_image image=\u00bb51781&#8243; img_size=\u00bbfull\u00bb qode_css_animation=\u00bb\u00bb][\/vc_column][\/vc_row][vc_row row_type=\u00bbrow\u00bb use_row_as_full_screen_section=\u00bbno\u00bb type=\u00bbgrid\u00bb text_align=\u00bbleft\u00bb background_animation=\u00bbnone\u00bb css_animation=\u00bb\u00bb][vc_column][vc_empty_space][\/vc_column][\/vc_row][vc_row row_type=\u00bbrow\u00bb use_row_as_full_screen_section=\u00bbno\u00bb type=\u00bbgrid\u00bb text_align=\u00bbleft\u00bb background_animation=\u00bbnone\u00bb css_animation=\u00bb\u00bb][vc_column][vc_separator...<\/span>\n\n\t\t\n<\/div>\n    <\/div>\n<\/article>\n<article class=\"portfolio_masonry_item portfolio_category_138 portfolio_category_145 portfolio_category_139 portfolio_category_142 portfolio_category_137 default\">\n    <div class='image_holder overlapping_title_hover'>\n        \n<span class='image'><img loading=\"lazy\" decoding=\"async\" width=\"500\" height=\"455\" src=\"https:\/\/www.a-emotionallight.com\/wp-content\/uploads\/2021\/05\/joselitas-bespoke-lamp-led-restaurant-lighting-thumb.jpg\" class=\"attachment-portfolio_masonry_regular size-portfolio_masonry_regular wp-post-image\" alt=\"\" \/><\/span>\n\n    <a class='portfolio_link_class' href='https:\/\/www.a-emotionallight.com\/es\/portfolio_page\/restaurante-a-barra-madrid-2\/' target='_self'><\/a>\n        <div class=\"text_holder\">\n\t<h4 class=\"portfolio_title\" > Restaurante A Barra, Madrid.<\/h4><span class=\"excerpt search_hidden\">\n\t[vc_row row_type=\u00bbrow\u00bb use_row_as_full_screen_section=\u00bbno\u00bb type=\u00bbgrid\u00bb text_align=\u00bbleft\u00bb background_animation=\u00bbnone\u00bb css_animation=\u00bb\u00bb css=\u00bb.vc_custom_1619760637764{margin-top: 1% !important;margin-bottom: 1% !important;}\u00bb][vc_column][vc_row_inner row_type=\u00bbrow\u00bb type=\u00bbfull_width\u00bb use_row_as_full_screen_section_slide=\u00bbno\u00bb text_align=\u00bbleft\u00bb css_animation=\u00bb\u00bb][vc_column_inner][vc_gallery interval=\u00bb3&#8243; images=\u00bb43199,43201,43203&#8243;][vc_separator type=\u00bbtransparent\u00bb border_style=\u00bb\u00bb][\/vc_column_inner][\/vc_row_inner][vc_row_inner row_type=\u00bbrow\u00bb type=\u00bbfull_width\u00bb use_row_as_full_screen_section_slide=\u00bbno\u00bb text_align=\u00bbleft\u00bb css_animation=\u00bb\u00bb][vc_column_inner el_class=\u00bbbanda_texto_geo_075&#8243; width=\u00bb2\/3&#8243;][vc_separator type=\u00bbtransparent\u00bb border_style=\u00bb\u00bb][vc_separator type=\u00bbtransparent\u00bb border_style=\u00bb\u00bb][vc_column_text] Restaurante A Barra, Madrid. [\/vc_column_text][vc_separator type=\u00bbtransparent\u00bb border_style=\u00bb\u00bb][vc_column_text] Madrid, Espa\u00f1a. [\/vc_column_text][vc_separator type=\u00bbtransparent\u00bb border_style=\u00bb\u00bb][vc_column_text el_class=\u00bb.banda_texto_geo_050&#8243;]C\u00e1lido y acogedor. El restaurante A Barra es un espacio dise\u00f1ado por Silka Barrio con la ambici\u00f3n de presentar una nueva concepci\u00f3n del restaurante de lujo. Formado por 3 ambientes distintos, el comedor est\u00e1 iluminado por Joselitas, una l\u00e1mpara de cristal hecha a mano y a medida del proyecto. Esta luminaria se dise\u00f1\u00f3 en exclusiva para...<\/span>\n\n\t\t\n<\/div>\n    <\/div>\n<\/article>\n<article class=\"portfolio_masonry_item portfolio_category_138 portfolio_category_135 portfolio_category_139 portfolio_category_142 portfolio_category_137 default\">\n    <div class='image_holder overlapping_title_hover'>\n        \n<span class='image'><img loading=\"lazy\" decoding=\"async\" width=\"500\" height=\"455\" src=\"https:\/\/www.a-emotionallight.com\/wp-content\/uploads\/2021\/05\/pili-planum-lamp-by-arturo-alvarez-restaurante-project-thumb.jpg\" class=\"attachment-portfolio_masonry_regular size-portfolio_masonry_regular wp-post-image\" alt=\"\" \/><\/span>\n\n    <a class='portfolio_link_class' href='https:\/\/www.a-emotionallight.com\/es\/portfolio_page\/restaurante-el-rincon-de-juan-carlos-tenerife\/' target='_self'><\/a>\n        <div class=\"text_holder\">\n\t<h4 class=\"portfolio_title\" > Restaurante El rinc\u00f3n de Juan Carlos, Tenerife.<\/h4><span class=\"excerpt search_hidden\">\n\t[vc_row row_type=\u00bbrow\u00bb use_row_as_full_screen_section=\u00bbno\u00bb type=\u00bbgrid\u00bb text_align=\u00bbleft\u00bb background_animation=\u00bbnone\u00bb css_animation=\u00bb\u00bb css=\u00bb.vc_custom_1619760637764{margin-top: 1% !important;margin-bottom: 1% !important;}\u00bb][vc_column][vc_row_inner row_type=\u00bbrow\u00bb type=\u00bbfull_width\u00bb use_row_as_full_screen_section_slide=\u00bbno\u00bb text_align=\u00bbleft\u00bb css_animation=\u00bb\u00bb][vc_column_inner][vc_gallery interval=\u00bb3&#8243; images=\u00bb42973,42987,42985,42971&#8243;][vc_separator type=\u00bbtransparent\u00bb border_style=\u00bb\u00bb][\/vc_column_inner][\/vc_row_inner][vc_row_inner row_type=\u00bbrow\u00bb type=\u00bbfull_width\u00bb use_row_as_full_screen_section_slide=\u00bbno\u00bb text_align=\u00bbleft\u00bb css_animation=\u00bb\u00bb][vc_column_inner el_class=\u00bbbanda_texto_geo_075&#8243; width=\u00bb2\/3&#8243;][vc_separator type=\u00bbtransparent\u00bb border_style=\u00bb\u00bb][vc_separator type=\u00bbtransparent\u00bb border_style=\u00bb\u00bb][vc_column_text] Restaurante El rinc\u00f3n de Juan Carlos [\/vc_column_text][vc_separator type=\u00bbtransparent\u00bb border_style=\u00bb\u00bb][vc_column_text] Santa Cruz de Tenerife, Espa\u00f1a. [\/vc_column_text][vc_separator type=\u00bbtransparent\u00bb border_style=\u00bb\u00bb][vc_column_text el_class=\u00bb.banda_texto_geo_050&#8243;] El Hotel Royal Hideaway Corales Resort acoge en su espacio \u201cEl rinc\u00f3n de Juan Carlos\u201d, el restaurante con Estrella Michel\u00edn y 2 soles de los hermanos Padr\u00f3n. Este nuevo espacio gastron\u00f3mico ha sido dise\u00f1ado por la interiorista Merc\u00e8 Borrell donde ha conjugado la familiaridad con un dise\u00f1o atemporal y elegante....<\/span>\n\n\t\t\n<\/div>\n    <\/div>\n<\/article>\n<\/div>\n[\/vc_column][\/vc_row][vc_row row_type=\u00bbrow\u00bb use_row_as_full_screen_section=\u00bbno\u00bb type=\u00bbfull_width\u00bb text_align=\u00bbcenter\u00bb background_animation=\u00bbnone\u00bb css_animation=\u00bb\u00bb el_class=\u00bbno_results\u00bb][vc_column][vc_raw_html]JTNDaDElMjBjbGFzcyUzRCUyMm5vX3Jlc3VsdHMlMjIlM0VOTyUyMFJFU1VMVFMlM0MlMkZoMSUzRQ==[\/vc_raw_html][\/vc_column][\/vc_row][vc_row row_type=\u00bbrow\u00bb use_row_as_full_screen_section=\u00bbno\u00bb type=\u00bbfull_width\u00bb text_align=\u00bbleft\u00bb background_animation=\u00bbnone\u00bb css_animation=\u00bb\u00bb][vc_column][vc_raw_js]JTNDc2NyaXB0JTIwdHlwZSUzRCUyMnRleHQlMkZqYXZhc2NyaXB0JTIyJTNFJTIwJTBBJTBBJTI4ZnVuY3Rpb24lMjglMjQlMjklMjAlN0IlMEElMDklMEElMjAlMjAlMjAlMjQlMjhkb2N1bWVudCUyOS5yZWFkeSUyOGZ1bmN0aW9uJTI4JTI5JTIwJTdCJTBBJTBBJTIwJTIwJTIwJTIwJTIwJTIwJTIwJTI0JTI4JTI3aDMlMjclMjkuY3NzJTI4JTIwJTIyZGlzcGxheSUyMiUyQyUyMCUyMm5vbmUlMjIlMjAlMjklM0IlMEElMEElMjAlMjAlMjAlMjAlMjAlMjAlMjAlMjQlMjglMjAlMjJib2R5JTIyJTIwJTI5Lm9uJTI4JTIybW91c2VlbnRlciUyMiUyQyUyMCUyMi5pbWFnZV93aXRoX3RleHRfZGVzaWduJTIwYSUyMiUyQyUyMGZ1bmN0aW9uJTI4JTI5JTIwJTdCJTBBJTIwJTIwJTIwJTIwJTIwJTIwJTIwJTIwJTIwJTI0JTI4dGhpcyUyOS5maW5kJTI4JTI3aDMlMjclMjkuY3NzJTI4JTIwJTIyZGlzcGxheSUyMiUyQyUyMCUyMmJsb2NrJTIyJTIwJTI5JTNCJTBBJTIwJTIwJTIwJTIwJTIwJTIwJTIwJTdEJTI5JTNCJTBBJTIwJTIwJTIwJTIwJTIwJTIwJTIwJTI0JTI4JTIwJTIyYm9keSUyMiUyMCUyOS5vbiUyOCUyMm1vdXNlbGVhdmUlMjIlMkMlMjAlMjIuaW1hZ2Vfd2l0aF90ZXh0X2Rlc2lnbiUyMGElMjIlMkMlMjBmdW5jdGlvbiUyOCUyOSUyMCU3QiUwQSUyMCUyMCUyMCUyMCUyMCUyMCUyMCUyMCUyMCUyNCUyOHRoaXMlMjkuZmluZCUyOCUyN2gzJTI3JTI5LmNzcyUyOCUyMCUyMmRpc3BsYXklMjIlMkMlMjAlMjJub25lJTIyJTIwJTI5JTNCJTBBJTIwJTIwJTIwJTIwJTIwJTIwJTIwJTdEJTI5JTNCJTBBJTBBJTBBJTIwJTIwJTIwJTIwJTdEJTI5JTNCJTBBJTBBJTdEJTI5JTI4alF1ZXJ5JTI5JTNCJTBBJTBBJTNDJTJGc2NyaXB0JTNF[\/vc_raw_js][\/vc_column][\/vc_row]<\/p>\n<\/section>","protected":false},"excerpt":{"rendered":"<p>[vc_row row_type=\u00bbrow\u00bb use_row_as_full_screen_section=\u00bbno\u00bb type=\u00bbfull_width\u00bb text_align=\u00bbleft\u00bb background_animation=\u00bbnone\u00bb css_animation=\u00bb\u00bb el_id=\u00bbisotope_search_projects\u00bb css=\u00bb.vc_custom_1624179677353{padding-top: 70px !important;}\u00bb][vc_column el_class=\u00bbportfolio_lamps_search\u00bb][\/vc_column][\/vc_row][vc_row row_type=\u00bbrow\u00bb use_row_as_full_screen_section=\u00bbno\u00bb type=\u00bbfull_width\u00bb text_align=\u00bbcenter\u00bb background_animation=\u00bbnone\u00bb css_animation=\u00bb\u00bb el_class=\u00bbno_results\u00bb][vc_column][vc_raw_html]JTNDaDElMjBjbGFzcyUzRCUyMm5vX3Jlc3VsdHMlMjIlM0VOTyUyMFJFU1VMVFMlM0MlMkZoMSUzRQ==[\/vc_raw_html][\/vc_column][\/vc_row][vc_row row_type=\u00bbrow\u00bb use_row_as_full_screen_section=\u00bbno\u00bb type=\u00bbfull_width\u00bb text_align=\u00bbleft\u00bb background_animation=\u00bbnone\u00bb css_animation=\u00bb\u00bb][vc_column][vc_raw_js]JTNDc2NyaXB0JTIwdHlwZSUzRCUyMnRleHQlMkZqYXZhc2NyaXB0JTIyJTNFJTIwJTBBJTBBJTI4ZnVuY3Rpb24lMjglMjQlMjklMjAlN0IlMEElMDklMEElMjAlMjAlMjAlMjQlMjhkb2N1bWVudCUyOS5yZWFkeSUyOGZ1bmN0aW9uJTI4JTI5JTIwJTdCJTBBJTBBJTIwJTIwJTIwJTIwJTIwJTIwJTIwJTI0JTI4JTI3aDMlMjclMjkuY3NzJTI4JTIwJTIyZGlzcGxheSUyMiUyQyUyMCUyMm5vbmUlMjIlMjAlMjklM0IlMEElMEElMjAlMjAlMjAlMjAlMjAlMjAlMjAlMjQlMjglMjAlMjJib2R5JTIyJTIwJTI5Lm9uJTI4JTIybW91c2VlbnRlciUyMiUyQyUyMCUyMi5pbWFnZV93aXRoX3RleHRfZGVzaWduJTIwYSUyMiUyQyUyMGZ1bmN0aW9uJTI4JTI5JTIwJTdCJTBBJTIwJTIwJTIwJTIwJTIwJTIwJTIwJTIwJTIwJTI0JTI4dGhpcyUyOS5maW5kJTI4JTI3aDMlMjclMjkuY3NzJTI4JTIwJTIyZGlzcGxheSUyMiUyQyUyMCUyMmJsb2NrJTIyJTIwJTI5JTNCJTBBJTIwJTIwJTIwJTIwJTIwJTIwJTIwJTdEJTI5JTNCJTBBJTIwJTIwJTIwJTIwJTIwJTIwJTIwJTI0JTI4JTIwJTIyYm9keSUyMiUyMCUyOS5vbiUyOCUyMm1vdXNlbGVhdmUlMjIlMkMlMjAlMjIuaW1hZ2Vfd2l0aF90ZXh0X2Rlc2lnbiUyMGElMjIlMkMlMjBmdW5jdGlvbiUyOCUyOSUyMCU3QiUwQSUyMCUyMCUyMCUyMCUyMCUyMCUyMCUyMCUyMCUyNCUyOHRoaXMlMjkuZmluZCUyOCUyN2gzJTI3JTI5LmNzcyUyOCUyMCUyMmRpc3BsYXklMjIlMkMlMjAlMjJub25lJTIyJTIwJTI5JTNCJTBBJTIwJTIwJTIwJTIwJTIwJTIwJTIwJTdEJTI5JTNCJTBBJTBBJTBBJTIwJTIwJTIwJTIwJTdEJTI5JTNCJTBBJTBBJTdEJTI5JTI4alF1ZXJ5JTI5JTNCJTBBJTBBJTNDJTJGc2NyaXB0JTNF[\/vc_raw_js][\/vc_column][\/vc_row]<\/p>\n","protected":false},"author":2,"featured_media":0,"parent":0,"menu_order":0,"comment_status":"closed","ping_status":"closed","template":"full_width.php","meta":{"inline_featured_image":false,"footnotes":""},"aioseo_notices":[],"_links":{"self":[{"href":"https:\/\/www.a-emotionallight.com\/es\/wp-json\/wp\/v2\/pages\/45398"}],"collection":[{"href":"https:\/\/www.a-emotionallight.com\/es\/wp-json\/wp\/v2\/pages"}],"about":[{"href":"https:\/\/www.a-emotionallight.com\/es\/wp-json\/wp\/v2\/types\/page"}],"author":[{"embeddable":true,"href":"https:\/\/www.a-emotionallight.com\/es\/wp-json\/wp\/v2\/users\/2"}],"replies":[{"embeddable":true,"href":"https:\/\/www.a-emotionallight.com\/es\/wp-json\/wp\/v2\/comments?post=45398"}],"version-history":[{"count":2,"href":"https:\/\/www.a-emotionallight.com\/es\/wp-json\/wp\/v2\/pages\/45398\/revisions"}],"predecessor-version":[{"id":45400,"href":"https:\/\/www.a-emotionallight.com\/es\/wp-json\/wp\/v2\/pages\/45398\/revisions\/45400"}],"wp:attachment":[{"href":"https:\/\/www.a-emotionallight.com\/es\/wp-json\/wp\/v2\/media?parent=45398"}],"curies":[{"name":"wp","href":"https:\/\/api.w.org\/{rel}","templated":true}]}}