{"id":46595,"date":"2021-09-23T08:59:52","date_gmt":"2021-09-23T08:59:52","guid":{"rendered":"https:\/\/www.a-emotionallight.com\/?page_id=46595"},"modified":"2023-04-18T11:39:54","modified_gmt":"2023-04-18T11:39:54","slug":"coleccion-lea","status":"publish","type":"page","link":"https:\/\/www.a-emotionallight.com\/es\/coleccion-lea\/","title":{"rendered":"colecci\u00f3n lea"},"content":{"rendered":"<section class=\"wpb-content-wrapper\"><p>[vc_row row_type=\u00bbrow\u00bb use_row_as_full_screen_section=\u00bbno\u00bb type=\u00bbfull_width\u00bb text_align=\u00bbleft\u00bb background_animation=\u00bbnone\u00bb css_animation=\u00bb\u00bb][vc_column el_class=\u00bbgeogrotesque_title background_dark\u00bb][vc_column_text el_class=\u00bbtitle_collection\u00bb]<\/p>\n<h2 style=\"text-align: center; padding-bottom: 0px;\">COLECCI\u00d3N LEA<\/h2>\n<p>[\/vc_column_text][\/vc_column][\/vc_row][vc_row row_type=\u00bbrow\u00bb use_row_as_full_screen_section=\u00bbno\u00bb type=\u00bbfull_width\u00bb text_align=\u00bbleft\u00bb background_animation=\u00bbnone\u00bb css_animation=\u00bb\u00bb][vc_column][vc_column_text css=\u00bb.vc_custom_1624367697745{padding-top: 40px !important;padding-bottom: 40px !important;padding-left: 40px !important;}\u00bb]<\/p>\n<h2 class=\"button_back_all_lamps\" style=\"text-align: left; text-decoration: none;\"><a href=\"https:\/\/www.a-emotionallight.com\/es\/lamparas\/\">\u2190 TODAS LAS L\u00c1MPARAS<\/a><\/h2>\n<p>[\/vc_column_text][\/vc_column][\/vc_row][vc_row row_type=\u00bbrow\u00bb use_row_as_full_screen_section=\u00bbno\u00bb type=\u00bbfull_width\u00bb text_align=\u00bbleft\u00bb background_animation=\u00bbnone\u00bb css_animation=\u00bb\u00bb][vc_column]<div class='projects_holder_outer v3 portfolio_with_space portfolio_with_hover_text  qode-filter-position-top'>\n\n<div class='projects_holder clearfix v3 hover_text portfolio_default_image '>\n\n<article class=\"mix portfolio_category_151 portfolio_category_25 portfolio_category_32 portfolio_category_27\">\n    <div class='image_holder overlapping_title_hover'>\n        \n<span class='image'><img loading=\"lazy\" decoding=\"async\" width=\"500\" height=\"498\" src=\"https:\/\/www.a-emotionallight.com\/wp-content\/uploads\/2023\/03\/a-emotional-light-LA04G-lea-thumb-web-1-500x498.jpg\" class=\"attachment-portfolio-default size-portfolio-default wp-post-image\" alt=\"\" srcset=\"https:\/\/www.a-emotionallight.com\/wp-content\/uploads\/2023\/03\/a-emotional-light-LA04G-lea-thumb-web-1-500x498.jpg 500w, https:\/\/www.a-emotionallight.com\/wp-content\/uploads\/2023\/03\/a-emotional-light-LA04G-lea-thumb-web-1-300x300.jpg 300w\" sizes=\"(max-width: 500px) 100vw, 500px\" \/><\/span>\n                    <a class='portfolio_link_class' href='https:\/\/www.a-emotionallight.com\/es\/portfolio_page\/lea-la04\/' target='_self'><\/a>\n\t\t\n        <div class=\"text_holder\">\n\t<h4 class=\"portfolio_title\" > Lea LA04<\/h4><span class=\"excerpt search_hidden\">\n\tLea es el resultado de unir experimentaci\u00f3n, sue\u00f1os y trabajo con las manos. El nuevo dise\u00f1o de a-emotional light es una apuesta por el dise\u00f1ador novel Rafa Alonso. De crear un espacio para so\u00f1ar y contar cuentos a sus alumnos, nace Lea, una estrella que brilla en el cielo, te acoge y gu\u00eda. Inspirada en los sue\u00f1os, las estrellas y las ilusiones, Lea es la representaci\u00f3n de lo que un maestro es para sus alumnos, la met\u00e1fora de una luz que ilumina y gu\u00eda el camino. La l\u00e1mpara de dise\u00f1o org\u00e1nico est\u00e1 disponible en versi\u00f3n colgante LED.<\/span>\n\n\t\t\n<\/div>\n\n\n    <\/div>\n<\/article>\n<article class=\"mix portfolio_category_151 portfolio_category_25 portfolio_category_32 portfolio_category_27\">\n    <div class='image_holder overlapping_title_hover'>\n        \n<span class='image'><img loading=\"lazy\" decoding=\"async\" width=\"500\" height=\"498\" src=\"https:\/\/www.a-emotionallight.com\/wp-content\/uploads\/2023\/03\/a-emotional-light-LA04-mini-lea-thumb-web-500x498.jpg\" class=\"attachment-portfolio-default size-portfolio-default wp-post-image\" alt=\"\" srcset=\"https:\/\/www.a-emotionallight.com\/wp-content\/uploads\/2023\/03\/a-emotional-light-LA04-mini-lea-thumb-web-500x498.jpg 500w, https:\/\/www.a-emotionallight.com\/wp-content\/uploads\/2023\/03\/a-emotional-light-LA04-mini-lea-thumb-web-300x300.jpg 300w\" sizes=\"(max-width: 500px) 100vw, 500px\" \/><\/span>\n                    <a class='portfolio_link_class' href='https:\/\/www.a-emotionallight.com\/es\/portfolio_page\/lea-la04-mini\/' target='_self'><\/a>\n\t\t\n        <div class=\"text_holder\">\n\t<h4 class=\"portfolio_title\" > Lea LA04 mini<\/h4><span class=\"excerpt search_hidden\">\n\tLea es el resultado de unir experimentaci\u00f3n, sue\u00f1os y trabajo con las manos. El nuevo dise\u00f1o de a-emotional light es una apuesta por el dise\u00f1ador novel Rafa Alonso. De crear un espacio para so\u00f1ar y contar cuentos a sus alumnos, nace Lea, una estrella que brilla en el cielo, te acoge y gu\u00eda. Inspirada en los sue\u00f1os, las estrellas y las ilusiones, Lea es la representaci\u00f3n de lo que un maestro es para sus alumnos, la met\u00e1fora de una luz que ilumina y gu\u00eda el camino. La l\u00e1mpara de dise\u00f1o org\u00e1nico est\u00e1 disponible en versi\u00f3n colgante LED.<\/span>\n\n\t\t\n<\/div>\n\n\n    <\/div>\n<\/article>\n<article class=\"mix portfolio_category_151 portfolio_category_25 portfolio_category_27\">\n    <div class='image_holder overlapping_title_hover'>\n        \n<span class='image'><img loading=\"lazy\" decoding=\"async\" width=\"500\" height=\"498\" src=\"https:\/\/www.a-emotionallight.com\/wp-content\/uploads\/2023\/03\/a-emotional-light-LA04G-lea-thumb-web-1-500x498.jpg\" class=\"attachment-portfolio-default size-portfolio-default wp-post-image\" alt=\"\" srcset=\"https:\/\/www.a-emotionallight.com\/wp-content\/uploads\/2023\/03\/a-emotional-light-LA04G-lea-thumb-web-1-500x498.jpg 500w, https:\/\/www.a-emotionallight.com\/wp-content\/uploads\/2023\/03\/a-emotional-light-LA04G-lea-thumb-web-1-300x300.jpg 300w\" sizes=\"(max-width: 500px) 100vw, 500px\" \/><\/span>\n                    <a class='portfolio_link_class' href='https:\/\/www.a-emotionallight.com\/es\/portfolio_page\/lea-la04g\/' target='_self'><\/a>\n\t\t\n        <div class=\"text_holder\">\n\t<h4 class=\"portfolio_title\" > Lea LA04G<\/h4><span class=\"excerpt search_hidden\">\n\tLea es el resultado de unir experimentaci\u00f3n, sue\u00f1os y trabajo con las manos. El nuevo dise\u00f1o de a-emotional light es una apuesta por el dise\u00f1ador novel Rafa Alonso. De crear un espacio para so\u00f1ar y contar cuentos a sus alumnos, nace Lea, una estrella que brilla en el cielo, te acoge y gu\u00eda. Inspirada en los sue\u00f1os, las estrellas y las ilusiones, Lea es la representaci\u00f3n de lo que un maestro es para sus alumnos, la met\u00e1fora de una luz que ilumina y gu\u00eda el camino. La l\u00e1mpara de dise\u00f1o org\u00e1nico est\u00e1 disponible en versi\u00f3n colgante LED.<\/span>\n\n\t\t\n<\/div>\n\n\n    <\/div>\n<\/article>\n\t\t\t\t<div class='filler'><\/div>\n\t\t\t\t\t\t\t<div class='filler'><\/div>\n\t\t\t\t\t\t\t<div class='filler'><\/div>\n\t\t\t<\/div>\n    <\/div>\n[\/vc_column][\/vc_row]<\/p>\n<\/section>","protected":false},"excerpt":{"rendered":"<p>[vc_row row_type=\u00bbrow\u00bb use_row_as_full_screen_section=\u00bbno\u00bb type=\u00bbfull_width\u00bb text_align=\u00bbleft\u00bb background_animation=\u00bbnone\u00bb css_animation=\u00bb\u00bb][vc_column el_class=\u00bbgeogrotesque_title background_dark\u00bb][vc_column_text el_class=\u00bbtitle_collection\u00bb] COLECCI\u00d3N LEA [\/vc_column_text][\/vc_column][\/vc_row][vc_row row_type=\u00bbrow\u00bb use_row_as_full_screen_section=\u00bbno\u00bb type=\u00bbfull_width\u00bb text_align=\u00bbleft\u00bb background_animation=\u00bbnone\u00bb css_animation=\u00bb\u00bb][vc_column][vc_column_text css=\u00bb.vc_custom_1624367697745{padding-top: 40px !important;padding-bottom: 40px !important;padding-left: 40px !important;}\u00bb] \u2190 TODAS LAS L\u00c1MPARAS [\/vc_column_text][\/vc_column][\/vc_row][vc_row row_type=\u00bbrow\u00bb use_row_as_full_screen_section=\u00bbno\u00bb type=\u00bbfull_width\u00bb text_align=\u00bbleft\u00bb background_animation=\u00bbnone\u00bb css_animation=\u00bb\u00bb][vc_column][\/vc_column][\/vc_row]<\/p>\n","protected":false},"author":2,"featured_media":50892,"parent":0,"menu_order":0,"comment_status":"closed","ping_status":"closed","template":"full_width.php","meta":{"inline_featured_image":false,"footnotes":""},"aioseo_notices":[],"_links":{"self":[{"href":"https:\/\/www.a-emotionallight.com\/es\/wp-json\/wp\/v2\/pages\/46595"}],"collection":[{"href":"https:\/\/www.a-emotionallight.com\/es\/wp-json\/wp\/v2\/pages"}],"about":[{"href":"https:\/\/www.a-emotionallight.com\/es\/wp-json\/wp\/v2\/types\/page"}],"author":[{"embeddable":true,"href":"https:\/\/www.a-emotionallight.com\/es\/wp-json\/wp\/v2\/users\/2"}],"replies":[{"embeddable":true,"href":"https:\/\/www.a-emotionallight.com\/es\/wp-json\/wp\/v2\/comments?post=46595"}],"version-history":[{"count":2,"href":"https:\/\/www.a-emotionallight.com\/es\/wp-json\/wp\/v2\/pages\/46595\/revisions"}],"predecessor-version":[{"id":46650,"href":"https:\/\/www.a-emotionallight.com\/es\/wp-json\/wp\/v2\/pages\/46595\/revisions\/46650"}],"wp:featuredmedia":[{"embeddable":true,"href":"https:\/\/www.a-emotionallight.com\/es\/wp-json\/wp\/v2\/media\/50892"}],"wp:attachment":[{"href":"https:\/\/www.a-emotionallight.com\/es\/wp-json\/wp\/v2\/media?parent=46595"}],"curies":[{"name":"wp","href":"https:\/\/api.w.org\/{rel}","templated":true}]}}