{"id":47304,"date":"2021-11-08T14:13:58","date_gmt":"2021-11-08T14:13:58","guid":{"rendered":"https:\/\/www.a-emotionallight.com\/?page_id=47304"},"modified":"2023-03-30T15:14:01","modified_gmt":"2023-03-30T15:14:01","slug":"cenlitrosmetrocadrado","status":"publish","type":"page","link":"https:\/\/www.a-emotionallight.com\/es\/cenlitrosmetrocadrado\/","title":{"rendered":"Cenlitrosmetrocadrado"},"content":{"rendered":"<section class=\"wpb-content-wrapper\"><p>[vc_row row_type=\u00bbrow\u00bb use_row_as_full_screen_section=\u00bbno\u00bb type=\u00bbfull_width\u00bb text_align=\u00bbleft\u00bb background_animation=\u00bbnone\u00bb css_animation=\u00bb\u00bb css=\u00bb.vc_custom_1620765187168{padding-top: 5% !important;padding-right: 5% !important;padding-bottom: 5% !important;padding-left: 5% !important;}\u00bb][vc_column][vc_separator type=\u00bbtransparent\u00bb border_style=\u00bb\u00bb up=\u00bb20&#8243;][vc_separator type=\u00bbtransparent\u00bb border_style=\u00bb\u00bb up=\u00bb20&#8243;][vc_separator type=\u00bbtransparent\u00bb border_style=\u00bb\u00bb up=\u00bb20&#8243;][vc_separator type=\u00bbtransparent\u00bb border_style=\u00bb\u00bb up=\u00bb20&#8243;][vc_row_inner row_type=\u00bbrow\u00bb type=\u00bbfull_width\u00bb use_row_as_full_screen_section_slide=\u00bbno\u00bb text_align=\u00bbleft\u00bb css_animation=\u00bb\u00bb][vc_column_inner width=\u00bb1\/3&#8243;][vc_separator type=\u00bbtransparent\u00bb border_style=\u00bb\u00bb up=\u00bb20&#8243;][vc_single_image image=\u00bb50379&#8243; img_size=\u00bbfull\u00bb alignment=\u00bbright\u00bb qode_css_animation=\u00bb\u00bb css=\u00bb.vc_custom_1680189235196{margin-top: 0px !important;margin-right: 0px !important;margin-bottom: 0px !important;margin-left: 0px !important;border-top-width: 0px !important;border-right-width: 0px !important;border-bottom-width: 0px !important;border-left-width: 0px !important;padding-top: 0px !important;padding-right: 0px !important;padding-bottom: 0px !important;padding-left: 0px !important;}\u00bb][vc_separator type=\u00bbtransparent\u00bb border_style=\u00bb\u00bb up=\u00bb20&#8243;][vc_separator type=\u00bbtransparent\u00bb border_style=\u00bb\u00bb up=\u00bb20&#8243;][vc_separator type=\u00bbtransparent\u00bb border_style=\u00bb\u00bb up=\u00bb20&#8243;][\/vc_column_inner][vc_column_inner width=\u00bb2\/3&#8243;][vc_separator type=\u00bbtransparent\u00bb border_style=\u00bb\u00bb up=\u00bb20&#8243;][vc_column_text el_class=\u00bb.banda_texto_geo_050&#8243;]<\/p>\n<h2>cenlitrosmetrocadrado<\/h2>\n<p>[\/vc_column_text][vc_separator type=\u00bbtransparent\u00bb border_style=\u00bb\u00bb up=\u00bb20&#8243;][vc_column_text el_class=\u00bb.banda_texto_geo_050&#8243;]cenlitrosmetrocadrado\u00a0es un estudio gallego de dise\u00f1o y comunicaci\u00f3n compuesto por los dise\u00f1adores Ricardo Tub\u00edo y Xabier Rilo. El estudio se constituye en el a\u00f1o 2006 con la intenci\u00f3n de ofrecer un dise\u00f1o de clara orientaci\u00f3n humanista, que vaya m\u00e1s all\u00e1 de la simple funci\u00f3n pr\u00e1ctica y aborde tambi\u00e9n funciones de car\u00e1cter emocional y social. Con una marcada identidad atl\u00e1ntica desarrolla proyectos que abarcan desde el dise\u00f1o de producto, la gr\u00e1fica o el dise\u00f1o de espacio. La transversalidad, la relaci\u00f3n con el territorio y el uso del dise\u00f1o como herramienta estrat\u00e9gica m\u00e1s all\u00e1 de lo formal son, sin duda, los trazos m\u00e1s diferenciadores.<\/p>\n<p>El estudio fue galardonado con diferentes premios y reconocimientos tanto en gr\u00e1fica como en el campo industrial de producto y espacios.\u00a0Alguno de los m\u00e1s relevantes son el Laus de Plata 2016, Premio al mejor dise\u00f1o industrial en los premios Paraguas 2017, 2018, 2019 y 2021, tercer premio en los International Bolia Design Awards 2019, Longlist en los Dezeen Awards, Premio Innovaci\u00f3n y Dise\u00f1o 2020 de la Xunta de Galicia y menci\u00f3n en los Premios BID20 de la Bienal Iberoamericana de Dise\u00f1o.[\/vc_column_text][vc_separator type=\u00bbtransparent\u00bb border_style=\u00bb\u00bb up=\u00bb20&#8243;][\/vc_column_inner][\/vc_row_inner][vc_separator type=\u00bbtransparent\u00bb border_style=\u00bb\u00bb up=\u00bb20&#8243;][\/vc_column][\/vc_row][vc_row row_type=\u00bbrow\u00bb use_row_as_full_screen_section=\u00bbyes\u00bb type=\u00bbfull_width\u00bb text_align=\u00bbleft\u00bb background_animation=\u00bbnone\u00bb css_animation=\u00bb\u00bb el_class=\u00bbcarousel_frechascentradas\u00bb][vc_column][vc_column_text el_class=\u00bb.banda_texto_geo_050&#8243;]<\/p>\n<h2>Productos<\/h2>\n<p>[\/vc_column_text][vc_separator type=\u00bbtransparent\u00bb border_style=\u00bb\u00bb up=\u00bb20&#8243;][vc_column_text]<\/p>\n<p>[\/vc_column_text]\t<div class=\"qode-centered-portfolio-carousel qode-owl-slider\" data-enable-center=\"yes\" data-slider-padding=\"yes\" data-slider-margin=\"38\" data-number-of-items=\"1\">\n\t\t\t\t\t\t\t\t\t<div class=\"qode-cpc-post\">\n\t\t\t\t\t\t\t\t\t\t\t<div class=\"qode-cpc-post-image\">\n\t\t\t\t\t\t\t<a href=\"https:\/\/www.a-emotionallight.com\/es\/portfolio_page\/cambo-cm104\/\" itemprop=\"url\">\n\t\t\t\t\t\t\t\t<span class=\"qode-cpc-overlay\"><\/span>\n\t\t\t\t\t\t\t\t<img loading=\"lazy\" decoding=\"async\" width=\"500\" height=\"500\" src=\"https:\/\/www.a-emotionallight.com\/wp-content\/uploads\/2021\/11\/cambo-CM104-thumb-a-emotional-light-550x498-1.jpg\" class=\"attachment-full size-full wp-post-image\" alt=\"\" srcset=\"https:\/\/www.a-emotionallight.com\/wp-content\/uploads\/2021\/11\/cambo-CM104-thumb-a-emotional-light-550x498-1.jpg 500w, https:\/\/www.a-emotionallight.com\/wp-content\/uploads\/2021\/11\/cambo-CM104-thumb-a-emotional-light-550x498-1-300x300.jpg 300w\" sizes=\"(max-width: 500px) 100vw, 500px\" \/>\t\t\t\t\t\t\t<\/a>\n\t\t\t\t\t\t<\/div>\n\t\t\t\t\t\t\t\t\t<\/div>\n\t\t\t\t\t\t\t\t\t<div class=\"qode-cpc-post\">\n\t\t\t\t\t\t\t\t\t\t\t<div class=\"qode-cpc-post-image\">\n\t\t\t\t\t\t\t<a href=\"https:\/\/www.a-emotionallight.com\/es\/portfolio_page\/cambo-cm104g\/\" itemprop=\"url\">\n\t\t\t\t\t\t\t\t<span class=\"qode-cpc-overlay\"><\/span>\n\t\t\t\t\t\t\t\t<img loading=\"lazy\" decoding=\"async\" width=\"500\" height=\"500\" src=\"https:\/\/www.a-emotionallight.com\/wp-content\/uploads\/2021\/11\/cambo-CM104G-thumb-a-emotional-light-1-550x498-1.jpg\" class=\"attachment-full size-full wp-post-image\" alt=\"\" srcset=\"https:\/\/www.a-emotionallight.com\/wp-content\/uploads\/2021\/11\/cambo-CM104G-thumb-a-emotional-light-1-550x498-1.jpg 500w, https:\/\/www.a-emotionallight.com\/wp-content\/uploads\/2021\/11\/cambo-CM104G-thumb-a-emotional-light-1-550x498-1-300x300.jpg 300w\" sizes=\"(max-width: 500px) 100vw, 500px\" \/>\t\t\t\t\t\t\t<\/a>\n\t\t\t\t\t\t<\/div>\n\t\t\t\t\t\t\t\t\t<\/div>\n\t\t\t<\/div>\n[\/vc_column][\/vc_row]<\/p>\n<\/section>","protected":false},"excerpt":{"rendered":"<p>[vc_row row_type=\u00bbrow\u00bb use_row_as_full_screen_section=\u00bbno\u00bb type=\u00bbfull_width\u00bb text_align=\u00bbleft\u00bb background_animation=\u00bbnone\u00bb css_animation=\u00bb\u00bb css=\u00bb.vc_custom_1620765187168{padding-top: 5% !important;padding-right: 5% !important;padding-bottom: 5% !important;padding-left: 5% !important;}\u00bb][vc_column][vc_separator type=\u00bbtransparent\u00bb border_style=\u00bb\u00bb up=\u00bb20&#8243;][vc_separator type=\u00bbtransparent\u00bb border_style=\u00bb\u00bb up=\u00bb20&#8243;][vc_separator type=\u00bbtransparent\u00bb border_style=\u00bb\u00bb up=\u00bb20&#8243;][vc_separator type=\u00bbtransparent\u00bb border_style=\u00bb\u00bb up=\u00bb20&#8243;][vc_row_inner row_type=\u00bbrow\u00bb type=\u00bbfull_width\u00bb use_row_as_full_screen_section_slide=\u00bbno\u00bb text_align=\u00bbleft\u00bb css_animation=\u00bb\u00bb][vc_column_inner width=\u00bb1\/3&#8243;][vc_separator type=\u00bbtransparent\u00bb border_style=\u00bb\u00bb up=\u00bb20&#8243;][vc_single_image image=\u00bb50379&#8243; img_size=\u00bbfull\u00bb alignment=\u00bbright\u00bb qode_css_animation=\u00bb\u00bb css=\u00bb.vc_custom_1680189235196{margin-top: 0px !important;margin-right: 0px !important;margin-bottom: 0px !important;margin-left: 0px !important;border-top-width: 0px !important;border-right-width: 0px !important;border-bottom-width: 0px !important;border-left-width: 0px !important;padding-top: 0px !important;padding-right: 0px !important;padding-bottom: 0px !important;padding-left: 0px !important;}\u00bb][vc_separator type=\u00bbtransparent\u00bb border_style=\u00bb\u00bb up=\u00bb20&#8243;][vc_separator type=\u00bbtransparent\u00bb border_style=\u00bb\u00bb up=\u00bb20&#8243;][vc_separator type=\u00bbtransparent\u00bb border_style=\u00bb\u00bb up=\u00bb20&#8243;][\/vc_column_inner][vc_column_inner width=\u00bb2\/3&#8243;][vc_separator type=\u00bbtransparent\u00bb border_style=\u00bb\u00bb up=\u00bb20&#8243;][vc_column_text el_class=\u00bb.banda_texto_geo_050&#8243;] cenlitrosmetrocadrado [\/vc_column_text][vc_separator type=\u00bbtransparent\u00bb border_style=\u00bb\u00bb up=\u00bb20&#8243;][vc_column_text el_class=\u00bb.banda_texto_geo_050&#8243;]cenlitrosmetrocadrado\u00a0es un estudio gallego de dise\u00f1o y comunicaci\u00f3n compuesto por los dise\u00f1adores Ricardo Tub\u00edo y&#8230;<\/p>\n","protected":false},"author":2,"featured_media":0,"parent":0,"menu_order":0,"comment_status":"closed","ping_status":"closed","template":"","meta":{"inline_featured_image":false,"footnotes":""},"aioseo_notices":[],"_links":{"self":[{"href":"https:\/\/www.a-emotionallight.com\/es\/wp-json\/wp\/v2\/pages\/47304"}],"collection":[{"href":"https:\/\/www.a-emotionallight.com\/es\/wp-json\/wp\/v2\/pages"}],"about":[{"href":"https:\/\/www.a-emotionallight.com\/es\/wp-json\/wp\/v2\/types\/page"}],"author":[{"embeddable":true,"href":"https:\/\/www.a-emotionallight.com\/es\/wp-json\/wp\/v2\/users\/2"}],"replies":[{"embeddable":true,"href":"https:\/\/www.a-emotionallight.com\/es\/wp-json\/wp\/v2\/comments?post=47304"}],"version-history":[{"count":9,"href":"https:\/\/www.a-emotionallight.com\/es\/wp-json\/wp\/v2\/pages\/47304\/revisions"}],"predecessor-version":[{"id":50396,"href":"https:\/\/www.a-emotionallight.com\/es\/wp-json\/wp\/v2\/pages\/47304\/revisions\/50396"}],"wp:attachment":[{"href":"https:\/\/www.a-emotionallight.com\/es\/wp-json\/wp\/v2\/media?parent=47304"}],"curies":[{"name":"wp","href":"https:\/\/api.w.org\/{rel}","templated":true}]}}