{"id":48479,"date":"2022-05-04T08:16:46","date_gmt":"2022-05-04T08:16:46","guid":{"rendered":"https:\/\/www.a-emotionallight.com\/?page_id=48479"},"modified":"2023-03-01T12:13:18","modified_gmt":"2023-03-01T12:13:18","slug":"coleccion-venus","status":"publish","type":"page","link":"https:\/\/www.a-emotionallight.com\/es\/coleccion-venus\/","title":{"rendered":"colecci\u00f3n venus"},"content":{"rendered":"<section class=\"wpb-content-wrapper\"><p>[vc_row row_type=\u00bbrow\u00bb use_row_as_full_screen_section=\u00bbno\u00bb type=\u00bbfull_width\u00bb text_align=\u00bbleft\u00bb background_animation=\u00bbnone\u00bb css_animation=\u00bb\u00bb][vc_column el_class=\u00bbgeogrotesque_title background_dark\u00bb][vc_column_text el_class=\u00bbtitle_collection\u00bb]<\/p>\n<h2 style=\"text-align: center; padding-bottom: 0px;\">COLECCI\u00d3N VENUS<\/h2>\n<p>[\/vc_column_text][\/vc_column][\/vc_row][vc_row row_type=\u00bbrow\u00bb use_row_as_full_screen_section=\u00bbno\u00bb type=\u00bbfull_width\u00bb text_align=\u00bbleft\u00bb background_animation=\u00bbnone\u00bb css_animation=\u00bb\u00bb][vc_column][vc_column_text css=\u00bb.vc_custom_1624367619536{padding-top: 40px !important;padding-bottom: 40px !important;padding-left: 40px !important;}\u00bb]<\/p>\n<h2 class=\"button_back_all_lamps\" style=\"text-align: left; text-decoration: none;\"><a href=\"https:\/\/www.a-emotionallight.com\/es\/lamparas\/\">\u2190 TODAS LAS L\u00c1MPARAS<\/a><\/h2>\n<p>[\/vc_column_text][\/vc_column][\/vc_row][vc_row row_type=\u00bbrow\u00bb use_row_as_full_screen_section=\u00bbno\u00bb type=\u00bbfull_width\u00bb text_align=\u00bbleft\u00bb background_animation=\u00bbnone\u00bb css_animation=\u00bb\u00bb][vc_column]<div class='projects_holder_outer v3 portfolio_with_space portfolio_with_hover_text  qode-filter-position-top'>\n\n<div class='projects_holder clearfix v3 hover_text portfolio_default_image '>\n\n<article class=\"mix portfolio_category_35 portfolio_category_156 portfolio_category_32\">\n    <div class='image_holder overlapping_title_hover'>\n        \n<span class='image'><img loading=\"lazy\" decoding=\"async\" width=\"550\" height=\"498\" src=\"https:\/\/www.a-emotionallight.com\/wp-content\/uploads\/2022\/05\/a-emotional-light-VN06-venus-thumb-web-550x498.jpg\" class=\"attachment-portfolio-default size-portfolio-default wp-post-image\" alt=\"Venus wall lamp handmade\" srcset=\"https:\/\/www.a-emotionallight.com\/wp-content\/uploads\/2022\/05\/a-emotional-light-VN06-venus-thumb-web-550x498.jpg 550w, https:\/\/www.a-emotionallight.com\/wp-content\/uploads\/2022\/05\/a-emotional-light-VN06-venus-thumb-web-480x434.jpg 480w, https:\/\/www.a-emotionallight.com\/wp-content\/uploads\/2022\/05\/a-emotional-light-VN06-venus-thumb-web-125x112.jpg 125w, https:\/\/www.a-emotionallight.com\/wp-content\/uploads\/2022\/05\/a-emotional-light-VN06-venus-thumb-web-300x273.jpg 300w\" sizes=\"(max-width: 550px) 100vw, 550px\" \/><\/span>\n                    <a class='portfolio_link_class' href='https:\/\/www.a-emotionallight.com\/es\/portfolio_page\/venus\/' target='_self'><\/a>\n\t\t\n        <div class=\"text_holder\">\n\t<h4 class=\"portfolio_title\" > Venus<\/h4><span class=\"excerpt search_hidden\">\n\tRef. LI06 | Esta colecci\u00f3n de apliques est\u00e1 realizada con bandas de celulosa prensada obtenida mediante un proceso de reciclado ecol\u00f3gico. Este material, usado en Jap\u00f3n para embalajes desde el s. XVI por su gran resistencia, ha resultado id\u00f3neo para crear las l\u00edneas curvas de distintas dimensiones que conforman la l\u00e1mpara. El uso de luz LED contribuye a reforzar la sostenibilidad del conjunto que como suaves olas de mar, ba\u00f1a las paredes con la sutil luminosidad que se asoma, entre sus bandas. | Li \u00b7 Colecci\u00f3n Li \u00b7 Aplique<\/span>\n\n\t\t\n<\/div>\n\n\n    <\/div>\n<\/article>\n\t\t\t\t<div class='filler'><\/div>\n\t\t\t\t\t\t\t<div class='filler'><\/div>\n\t\t\t\t\t\t\t<div class='filler'><\/div>\n\t\t\t<\/div>\n    <\/div>\n[\/vc_column][\/vc_row]<\/p>\n<\/section>","protected":false},"excerpt":{"rendered":"<p>[vc_row row_type=\u00bbrow\u00bb use_row_as_full_screen_section=\u00bbno\u00bb type=\u00bbfull_width\u00bb text_align=\u00bbleft\u00bb background_animation=\u00bbnone\u00bb css_animation=\u00bb\u00bb][vc_column el_class=\u00bbgeogrotesque_title background_dark\u00bb][vc_column_text el_class=\u00bbtitle_collection\u00bb] COLECCI\u00d3N VENUS [\/vc_column_text][\/vc_column][\/vc_row][vc_row row_type=\u00bbrow\u00bb use_row_as_full_screen_section=\u00bbno\u00bb type=\u00bbfull_width\u00bb text_align=\u00bbleft\u00bb background_animation=\u00bbnone\u00bb css_animation=\u00bb\u00bb][vc_column][vc_column_text css=\u00bb.vc_custom_1624367619536{padding-top: 40px !important;padding-bottom: 40px !important;padding-left: 40px !important;}\u00bb] \u2190 TODAS LAS L\u00c1MPARAS [\/vc_column_text][\/vc_column][\/vc_row][vc_row row_type=\u00bbrow\u00bb use_row_as_full_screen_section=\u00bbno\u00bb type=\u00bbfull_width\u00bb text_align=\u00bbleft\u00bb background_animation=\u00bbnone\u00bb css_animation=\u00bb\u00bb][vc_column][\/vc_column][\/vc_row]<\/p>\n","protected":false},"author":2,"featured_media":0,"parent":0,"menu_order":0,"comment_status":"closed","ping_status":"closed","template":"full_width.php","meta":{"inline_featured_image":false,"footnotes":""},"aioseo_notices":[],"_links":{"self":[{"href":"https:\/\/www.a-emotionallight.com\/es\/wp-json\/wp\/v2\/pages\/48479"}],"collection":[{"href":"https:\/\/www.a-emotionallight.com\/es\/wp-json\/wp\/v2\/pages"}],"about":[{"href":"https:\/\/www.a-emotionallight.com\/es\/wp-json\/wp\/v2\/types\/page"}],"author":[{"embeddable":true,"href":"https:\/\/www.a-emotionallight.com\/es\/wp-json\/wp\/v2\/users\/2"}],"replies":[{"embeddable":true,"href":"https:\/\/www.a-emotionallight.com\/es\/wp-json\/wp\/v2\/comments?post=48479"}],"version-history":[{"count":5,"href":"https:\/\/www.a-emotionallight.com\/es\/wp-json\/wp\/v2\/pages\/48479\/revisions"}],"predecessor-version":[{"id":49842,"href":"https:\/\/www.a-emotionallight.com\/es\/wp-json\/wp\/v2\/pages\/48479\/revisions\/49842"}],"wp:attachment":[{"href":"https:\/\/www.a-emotionallight.com\/es\/wp-json\/wp\/v2\/media?parent=48479"}],"curies":[{"name":"wp","href":"https:\/\/api.w.org\/{rel}","templated":true}]}}