{"id":49831,"date":"2023-03-01T12:15:49","date_gmt":"2023-03-01T12:15:49","guid":{"rendered":"https:\/\/www.a-emotionallight.com\/?page_id=49831"},"modified":"2023-04-18T11:38:04","modified_gmt":"2023-04-18T11:38:04","slug":"coleccion-anel","status":"publish","type":"page","link":"https:\/\/www.a-emotionallight.com\/es\/coleccion-anel\/","title":{"rendered":"colecci\u00f3n anel"},"content":{"rendered":"<section class=\"wpb-content-wrapper\"><p>[vc_row row_type=\u00bbrow\u00bb use_row_as_full_screen_section=\u00bbno\u00bb type=\u00bbfull_width\u00bb text_align=\u00bbleft\u00bb background_animation=\u00bbnone\u00bb css_animation=\u00bb\u00bb][vc_column el_class=\u00bbgeogrotesque_title background_dark\u00bb][vc_column_text el_class=\u00bbtitle_collection\u00bb]<\/p>\n<h2 style=\"text-align: center; padding-bottom: 0px;\">COLECCI\u00d3N ANEL<\/h2>\n<p>[\/vc_column_text][\/vc_column][\/vc_row][vc_row row_type=\u00bbrow\u00bb use_row_as_full_screen_section=\u00bbno\u00bb type=\u00bbfull_width\u00bb text_align=\u00bbleft\u00bb background_animation=\u00bbnone\u00bb css_animation=\u00bb\u00bb][vc_column][vc_column_text css=\u00bb.vc_custom_1624367619536{padding-top: 40px !important;padding-bottom: 40px !important;padding-left: 40px !important;}\u00bb]<\/p>\n<h2 class=\"button_back_all_lamps\" style=\"text-align: left; text-decoration: none;\"><a href=\"https:\/\/www.a-emotionallight.com\/es\/lamparas\/\">\u2190 TODAS LAS L\u00c1MPARAS<\/a><\/h2>\n<p>[\/vc_column_text][\/vc_column][\/vc_row][vc_row row_type=\u00bbrow\u00bb use_row_as_full_screen_section=\u00bbno\u00bb type=\u00bbfull_width\u00bb text_align=\u00bbleft\u00bb background_animation=\u00bbnone\u00bb css_animation=\u00bb\u00bb][vc_column]<div class='projects_holder_outer v3 portfolio_with_space portfolio_with_hover_text  qode-filter-position-top'>\n\n<div class='projects_holder clearfix v3 hover_text portfolio_default_image '>\n\n<article class=\"mix portfolio_category_170 portfolio_category_25 portfolio_category_32 portfolio_category_27\">\n    <div class='image_holder overlapping_title_hover'>\n        \n<span class='image'><img loading=\"lazy\" decoding=\"async\" width=\"300\" height=\"300\" src=\"https:\/\/www.a-emotionallight.com\/wp-content\/uploads\/2023\/03\/anel-collection-AN04-a-emotional-light-space-calida-on-thumb-web.jpg\" class=\"attachment-portfolio-default size-portfolio-default wp-post-image\" alt=\"\" \/><\/span>\n                    <a class='portfolio_link_class' href='https:\/\/www.a-emotionallight.com\/es\/portfolio_page\/anel-an04\/' target='_self'><\/a>\n\t\t\n        <div class=\"text_holder\">\n\t<h4 class=\"portfolio_title\" > ANEL AN04<\/h4><span class=\"excerpt search_hidden\">\n\tA partir de la idea de lucerna y textura, nuestro equipo interno ha desarrollado esta propuesta de plaf\u00f3n y suspensi\u00f3n. La distribuci\u00f3n circular de la luz hace que Anel ofrezca una eficiencia lum\u00ednica adecuada para esta tipolog\u00eda de producto, mientras que el montaje sobre superficie facilitan su instalaci\u00f3n. Los dos cilindros de malla de acero que rodean la fuente de luz conforman un juego de planos, l\u00edneas diagonales texturas y formas conc\u00e9ntricas que hacen de Anel una pieza con est\u00e9tica propia y elegancia.<\/span>\n\n\t\t\n<\/div>\n\n\n    <\/div>\n<\/article>\n<article class=\"mix portfolio_category_170 portfolio_category_32 portfolio_category_27 portfolio_category_36\">\n    <div class='image_holder overlapping_title_hover'>\n        \n<span class='image'><img loading=\"lazy\" decoding=\"async\" width=\"500\" height=\"498\" src=\"https:\/\/www.a-emotionallight.com\/wp-content\/uploads\/2023\/03\/anel-collection-AN05-a-emotional-light-space-calida-on-thumb-web-500x498.jpg\" class=\"attachment-portfolio-default size-portfolio-default wp-post-image\" alt=\"\" srcset=\"https:\/\/www.a-emotionallight.com\/wp-content\/uploads\/2023\/03\/anel-collection-AN05-a-emotional-light-space-calida-on-thumb-web-500x498.jpg 500w, https:\/\/www.a-emotionallight.com\/wp-content\/uploads\/2023\/03\/anel-collection-AN05-a-emotional-light-space-calida-on-thumb-web-300x300.jpg 300w\" sizes=\"(max-width: 500px) 100vw, 500px\" \/><\/span>\n                    <a class='portfolio_link_class' href='https:\/\/www.a-emotionallight.com\/es\/portfolio_page\/anel-an05\/' target='_self'><\/a>\n\t\t\n        <div class=\"text_holder\">\n\t<h4 class=\"portfolio_title\" > ANEL AN05<\/h4><span class=\"excerpt search_hidden\">\n\tA partir de la idea de lucerna y textura, nuestro equipo interno ha desarrollado esta propuesta de plaf\u00f3n y suspensi\u00f3n. La distribuci\u00f3n circular de la luz hace que Anel ofrezca una eficiencia lum\u00ednica adecuada para esta tipolog\u00eda de producto, mientras que el montaje sobre superficie facilitan su instalaci\u00f3n. Los dos cilindros de malla de acero que rodean la fuente de luz conforman un juego de planos, l\u00edneas diagonales texturas y formas conc\u00e9ntricas que hacen de Anel una pieza con est\u00e9tica propia y elegancia.<\/span>\n\n\t\t\n<\/div>\n\n\n    <\/div>\n<\/article>\n<article class=\"mix portfolio_category_170 portfolio_category_25 portfolio_category_32 portfolio_category_27\">\n    <div class='image_holder overlapping_title_hover'>\n        \n<span class='image'><img loading=\"lazy\" decoding=\"async\" width=\"550\" height=\"498\" src=\"https:\/\/www.a-emotionallight.com\/wp-content\/uploads\/2025\/04\/anelLargeX-550x498.jpg\" class=\"attachment-portfolio-default size-portfolio-default wp-post-image\" alt=\"\" srcset=\"https:\/\/www.a-emotionallight.com\/wp-content\/uploads\/2025\/04\/anelLargeX-550x498.jpg 550w, https:\/\/www.a-emotionallight.com\/wp-content\/uploads\/2025\/04\/anelLargeX-480x434.jpg 480w, https:\/\/www.a-emotionallight.com\/wp-content\/uploads\/2025\/04\/anelLargeX-125x112.jpg 125w\" sizes=\"(max-width: 550px) 100vw, 550px\" \/><\/span>\n                    <a class='portfolio_link_class' href='https:\/\/www.a-emotionallight.com\/es\/portfolio_page\/anel-large\/' target='_self'><\/a>\n\t\t\n        <div class=\"text_holder\">\n\t<h4 class=\"portfolio_title\" > Anel Large<\/h4><span class=\"excerpt search_hidden\">\n\tA partir de la idea de lucerna y textura, nuestro equipo interno ha desarrollado esta propuesta de plaf\u00f3n y suspensi\u00f3n. La distribuci\u00f3n circular de la luz hace que Anel ofrezca una eficiencia lum\u00ednica adecuada para esta tipolog\u00eda de producto, mientras que el montaje sobre superficie facilitan su instalaci\u00f3n. Los dos cilindros de malla de acero que rodean la fuente de luz conforman un juego de planos, l\u00edneas diagonales texturas y formas conc\u00e9ntricas que hacen de Anel una pieza con est\u00e9tica propia y elegancia.<\/span>\n\n\t\t\n<\/div>\n\n\n    <\/div>\n<\/article>\n\t\t\t\t<div class='filler'><\/div>\n\t\t\t\t\t\t\t<div class='filler'><\/div>\n\t\t\t\t\t\t\t<div class='filler'><\/div>\n\t\t\t<\/div>\n    <\/div>\n[\/vc_column][\/vc_row]<\/p>\n<\/section>","protected":false},"excerpt":{"rendered":"<p>[vc_row row_type=\u00bbrow\u00bb use_row_as_full_screen_section=\u00bbno\u00bb type=\u00bbfull_width\u00bb text_align=\u00bbleft\u00bb background_animation=\u00bbnone\u00bb css_animation=\u00bb\u00bb][vc_column el_class=\u00bbgeogrotesque_title background_dark\u00bb][vc_column_text el_class=\u00bbtitle_collection\u00bb] COLECCI\u00d3N ANEL [\/vc_column_text][\/vc_column][\/vc_row][vc_row row_type=\u00bbrow\u00bb use_row_as_full_screen_section=\u00bbno\u00bb type=\u00bbfull_width\u00bb text_align=\u00bbleft\u00bb background_animation=\u00bbnone\u00bb css_animation=\u00bb\u00bb][vc_column][vc_column_text css=\u00bb.vc_custom_1624367619536{padding-top: 40px !important;padding-bottom: 40px !important;padding-left: 40px !important;}\u00bb] \u2190 TODAS LAS L\u00c1MPARAS [\/vc_column_text][\/vc_column][\/vc_row][vc_row row_type=\u00bbrow\u00bb use_row_as_full_screen_section=\u00bbno\u00bb type=\u00bbfull_width\u00bb text_align=\u00bbleft\u00bb background_animation=\u00bbnone\u00bb css_animation=\u00bb\u00bb][vc_column][\/vc_column][\/vc_row]<\/p>\n","protected":false},"author":2,"featured_media":50778,"parent":0,"menu_order":0,"comment_status":"closed","ping_status":"closed","template":"full_width.php","meta":{"inline_featured_image":false,"footnotes":""},"aioseo_notices":[],"_links":{"self":[{"href":"https:\/\/www.a-emotionallight.com\/es\/wp-json\/wp\/v2\/pages\/49831"}],"collection":[{"href":"https:\/\/www.a-emotionallight.com\/es\/wp-json\/wp\/v2\/pages"}],"about":[{"href":"https:\/\/www.a-emotionallight.com\/es\/wp-json\/wp\/v2\/types\/page"}],"author":[{"embeddable":true,"href":"https:\/\/www.a-emotionallight.com\/es\/wp-json\/wp\/v2\/users\/2"}],"replies":[{"embeddable":true,"href":"https:\/\/www.a-emotionallight.com\/es\/wp-json\/wp\/v2\/comments?post=49831"}],"version-history":[{"count":1,"href":"https:\/\/www.a-emotionallight.com\/es\/wp-json\/wp\/v2\/pages\/49831\/revisions"}],"predecessor-version":[{"id":49843,"href":"https:\/\/www.a-emotionallight.com\/es\/wp-json\/wp\/v2\/pages\/49831\/revisions\/49843"}],"wp:featuredmedia":[{"embeddable":true,"href":"https:\/\/www.a-emotionallight.com\/es\/wp-json\/wp\/v2\/media\/50778"}],"wp:attachment":[{"href":"https:\/\/www.a-emotionallight.com\/es\/wp-json\/wp\/v2\/media?parent=49831"}],"curies":[{"name":"wp","href":"https:\/\/api.w.org\/{rel}","templated":true}]}}