{"id":49862,"date":"2023-04-13T15:25:21","date_gmt":"2023-04-13T15:25:21","guid":{"rendered":"https:\/\/www.a-emotionallight.com\/?page_id=49862"},"modified":"2023-04-18T11:35:48","modified_gmt":"2023-04-18T11:35:48","slug":"coleccion-cabana","status":"publish","type":"page","link":"https:\/\/www.a-emotionallight.com\/es\/coleccion-cabana\/","title":{"rendered":"colecci\u00f3n cabana"},"content":{"rendered":"<section class=\"wpb-content-wrapper\"><p>[vc_row row_type=\u00bbrow\u00bb use_row_as_full_screen_section=\u00bbno\u00bb type=\u00bbfull_width\u00bb text_align=\u00bbleft\u00bb background_animation=\u00bbnone\u00bb css_animation=\u00bb\u00bb][vc_column el_class=\u00bbgeogrotesque_title background_dark\u00bb][vc_column_text el_class=\u00bbtitle_collection\u00bb]<\/p>\n<h2 style=\"text-align: center; padding-bottom: 0px;\">COLECCI\u00d3N CABANA<\/h2>\n<p>[\/vc_column_text][\/vc_column][\/vc_row][vc_row row_type=\u00bbrow\u00bb use_row_as_full_screen_section=\u00bbno\u00bb type=\u00bbfull_width\u00bb text_align=\u00bbleft\u00bb background_animation=\u00bbnone\u00bb css_animation=\u00bb\u00bb][vc_column][vc_column_text css=\u00bb.vc_custom_1624367619536{padding-top: 40px !important;padding-bottom: 40px !important;padding-left: 40px !important;}\u00bb]<\/p>\n<h2 class=\"button_back_all_lamps\" style=\"text-align: left; text-decoration: none;\"><a href=\"https:\/\/www.a-emotionallight.com\/es\/lamparas\/\">\u2190 TODAS LAS L\u00c1MPARAS<\/a><\/h2>\n<p>[\/vc_column_text][\/vc_column][\/vc_row][vc_row row_type=\u00bbrow\u00bb use_row_as_full_screen_section=\u00bbno\u00bb type=\u00bbfull_width\u00bb text_align=\u00bbleft\u00bb background_animation=\u00bbnone\u00bb css_animation=\u00bb\u00bb][vc_column]<div class='projects_holder_outer v3 portfolio_with_space portfolio_with_hover_text  qode-filter-position-top'>\n\n<div class='projects_holder clearfix v3 hover_text portfolio_default_image '>\n\n<article class=\"mix portfolio_category_173 portfolio_category_25 portfolio_category_27\">\n    <div class='image_holder overlapping_title_hover'>\n        \n<span class='image'><img loading=\"lazy\" decoding=\"async\" width=\"500\" height=\"498\" src=\"https:\/\/www.a-emotionallight.com\/wp-content\/uploads\/2023\/03\/a-emotional-light-CB04G-cabana-thumb-web-500x498.jpg\" class=\"attachment-portfolio-default size-portfolio-default wp-post-image\" alt=\"\" srcset=\"https:\/\/www.a-emotionallight.com\/wp-content\/uploads\/2023\/03\/a-emotional-light-CB04G-cabana-thumb-web-500x498.jpg 500w, https:\/\/www.a-emotionallight.com\/wp-content\/uploads\/2023\/03\/a-emotional-light-CB04G-cabana-thumb-web-300x300.jpg 300w\" sizes=\"(max-width: 500px) 100vw, 500px\" \/><\/span>\n                    <a class='portfolio_link_class' href='https:\/\/www.a-emotionallight.com\/es\/portfolio_page\/cabana-cb04g\/' target='_self'><\/a>\n\t\t\n        <div class=\"text_holder\">\n\t<h4 class=\"portfolio_title\" > Cabana Grande<\/h4><span class=\"excerpt search_hidden\">\n\tLa l\u00e1mpara Cabana busca ofrecer una sensaci\u00f3n de recogimiento y cobijo similar a las cabanas gallegas que serv\u00edan como estructura de protecci\u00f3n de materias primas o como cobijo ante las inclemencias meteorol\u00f3gicas. Es una l\u00e1mpara creada mediante el m\u00e9todo de confecci\u00f3n de punto 3D para la fabricaci\u00f3n de su pantalla, com\u00fanmente utilizado en la industrial textil pero poco aplicado en la iluminaci\u00f3n. Este proceso permite crear pantallas sin costuras y en tres dimensiones, sin generar excedente de tejido. La pieza de sujeci\u00f3n superior, realizada en aluminio, el tejido y la gravedad hacen el resto. El difusor de pergamino aporta el peso para que la l\u00e1mpara tome su forma. Adem\u00e1s, aporta un filtrado de luz que genera una iluminaci\u00f3n homog\u00e9nea muy confortable, como el cobijo de las cabanas. Su colocaci\u00f3n es muy sencilla y facilita el desmontaje para la sustituci\u00f3n de la fuente lum\u00ednica. Adem\u00e1s, de utilizar material reciclado y reciclable, la l\u00e1mpara puede enviarse en un paquete de dimensiones reducidas y estirarse para tomar su forma y volumen final, aminorando su huella de carbono. Se presenta en una gama de tres colores: azul el\u00e9ctrico, naranja y color hueso. Sin embargo, su producci\u00f3n permite el trabajo en diferentes colores y pueden adaptarse a las necesidades de cada proyecto y generar el ambiente adecuado para el espacio y las personas.<\/span>\n\n\t\t\n<\/div>\n\n\n    <\/div>\n<\/article>\n<article class=\"mix portfolio_category_173 portfolio_category_25 portfolio_category_27\">\n    <div class='image_holder overlapping_title_hover'>\n        \n<span class='image'><img loading=\"lazy\" decoding=\"async\" width=\"500\" height=\"498\" src=\"https:\/\/www.a-emotionallight.com\/wp-content\/uploads\/2023\/03\/a-emotional-light-CB04-cabana-thumb-web-500x498.jpg\" class=\"attachment-portfolio-default size-portfolio-default wp-post-image\" alt=\"\" srcset=\"https:\/\/www.a-emotionallight.com\/wp-content\/uploads\/2023\/03\/a-emotional-light-CB04-cabana-thumb-web-500x498.jpg 500w, https:\/\/www.a-emotionallight.com\/wp-content\/uploads\/2023\/03\/a-emotional-light-CB04-cabana-thumb-web-300x300.jpg 300w\" sizes=\"(max-width: 500px) 100vw, 500px\" \/><\/span>\n                    <a class='portfolio_link_class' href='https:\/\/www.a-emotionallight.com\/es\/portfolio_page\/cabana-cb04\/' target='_self'><\/a>\n\t\t\n        <div class=\"text_holder\">\n\t<h4 class=\"portfolio_title\" > Cabana Peque\u00f1a<\/h4><span class=\"excerpt search_hidden\">\n\tLa l\u00e1mpara Cabana busca ofrecer una sensaci\u00f3n de recogimiento y cobijo similar a las cabanas gallegas que serv\u00edan como estructura de protecci\u00f3n de materias primas o como cobijo ante las inclemencias meteorol\u00f3gicas. Es una l\u00e1mpara creada mediante el m\u00e9todo de confecci\u00f3n de punto 3D para la fabricaci\u00f3n de su pantalla, com\u00fanmente utilizado en la industrial textil pero poco aplicado en la iluminaci\u00f3n. Este proceso permite crear pantallas sin costuras y en tres dimensiones, sin generar excedente de tejido. La pieza de sujeci\u00f3n superior, realizada en aluminio, el tejido y la gravedad hacen el resto. El difusor de pergamino aporta el peso para que la l\u00e1mpara tome su forma. Adem\u00e1s, aporta un filtrado de luz que genera una iluminaci\u00f3n homog\u00e9nea muy confortable, como el cobijo de las cabanas. Su colocaci\u00f3n es muy sencilla y facilita el desmontaje para la sustituci\u00f3n de la fuente lum\u00ednica. Adem\u00e1s, de utilizar material reciclado y reciclable, la l\u00e1mpara puede enviarse en un paquete de dimensiones reducidas y estirarse para tomar su forma y volumen final, aminorando su huella de carbono. Se presenta en una gama de tres colores: azul el\u00e9ctrico, naranja y color hueso. Sin embargo, su producci\u00f3n permite el trabajo en diferentes colores y pueden adaptarse a las necesidades de cada proyecto y generar el ambiente adecuado para el espacio y las personas.<\/span>\n\n\t\t\n<\/div>\n\n\n    <\/div>\n<\/article>\n\t\t\t\t<div class='filler'><\/div>\n\t\t\t\t\t\t\t<div class='filler'><\/div>\n\t\t\t\t\t\t\t<div class='filler'><\/div>\n\t\t\t<\/div>\n    <\/div>\n[\/vc_column][\/vc_row]<\/p>\n<\/section>","protected":false},"excerpt":{"rendered":"<p>[vc_row row_type=\u00bbrow\u00bb use_row_as_full_screen_section=\u00bbno\u00bb type=\u00bbfull_width\u00bb text_align=\u00bbleft\u00bb background_animation=\u00bbnone\u00bb css_animation=\u00bb\u00bb][vc_column el_class=\u00bbgeogrotesque_title background_dark\u00bb][vc_column_text el_class=\u00bbtitle_collection\u00bb] COLECCI\u00d3N CABANA [\/vc_column_text][\/vc_column][\/vc_row][vc_row row_type=\u00bbrow\u00bb use_row_as_full_screen_section=\u00bbno\u00bb type=\u00bbfull_width\u00bb text_align=\u00bbleft\u00bb background_animation=\u00bbnone\u00bb css_animation=\u00bb\u00bb][vc_column][vc_column_text css=\u00bb.vc_custom_1624367619536{padding-top: 40px !important;padding-bottom: 40px !important;padding-left: 40px !important;}\u00bb] \u2190 TODAS LAS L\u00c1MPARAS [\/vc_column_text][\/vc_column][\/vc_row][vc_row row_type=\u00bbrow\u00bb use_row_as_full_screen_section=\u00bbno\u00bb type=\u00bbfull_width\u00bb text_align=\u00bbleft\u00bb background_animation=\u00bbnone\u00bb css_animation=\u00bb\u00bb][vc_column][\/vc_column][\/vc_row]<\/p>\n","protected":false},"author":2,"featured_media":50797,"parent":0,"menu_order":0,"comment_status":"closed","ping_status":"closed","template":"full_width.php","meta":{"inline_featured_image":false,"footnotes":""},"aioseo_notices":[],"_links":{"self":[{"href":"https:\/\/www.a-emotionallight.com\/es\/wp-json\/wp\/v2\/pages\/49862"}],"collection":[{"href":"https:\/\/www.a-emotionallight.com\/es\/wp-json\/wp\/v2\/pages"}],"about":[{"href":"https:\/\/www.a-emotionallight.com\/es\/wp-json\/wp\/v2\/types\/page"}],"author":[{"embeddable":true,"href":"https:\/\/www.a-emotionallight.com\/es\/wp-json\/wp\/v2\/users\/2"}],"replies":[{"embeddable":true,"href":"https:\/\/www.a-emotionallight.com\/es\/wp-json\/wp\/v2\/comments?post=49862"}],"version-history":[{"count":1,"href":"https:\/\/www.a-emotionallight.com\/es\/wp-json\/wp\/v2\/pages\/49862\/revisions"}],"predecessor-version":[{"id":49865,"href":"https:\/\/www.a-emotionallight.com\/es\/wp-json\/wp\/v2\/pages\/49862\/revisions\/49865"}],"wp:featuredmedia":[{"embeddable":true,"href":"https:\/\/www.a-emotionallight.com\/es\/wp-json\/wp\/v2\/media\/50797"}],"wp:attachment":[{"href":"https:\/\/www.a-emotionallight.com\/es\/wp-json\/wp\/v2\/media?parent=49862"}],"curies":[{"name":"wp","href":"https:\/\/api.w.org\/{rel}","templated":true}]}}