{"id":54530,"date":"2024-03-18T10:13:02","date_gmt":"2024-03-18T10:13:02","guid":{"rendered":"https:\/\/www.a-emotionallight.com\/?page_id=54530"},"modified":"2024-03-18T10:25:51","modified_gmt":"2024-03-18T10:25:51","slug":"quality-policy","status":"publish","type":"page","link":"https:\/\/www.a-emotionallight.com\/es\/quality-policy\/","title":{"rendered":"Pol\u00edtica de calidad"},"content":{"rendered":"<section class=\"wpb-content-wrapper\"><p>[vc_row row_type=\u00bbrow\u00bb use_row_as_full_screen_section=\u00bbno\u00bb type=\u00bbfull_width\u00bb text_align=\u00bbleft\u00bb background_animation=\u00bbnone\u00bb css_animation=\u00bb\u00bb][vc_column][vc_empty_space][\/vc_column][\/vc_row][vc_row row_type=\u00bbrow\u00bb use_row_as_full_screen_section=\u00bbno\u00bb type=\u00bbfull_width\u00bb text_align=\u00bbleft\u00bb background_animation=\u00bbnone\u00bb css_animation=\u00bb\u00bb][vc_column][vc_column_text]<\/p>\n<h3 class=\"titlepage\"><strong>Pol\u00edtica de calidad<\/strong> \u2013 DOC. REV00 \u2013 31\/8\/2023<\/h3>\n<p>[\/vc_column_text][vc_empty_space][vc_column_text]<strong>a.emotional light<\/strong> (Calor Color, S.L.) dise\u00f1a, fabrica y comercializa luminarias decorativas de interior y exterior.<br \/>\nComo objetivo principal busca que la calidad de los productos que ofrece sean un fiel reflejo de su compromiso con el cumplimiento de los requisitos de calidad y de las expectativas y exigencias de cada cliente, asegurando as\u00ed el \u00e9xito a corto y a largo plazo de la organizaci\u00f3n.<br \/>\nLa Pol\u00edtica define los principios de actuaci\u00f3n en relaci\u00f3n a la gesti\u00f3n de calidad conforme a la Norma de referencia ISO 9001:2015, y que sirve para poner de manifiesto nuestro compromiso p\u00fablico en este sentido.[\/vc_column_text][vc_empty_space][vc_column_text]<\/p>\n<p align=\"justify\">Por todo esto establece, declara y asume los siguientes principios:<\/p>\n<p>[\/vc_column_text][vc_empty_space height=\u00bb10px\u00bb][vc_column_text]<\/p>\n<ul>\n<li>La calidad final del producto es resultado de acciones planificadas y sistem\u00e1ticas de prevenci\u00f3n, detecci\u00f3n, correcci\u00f3n y mejora continua durante todos los procesos de planificaci\u00f3n y fabricaci\u00f3n de los productos, siguiendo siempre las directrices marcadas por la reglamentaci\u00f3n vigente.<\/li>\n<li>La aplicaci\u00f3n de esta pol\u00edtica exige la integraci\u00f3n activa de todo el equipo humano de la organizaci\u00f3n. Por ello la direcci\u00f3n considera prioritarias la motivaci\u00f3n y formaci\u00f3n continua del personal, capacit\u00e1ndolos y buscando nuevas tecnolog\u00edas para mejorar los procesos de trabajo.<\/li>\n<li>La implementaci\u00f3n de acciones con el fin de reducir las incidencias asociados a nuestros productos, estableciendo objetivos de calidad para alcanzar la mejora continua de los procesos de la organizaci\u00f3n.<\/li>\n<li>Informar al cliente sobre nuevos productos, nuevas instalaciones en proyectos o cualquier mejora de nuestros productos mediante los canales de comunicaci\u00f3n de la empresa, correo electr\u00f3nico, redes sociales y nuestra p\u00e1gina web, manteni\u00e9ndose siempre abiertos a nuevas formas de comunicaciones eficaces con el cliente.<\/li>\n<li>El adecuado mantenimiento de sus equipos e infraestructuras y la formaci\u00f3n continua de su personal para ofertar productos en constante evoluci\u00f3n, empleando siempre las t\u00e9cnicas de mayor eficacia.<\/li>\n<\/ul>\n<p>[\/vc_column_text][vc_empty_space][vc_column_text]La direcci\u00f3n de <strong>a.emotional light<\/strong> (Calor Color, S.L.) se compromete a revisar peri\u00f3dicamente la estrategia de la organizaci\u00f3n, as\u00ed como el cumplimiento de los objetivos de calidad propuestos en base de la mejora continua.[\/vc_column_text][\/vc_column][\/vc_row]<\/p>\n<\/section>","protected":false},"excerpt":{"rendered":"<p>[vc_row row_type=\u00bbrow\u00bb use_row_as_full_screen_section=\u00bbno\u00bb type=\u00bbfull_width\u00bb text_align=\u00bbleft\u00bb background_animation=\u00bbnone\u00bb css_animation=\u00bb\u00bb][vc_column][vc_empty_space][\/vc_column][\/vc_row][vc_row row_type=\u00bbrow\u00bb use_row_as_full_screen_section=\u00bbno\u00bb type=\u00bbfull_width\u00bb text_align=\u00bbleft\u00bb background_animation=\u00bbnone\u00bb css_animation=\u00bb\u00bb][vc_column][vc_column_text] Pol\u00edtica de calidad \u2013 DOC. REV00 \u2013 31\/8\/2023 [\/vc_column_text][vc_empty_space][vc_column_text]a.emotional light (Calor Color, S.L.) dise\u00f1a, fabrica y comercializa luminarias decorativas de interior y exterior. Como objetivo principal busca que la calidad de los productos que ofrece sean un fiel reflejo de su compromiso con el cumplimiento de los requisitos de calidad y de las expectativas y exigencias de cada cliente, asegurando as\u00ed el \u00e9xito a corto y a largo plazo de la organizaci\u00f3n. La Pol\u00edtica define los principios de actuaci\u00f3n en relaci\u00f3n a la gesti\u00f3n de calidad conforme&#8230;<\/p>\n","protected":false},"author":1,"featured_media":0,"parent":0,"menu_order":0,"comment_status":"closed","ping_status":"closed","template":"","meta":{"inline_featured_image":false,"footnotes":""},"aioseo_notices":[],"_links":{"self":[{"href":"https:\/\/www.a-emotionallight.com\/es\/wp-json\/wp\/v2\/pages\/54530"}],"collection":[{"href":"https:\/\/www.a-emotionallight.com\/es\/wp-json\/wp\/v2\/pages"}],"about":[{"href":"https:\/\/www.a-emotionallight.com\/es\/wp-json\/wp\/v2\/types\/page"}],"author":[{"embeddable":true,"href":"https:\/\/www.a-emotionallight.com\/es\/wp-json\/wp\/v2\/users\/1"}],"replies":[{"embeddable":true,"href":"https:\/\/www.a-emotionallight.com\/es\/wp-json\/wp\/v2\/comments?post=54530"}],"version-history":[{"count":5,"href":"https:\/\/www.a-emotionallight.com\/es\/wp-json\/wp\/v2\/pages\/54530\/revisions"}],"predecessor-version":[{"id":54566,"href":"https:\/\/www.a-emotionallight.com\/es\/wp-json\/wp\/v2\/pages\/54530\/revisions\/54566"}],"wp:attachment":[{"href":"https:\/\/www.a-emotionallight.com\/es\/wp-json\/wp\/v2\/media?parent=54530"}],"curies":[{"name":"wp","href":"https:\/\/api.w.org\/{rel}","templated":true}]}}